{"id":95737,"date":"2023-09-14T13:18:48","date_gmt":"2023-09-14T13:18:48","guid":{"rendered":"https:\/\/www.veraclinic.net\/join-us\/"},"modified":"2023-09-18T07:43:30","modified_gmt":"2023-09-18T07:43:30","slug":"%d0%bf%d1%80%d0%b8%d1%81%d0%be%d0%b5%d0%b4%d0%b8%d0%bd%d1%8f%d0%b9%d1%82%d0%b5%d1%81%d1%8c-%d0%ba-%d0%bd%d0%b0%d0%bc","status":"publish","type":"page","link":"https:\/\/www.veraclinic.net\/ru\/%d0%bf%d1%80%d0%b8%d1%81%d0%be%d0%b5%d0%b4%d0%b8%d0%bd%d1%8f%d0%b9%d1%82%d0%b5%d1%81%d1%8c-%d0%ba-%d0%bd%d0%b0%d0%bc\/","title":{"rendered":"\u041f\u0440\u0438\u0441\u043e\u0435\u0434\u0438\u043d\u044f\u0439\u0442\u0435\u0441\u044c \u043a \u043d\u0430\u043c"},"content":{"rendered":"<div class=\"gb-container gb-container-69c0a977\">\n<div class=\"gb-container gb-container-bcc02ea3\">\n\n<p><\/p>\n\n\n\n<iframe width=100% height=2420px src=\"https:\/\/veraclinic.workiom.com\/public-form\/Bhhuazvj%2FgY1Y6ZKt1tImOQWFJNdKwgxF%2FABPeDd7JwAsM9mwVTL4PV8VraiVI2IDBXVKk3WeYEWz5Y5VaAsAS%2F9JcM6c4%2B7f0HHXPjOjoIjSmnAeedKlk%2B0RJ%2FWrJXAqMCZ%2BZZgV67xdXXifSJKMIMEnLUeACwj15ViTdtuPBJ5eN1ctWJrqpdTAQNxmCyt1pAAygUDj8yNYyNLlZ%2FZiA%3D%3D?embedded=true\"><\/iframe>\n\n<\/div>\n<\/div>\n\n<div class=\"gb-container gb-container-8252e753\"><\/div>","protected":false},"excerpt":{"rendered":"","protected":false},"author":1,"featured_media":0,"parent":0,"menu_order":0,"comment_status":"closed","ping_status":"closed","template":"","meta":{"inline_featured_image":false,"footnotes":""},"class_list":{"0":"post-95737","1":"page","2":"type-page","3":"status-publish","5":"infinite-scroll-item"},"lang":"ru","translations":{"en":95729,"ar":95732,"fr":95733,"de":95734,"it":95735,"pt-pt":95736,"ru":95737,"es":95738},"yoast_head":"<!-- This site is optimized with the Yoast SEO Premium plugin v27.4 (Yoast SEO v27.4) - https:\/\/yoast.com\/product\/yoast-seo-premium-wordpress\/ -->\n<title>\u041f\u0440\u0438\u0441\u043e\u0435\u0434\u0438\u043d\u044f\u0439\u0442\u0435\u0441\u044c \u043a \u043d\u0430\u043c - VeraClinic<\/title>\n<meta name=\"description\" content=\"\u041f\u0440\u0438\u0441\u043e\u0435\u0434\u0438\u043d\u044f\u0439\u0442\u0435\u0441\u044c \u043a \u043a\u043e\u043c\u0430\u043d\u0434\u0435 \u043a\u043b\u0438\u043d\u0438\u043a\u0438 \u00ab\u0412\u0435\u0440\u0430\u00bb \u0438 \u0441\u0434\u0435\u043b\u0430\u0439\u0442\u0435 \u0441\u043b\u0435\u0434\u0443\u044e\u0449\u0438\u0439 \u0448\u0430\u0433 \u0432 \u0441\u0432\u043e\u0435\u0439 \u043a\u0430\u0440\u044c\u0435\u0440\u0435. \u0415\u0441\u043b\u0438 \u0432\u044b \u0438\u0449\u0435\u0442\u0435 \u043a\u0430\u0440\u044c\u0435\u0440\u0443 \u0432 \u0441\u0442\u043e\u043c\u0430\u0442\u043e\u043b\u043e\u0433\u0438\u0447\u0435\u0441\u043a\u043e\u0439\" \/>\n<meta name=\"robots\" content=\"index, follow, max-snippet:-1, max-image-preview:large, max-video-preview:-1\" \/>\n<link rel=\"canonical\" href=\"https:\/\/www.veraclinic.net\/ru\/%d0%bf%d1%80%d0%b8%d1%81%d0%be%d0%b5%d0%b4%d0%b8%d0%bd%d1%8f%d0%b9%d1%82%d0%b5%d1%81%d1%8c-%d0%ba-%d0%bd%d0%b0%d0%bc\/\" \/>\n<meta property=\"og:locale\" content=\"ru_RU\" \/>\n<meta property=\"og:type\" content=\"article\" \/>\n<meta property=\"og:title\" content=\"\u041f\u0440\u0438\u0441\u043e\u0435\u0434\u0438\u043d\u044f\u0439\u0442\u0435\u0441\u044c \u043a \u043d\u0430\u043c\" \/>\n<meta property=\"og:description\" content=\"\u041f\u0440\u0438\u0441\u043e\u0435\u0434\u0438\u043d\u044f\u0439\u0442\u0435\u0441\u044c \u043a \u043a\u043e\u043c\u0430\u043d\u0434\u0435 \u043a\u043b\u0438\u043d\u0438\u043a\u0438 \u00ab\u0412\u0435\u0440\u0430\u00bb \u0438 \u0441\u0434\u0435\u043b\u0430\u0439\u0442\u0435 \u0441\u043b\u0435\u0434\u0443\u044e\u0449\u0438\u0439 \u0448\u0430\u0433 \u0432 \u0441\u0432\u043e\u0435\u0439 \u043a\u0430\u0440\u044c\u0435\u0440\u0435. \u0415\u0441\u043b\u0438 \u0432\u044b \u0438\u0449\u0435\u0442\u0435 \u043a\u0430\u0440\u044c\u0435\u0440\u0443 \u0432 \u0441\u0442\u043e\u043c\u0430\u0442\u043e\u043b\u043e\u0433\u0438\u0447\u0435\u0441\u043a\u043e\u0439\" \/>\n<meta property=\"og:url\" content=\"https:\/\/www.veraclinic.net\/ru\/%d0%bf%d1%80%d0%b8%d1%81%d0%be%d0%b5%d0%b4%d0%b8%d0%bd%d1%8f%d0%b9%d1%82%d0%b5%d1%81%d1%8c-%d0%ba-%d0%bd%d0%b0%d0%bc\/\" \/>\n<meta property=\"og:site_name\" content=\"VeraClinic\" \/>\n<meta property=\"article:publisher\" content=\"https:\/\/www.facebook.com\/veraclinic.net\" \/>\n<meta property=\"article:modified_time\" content=\"2023-09-18T07:43:30+00:00\" \/>\n<meta property=\"og:image\" content=\"https:\/\/www.veraclinic.net\/wp-content\/uploads\/2023\/10\/387848654_705134914977420_7512145111300864927_n.jpg\" \/>\n\t<meta property=\"og:image:width\" content=\"1640\" \/>\n\t<meta property=\"og:image:height\" content=\"720\" \/>\n\t<meta property=\"og:image:type\" content=\"image\/jpeg\" \/>\n<meta name=\"twitter:card\" content=\"summary_large_image\" \/>\n<meta name=\"twitter:site\" content=\"@veraclinic\" \/>\n<script type=\"application\/ld+json\" class=\"yoast-schema-graph\">{\"@context\":\"https:\\\/\\\/schema.org\",\"@graph\":[{\"@type\":\"MedicalWebPage\",\"@id\":\"https:\\\/\\\/www.veraclinic.net\\\/ru\\\/%d0%bf%d1%80%d0%b8%d1%81%d0%be%d0%b5%d0%b4%d0%b8%d0%bd%d1%8f%d0%b9%d1%82%d0%b5%d1%81%d1%8c-%d0%ba-%d0%bd%d0%b0%d0%bc\\\/#article\",\"isPartOf\":{\"@id\":\"https:\\\/\\\/www.veraclinic.net\\\/ru\\\/%d0%bf%d1%80%d0%b8%d1%81%d0%be%d0%b5%d0%b4%d0%b8%d0%bd%d1%8f%d0%b9%d1%82%d0%b5%d1%81%d1%8c-%d0%ba-%d0%bd%d0%b0%d0%bc\\\/\"},\"author\":{\"name\":\"Serkan Kaya\",\"@id\":\"https:\\\/\\\/www.veraclinic.net\\\/ru\\\/#\\\/schema\\\/person\\\/cf2a89faa60b0f336c0e3ddd9a9ebf93\"},\"headline\":\"\u041f\u0440\u0438\u0441\u043e\u0435\u0434\u0438\u043d\u044f\u0439\u0442\u0435\u0441\u044c \u043a \u043d\u0430\u043c\",\"datePublished\":\"2023-09-14T13:18:48+00:00\",\"dateModified\":\"2023-09-18T07:43:30+00:00\",\"mainEntityOfPage\":{\"@id\":\"https:\\\/\\\/www.veraclinic.net\\\/ru\\\/%d0%bf%d1%80%d0%b8%d1%81%d0%be%d0%b5%d0%b4%d0%b8%d0%bd%d1%8f%d0%b9%d1%82%d0%b5%d1%81%d1%8c-%d0%ba-%d0%bd%d0%b0%d0%bc\\\/\"},\"wordCount\":3,\"publisher\":{\"@id\":\"https:\\\/\\\/www.veraclinic.net\\\/ru\\\/#organization\"},\"inLanguage\":\"ru-RU\",\"reviewedBy\":{\"@type\":\"Physician\",\"@id\":\"https:\\\/\\\/www.veraclinic.net\\\/our-doctors\\\/emin-gul\\\/#physician\"},\"lastReviewed\":\"2023-09-18\",\"audience\":{\"@type\":\"MedicalAudience\",\"audienceType\":\"Patients\"}},{\"@type\":\"MedicalWebPage\",\"@id\":\"https:\\\/\\\/www.veraclinic.net\\\/ru\\\/%d0%bf%d1%80%d0%b8%d1%81%d0%be%d0%b5%d0%b4%d0%b8%d0%bd%d1%8f%d0%b9%d1%82%d0%b5%d1%81%d1%8c-%d0%ba-%d0%bd%d0%b0%d0%bc\\\/\",\"url\":\"https:\\\/\\\/www.veraclinic.net\\\/ru\\\/%d0%bf%d1%80%d0%b8%d1%81%d0%be%d0%b5%d0%b4%d0%b8%d0%bd%d1%8f%d0%b9%d1%82%d0%b5%d1%81%d1%8c-%d0%ba-%d0%bd%d0%b0%d0%bc\\\/\",\"name\":\"\u041f\u0440\u0438\u0441\u043e\u0435\u0434\u0438\u043d\u044f\u0439\u0442\u0435\u0441\u044c \u043a \u043d\u0430\u043c - VeraClinic\",\"isPartOf\":{\"@id\":\"https:\\\/\\\/www.veraclinic.net\\\/ru\\\/#website\"},\"datePublished\":\"2023-09-14T13:18:48+00:00\",\"dateModified\":\"2023-09-18T07:43:30+00:00\",\"description\":\"\u041f\u0440\u0438\u0441\u043e\u0435\u0434\u0438\u043d\u044f\u0439\u0442\u0435\u0441\u044c \u043a \u043a\u043e\u043c\u0430\u043d\u0434\u0435 \u043a\u043b\u0438\u043d\u0438\u043a\u0438 \u00ab\u0412\u0435\u0440\u0430\u00bb \u0438 \u0441\u0434\u0435\u043b\u0430\u0439\u0442\u0435 \u0441\u043b\u0435\u0434\u0443\u044e\u0449\u0438\u0439 \u0448\u0430\u0433 \u0432 \u0441\u0432\u043e\u0435\u0439 \u043a\u0430\u0440\u044c\u0435\u0440\u0435. \u0415\u0441\u043b\u0438 \u0432\u044b \u0438\u0449\u0435\u0442\u0435 \u043a\u0430\u0440\u044c\u0435\u0440\u0443 \u0432 \u0441\u0442\u043e\u043c\u0430\u0442\u043e\u043b\u043e\u0433\u0438\u0447\u0435\u0441\u043a\u043e\u0439\",\"breadcrumb\":{\"@id\":\"https:\\\/\\\/www.veraclinic.net\\\/ru\\\/%d0%bf%d1%80%d0%b8%d1%81%d0%be%d0%b5%d0%b4%d0%b8%d0%bd%d1%8f%d0%b9%d1%82%d0%b5%d1%81%d1%8c-%d0%ba-%d0%bd%d0%b0%d0%bc\\\/#breadcrumb\"},\"inLanguage\":\"ru-RU\",\"potentialAction\":[{\"@type\":\"ReadAction\",\"target\":[\"https:\\\/\\\/www.veraclinic.net\\\/ru\\\/%d0%bf%d1%80%d0%b8%d1%81%d0%be%d0%b5%d0%b4%d0%b8%d0%bd%d1%8f%d0%b9%d1%82%d0%b5%d1%81%d1%8c-%d0%ba-%d0%bd%d0%b0%d0%bc\\\/\"]}],\"reviewedBy\":{\"@type\":\"Physician\",\"@id\":\"https:\\\/\\\/www.veraclinic.net\\\/our-doctors\\\/emin-gul\\\/#physician\"},\"lastReviewed\":\"2023-09-18\",\"audience\":{\"@type\":\"MedicalAudience\",\"audienceType\":\"Patients\"}},{\"@type\":\"BreadcrumbList\",\"@id\":\"https:\\\/\\\/www.veraclinic.net\\\/ru\\\/%d0%bf%d1%80%d0%b8%d1%81%d0%be%d0%b5%d0%b4%d0%b8%d0%bd%d1%8f%d0%b9%d1%82%d0%b5%d1%81%d1%8c-%d0%ba-%d0%bd%d0%b0%d0%bc\\\/#breadcrumb\",\"itemListElement\":[{\"@type\":\"ListItem\",\"position\":1,\"name\":\"\u0422\u0440\u0430\u043d\u0441\u043f\u043b\u0430\u043d\u0442\u0430\u0446\u0438\u044f \u0432\u043e\u043b\u043e\u0441 \u0432 \u0422\u0443\u0440\u0446\u0438\u0438\",\"item\":\"https:\\\/\\\/www.veraclinic.net\\\/ru\\\/\"},{\"@type\":\"ListItem\",\"position\":2,\"name\":\"\u041f\u0440\u0438\u0441\u043e\u0435\u0434\u0438\u043d\u044f\u0439\u0442\u0435\u0441\u044c \u043a \u043d\u0430\u043c\"}]},{\"@type\":\"WebSite\",\"@id\":\"https:\\\/\\\/www.veraclinic.net\\\/ru\\\/#website\",\"url\":\"https:\\\/\\\/www.veraclinic.net\\\/ru\\\/\",\"name\":\"Hair Transplant Turkey - Istanbul 2026\",\"description\":\"Hair Transplant Turkey - Istanbul 2026\",\"publisher\":{\"@id\":\"https:\\\/\\\/www.veraclinic.net\\\/ru\\\/#organization\"},\"alternateName\":\"Vera Clinic\",\"potentialAction\":[{\"@type\":\"SearchAction\",\"target\":{\"@type\":\"EntryPoint\",\"urlTemplate\":\"https:\\\/\\\/www.veraclinic.net\\\/ru\\\/?s={search_term_string}\"},\"query-input\":{\"@type\":\"PropertyValueSpecification\",\"valueRequired\":true,\"valueName\":\"search_term_string\"}}],\"inLanguage\":\"ru-RU\"},{\"@type\":[\"Organization\",\"MedicalBusiness\",\"MedicalOrganization\"],\"@id\":\"https:\\\/\\\/www.veraclinic.net\\\/#medicalorg\",\"name\":\"Vera Clinic | Hair Transplant Turkey - Istanbul\",\"alternateName\":\"Vera Clinic\",\"url\":\"https:\\\/\\\/www.veraclinic.net\\\/ru\\\/\",\"logo\":{\"@type\":\"ImageObject\",\"inLanguage\":\"ru-RU\",\"@id\":\"https:\\\/\\\/www.veraclinic.net\\\/ru\\\/#\\\/schema\\\/logo\\\/image\\\/\",\"url\":\"https:\\\/\\\/www.veraclinic.net\\\/wp-content\\\/uploads\\\/2023\\\/08\\\/Black.svg\",\"contentUrl\":\"https:\\\/\\\/www.veraclinic.net\\\/wp-content\\\/uploads\\\/2023\\\/08\\\/Black.svg\",\"caption\":\"Vera Clinic | Hair Transplant Turkey - Istanbul\"},\"image\":{\"@id\":\"https:\\\/\\\/www.veraclinic.net\\\/ru\\\/#\\\/schema\\\/logo\\\/image\\\/\"},\"sameAs\":[\"https:\\\/\\\/www.facebook.com\\\/veraclinic.net\",\"https:\\\/\\\/x.com\\\/veraclinic\",\"https:\\\/\\\/www.instagram.com\\\/veraclinic\",\"https:\\\/\\\/www.linkedin.com\\\/company\\\/veraclinic\\\/\",\"https:\\\/\\\/www.pinterest.com\\\/veraclinic\\\/\",\"https:\\\/\\\/www.youtube.com\\\/c\\\/VeraClinic\"],\"legalName\":\"ESTEVERA SA\u011eLIK H\u0130Z. VE DAN. T\u0130C. LTD. ST\u0130.\",\"vatID\":\"936499-0\",\"taxID\":\"3800538109\",\"medicalSpecialty\":[\"Dermatology\",\"PlasticSurgery\",\"Hair Restoration\"],\"slogan\":\"Hair Transplant Turkey - Istanbul 2026\",\"department\":{\"@type\":\"MedicalClinic\",\"name\":\"Hair Restoration Clinic\",\"image\":\"https:\\\/\\\/www.veraclinic.net\\\/wp-content\\\/uploads\\\/2023\\\/08\\\/Black.svg\"}},{\"@type\":\"Person\",\"@id\":\"https:\\\/\\\/www.veraclinic.net\\\/ru\\\/#\\\/schema\\\/person\\\/cf2a89faa60b0f336c0e3ddd9a9ebf93\",\"name\":\"Serkan Kaya\",\"image\":{\"@type\":\"ImageObject\",\"inLanguage\":\"ru-RU\",\"@id\":\"https:\\\/\\\/secure.gravatar.com\\\/avatar\\\/7be7270f63c439d0c7a2eb338af8fdae8d8a9bcf26af0aa6d1e01bfdf92390b5?s=96&d=mm&r=g\",\"url\":\"https:\\\/\\\/secure.gravatar.com\\\/avatar\\\/7be7270f63c439d0c7a2eb338af8fdae8d8a9bcf26af0aa6d1e01bfdf92390b5?s=96&d=mm&r=g\",\"contentUrl\":\"https:\\\/\\\/secure.gravatar.com\\\/avatar\\\/7be7270f63c439d0c7a2eb338af8fdae8d8a9bcf26af0aa6d1e01bfdf92390b5?s=96&d=mm&r=g\",\"caption\":\"Serkan Kaya\"},\"sameAs\":[\"https:\\\/\\\/www.veraclinic.net\"]}]}<\/script>\n<!-- \/ Yoast SEO Premium plugin. -->","yoast_head_json":{"title":"\u041f\u0440\u0438\u0441\u043e\u0435\u0434\u0438\u043d\u044f\u0439\u0442\u0435\u0441\u044c \u043a \u043d\u0430\u043c - VeraClinic","description":"\u041f\u0440\u0438\u0441\u043e\u0435\u0434\u0438\u043d\u044f\u0439\u0442\u0435\u0441\u044c \u043a \u043a\u043e\u043c\u0430\u043d\u0434\u0435 \u043a\u043b\u0438\u043d\u0438\u043a\u0438 \u00ab\u0412\u0435\u0440\u0430\u00bb \u0438 \u0441\u0434\u0435\u043b\u0430\u0439\u0442\u0435 \u0441\u043b\u0435\u0434\u0443\u044e\u0449\u0438\u0439 \u0448\u0430\u0433 \u0432 \u0441\u0432\u043e\u0435\u0439 \u043a\u0430\u0440\u044c\u0435\u0440\u0435. \u0415\u0441\u043b\u0438 \u0432\u044b \u0438\u0449\u0435\u0442\u0435 \u043a\u0430\u0440\u044c\u0435\u0440\u0443 \u0432 \u0441\u0442\u043e\u043c\u0430\u0442\u043e\u043b\u043e\u0433\u0438\u0447\u0435\u0441\u043a\u043e\u0439","robots":{"index":"index","follow":"follow","max-snippet":"max-snippet:-1","max-image-preview":"max-image-preview:large","max-video-preview":"max-video-preview:-1"},"canonical":"https:\/\/www.veraclinic.net\/ru\/%d0%bf%d1%80%d0%b8%d1%81%d0%be%d0%b5%d0%b4%d0%b8%d0%bd%d1%8f%d0%b9%d1%82%d0%b5%d1%81%d1%8c-%d0%ba-%d0%bd%d0%b0%d0%bc\/","og_locale":"ru_RU","og_type":"article","og_title":"\u041f\u0440\u0438\u0441\u043e\u0435\u0434\u0438\u043d\u044f\u0439\u0442\u0435\u0441\u044c \u043a \u043d\u0430\u043c","og_description":"\u041f\u0440\u0438\u0441\u043e\u0435\u0434\u0438\u043d\u044f\u0439\u0442\u0435\u0441\u044c \u043a \u043a\u043e\u043c\u0430\u043d\u0434\u0435 \u043a\u043b\u0438\u043d\u0438\u043a\u0438 \u00ab\u0412\u0435\u0440\u0430\u00bb \u0438 \u0441\u0434\u0435\u043b\u0430\u0439\u0442\u0435 \u0441\u043b\u0435\u0434\u0443\u044e\u0449\u0438\u0439 \u0448\u0430\u0433 \u0432 \u0441\u0432\u043e\u0435\u0439 \u043a\u0430\u0440\u044c\u0435\u0440\u0435. \u0415\u0441\u043b\u0438 \u0432\u044b \u0438\u0449\u0435\u0442\u0435 \u043a\u0430\u0440\u044c\u0435\u0440\u0443 \u0432 \u0441\u0442\u043e\u043c\u0430\u0442\u043e\u043b\u043e\u0433\u0438\u0447\u0435\u0441\u043a\u043e\u0439","og_url":"https:\/\/www.veraclinic.net\/ru\/%d0%bf%d1%80%d0%b8%d1%81%d0%be%d0%b5%d0%b4%d0%b8%d0%bd%d1%8f%d0%b9%d1%82%d0%b5%d1%81%d1%8c-%d0%ba-%d0%bd%d0%b0%d0%bc\/","og_site_name":"VeraClinic","article_publisher":"https:\/\/www.facebook.com\/veraclinic.net","article_modified_time":"2023-09-18T07:43:30+00:00","og_image":[{"width":1640,"height":720,"url":"https:\/\/www.veraclinic.net\/wp-content\/uploads\/2023\/10\/387848654_705134914977420_7512145111300864927_n.jpg","type":"image\/jpeg"}],"twitter_card":"summary_large_image","twitter_site":"@veraclinic","schema":{"@context":"https:\/\/schema.org","@graph":[{"@type":"MedicalWebPage","@id":"https:\/\/www.veraclinic.net\/ru\/%d0%bf%d1%80%d0%b8%d1%81%d0%be%d0%b5%d0%b4%d0%b8%d0%bd%d1%8f%d0%b9%d1%82%d0%b5%d1%81%d1%8c-%d0%ba-%d0%bd%d0%b0%d0%bc\/#article","isPartOf":{"@id":"https:\/\/www.veraclinic.net\/ru\/%d0%bf%d1%80%d0%b8%d1%81%d0%be%d0%b5%d0%b4%d0%b8%d0%bd%d1%8f%d0%b9%d1%82%d0%b5%d1%81%d1%8c-%d0%ba-%d0%bd%d0%b0%d0%bc\/"},"author":{"name":"Serkan Kaya","@id":"https:\/\/www.veraclinic.net\/ru\/#\/schema\/person\/cf2a89faa60b0f336c0e3ddd9a9ebf93"},"headline":"\u041f\u0440\u0438\u0441\u043e\u0435\u0434\u0438\u043d\u044f\u0439\u0442\u0435\u0441\u044c \u043a \u043d\u0430\u043c","datePublished":"2023-09-14T13:18:48+00:00","dateModified":"2023-09-18T07:43:30+00:00","mainEntityOfPage":{"@id":"https:\/\/www.veraclinic.net\/ru\/%d0%bf%d1%80%d0%b8%d1%81%d0%be%d0%b5%d0%b4%d0%b8%d0%bd%d1%8f%d0%b9%d1%82%d0%b5%d1%81%d1%8c-%d0%ba-%d0%bd%d0%b0%d0%bc\/"},"wordCount":3,"publisher":{"@id":"https:\/\/www.veraclinic.net\/ru\/#organization"},"inLanguage":"ru-RU","reviewedBy":{"@type":"Physician","@id":"https:\/\/www.veraclinic.net\/our-doctors\/emin-gul\/#physician"},"lastReviewed":"2023-09-18","audience":{"@type":"MedicalAudience","audienceType":"Patients"}},{"@type":"MedicalWebPage","@id":"https:\/\/www.veraclinic.net\/ru\/%d0%bf%d1%80%d0%b8%d1%81%d0%be%d0%b5%d0%b4%d0%b8%d0%bd%d1%8f%d0%b9%d1%82%d0%b5%d1%81%d1%8c-%d0%ba-%d0%bd%d0%b0%d0%bc\/","url":"https:\/\/www.veraclinic.net\/ru\/%d0%bf%d1%80%d0%b8%d1%81%d0%be%d0%b5%d0%b4%d0%b8%d0%bd%d1%8f%d0%b9%d1%82%d0%b5%d1%81%d1%8c-%d0%ba-%d0%bd%d0%b0%d0%bc\/","name":"\u041f\u0440\u0438\u0441\u043e\u0435\u0434\u0438\u043d\u044f\u0439\u0442\u0435\u0441\u044c \u043a \u043d\u0430\u043c - VeraClinic","isPartOf":{"@id":"https:\/\/www.veraclinic.net\/ru\/#website"},"datePublished":"2023-09-14T13:18:48+00:00","dateModified":"2023-09-18T07:43:30+00:00","description":"\u041f\u0440\u0438\u0441\u043e\u0435\u0434\u0438\u043d\u044f\u0439\u0442\u0435\u0441\u044c \u043a \u043a\u043e\u043c\u0430\u043d\u0434\u0435 \u043a\u043b\u0438\u043d\u0438\u043a\u0438 \u00ab\u0412\u0435\u0440\u0430\u00bb \u0438 \u0441\u0434\u0435\u043b\u0430\u0439\u0442\u0435 \u0441\u043b\u0435\u0434\u0443\u044e\u0449\u0438\u0439 \u0448\u0430\u0433 \u0432 \u0441\u0432\u043e\u0435\u0439 \u043a\u0430\u0440\u044c\u0435\u0440\u0435. \u0415\u0441\u043b\u0438 \u0432\u044b \u0438\u0449\u0435\u0442\u0435 \u043a\u0430\u0440\u044c\u0435\u0440\u0443 \u0432 \u0441\u0442\u043e\u043c\u0430\u0442\u043e\u043b\u043e\u0433\u0438\u0447\u0435\u0441\u043a\u043e\u0439","breadcrumb":{"@id":"https:\/\/www.veraclinic.net\/ru\/%d0%bf%d1%80%d0%b8%d1%81%d0%be%d0%b5%d0%b4%d0%b8%d0%bd%d1%8f%d0%b9%d1%82%d0%b5%d1%81%d1%8c-%d0%ba-%d0%bd%d0%b0%d0%bc\/#breadcrumb"},"inLanguage":"ru-RU","potentialAction":[{"@type":"ReadAction","target":["https:\/\/www.veraclinic.net\/ru\/%d0%bf%d1%80%d0%b8%d1%81%d0%be%d0%b5%d0%b4%d0%b8%d0%bd%d1%8f%d0%b9%d1%82%d0%b5%d1%81%d1%8c-%d0%ba-%d0%bd%d0%b0%d0%bc\/"]}],"reviewedBy":{"@type":"Physician","@id":"https:\/\/www.veraclinic.net\/our-doctors\/emin-gul\/#physician"},"lastReviewed":"2023-09-18","audience":{"@type":"MedicalAudience","audienceType":"Patients"}},{"@type":"BreadcrumbList","@id":"https:\/\/www.veraclinic.net\/ru\/%d0%bf%d1%80%d0%b8%d1%81%d0%be%d0%b5%d0%b4%d0%b8%d0%bd%d1%8f%d0%b9%d1%82%d0%b5%d1%81%d1%8c-%d0%ba-%d0%bd%d0%b0%d0%bc\/#breadcrumb","itemListElement":[{"@type":"ListItem","position":1,"name":"\u0422\u0440\u0430\u043d\u0441\u043f\u043b\u0430\u043d\u0442\u0430\u0446\u0438\u044f \u0432\u043e\u043b\u043e\u0441 \u0432 \u0422\u0443\u0440\u0446\u0438\u0438","item":"https:\/\/www.veraclinic.net\/ru\/"},{"@type":"ListItem","position":2,"name":"\u041f\u0440\u0438\u0441\u043e\u0435\u0434\u0438\u043d\u044f\u0439\u0442\u0435\u0441\u044c \u043a \u043d\u0430\u043c"}]},{"@type":"WebSite","@id":"https:\/\/www.veraclinic.net\/ru\/#website","url":"https:\/\/www.veraclinic.net\/ru\/","name":"Hair Transplant Turkey - Istanbul 2026","description":"Hair Transplant Turkey - Istanbul 2026","publisher":{"@id":"https:\/\/www.veraclinic.net\/ru\/#organization"},"alternateName":"Vera Clinic","potentialAction":[{"@type":"SearchAction","target":{"@type":"EntryPoint","urlTemplate":"https:\/\/www.veraclinic.net\/ru\/?s={search_term_string}"},"query-input":{"@type":"PropertyValueSpecification","valueRequired":true,"valueName":"search_term_string"}}],"inLanguage":"ru-RU"},{"@type":["Organization","MedicalBusiness","MedicalOrganization"],"@id":"https:\/\/www.veraclinic.net\/#medicalorg","name":"Vera Clinic | Hair Transplant Turkey - Istanbul","alternateName":"Vera Clinic","url":"https:\/\/www.veraclinic.net\/ru\/","logo":{"@type":"ImageObject","inLanguage":"ru-RU","@id":"https:\/\/www.veraclinic.net\/ru\/#\/schema\/logo\/image\/","url":"https:\/\/www.veraclinic.net\/wp-content\/uploads\/2023\/08\/Black.svg","contentUrl":"https:\/\/www.veraclinic.net\/wp-content\/uploads\/2023\/08\/Black.svg","caption":"Vera Clinic | Hair Transplant Turkey - Istanbul"},"image":{"@id":"https:\/\/www.veraclinic.net\/ru\/#\/schema\/logo\/image\/"},"sameAs":["https:\/\/www.facebook.com\/veraclinic.net","https:\/\/x.com\/veraclinic","https:\/\/www.instagram.com\/veraclinic","https:\/\/www.linkedin.com\/company\/veraclinic\/","https:\/\/www.pinterest.com\/veraclinic\/","https:\/\/www.youtube.com\/c\/VeraClinic"],"legalName":"ESTEVERA SA\u011eLIK H\u0130Z. VE DAN. T\u0130C. LTD. ST\u0130.","vatID":"936499-0","taxID":"3800538109","medicalSpecialty":["Dermatology","PlasticSurgery","Hair Restoration"],"slogan":"Hair Transplant Turkey - Istanbul 2026","department":{"@type":"MedicalClinic","name":"Hair Restoration Clinic","image":"https:\/\/www.veraclinic.net\/wp-content\/uploads\/2023\/08\/Black.svg"}},{"@type":"Person","@id":"https:\/\/www.veraclinic.net\/ru\/#\/schema\/person\/cf2a89faa60b0f336c0e3ddd9a9ebf93","name":"Serkan Kaya","image":{"@type":"ImageObject","inLanguage":"ru-RU","@id":"https:\/\/secure.gravatar.com\/avatar\/7be7270f63c439d0c7a2eb338af8fdae8d8a9bcf26af0aa6d1e01bfdf92390b5?s=96&d=mm&r=g","url":"https:\/\/secure.gravatar.com\/avatar\/7be7270f63c439d0c7a2eb338af8fdae8d8a9bcf26af0aa6d1e01bfdf92390b5?s=96&d=mm&r=g","contentUrl":"https:\/\/secure.gravatar.com\/avatar\/7be7270f63c439d0c7a2eb338af8fdae8d8a9bcf26af0aa6d1e01bfdf92390b5?s=96&d=mm&r=g","caption":"Serkan Kaya"},"sameAs":["https:\/\/www.veraclinic.net"]}]}},"_links":{"self":[{"href":"https:\/\/www.veraclinic.net\/ru\/wp-json\/wp\/v2\/pages\/95737","targetHints":{"allow":["GET"]}}],"collection":[{"href":"https:\/\/www.veraclinic.net\/ru\/wp-json\/wp\/v2\/pages"}],"about":[{"href":"https:\/\/www.veraclinic.net\/ru\/wp-json\/wp\/v2\/types\/page"}],"author":[{"embeddable":true,"href":"https:\/\/www.veraclinic.net\/ru\/wp-json\/wp\/v2\/users\/1"}],"replies":[{"embeddable":true,"href":"https:\/\/www.veraclinic.net\/ru\/wp-json\/wp\/v2\/comments?post=95737"}],"version-history":[{"count":1,"href":"https:\/\/www.veraclinic.net\/ru\/wp-json\/wp\/v2\/pages\/95737\/revisions"}],"predecessor-version":[{"id":95743,"href":"https:\/\/www.veraclinic.net\/ru\/wp-json\/wp\/v2\/pages\/95737\/revisions\/95743"}],"wp:attachment":[{"href":"https:\/\/www.veraclinic.net\/ru\/wp-json\/wp\/v2\/media?parent=95737"}],"curies":[{"name":"wp","href":"https:\/\/api.w.org\/{rel}","templated":true}]}}