{"id":90803,"date":"2023-08-03T08:35:05","date_gmt":"2023-08-03T08:35:05","guid":{"rendered":"https:\/\/www.veraclinic.net\/engin-selamioglu\/"},"modified":"2023-08-30T08:25:24","modified_gmt":"2023-08-30T08:25:24","slug":"engin-selamioglu","status":"publish","type":"page","link":"https:\/\/www.veraclinic.net\/pt-pt\/nossa-equipe\/engin-selamioglu\/","title":{"rendered":"Engin Selamio\u011flu"},"content":{"rendered":"<div class=\"gb-container gb-container-48ecba5a\">\n<div class=\"gb-container gb-container-e1f86c54\">\n<div class=\"gb-container gb-container-2fc5b5ef\">\n<div class=\"gb-container gb-container-b6706725\">\n<div class=\"gb-grid-wrapper gb-grid-wrapper-3ce32d4f\">\n<div class=\"gb-grid-column gb-grid-column-01509a69\"><div class=\"gb-container gb-container-01509a69\">\n\n<p class=\"gb-headline gb-headline-95ef6b19 gb-headline-text\"><a href=\"https:\/\/www.veraclinic.net\/pt-pt\/nilay-calikoglu-2\/#main\"><\/a>Engin Selamio\u011flu<\/p>\n\n\n\n<h3 class=\"gb-headline gb-headline-57eb9562 gb-headline-text\">Cirurgi\u00e3o pl\u00e1stico<\/h3>\n\n\n\n<p>O sucesso da sua jornada profissional come\u00e7ou na Universidade Cerrah Pasa, uma das universidades mais prestigiadas da Turquia, onde ingressou na faculdade de medicina. Depois de se formar em medicina, o Dr. Engin Selamio\u011flu decidiu direcionar seu caminho profissional para a cirurgia reconstrutiva e est\u00e9tica, principalmente a rinoplastia, para torn\u00e1-la uma especialidade pr\u00f3pria.<\/p>\n\n\n\n<p>Ele at\u00e9 conduziu uma variedade de pesquisas sobre as complica\u00e7\u00f5es raras das rinoplastias e as expectativas dos pacientes em rela\u00e7\u00e3o \u00e0 rinoplastia, usando medidas proporcionais e programas de simula\u00e7\u00e3o modernos.<\/p>\n\n\n\n<p>Ao longo dos anos, atuou em diversos hospitais estaduais da Turquia; alguns dos quais s\u00e3o o Hospital Estadual Merzifon Karamustafapa\u015fa e o M\u00e1rtir Sancaktepe Prof.Dr. Hospital de Treinamento e Pesquisa \u0130lhan Varank. Ter uma grande experi\u00eancia na \u00e1rea h\u00e1 anos n\u00e3o o impediu de ampliar sua forma\u00e7\u00e3o como pesquisador. Na verdade, o Dr. Engin tem in\u00fameras pesquisas e publica\u00e7\u00f5es em outras cirurgias reconstrutivas e reparos vasculares.<\/p>\n\n\n<div class=\"gb-container gb-container-07080c07\"><\/div>\n<\/div><\/div>\n\n<div class=\"gb-grid-column gb-grid-column-9471f60b\"><div class=\"gb-container gb-container-9471f60b\">\n\n<figure class=\"gb-block-image gb-block-image-6e351467\"><img loading=\"lazy\" decoding=\"async\" width=\"600\" height=\"659\" class=\"gb-image gb-image-6e351467\" src=\"https:\/\/www.veraclinic.net\/wp-content\/uploads\/2023\/08\/engin-selamioglu.webp\" alt=\"\" title=\"engin-selamioglu\" srcset=\"https:\/\/www.veraclinic.net\/wp-content\/uploads\/2023\/08\/engin-selamioglu.webp 600w, https:\/\/www.veraclinic.net\/wp-content\/uploads\/2023\/08\/engin-selamioglu-273x300.webp 273w\" sizes=\"auto, (max-width: 600px) 100vw, 600px\" \/><\/figure>\n\n\n<div class=\"gb-container gb-container-ec11ecc3\"><\/div>\n<\/div><\/div>\n<\/div>\n<\/div>\n<\/div>\n<\/div>\n<\/div>","protected":false},"excerpt":{"rendered":"","protected":false},"author":1,"featured_media":0,"parent":90826,"menu_order":0,"comment_status":"closed","ping_status":"closed","template":"","meta":{"inline_featured_image":false,"footnotes":""},"class_list":{"0":"post-90803","1":"page","2":"type-page","3":"status-publish","5":"infinite-scroll-item"},"lang":"pt-pt","translations":{"en":4852,"ar":90799,"fr":90800,"de":90801,"it":90802,"pt-pt":90803,"es":90804,"ru":91889},"yoast_head":"<!-- This site is optimized with the Yoast SEO Premium plugin v27.4 (Yoast SEO v27.4) - https:\/\/yoast.com\/product\/yoast-seo-premium-wordpress\/ -->\n<title>Engin Selamio\u011flu - Vera Clinic<\/title>\n<meta name=\"description\" content=\"O sucesso da sua jornada profissional come\u00e7ou na Universidade Cerrah Pasa, uma das universidades mais prestigiadas da Turquia, onde ing...\" \/>\n<meta name=\"robots\" content=\"index, follow, max-snippet:-1, max-image-preview:large, max-video-preview:-1\" \/>\n<link rel=\"canonical\" href=\"https:\/\/www.veraclinic.net\/pt-pt\/nossa-equipe\/engin-selamioglu\/\" \/>\n<meta property=\"og:locale\" content=\"pt_PT\" \/>\n<meta property=\"og:type\" content=\"article\" \/>\n<meta property=\"og:title\" content=\"Engin Selamio\u011flu\" \/>\n<meta property=\"og:description\" content=\"O sucesso da sua jornada profissional come\u00e7ou na Universidade Cerrah Pasa, uma das universidades mais prestigiadas da Turquia, onde ing...\" \/>\n<meta property=\"og:url\" content=\"https:\/\/www.veraclinic.net\/pt-pt\/nossa-equipe\/engin-selamioglu\/\" \/>\n<meta property=\"og:site_name\" content=\"VeraClinic\" \/>\n<meta property=\"article:publisher\" content=\"https:\/\/www.facebook.com\/veraclinic.net\" \/>\n<meta property=\"article:modified_time\" content=\"2023-08-30T08:25:24+00:00\" \/>\n<meta property=\"og:image\" content=\"https:\/\/www.veraclinic.net\/wp-content\/uploads\/2023\/08\/engin-selamioglu.webp\" \/>\n<meta name=\"twitter:card\" content=\"summary_large_image\" \/>\n<meta name=\"twitter:site\" content=\"@veraclinic\" \/>\n<meta name=\"twitter:label1\" content=\"Tempo estimado de leitura\" \/>\n\t<meta name=\"twitter:data1\" content=\"1 minuto\" \/>\n<script type=\"application\/ld+json\" class=\"yoast-schema-graph\">{\"@context\":\"https:\\\/\\\/schema.org\",\"@graph\":[{\"@type\":\"MedicalWebPage\",\"@id\":\"https:\\\/\\\/www.veraclinic.net\\\/pt-pt\\\/nossa-equipe\\\/engin-selamioglu\\\/#article\",\"isPartOf\":{\"@id\":\"https:\\\/\\\/www.veraclinic.net\\\/pt-pt\\\/nossa-equipe\\\/engin-selamioglu\\\/\"},\"author\":{\"name\":\"Serkan Kaya\",\"@id\":\"https:\\\/\\\/www.veraclinic.net\\\/pt-pt\\\/#\\\/schema\\\/person\\\/cf2a89faa60b0f336c0e3ddd9a9ebf93\"},\"headline\":\"Engin Selamio\u011flu\",\"datePublished\":\"2023-08-03T08:35:05+00:00\",\"dateModified\":\"2023-08-30T08:25:24+00:00\",\"mainEntityOfPage\":{\"@id\":\"https:\\\/\\\/www.veraclinic.net\\\/pt-pt\\\/nossa-equipe\\\/engin-selamioglu\\\/\"},\"wordCount\":175,\"publisher\":{\"@id\":\"https:\\\/\\\/www.veraclinic.net\\\/pt-pt\\\/#organization\"},\"image\":{\"@id\":\"https:\\\/\\\/www.veraclinic.net\\\/pt-pt\\\/nossa-equipe\\\/engin-selamioglu\\\/#primaryimage\"},\"thumbnailUrl\":\"https:\\\/\\\/www.veraclinic.net\\\/wp-content\\\/uploads\\\/2023\\\/08\\\/engin-selamioglu.webp\",\"inLanguage\":\"pt-PT\",\"reviewedBy\":{\"@type\":\"Physician\",\"@id\":\"https:\\\/\\\/www.veraclinic.net\\\/our-doctors\\\/emin-gul\\\/#physician\"},\"lastReviewed\":\"2023-08-30\",\"audience\":{\"@type\":\"MedicalAudience\",\"audienceType\":\"Patients\"}},{\"@type\":\"MedicalWebPage\",\"@id\":\"https:\\\/\\\/www.veraclinic.net\\\/pt-pt\\\/nossa-equipe\\\/engin-selamioglu\\\/\",\"url\":\"https:\\\/\\\/www.veraclinic.net\\\/pt-pt\\\/nossa-equipe\\\/engin-selamioglu\\\/\",\"name\":\"Engin Selamio\u011flu - Vera Clinic\",\"isPartOf\":{\"@id\":\"https:\\\/\\\/www.veraclinic.net\\\/pt-pt\\\/#website\"},\"primaryImageOfPage\":{\"@id\":\"https:\\\/\\\/www.veraclinic.net\\\/pt-pt\\\/nossa-equipe\\\/engin-selamioglu\\\/#primaryimage\"},\"image\":{\"@id\":\"https:\\\/\\\/www.veraclinic.net\\\/pt-pt\\\/nossa-equipe\\\/engin-selamioglu\\\/#primaryimage\"},\"thumbnailUrl\":\"https:\\\/\\\/www.veraclinic.net\\\/wp-content\\\/uploads\\\/2023\\\/08\\\/engin-selamioglu.webp\",\"datePublished\":\"2023-08-03T08:35:05+00:00\",\"dateModified\":\"2023-08-30T08:25:24+00:00\",\"description\":\"O sucesso da sua jornada profissional come\u00e7ou na Universidade Cerrah Pasa, uma das universidades mais prestigiadas da Turquia, onde ing...\",\"breadcrumb\":{\"@id\":\"https:\\\/\\\/www.veraclinic.net\\\/pt-pt\\\/nossa-equipe\\\/engin-selamioglu\\\/#breadcrumb\"},\"inLanguage\":\"pt-PT\",\"potentialAction\":[{\"@type\":\"ReadAction\",\"target\":[\"https:\\\/\\\/www.veraclinic.net\\\/pt-pt\\\/nossa-equipe\\\/engin-selamioglu\\\/\"]}],\"reviewedBy\":{\"@type\":\"Physician\",\"@id\":\"https:\\\/\\\/www.veraclinic.net\\\/our-doctors\\\/emin-gul\\\/#physician\"},\"lastReviewed\":\"2023-08-30\",\"audience\":{\"@type\":\"MedicalAudience\",\"audienceType\":\"Patients\"}},{\"@type\":\"ImageObject\",\"inLanguage\":\"pt-PT\",\"@id\":\"https:\\\/\\\/www.veraclinic.net\\\/pt-pt\\\/nossa-equipe\\\/engin-selamioglu\\\/#primaryimage\",\"url\":\"https:\\\/\\\/www.veraclinic.net\\\/wp-content\\\/uploads\\\/2023\\\/08\\\/engin-selamioglu.webp\",\"contentUrl\":\"https:\\\/\\\/www.veraclinic.net\\\/wp-content\\\/uploads\\\/2023\\\/08\\\/engin-selamioglu.webp\"},{\"@type\":\"BreadcrumbList\",\"@id\":\"https:\\\/\\\/www.veraclinic.net\\\/pt-pt\\\/nossa-equipe\\\/engin-selamioglu\\\/#breadcrumb\",\"itemListElement\":[{\"@type\":\"ListItem\",\"position\":1,\"name\":\"Transplante capilar na Turquia\",\"item\":\"https:\\\/\\\/www.veraclinic.net\\\/pt-pt\\\/\"},{\"@type\":\"ListItem\",\"position\":2,\"name\":\"Nossos m\u00e9dicos\",\"item\":\"https:\\\/\\\/www.veraclinic.net\\\/pt-pt\\\/nossa-equipe\\\/\"},{\"@type\":\"ListItem\",\"position\":3,\"name\":\"Engin Selamio\u011flu\"}]},{\"@type\":\"WebSite\",\"@id\":\"https:\\\/\\\/www.veraclinic.net\\\/pt-pt\\\/#website\",\"url\":\"https:\\\/\\\/www.veraclinic.net\\\/pt-pt\\\/\",\"name\":\"Hair Transplant Turkey - Istanbul 2026\",\"description\":\"Hair Transplant Turkey - Istanbul 2026\",\"publisher\":{\"@id\":\"https:\\\/\\\/www.veraclinic.net\\\/pt-pt\\\/#organization\"},\"alternateName\":\"Vera Clinic\",\"potentialAction\":[{\"@type\":\"SearchAction\",\"target\":{\"@type\":\"EntryPoint\",\"urlTemplate\":\"https:\\\/\\\/www.veraclinic.net\\\/pt-pt\\\/?s={search_term_string}\"},\"query-input\":{\"@type\":\"PropertyValueSpecification\",\"valueRequired\":true,\"valueName\":\"search_term_string\"}}],\"inLanguage\":\"pt-PT\"},{\"@type\":[\"Organization\",\"MedicalBusiness\",\"MedicalOrganization\"],\"@id\":\"https:\\\/\\\/www.veraclinic.net\\\/#medicalorg\",\"name\":\"Vera Clinic | Hair Transplant Turkey - Istanbul\",\"alternateName\":\"Vera Clinic\",\"url\":\"https:\\\/\\\/www.veraclinic.net\\\/pt-pt\\\/\",\"logo\":{\"@type\":\"ImageObject\",\"inLanguage\":\"pt-PT\",\"@id\":\"https:\\\/\\\/www.veraclinic.net\\\/pt-pt\\\/#\\\/schema\\\/logo\\\/image\\\/\",\"url\":\"https:\\\/\\\/www.veraclinic.net\\\/wp-content\\\/uploads\\\/2023\\\/08\\\/Black.svg\",\"contentUrl\":\"https:\\\/\\\/www.veraclinic.net\\\/wp-content\\\/uploads\\\/2023\\\/08\\\/Black.svg\",\"caption\":\"Vera Clinic | Hair Transplant Turkey - Istanbul\"},\"image\":{\"@id\":\"https:\\\/\\\/www.veraclinic.net\\\/pt-pt\\\/#\\\/schema\\\/logo\\\/image\\\/\"},\"sameAs\":[\"https:\\\/\\\/www.facebook.com\\\/veraclinic.net\",\"https:\\\/\\\/x.com\\\/veraclinic\",\"https:\\\/\\\/www.instagram.com\\\/veraclinic\",\"https:\\\/\\\/www.linkedin.com\\\/company\\\/veraclinic\\\/\",\"https:\\\/\\\/www.pinterest.com\\\/veraclinic\\\/\",\"https:\\\/\\\/www.youtube.com\\\/c\\\/VeraClinic\"],\"legalName\":\"ESTEVERA SA\u011eLIK H\u0130Z. VE DAN. T\u0130C. LTD. ST\u0130.\",\"vatID\":\"936499-0\",\"taxID\":\"3800538109\",\"medicalSpecialty\":[\"Dermatology\",\"PlasticSurgery\",\"Hair Restoration\"],\"slogan\":\"Hair Transplant Turkey - Istanbul 2026\",\"department\":{\"@type\":\"MedicalClinic\",\"name\":\"Hair Restoration Clinic\",\"image\":\"https:\\\/\\\/www.veraclinic.net\\\/wp-content\\\/uploads\\\/2023\\\/08\\\/Black.svg\"}},{\"@type\":\"Person\",\"@id\":\"https:\\\/\\\/www.veraclinic.net\\\/pt-pt\\\/#\\\/schema\\\/person\\\/cf2a89faa60b0f336c0e3ddd9a9ebf93\",\"name\":\"Serkan Kaya\",\"image\":{\"@type\":\"ImageObject\",\"inLanguage\":\"pt-PT\",\"@id\":\"https:\\\/\\\/secure.gravatar.com\\\/avatar\\\/7be7270f63c439d0c7a2eb338af8fdae8d8a9bcf26af0aa6d1e01bfdf92390b5?s=96&d=mm&r=g\",\"url\":\"https:\\\/\\\/secure.gravatar.com\\\/avatar\\\/7be7270f63c439d0c7a2eb338af8fdae8d8a9bcf26af0aa6d1e01bfdf92390b5?s=96&d=mm&r=g\",\"contentUrl\":\"https:\\\/\\\/secure.gravatar.com\\\/avatar\\\/7be7270f63c439d0c7a2eb338af8fdae8d8a9bcf26af0aa6d1e01bfdf92390b5?s=96&d=mm&r=g\",\"caption\":\"Serkan Kaya\"},\"sameAs\":[\"https:\\\/\\\/www.veraclinic.net\"]}]}<\/script>\n<!-- \/ Yoast SEO Premium plugin. -->","yoast_head_json":{"title":"Engin Selamio\u011flu - Vera Clinic","description":"O sucesso da sua jornada profissional come\u00e7ou na Universidade Cerrah Pasa, uma das universidades mais prestigiadas da Turquia, onde ing...","robots":{"index":"index","follow":"follow","max-snippet":"max-snippet:-1","max-image-preview":"max-image-preview:large","max-video-preview":"max-video-preview:-1"},"canonical":"https:\/\/www.veraclinic.net\/pt-pt\/nossa-equipe\/engin-selamioglu\/","og_locale":"pt_PT","og_type":"article","og_title":"Engin Selamio\u011flu","og_description":"O sucesso da sua jornada profissional come\u00e7ou na Universidade Cerrah Pasa, uma das universidades mais prestigiadas da Turquia, onde ing...","og_url":"https:\/\/www.veraclinic.net\/pt-pt\/nossa-equipe\/engin-selamioglu\/","og_site_name":"VeraClinic","article_publisher":"https:\/\/www.facebook.com\/veraclinic.net","article_modified_time":"2023-08-30T08:25:24+00:00","og_image":[{"url":"https:\/\/www.veraclinic.net\/wp-content\/uploads\/2023\/08\/engin-selamioglu.webp","type":"","width":"","height":""}],"twitter_card":"summary_large_image","twitter_site":"@veraclinic","twitter_misc":{"Tempo estimado de leitura":"1 minuto"},"schema":{"@context":"https:\/\/schema.org","@graph":[{"@type":"MedicalWebPage","@id":"https:\/\/www.veraclinic.net\/pt-pt\/nossa-equipe\/engin-selamioglu\/#article","isPartOf":{"@id":"https:\/\/www.veraclinic.net\/pt-pt\/nossa-equipe\/engin-selamioglu\/"},"author":{"name":"Serkan Kaya","@id":"https:\/\/www.veraclinic.net\/pt-pt\/#\/schema\/person\/cf2a89faa60b0f336c0e3ddd9a9ebf93"},"headline":"Engin Selamio\u011flu","datePublished":"2023-08-03T08:35:05+00:00","dateModified":"2023-08-30T08:25:24+00:00","mainEntityOfPage":{"@id":"https:\/\/www.veraclinic.net\/pt-pt\/nossa-equipe\/engin-selamioglu\/"},"wordCount":175,"publisher":{"@id":"https:\/\/www.veraclinic.net\/pt-pt\/#organization"},"image":{"@id":"https:\/\/www.veraclinic.net\/pt-pt\/nossa-equipe\/engin-selamioglu\/#primaryimage"},"thumbnailUrl":"https:\/\/www.veraclinic.net\/wp-content\/uploads\/2023\/08\/engin-selamioglu.webp","inLanguage":"pt-PT","reviewedBy":{"@type":"Physician","@id":"https:\/\/www.veraclinic.net\/our-doctors\/emin-gul\/#physician"},"lastReviewed":"2023-08-30","audience":{"@type":"MedicalAudience","audienceType":"Patients"}},{"@type":"MedicalWebPage","@id":"https:\/\/www.veraclinic.net\/pt-pt\/nossa-equipe\/engin-selamioglu\/","url":"https:\/\/www.veraclinic.net\/pt-pt\/nossa-equipe\/engin-selamioglu\/","name":"Engin Selamio\u011flu - Vera Clinic","isPartOf":{"@id":"https:\/\/www.veraclinic.net\/pt-pt\/#website"},"primaryImageOfPage":{"@id":"https:\/\/www.veraclinic.net\/pt-pt\/nossa-equipe\/engin-selamioglu\/#primaryimage"},"image":{"@id":"https:\/\/www.veraclinic.net\/pt-pt\/nossa-equipe\/engin-selamioglu\/#primaryimage"},"thumbnailUrl":"https:\/\/www.veraclinic.net\/wp-content\/uploads\/2023\/08\/engin-selamioglu.webp","datePublished":"2023-08-03T08:35:05+00:00","dateModified":"2023-08-30T08:25:24+00:00","description":"O sucesso da sua jornada profissional come\u00e7ou na Universidade Cerrah Pasa, uma das universidades mais prestigiadas da Turquia, onde ing...","breadcrumb":{"@id":"https:\/\/www.veraclinic.net\/pt-pt\/nossa-equipe\/engin-selamioglu\/#breadcrumb"},"inLanguage":"pt-PT","potentialAction":[{"@type":"ReadAction","target":["https:\/\/www.veraclinic.net\/pt-pt\/nossa-equipe\/engin-selamioglu\/"]}],"reviewedBy":{"@type":"Physician","@id":"https:\/\/www.veraclinic.net\/our-doctors\/emin-gul\/#physician"},"lastReviewed":"2023-08-30","audience":{"@type":"MedicalAudience","audienceType":"Patients"}},{"@type":"ImageObject","inLanguage":"pt-PT","@id":"https:\/\/www.veraclinic.net\/pt-pt\/nossa-equipe\/engin-selamioglu\/#primaryimage","url":"https:\/\/www.veraclinic.net\/wp-content\/uploads\/2023\/08\/engin-selamioglu.webp","contentUrl":"https:\/\/www.veraclinic.net\/wp-content\/uploads\/2023\/08\/engin-selamioglu.webp"},{"@type":"BreadcrumbList","@id":"https:\/\/www.veraclinic.net\/pt-pt\/nossa-equipe\/engin-selamioglu\/#breadcrumb","itemListElement":[{"@type":"ListItem","position":1,"name":"Transplante capilar na Turquia","item":"https:\/\/www.veraclinic.net\/pt-pt\/"},{"@type":"ListItem","position":2,"name":"Nossos m\u00e9dicos","item":"https:\/\/www.veraclinic.net\/pt-pt\/nossa-equipe\/"},{"@type":"ListItem","position":3,"name":"Engin Selamio\u011flu"}]},{"@type":"WebSite","@id":"https:\/\/www.veraclinic.net\/pt-pt\/#website","url":"https:\/\/www.veraclinic.net\/pt-pt\/","name":"Hair Transplant Turkey - Istanbul 2026","description":"Hair Transplant Turkey - Istanbul 2026","publisher":{"@id":"https:\/\/www.veraclinic.net\/pt-pt\/#organization"},"alternateName":"Vera Clinic","potentialAction":[{"@type":"SearchAction","target":{"@type":"EntryPoint","urlTemplate":"https:\/\/www.veraclinic.net\/pt-pt\/?s={search_term_string}"},"query-input":{"@type":"PropertyValueSpecification","valueRequired":true,"valueName":"search_term_string"}}],"inLanguage":"pt-PT"},{"@type":["Organization","MedicalBusiness","MedicalOrganization"],"@id":"https:\/\/www.veraclinic.net\/#medicalorg","name":"Vera Clinic | Hair Transplant Turkey - Istanbul","alternateName":"Vera Clinic","url":"https:\/\/www.veraclinic.net\/pt-pt\/","logo":{"@type":"ImageObject","inLanguage":"pt-PT","@id":"https:\/\/www.veraclinic.net\/pt-pt\/#\/schema\/logo\/image\/","url":"https:\/\/www.veraclinic.net\/wp-content\/uploads\/2023\/08\/Black.svg","contentUrl":"https:\/\/www.veraclinic.net\/wp-content\/uploads\/2023\/08\/Black.svg","caption":"Vera Clinic | Hair Transplant Turkey - Istanbul"},"image":{"@id":"https:\/\/www.veraclinic.net\/pt-pt\/#\/schema\/logo\/image\/"},"sameAs":["https:\/\/www.facebook.com\/veraclinic.net","https:\/\/x.com\/veraclinic","https:\/\/www.instagram.com\/veraclinic","https:\/\/www.linkedin.com\/company\/veraclinic\/","https:\/\/www.pinterest.com\/veraclinic\/","https:\/\/www.youtube.com\/c\/VeraClinic"],"legalName":"ESTEVERA SA\u011eLIK H\u0130Z. VE DAN. T\u0130C. LTD. ST\u0130.","vatID":"936499-0","taxID":"3800538109","medicalSpecialty":["Dermatology","PlasticSurgery","Hair Restoration"],"slogan":"Hair Transplant Turkey - Istanbul 2026","department":{"@type":"MedicalClinic","name":"Hair Restoration Clinic","image":"https:\/\/www.veraclinic.net\/wp-content\/uploads\/2023\/08\/Black.svg"}},{"@type":"Person","@id":"https:\/\/www.veraclinic.net\/pt-pt\/#\/schema\/person\/cf2a89faa60b0f336c0e3ddd9a9ebf93","name":"Serkan Kaya","image":{"@type":"ImageObject","inLanguage":"pt-PT","@id":"https:\/\/secure.gravatar.com\/avatar\/7be7270f63c439d0c7a2eb338af8fdae8d8a9bcf26af0aa6d1e01bfdf92390b5?s=96&d=mm&r=g","url":"https:\/\/secure.gravatar.com\/avatar\/7be7270f63c439d0c7a2eb338af8fdae8d8a9bcf26af0aa6d1e01bfdf92390b5?s=96&d=mm&r=g","contentUrl":"https:\/\/secure.gravatar.com\/avatar\/7be7270f63c439d0c7a2eb338af8fdae8d8a9bcf26af0aa6d1e01bfdf92390b5?s=96&d=mm&r=g","caption":"Serkan Kaya"},"sameAs":["https:\/\/www.veraclinic.net"]}]}},"_links":{"self":[{"href":"https:\/\/www.veraclinic.net\/pt-pt\/wp-json\/wp\/v2\/pages\/90803","targetHints":{"allow":["GET"]}}],"collection":[{"href":"https:\/\/www.veraclinic.net\/pt-pt\/wp-json\/wp\/v2\/pages"}],"about":[{"href":"https:\/\/www.veraclinic.net\/pt-pt\/wp-json\/wp\/v2\/types\/page"}],"author":[{"embeddable":true,"href":"https:\/\/www.veraclinic.net\/pt-pt\/wp-json\/wp\/v2\/users\/1"}],"replies":[{"embeddable":true,"href":"https:\/\/www.veraclinic.net\/pt-pt\/wp-json\/wp\/v2\/comments?post=90803"}],"version-history":[{"count":1,"href":"https:\/\/www.veraclinic.net\/pt-pt\/wp-json\/wp\/v2\/pages\/90803\/revisions"}],"predecessor-version":[{"id":91887,"href":"https:\/\/www.veraclinic.net\/pt-pt\/wp-json\/wp\/v2\/pages\/90803\/revisions\/91887"}],"up":[{"embeddable":true,"href":"https:\/\/www.veraclinic.net\/pt-pt\/wp-json\/wp\/v2\/pages\/90826"}],"wp:attachment":[{"href":"https:\/\/www.veraclinic.net\/pt-pt\/wp-json\/wp\/v2\/media?parent=90803"}],"curies":[{"name":"wp","href":"https:\/\/api.w.org\/{rel}","templated":true}]}}