{"id":166435,"date":"2026-03-12T16:17:52","date_gmt":"2026-03-12T13:17:52","guid":{"rendered":"https:\/\/www.veraclinic.net\/?page_id=166435"},"modified":"2026-03-12T16:17:54","modified_gmt":"2026-03-12T13:17:54","slug":"padroes-editoriais-veraclinic","status":"publish","type":"page","link":"https:\/\/www.veraclinic.net\/pt-pt\/padroes-editoriais-veraclinic\/","title":{"rendered":"Padr\u00f5es Editoriais | VeraClinic"},"content":{"rendered":"\n<p>Todos os conte\u00fados da VeraClinic seguem padr\u00f5es editoriais e m\u00e9dicos bem definidos.<\/p>\n\n\n\n<div id=\"ez-toc-container\" class=\"ez-toc-v2_0_82_2 counter-hierarchy ez-toc-counter ez-toc-grey ez-toc-container-direction\">\n<div class=\"ez-toc-title-container\">\n<span class=\"ez-toc-title-toggle\"><\/span><\/div>\n<nav><ul class='ez-toc-list ez-toc-list-level-1 ' ><li class='ez-toc-page-1 ez-toc-heading-level-3'><a class=\"ez-toc-link ez-toc-heading-1\" href=\"https:\/\/www.veraclinic.net\/pt-pt\/padroes-editoriais-veraclinic\/#Producao_de_conteudo\" >Produ\u00e7\u00e3o de conte\u00fado<\/a><\/li><li class='ez-toc-page-1 ez-toc-heading-level-3'><a class=\"ez-toc-link ez-toc-heading-2\" href=\"https:\/\/www.veraclinic.net\/pt-pt\/padroes-editoriais-veraclinic\/#Revisao_medica\" >Revis\u00e3o m\u00e9dica<\/a><\/li><li class='ez-toc-page-1 ez-toc-heading-level-3'><a class=\"ez-toc-link ez-toc-heading-3\" href=\"https:\/\/www.veraclinic.net\/pt-pt\/padroes-editoriais-veraclinic\/#Localizacao\" >Localiza\u00e7\u00e3o<\/a><\/li><li class='ez-toc-page-1 ez-toc-heading-level-3'><a class=\"ez-toc-link ez-toc-heading-4\" href=\"https:\/\/www.veraclinic.net\/pt-pt\/padroes-editoriais-veraclinic\/#Atualizacoes\" >Atualiza\u00e7\u00f5es<\/a><\/li><li class='ez-toc-page-1 ez-toc-heading-level-3'><a class=\"ez-toc-link ez-toc-heading-5\" href=\"https:\/\/www.veraclinic.net\/pt-pt\/padroes-editoriais-veraclinic\/#Transparencia\" >Transpar\u00eancia<\/a><\/li><\/ul><\/nav><\/div>\n<h3 class=\"wp-block-heading\" id=\"h-producao-de-conteudo\"><span class=\"ez-toc-section\" id=\"Producao_de_conteudo\"><\/span><strong>Produ\u00e7\u00e3o de conte\u00fado<\/strong><span class=\"ez-toc-section-end\"><\/span><\/h3>\n\n\n\n<p>Conte\u00fado produzido por editores experientes na \u00e1rea da sa\u00fade.<\/p>\n\n\n\n<h3 class=\"wp-block-heading\" id=\"h-revisao-medica\"><span class=\"ez-toc-section\" id=\"Revisao_medica\"><\/span><strong>Revis\u00e3o m\u00e9dica<\/strong><span class=\"ez-toc-section-end\"><\/span><\/h3>\n\n\n\n<p>Revis\u00e3o realizada por profissionais de sa\u00fade qualificados.<\/p>\n\n\n\n<h3 class=\"wp-block-heading\" id=\"h-localizacao\"><span class=\"ez-toc-section\" id=\"Localizacao\"><\/span><strong>Localiza\u00e7\u00e3o<\/strong><span class=\"ez-toc-section-end\"><\/span><\/h3>\n\n\n\n<p>Conte\u00fado adaptado profissionalmente para cada idioma.<\/p>\n\n\n\n<h3 class=\"wp-block-heading\" id=\"h-atualizacoes\"><span class=\"ez-toc-section\" id=\"Atualizacoes\"><\/span><strong>Atualiza\u00e7\u00f5es<\/strong><span class=\"ez-toc-section-end\"><\/span><\/h3>\n\n\n\n<p>Conte\u00fados revisados e atualizados periodicamente.<\/p>\n\n\n\n<h3 class=\"wp-block-heading\" id=\"h-transparencia\"><span class=\"ez-toc-section\" id=\"Transparencia\"><\/span><strong>Transpar\u00eancia<\/strong><span class=\"ez-toc-section-end\"><\/span><\/h3>\n\n\n\n<p>Fun\u00e7\u00f5es editoriais e datas de atualiza\u00e7\u00e3o s\u00e3o claramente exibidas.<\/p>\n","protected":false},"excerpt":{"rendered":"<p>Todos os conte\u00fados da VeraClinic seguem padr\u00f5es editoriais e m\u00e9dicos bem definidos. Produ\u00e7\u00e3o de conte\u00fado Conte\u00fado produzido por editores experientes<\/p>\n","protected":false},"author":27,"featured_media":0,"parent":0,"menu_order":0,"comment_status":"closed","ping_status":"closed","template":"","meta":{"inline_featured_image":false,"footnotes":""},"class_list":{"0":"post-166435","1":"page","2":"type-page","3":"status-publish","5":"infinite-scroll-item"},"lang":"pt-pt","translations":{"en":166424,"de":166428,"fr":166431,"it":166433,"pt-pt":166435,"es":166437,"ar":166439,"ru":166441},"yoast_head":"<!-- This site is optimized with the Yoast SEO Premium plugin v27.4 (Yoast SEO v27.4) - https:\/\/yoast.com\/product\/yoast-seo-premium-wordpress\/ -->\n<title>Padr\u00f5es Editoriais | VeraClinic - Vera Clinic<\/title>\n<meta name=\"robots\" content=\"index, follow, max-snippet:-1, max-image-preview:large, max-video-preview:-1\" \/>\n<link rel=\"canonical\" href=\"https:\/\/www.veraclinic.net\/pt-pt\/padroes-editoriais-veraclinic\/\" \/>\n<meta property=\"og:locale\" content=\"pt_PT\" \/>\n<meta property=\"og:type\" content=\"article\" \/>\n<meta property=\"og:title\" content=\"Padr\u00f5es Editoriais | VeraClinic\" \/>\n<meta property=\"og:description\" content=\"Todos os conte\u00fados da VeraClinic seguem padr\u00f5es editoriais e m\u00e9dicos bem definidos. Produ\u00e7\u00e3o de conte\u00fado Conte\u00fado produzido por editores experientes\" \/>\n<meta property=\"og:url\" content=\"https:\/\/www.veraclinic.net\/pt-pt\/padroes-editoriais-veraclinic\/\" \/>\n<meta property=\"og:site_name\" content=\"VeraClinic\" \/>\n<meta property=\"article:publisher\" content=\"https:\/\/www.facebook.com\/veraclinic.net\" \/>\n<meta property=\"article:modified_time\" content=\"2026-03-12T13:17:54+00:00\" \/>\n<meta property=\"og:image\" content=\"https:\/\/www.veraclinic.net\/wp-content\/uploads\/2023\/10\/387848654_705134914977420_7512145111300864927_n.jpg\" \/>\n\t<meta property=\"og:image:width\" content=\"1640\" \/>\n\t<meta property=\"og:image:height\" content=\"720\" \/>\n\t<meta property=\"og:image:type\" content=\"image\/jpeg\" \/>\n<meta name=\"twitter:card\" content=\"summary_large_image\" \/>\n<meta name=\"twitter:site\" content=\"@veraclinic\" \/>\n<script type=\"application\/ld+json\" class=\"yoast-schema-graph\">{\"@context\":\"https:\\\/\\\/schema.org\",\"@graph\":[{\"@type\":\"MedicalWebPage\",\"@id\":\"https:\\\/\\\/www.veraclinic.net\\\/pt-pt\\\/padroes-editoriais-veraclinic\\\/#article\",\"isPartOf\":{\"@id\":\"https:\\\/\\\/www.veraclinic.net\\\/pt-pt\\\/padroes-editoriais-veraclinic\\\/\"},\"author\":{\"name\":\"\u00d6mr\u00fcm \u015eim\u015fek\",\"@id\":\"https:\\\/\\\/www.veraclinic.net\\\/pt-pt\\\/#\\\/schema\\\/person\\\/6c1c575221373c5780d6278f84b93e38\"},\"headline\":\"Padr\u00f5es Editoriais | VeraClinic\",\"datePublished\":\"2026-03-12T13:17:52+00:00\",\"dateModified\":\"2026-03-12T13:17:54+00:00\",\"mainEntityOfPage\":{\"@id\":\"https:\\\/\\\/www.veraclinic.net\\\/pt-pt\\\/padroes-editoriais-veraclinic\\\/\"},\"wordCount\":79,\"publisher\":{\"@id\":\"https:\\\/\\\/www.veraclinic.net\\\/pt-pt\\\/#organization\"},\"inLanguage\":\"pt-PT\",\"reviewedBy\":{\"@type\":\"Physician\",\"@id\":\"https:\\\/\\\/www.veraclinic.net\\\/our-doctors\\\/emin-gul\\\/#physician\"},\"lastReviewed\":\"2026-03-12\",\"audience\":{\"@type\":\"MedicalAudience\",\"audienceType\":\"Patients\"}},{\"@type\":\"MedicalWebPage\",\"@id\":\"https:\\\/\\\/www.veraclinic.net\\\/pt-pt\\\/padroes-editoriais-veraclinic\\\/\",\"url\":\"https:\\\/\\\/www.veraclinic.net\\\/pt-pt\\\/padroes-editoriais-veraclinic\\\/\",\"name\":\"Padr\u00f5es Editoriais | VeraClinic - Vera Clinic\",\"isPartOf\":{\"@id\":\"https:\\\/\\\/www.veraclinic.net\\\/pt-pt\\\/#website\"},\"datePublished\":\"2026-03-12T13:17:52+00:00\",\"dateModified\":\"2026-03-12T13:17:54+00:00\",\"breadcrumb\":{\"@id\":\"https:\\\/\\\/www.veraclinic.net\\\/pt-pt\\\/padroes-editoriais-veraclinic\\\/#breadcrumb\"},\"inLanguage\":\"pt-PT\",\"potentialAction\":[{\"@type\":\"ReadAction\",\"target\":[\"https:\\\/\\\/www.veraclinic.net\\\/pt-pt\\\/padroes-editoriais-veraclinic\\\/\"]}],\"reviewedBy\":{\"@type\":\"Physician\",\"@id\":\"https:\\\/\\\/www.veraclinic.net\\\/our-doctors\\\/emin-gul\\\/#physician\"},\"lastReviewed\":\"2026-03-12\",\"audience\":{\"@type\":\"MedicalAudience\",\"audienceType\":\"Patients\"}},{\"@type\":\"BreadcrumbList\",\"@id\":\"https:\\\/\\\/www.veraclinic.net\\\/pt-pt\\\/padroes-editoriais-veraclinic\\\/#breadcrumb\",\"itemListElement\":[{\"@type\":\"ListItem\",\"position\":1,\"name\":\"Transplante capilar na Turquia\",\"item\":\"https:\\\/\\\/www.veraclinic.net\\\/pt-pt\\\/\"},{\"@type\":\"ListItem\",\"position\":2,\"name\":\"Padr\u00f5es Editoriais | VeraClinic\"}]},{\"@type\":\"WebSite\",\"@id\":\"https:\\\/\\\/www.veraclinic.net\\\/pt-pt\\\/#website\",\"url\":\"https:\\\/\\\/www.veraclinic.net\\\/pt-pt\\\/\",\"name\":\"Hair Transplant Turkey - Istanbul 2026\",\"description\":\"Hair Transplant Turkey - Istanbul 2026\",\"publisher\":{\"@id\":\"https:\\\/\\\/www.veraclinic.net\\\/pt-pt\\\/#organization\"},\"alternateName\":\"Vera Clinic\",\"potentialAction\":[{\"@type\":\"SearchAction\",\"target\":{\"@type\":\"EntryPoint\",\"urlTemplate\":\"https:\\\/\\\/www.veraclinic.net\\\/pt-pt\\\/?s={search_term_string}\"},\"query-input\":{\"@type\":\"PropertyValueSpecification\",\"valueRequired\":true,\"valueName\":\"search_term_string\"}}],\"inLanguage\":\"pt-PT\"},{\"@type\":[\"Organization\",\"MedicalBusiness\",\"MedicalOrganization\"],\"@id\":\"https:\\\/\\\/www.veraclinic.net\\\/#medicalorg\",\"name\":\"Vera Clinic | Hair Transplant Turkey - Istanbul\",\"alternateName\":\"Vera Clinic\",\"url\":\"https:\\\/\\\/www.veraclinic.net\\\/pt-pt\\\/\",\"logo\":{\"@type\":\"ImageObject\",\"inLanguage\":\"pt-PT\",\"@id\":\"https:\\\/\\\/www.veraclinic.net\\\/pt-pt\\\/#\\\/schema\\\/logo\\\/image\\\/\",\"url\":\"https:\\\/\\\/www.veraclinic.net\\\/wp-content\\\/uploads\\\/2023\\\/08\\\/Black.svg\",\"contentUrl\":\"https:\\\/\\\/www.veraclinic.net\\\/wp-content\\\/uploads\\\/2023\\\/08\\\/Black.svg\",\"caption\":\"Vera Clinic | Hair Transplant Turkey - Istanbul\"},\"image\":{\"@id\":\"https:\\\/\\\/www.veraclinic.net\\\/pt-pt\\\/#\\\/schema\\\/logo\\\/image\\\/\"},\"sameAs\":[\"https:\\\/\\\/www.facebook.com\\\/veraclinic.net\",\"https:\\\/\\\/x.com\\\/veraclinic\",\"https:\\\/\\\/www.instagram.com\\\/veraclinic\",\"https:\\\/\\\/www.linkedin.com\\\/company\\\/veraclinic\\\/\",\"https:\\\/\\\/www.pinterest.com\\\/veraclinic\\\/\",\"https:\\\/\\\/www.youtube.com\\\/c\\\/VeraClinic\"],\"legalName\":\"ESTEVERA SA\u011eLIK H\u0130Z. VE DAN. T\u0130C. LTD. ST\u0130.\",\"vatID\":\"936499-0\",\"taxID\":\"3800538109\",\"medicalSpecialty\":[\"Dermatology\",\"PlasticSurgery\",\"Hair Restoration\"],\"slogan\":\"Hair Transplant Turkey - Istanbul 2026\",\"department\":{\"@type\":\"MedicalClinic\",\"name\":\"Hair Restoration Clinic\",\"image\":\"https:\\\/\\\/www.veraclinic.net\\\/wp-content\\\/uploads\\\/2023\\\/08\\\/Black.svg\"}},{\"@type\":\"Person\",\"@id\":\"https:\\\/\\\/www.veraclinic.net\\\/pt-pt\\\/#\\\/schema\\\/person\\\/6c1c575221373c5780d6278f84b93e38\",\"name\":\"\u00d6mr\u00fcm \u015eim\u015fek\",\"image\":{\"@type\":\"ImageObject\",\"inLanguage\":\"pt-PT\",\"@id\":\"https:\\\/\\\/secure.gravatar.com\\\/avatar\\\/dc623f236da884241fdf3d8029edb5e292cc08c2642f2c3260645d036335bc7c?s=96&d=mm&r=g\",\"url\":\"https:\\\/\\\/secure.gravatar.com\\\/avatar\\\/dc623f236da884241fdf3d8029edb5e292cc08c2642f2c3260645d036335bc7c?s=96&d=mm&r=g\",\"contentUrl\":\"https:\\\/\\\/secure.gravatar.com\\\/avatar\\\/dc623f236da884241fdf3d8029edb5e292cc08c2642f2c3260645d036335bc7c?s=96&d=mm&r=g\",\"caption\":\"\u00d6mr\u00fcm \u015eim\u015fek\"}}]}<\/script>\n<!-- \/ Yoast SEO Premium plugin. -->","yoast_head_json":{"title":"Padr\u00f5es Editoriais | VeraClinic - Vera Clinic","robots":{"index":"index","follow":"follow","max-snippet":"max-snippet:-1","max-image-preview":"max-image-preview:large","max-video-preview":"max-video-preview:-1"},"canonical":"https:\/\/www.veraclinic.net\/pt-pt\/padroes-editoriais-veraclinic\/","og_locale":"pt_PT","og_type":"article","og_title":"Padr\u00f5es Editoriais | VeraClinic","og_description":"Todos os conte\u00fados da VeraClinic seguem padr\u00f5es editoriais e m\u00e9dicos bem definidos. Produ\u00e7\u00e3o de conte\u00fado Conte\u00fado produzido por editores experientes","og_url":"https:\/\/www.veraclinic.net\/pt-pt\/padroes-editoriais-veraclinic\/","og_site_name":"VeraClinic","article_publisher":"https:\/\/www.facebook.com\/veraclinic.net","article_modified_time":"2026-03-12T13:17:54+00:00","og_image":[{"width":1640,"height":720,"url":"https:\/\/www.veraclinic.net\/wp-content\/uploads\/2023\/10\/387848654_705134914977420_7512145111300864927_n.jpg","type":"image\/jpeg"}],"twitter_card":"summary_large_image","twitter_site":"@veraclinic","schema":{"@context":"https:\/\/schema.org","@graph":[{"@type":"MedicalWebPage","@id":"https:\/\/www.veraclinic.net\/pt-pt\/padroes-editoriais-veraclinic\/#article","isPartOf":{"@id":"https:\/\/www.veraclinic.net\/pt-pt\/padroes-editoriais-veraclinic\/"},"author":{"name":"\u00d6mr\u00fcm \u015eim\u015fek","@id":"https:\/\/www.veraclinic.net\/pt-pt\/#\/schema\/person\/6c1c575221373c5780d6278f84b93e38"},"headline":"Padr\u00f5es Editoriais | VeraClinic","datePublished":"2026-03-12T13:17:52+00:00","dateModified":"2026-03-12T13:17:54+00:00","mainEntityOfPage":{"@id":"https:\/\/www.veraclinic.net\/pt-pt\/padroes-editoriais-veraclinic\/"},"wordCount":79,"publisher":{"@id":"https:\/\/www.veraclinic.net\/pt-pt\/#organization"},"inLanguage":"pt-PT","reviewedBy":{"@type":"Physician","@id":"https:\/\/www.veraclinic.net\/our-doctors\/emin-gul\/#physician"},"lastReviewed":"2026-03-12","audience":{"@type":"MedicalAudience","audienceType":"Patients"}},{"@type":"MedicalWebPage","@id":"https:\/\/www.veraclinic.net\/pt-pt\/padroes-editoriais-veraclinic\/","url":"https:\/\/www.veraclinic.net\/pt-pt\/padroes-editoriais-veraclinic\/","name":"Padr\u00f5es Editoriais | VeraClinic - Vera Clinic","isPartOf":{"@id":"https:\/\/www.veraclinic.net\/pt-pt\/#website"},"datePublished":"2026-03-12T13:17:52+00:00","dateModified":"2026-03-12T13:17:54+00:00","breadcrumb":{"@id":"https:\/\/www.veraclinic.net\/pt-pt\/padroes-editoriais-veraclinic\/#breadcrumb"},"inLanguage":"pt-PT","potentialAction":[{"@type":"ReadAction","target":["https:\/\/www.veraclinic.net\/pt-pt\/padroes-editoriais-veraclinic\/"]}],"reviewedBy":{"@type":"Physician","@id":"https:\/\/www.veraclinic.net\/our-doctors\/emin-gul\/#physician"},"lastReviewed":"2026-03-12","audience":{"@type":"MedicalAudience","audienceType":"Patients"}},{"@type":"BreadcrumbList","@id":"https:\/\/www.veraclinic.net\/pt-pt\/padroes-editoriais-veraclinic\/#breadcrumb","itemListElement":[{"@type":"ListItem","position":1,"name":"Transplante capilar na Turquia","item":"https:\/\/www.veraclinic.net\/pt-pt\/"},{"@type":"ListItem","position":2,"name":"Padr\u00f5es Editoriais | VeraClinic"}]},{"@type":"WebSite","@id":"https:\/\/www.veraclinic.net\/pt-pt\/#website","url":"https:\/\/www.veraclinic.net\/pt-pt\/","name":"Hair Transplant Turkey - Istanbul 2026","description":"Hair Transplant Turkey - Istanbul 2026","publisher":{"@id":"https:\/\/www.veraclinic.net\/pt-pt\/#organization"},"alternateName":"Vera Clinic","potentialAction":[{"@type":"SearchAction","target":{"@type":"EntryPoint","urlTemplate":"https:\/\/www.veraclinic.net\/pt-pt\/?s={search_term_string}"},"query-input":{"@type":"PropertyValueSpecification","valueRequired":true,"valueName":"search_term_string"}}],"inLanguage":"pt-PT"},{"@type":["Organization","MedicalBusiness","MedicalOrganization"],"@id":"https:\/\/www.veraclinic.net\/#medicalorg","name":"Vera Clinic | Hair Transplant Turkey - Istanbul","alternateName":"Vera Clinic","url":"https:\/\/www.veraclinic.net\/pt-pt\/","logo":{"@type":"ImageObject","inLanguage":"pt-PT","@id":"https:\/\/www.veraclinic.net\/pt-pt\/#\/schema\/logo\/image\/","url":"https:\/\/www.veraclinic.net\/wp-content\/uploads\/2023\/08\/Black.svg","contentUrl":"https:\/\/www.veraclinic.net\/wp-content\/uploads\/2023\/08\/Black.svg","caption":"Vera Clinic | Hair Transplant Turkey - Istanbul"},"image":{"@id":"https:\/\/www.veraclinic.net\/pt-pt\/#\/schema\/logo\/image\/"},"sameAs":["https:\/\/www.facebook.com\/veraclinic.net","https:\/\/x.com\/veraclinic","https:\/\/www.instagram.com\/veraclinic","https:\/\/www.linkedin.com\/company\/veraclinic\/","https:\/\/www.pinterest.com\/veraclinic\/","https:\/\/www.youtube.com\/c\/VeraClinic"],"legalName":"ESTEVERA SA\u011eLIK H\u0130Z. VE DAN. T\u0130C. LTD. ST\u0130.","vatID":"936499-0","taxID":"3800538109","medicalSpecialty":["Dermatology","PlasticSurgery","Hair Restoration"],"slogan":"Hair Transplant Turkey - Istanbul 2026","department":{"@type":"MedicalClinic","name":"Hair Restoration Clinic","image":"https:\/\/www.veraclinic.net\/wp-content\/uploads\/2023\/08\/Black.svg"}},{"@type":"Person","@id":"https:\/\/www.veraclinic.net\/pt-pt\/#\/schema\/person\/6c1c575221373c5780d6278f84b93e38","name":"\u00d6mr\u00fcm \u015eim\u015fek","image":{"@type":"ImageObject","inLanguage":"pt-PT","@id":"https:\/\/secure.gravatar.com\/avatar\/dc623f236da884241fdf3d8029edb5e292cc08c2642f2c3260645d036335bc7c?s=96&d=mm&r=g","url":"https:\/\/secure.gravatar.com\/avatar\/dc623f236da884241fdf3d8029edb5e292cc08c2642f2c3260645d036335bc7c?s=96&d=mm&r=g","contentUrl":"https:\/\/secure.gravatar.com\/avatar\/dc623f236da884241fdf3d8029edb5e292cc08c2642f2c3260645d036335bc7c?s=96&d=mm&r=g","caption":"\u00d6mr\u00fcm \u015eim\u015fek"}}]}},"_links":{"self":[{"href":"https:\/\/www.veraclinic.net\/pt-pt\/wp-json\/wp\/v2\/pages\/166435","targetHints":{"allow":["GET"]}}],"collection":[{"href":"https:\/\/www.veraclinic.net\/pt-pt\/wp-json\/wp\/v2\/pages"}],"about":[{"href":"https:\/\/www.veraclinic.net\/pt-pt\/wp-json\/wp\/v2\/types\/page"}],"author":[{"embeddable":true,"href":"https:\/\/www.veraclinic.net\/pt-pt\/wp-json\/wp\/v2\/users\/27"}],"replies":[{"embeddable":true,"href":"https:\/\/www.veraclinic.net\/pt-pt\/wp-json\/wp\/v2\/comments?post=166435"}],"version-history":[{"count":1,"href":"https:\/\/www.veraclinic.net\/pt-pt\/wp-json\/wp\/v2\/pages\/166435\/revisions"}],"predecessor-version":[{"id":166436,"href":"https:\/\/www.veraclinic.net\/pt-pt\/wp-json\/wp\/v2\/pages\/166435\/revisions\/166436"}],"wp:attachment":[{"href":"https:\/\/www.veraclinic.net\/pt-pt\/wp-json\/wp\/v2\/media?parent=166435"}],"curies":[{"name":"wp","href":"https:\/\/api.w.org\/{rel}","templated":true}]}}