{"id":148326,"date":"2025-01-10T08:07:46","date_gmt":"2025-01-10T08:07:46","guid":{"rendered":"https:\/\/www.veraclinic.net\/nossa-equipe\/dr-naheed-ali-md-phd\/"},"modified":"2025-08-05T06:24:44","modified_gmt":"2025-08-05T06:24:44","slug":"dr-naheed-ali-md-phd","status":"publish","type":"page","link":"https:\/\/www.veraclinic.net\/pt-pt\/nossa-equipe\/dr-naheed-ali-md-phd\/","title":{"rendered":"Dr. Naheed Ali MD, PhD"},"content":{"rendered":"<div class=\"gb-container gb-container-48ecba5a\">\n<div class=\"gb-container gb-container-e1f86c54\">\n<div class=\"gb-container gb-container-2fc5b5ef\">\n<div class=\"gb-container gb-container-b6706725\">\n<div class=\"gb-grid-wrapper gb-grid-wrapper-3ce32d4f\">\n<div class=\"gb-grid-column gb-grid-column-01509a69\"><div class=\"gb-container gb-container-01509a69\">\n\n<p class=\"gb-headline gb-headline-95ef6b19 gb-headline-text\"><a href=\"https:\/\/www.veraclinic.net\/pt-pt\/nossa-equipe\/dt-nilay-calikoglu\/nilay-calikoglu-2\/#main#main\"><\/a><strong>Dr. Naheed Ali MD, PhD<\/strong><\/p>\n\n\n\n<h3 class=\"gb-headline gb-headline-57eb9562 gb-headline-text\">Colaborador s\u00e9nior<\/h3>\n\n\n\n<p>Naheed Ali, MD, PhD, \u00e9 m\u00e9dico de forma\u00e7\u00e3o e escritor por op\u00e7\u00e3o desde 2005. Obteve o diploma de m\u00e9dico em 2008 e, posteriormente, concluiu a forma\u00e7\u00e3o em medicina do estilo de vida da Harvard Medical School em 2012, antes de obter um PhD em sa\u00fade hol\u00edstica noutra institui\u00e7\u00e3o em 2013. Tamb\u00e9m \u00e9 certificado em investiga\u00e7\u00e3o cl\u00ednica pelo National Institutes of Health (NIH).<\/p>\n\n\n\n<p>Durante anos, o Dr. Ali lecionou em faculdades nos Estados Unidos, onde deu palestras sobre v\u00e1rios temas biom\u00e9dicos e realizou mais de 2000 horas de apresenta\u00e7\u00f5es ao vivo. \u00c9 tamb\u00e9m autor de v\u00e1rios livros publicados por grandes editoras de Nova Iorque. Estes podem ser encontrados nas prateleiras de milhares de bibliotecas em todo o mundo. Tem mais de 15 anos de experi\u00eancia em escrita remota e mais de 15 anos de publica\u00e7\u00f5es relacionadas com a sa\u00fade no seu curr\u00edculo. Atualmente, dedica-se ao jornalismo m\u00e9dico e \u00e0 comunica\u00e7\u00e3o na \u00e1rea da sa\u00fade, contribuindo com a sua experi\u00eancia para organiza\u00e7\u00f5es l\u00edderes no setor da sa\u00fade.<\/p>\n\n\n<div class=\"gb-container gb-container-07080c07\"><\/div>\n<\/div><\/div>\n\n<div class=\"gb-grid-column gb-grid-column-9471f60b\"><div class=\"gb-container gb-container-9471f60b\">\n\n<figure class=\"gb-block-image gb-block-image-6e351467\"><img loading=\"lazy\" decoding=\"async\" width=\"600\" height=\"659\" class=\"gb-image gb-image-6e351467\" src=\"https:\/\/www.veraclinic.net\/wp-content\/uploads\/2025\/01\/engin-selamioglu-copy-1.webp\" alt=\"\" title=\"engin-selamioglu copy\" srcset=\"https:\/\/www.veraclinic.net\/wp-content\/uploads\/2025\/01\/engin-selamioglu-copy-1.webp 600w, https:\/\/www.veraclinic.net\/wp-content\/uploads\/2025\/01\/engin-selamioglu-copy-1-273x300.webp 273w\" sizes=\"auto, (max-width: 600px) 100vw, 600px\" \/><\/figure>\n\n\n<div class=\"gb-container gb-container-ec11ecc3\"><\/div>\n<\/div><\/div>\n<\/div>\n<\/div>\n<\/div>\n<\/div>\n<\/div>","protected":false},"excerpt":{"rendered":"","protected":false},"author":1,"featured_media":0,"parent":90826,"menu_order":0,"comment_status":"closed","ping_status":"closed","template":"","meta":{"inline_featured_image":false,"footnotes":""},"class_list":{"0":"post-148326","1":"page","2":"type-page","3":"status-publish","5":"infinite-scroll-item"},"lang":"pt-pt","translations":{"en":134530,"ar":148322,"fr":148323,"de":148324,"it":148325,"pt-pt":148326,"ru":148327,"es":148328},"yoast_head":"<!-- This site is optimized with the Yoast SEO Premium plugin v27.4 (Yoast SEO v27.4) - https:\/\/yoast.com\/product\/yoast-seo-premium-wordpress\/ -->\n<title>Dr. Naheed Ali MD, PhD - Vera Clinic<\/title>\n<meta name=\"robots\" content=\"index, follow, max-snippet:-1, max-image-preview:large, max-video-preview:-1\" \/>\n<link rel=\"canonical\" href=\"https:\/\/www.veraclinic.net\/pt-pt\/nossa-equipe\/dr-naheed-ali-md-phd\/\" \/>\n<meta property=\"og:locale\" content=\"pt_PT\" \/>\n<meta property=\"og:type\" content=\"article\" \/>\n<meta property=\"og:title\" content=\"Dr. Naheed Ali MD, PhD\" \/>\n<meta property=\"og:url\" content=\"https:\/\/www.veraclinic.net\/pt-pt\/nossa-equipe\/dr-naheed-ali-md-phd\/\" \/>\n<meta property=\"og:site_name\" content=\"VeraClinic\" \/>\n<meta property=\"article:publisher\" content=\"https:\/\/www.facebook.com\/veraclinic.net\" \/>\n<meta property=\"article:modified_time\" content=\"2025-08-05T06:24:44+00:00\" \/>\n<meta property=\"og:image\" content=\"https:\/\/www.veraclinic.net\/wp-content\/uploads\/2025\/01\/engin-selamioglu-copy-1.webp\" \/>\n<meta name=\"twitter:card\" content=\"summary_large_image\" \/>\n<meta name=\"twitter:site\" content=\"@veraclinic\" \/>\n<meta name=\"twitter:label1\" content=\"Tempo estimado de leitura\" \/>\n\t<meta name=\"twitter:data1\" content=\"1 minuto\" \/>\n<script type=\"application\/ld+json\" class=\"yoast-schema-graph\">{\"@context\":\"https:\\\/\\\/schema.org\",\"@graph\":[{\"@type\":\"MedicalWebPage\",\"@id\":\"https:\\\/\\\/www.veraclinic.net\\\/pt-pt\\\/nossa-equipe\\\/dr-naheed-ali-md-phd\\\/#article\",\"isPartOf\":{\"@id\":\"https:\\\/\\\/www.veraclinic.net\\\/pt-pt\\\/nossa-equipe\\\/dr-naheed-ali-md-phd\\\/\"},\"author\":{\"name\":\"Serkan Kaya\",\"@id\":\"https:\\\/\\\/www.veraclinic.net\\\/pt-pt\\\/#\\\/schema\\\/person\\\/cf2a89faa60b0f336c0e3ddd9a9ebf93\"},\"headline\":\"Dr. Naheed Ali MD, PhD\",\"datePublished\":\"2025-01-10T08:07:46+00:00\",\"dateModified\":\"2025-08-05T06:24:44+00:00\",\"mainEntityOfPage\":{\"@id\":\"https:\\\/\\\/www.veraclinic.net\\\/pt-pt\\\/nossa-equipe\\\/dr-naheed-ali-md-phd\\\/\"},\"wordCount\":194,\"publisher\":{\"@id\":\"https:\\\/\\\/www.veraclinic.net\\\/pt-pt\\\/#organization\"},\"image\":{\"@id\":\"https:\\\/\\\/www.veraclinic.net\\\/pt-pt\\\/nossa-equipe\\\/dr-naheed-ali-md-phd\\\/#primaryimage\"},\"thumbnailUrl\":\"https:\\\/\\\/www.veraclinic.net\\\/wp-content\\\/uploads\\\/2025\\\/01\\\/engin-selamioglu-copy-1.webp\",\"inLanguage\":\"pt-PT\",\"reviewedBy\":{\"@type\":\"Physician\",\"@id\":\"https:\\\/\\\/www.veraclinic.net\\\/our-doctors\\\/emin-gul\\\/#physician\"},\"lastReviewed\":\"2025-08-05\",\"audience\":{\"@type\":\"MedicalAudience\",\"audienceType\":\"Patients\"}},{\"@type\":\"MedicalWebPage\",\"@id\":\"https:\\\/\\\/www.veraclinic.net\\\/pt-pt\\\/nossa-equipe\\\/dr-naheed-ali-md-phd\\\/\",\"url\":\"https:\\\/\\\/www.veraclinic.net\\\/pt-pt\\\/nossa-equipe\\\/dr-naheed-ali-md-phd\\\/\",\"name\":\"Dr. Naheed Ali MD, PhD - Vera Clinic\",\"isPartOf\":{\"@id\":\"https:\\\/\\\/www.veraclinic.net\\\/pt-pt\\\/#website\"},\"primaryImageOfPage\":{\"@id\":\"https:\\\/\\\/www.veraclinic.net\\\/pt-pt\\\/nossa-equipe\\\/dr-naheed-ali-md-phd\\\/#primaryimage\"},\"image\":{\"@id\":\"https:\\\/\\\/www.veraclinic.net\\\/pt-pt\\\/nossa-equipe\\\/dr-naheed-ali-md-phd\\\/#primaryimage\"},\"thumbnailUrl\":\"https:\\\/\\\/www.veraclinic.net\\\/wp-content\\\/uploads\\\/2025\\\/01\\\/engin-selamioglu-copy-1.webp\",\"datePublished\":\"2025-01-10T08:07:46+00:00\",\"dateModified\":\"2025-08-05T06:24:44+00:00\",\"breadcrumb\":{\"@id\":\"https:\\\/\\\/www.veraclinic.net\\\/pt-pt\\\/nossa-equipe\\\/dr-naheed-ali-md-phd\\\/#breadcrumb\"},\"inLanguage\":\"pt-PT\",\"potentialAction\":[{\"@type\":\"ReadAction\",\"target\":[\"https:\\\/\\\/www.veraclinic.net\\\/pt-pt\\\/nossa-equipe\\\/dr-naheed-ali-md-phd\\\/\"]}],\"reviewedBy\":{\"@type\":\"Physician\",\"@id\":\"https:\\\/\\\/www.veraclinic.net\\\/our-doctors\\\/emin-gul\\\/#physician\"},\"lastReviewed\":\"2025-08-05\",\"audience\":{\"@type\":\"MedicalAudience\",\"audienceType\":\"Patients\"}},{\"@type\":\"ImageObject\",\"inLanguage\":\"pt-PT\",\"@id\":\"https:\\\/\\\/www.veraclinic.net\\\/pt-pt\\\/nossa-equipe\\\/dr-naheed-ali-md-phd\\\/#primaryimage\",\"url\":\"https:\\\/\\\/www.veraclinic.net\\\/wp-content\\\/uploads\\\/2025\\\/01\\\/engin-selamioglu-copy-1.webp\",\"contentUrl\":\"https:\\\/\\\/www.veraclinic.net\\\/wp-content\\\/uploads\\\/2025\\\/01\\\/engin-selamioglu-copy-1.webp\"},{\"@type\":\"BreadcrumbList\",\"@id\":\"https:\\\/\\\/www.veraclinic.net\\\/pt-pt\\\/nossa-equipe\\\/dr-naheed-ali-md-phd\\\/#breadcrumb\",\"itemListElement\":[{\"@type\":\"ListItem\",\"position\":1,\"name\":\"Transplante capilar na Turquia\",\"item\":\"https:\\\/\\\/www.veraclinic.net\\\/pt-pt\\\/\"},{\"@type\":\"ListItem\",\"position\":2,\"name\":\"Nossos m\u00e9dicos\",\"item\":\"https:\\\/\\\/www.veraclinic.net\\\/pt-pt\\\/nossa-equipe\\\/\"},{\"@type\":\"ListItem\",\"position\":3,\"name\":\"Dr. Naheed Ali MD, PhD\"}]},{\"@type\":\"WebSite\",\"@id\":\"https:\\\/\\\/www.veraclinic.net\\\/pt-pt\\\/#website\",\"url\":\"https:\\\/\\\/www.veraclinic.net\\\/pt-pt\\\/\",\"name\":\"Hair Transplant Turkey - Istanbul 2026\",\"description\":\"Hair Transplant Turkey - Istanbul 2026\",\"publisher\":{\"@id\":\"https:\\\/\\\/www.veraclinic.net\\\/pt-pt\\\/#organization\"},\"alternateName\":\"Vera Clinic\",\"potentialAction\":[{\"@type\":\"SearchAction\",\"target\":{\"@type\":\"EntryPoint\",\"urlTemplate\":\"https:\\\/\\\/www.veraclinic.net\\\/pt-pt\\\/?s={search_term_string}\"},\"query-input\":{\"@type\":\"PropertyValueSpecification\",\"valueRequired\":true,\"valueName\":\"search_term_string\"}}],\"inLanguage\":\"pt-PT\"},{\"@type\":[\"Organization\",\"MedicalBusiness\",\"MedicalOrganization\"],\"@id\":\"https:\\\/\\\/www.veraclinic.net\\\/#medicalorg\",\"name\":\"Vera Clinic | Hair Transplant Turkey - Istanbul\",\"alternateName\":\"Vera Clinic\",\"url\":\"https:\\\/\\\/www.veraclinic.net\\\/pt-pt\\\/\",\"logo\":{\"@type\":\"ImageObject\",\"inLanguage\":\"pt-PT\",\"@id\":\"https:\\\/\\\/www.veraclinic.net\\\/pt-pt\\\/#\\\/schema\\\/logo\\\/image\\\/\",\"url\":\"https:\\\/\\\/www.veraclinic.net\\\/wp-content\\\/uploads\\\/2023\\\/08\\\/Black.svg\",\"contentUrl\":\"https:\\\/\\\/www.veraclinic.net\\\/wp-content\\\/uploads\\\/2023\\\/08\\\/Black.svg\",\"caption\":\"Vera Clinic | Hair Transplant Turkey - Istanbul\"},\"image\":{\"@id\":\"https:\\\/\\\/www.veraclinic.net\\\/pt-pt\\\/#\\\/schema\\\/logo\\\/image\\\/\"},\"sameAs\":[\"https:\\\/\\\/www.facebook.com\\\/veraclinic.net\",\"https:\\\/\\\/x.com\\\/veraclinic\",\"https:\\\/\\\/www.instagram.com\\\/veraclinic\",\"https:\\\/\\\/www.linkedin.com\\\/company\\\/veraclinic\\\/\",\"https:\\\/\\\/www.pinterest.com\\\/veraclinic\\\/\",\"https:\\\/\\\/www.youtube.com\\\/c\\\/VeraClinic\"],\"legalName\":\"ESTEVERA SA\u011eLIK H\u0130Z. VE DAN. T\u0130C. LTD. ST\u0130.\",\"vatID\":\"936499-0\",\"taxID\":\"3800538109\",\"medicalSpecialty\":[\"Dermatology\",\"PlasticSurgery\",\"Hair Restoration\"],\"slogan\":\"Hair Transplant Turkey - Istanbul 2026\",\"department\":{\"@type\":\"MedicalClinic\",\"name\":\"Hair Restoration Clinic\",\"image\":\"https:\\\/\\\/www.veraclinic.net\\\/wp-content\\\/uploads\\\/2023\\\/08\\\/Black.svg\"}},{\"@type\":\"Person\",\"@id\":\"https:\\\/\\\/www.veraclinic.net\\\/pt-pt\\\/#\\\/schema\\\/person\\\/cf2a89faa60b0f336c0e3ddd9a9ebf93\",\"name\":\"Serkan Kaya\",\"image\":{\"@type\":\"ImageObject\",\"inLanguage\":\"pt-PT\",\"@id\":\"https:\\\/\\\/secure.gravatar.com\\\/avatar\\\/7be7270f63c439d0c7a2eb338af8fdae8d8a9bcf26af0aa6d1e01bfdf92390b5?s=96&d=mm&r=g\",\"url\":\"https:\\\/\\\/secure.gravatar.com\\\/avatar\\\/7be7270f63c439d0c7a2eb338af8fdae8d8a9bcf26af0aa6d1e01bfdf92390b5?s=96&d=mm&r=g\",\"contentUrl\":\"https:\\\/\\\/secure.gravatar.com\\\/avatar\\\/7be7270f63c439d0c7a2eb338af8fdae8d8a9bcf26af0aa6d1e01bfdf92390b5?s=96&d=mm&r=g\",\"caption\":\"Serkan Kaya\"},\"sameAs\":[\"https:\\\/\\\/www.veraclinic.net\"]}]}<\/script>\n<!-- \/ Yoast SEO Premium plugin. -->","yoast_head_json":{"title":"Dr. Naheed Ali MD, PhD - Vera Clinic","robots":{"index":"index","follow":"follow","max-snippet":"max-snippet:-1","max-image-preview":"max-image-preview:large","max-video-preview":"max-video-preview:-1"},"canonical":"https:\/\/www.veraclinic.net\/pt-pt\/nossa-equipe\/dr-naheed-ali-md-phd\/","og_locale":"pt_PT","og_type":"article","og_title":"Dr. Naheed Ali MD, PhD","og_url":"https:\/\/www.veraclinic.net\/pt-pt\/nossa-equipe\/dr-naheed-ali-md-phd\/","og_site_name":"VeraClinic","article_publisher":"https:\/\/www.facebook.com\/veraclinic.net","article_modified_time":"2025-08-05T06:24:44+00:00","og_image":[{"url":"https:\/\/www.veraclinic.net\/wp-content\/uploads\/2025\/01\/engin-selamioglu-copy-1.webp","type":"","width":"","height":""}],"twitter_card":"summary_large_image","twitter_site":"@veraclinic","twitter_misc":{"Tempo estimado de leitura":"1 minuto"},"schema":{"@context":"https:\/\/schema.org","@graph":[{"@type":"MedicalWebPage","@id":"https:\/\/www.veraclinic.net\/pt-pt\/nossa-equipe\/dr-naheed-ali-md-phd\/#article","isPartOf":{"@id":"https:\/\/www.veraclinic.net\/pt-pt\/nossa-equipe\/dr-naheed-ali-md-phd\/"},"author":{"name":"Serkan Kaya","@id":"https:\/\/www.veraclinic.net\/pt-pt\/#\/schema\/person\/cf2a89faa60b0f336c0e3ddd9a9ebf93"},"headline":"Dr. Naheed Ali MD, PhD","datePublished":"2025-01-10T08:07:46+00:00","dateModified":"2025-08-05T06:24:44+00:00","mainEntityOfPage":{"@id":"https:\/\/www.veraclinic.net\/pt-pt\/nossa-equipe\/dr-naheed-ali-md-phd\/"},"wordCount":194,"publisher":{"@id":"https:\/\/www.veraclinic.net\/pt-pt\/#organization"},"image":{"@id":"https:\/\/www.veraclinic.net\/pt-pt\/nossa-equipe\/dr-naheed-ali-md-phd\/#primaryimage"},"thumbnailUrl":"https:\/\/www.veraclinic.net\/wp-content\/uploads\/2025\/01\/engin-selamioglu-copy-1.webp","inLanguage":"pt-PT","reviewedBy":{"@type":"Physician","@id":"https:\/\/www.veraclinic.net\/our-doctors\/emin-gul\/#physician"},"lastReviewed":"2025-08-05","audience":{"@type":"MedicalAudience","audienceType":"Patients"}},{"@type":"MedicalWebPage","@id":"https:\/\/www.veraclinic.net\/pt-pt\/nossa-equipe\/dr-naheed-ali-md-phd\/","url":"https:\/\/www.veraclinic.net\/pt-pt\/nossa-equipe\/dr-naheed-ali-md-phd\/","name":"Dr. Naheed Ali MD, PhD - Vera Clinic","isPartOf":{"@id":"https:\/\/www.veraclinic.net\/pt-pt\/#website"},"primaryImageOfPage":{"@id":"https:\/\/www.veraclinic.net\/pt-pt\/nossa-equipe\/dr-naheed-ali-md-phd\/#primaryimage"},"image":{"@id":"https:\/\/www.veraclinic.net\/pt-pt\/nossa-equipe\/dr-naheed-ali-md-phd\/#primaryimage"},"thumbnailUrl":"https:\/\/www.veraclinic.net\/wp-content\/uploads\/2025\/01\/engin-selamioglu-copy-1.webp","datePublished":"2025-01-10T08:07:46+00:00","dateModified":"2025-08-05T06:24:44+00:00","breadcrumb":{"@id":"https:\/\/www.veraclinic.net\/pt-pt\/nossa-equipe\/dr-naheed-ali-md-phd\/#breadcrumb"},"inLanguage":"pt-PT","potentialAction":[{"@type":"ReadAction","target":["https:\/\/www.veraclinic.net\/pt-pt\/nossa-equipe\/dr-naheed-ali-md-phd\/"]}],"reviewedBy":{"@type":"Physician","@id":"https:\/\/www.veraclinic.net\/our-doctors\/emin-gul\/#physician"},"lastReviewed":"2025-08-05","audience":{"@type":"MedicalAudience","audienceType":"Patients"}},{"@type":"ImageObject","inLanguage":"pt-PT","@id":"https:\/\/www.veraclinic.net\/pt-pt\/nossa-equipe\/dr-naheed-ali-md-phd\/#primaryimage","url":"https:\/\/www.veraclinic.net\/wp-content\/uploads\/2025\/01\/engin-selamioglu-copy-1.webp","contentUrl":"https:\/\/www.veraclinic.net\/wp-content\/uploads\/2025\/01\/engin-selamioglu-copy-1.webp"},{"@type":"BreadcrumbList","@id":"https:\/\/www.veraclinic.net\/pt-pt\/nossa-equipe\/dr-naheed-ali-md-phd\/#breadcrumb","itemListElement":[{"@type":"ListItem","position":1,"name":"Transplante capilar na Turquia","item":"https:\/\/www.veraclinic.net\/pt-pt\/"},{"@type":"ListItem","position":2,"name":"Nossos m\u00e9dicos","item":"https:\/\/www.veraclinic.net\/pt-pt\/nossa-equipe\/"},{"@type":"ListItem","position":3,"name":"Dr. Naheed Ali MD, PhD"}]},{"@type":"WebSite","@id":"https:\/\/www.veraclinic.net\/pt-pt\/#website","url":"https:\/\/www.veraclinic.net\/pt-pt\/","name":"Hair Transplant Turkey - Istanbul 2026","description":"Hair Transplant Turkey - Istanbul 2026","publisher":{"@id":"https:\/\/www.veraclinic.net\/pt-pt\/#organization"},"alternateName":"Vera Clinic","potentialAction":[{"@type":"SearchAction","target":{"@type":"EntryPoint","urlTemplate":"https:\/\/www.veraclinic.net\/pt-pt\/?s={search_term_string}"},"query-input":{"@type":"PropertyValueSpecification","valueRequired":true,"valueName":"search_term_string"}}],"inLanguage":"pt-PT"},{"@type":["Organization","MedicalBusiness","MedicalOrganization"],"@id":"https:\/\/www.veraclinic.net\/#medicalorg","name":"Vera Clinic | Hair Transplant Turkey - Istanbul","alternateName":"Vera Clinic","url":"https:\/\/www.veraclinic.net\/pt-pt\/","logo":{"@type":"ImageObject","inLanguage":"pt-PT","@id":"https:\/\/www.veraclinic.net\/pt-pt\/#\/schema\/logo\/image\/","url":"https:\/\/www.veraclinic.net\/wp-content\/uploads\/2023\/08\/Black.svg","contentUrl":"https:\/\/www.veraclinic.net\/wp-content\/uploads\/2023\/08\/Black.svg","caption":"Vera Clinic | Hair Transplant Turkey - Istanbul"},"image":{"@id":"https:\/\/www.veraclinic.net\/pt-pt\/#\/schema\/logo\/image\/"},"sameAs":["https:\/\/www.facebook.com\/veraclinic.net","https:\/\/x.com\/veraclinic","https:\/\/www.instagram.com\/veraclinic","https:\/\/www.linkedin.com\/company\/veraclinic\/","https:\/\/www.pinterest.com\/veraclinic\/","https:\/\/www.youtube.com\/c\/VeraClinic"],"legalName":"ESTEVERA SA\u011eLIK H\u0130Z. VE DAN. T\u0130C. LTD. ST\u0130.","vatID":"936499-0","taxID":"3800538109","medicalSpecialty":["Dermatology","PlasticSurgery","Hair Restoration"],"slogan":"Hair Transplant Turkey - Istanbul 2026","department":{"@type":"MedicalClinic","name":"Hair Restoration Clinic","image":"https:\/\/www.veraclinic.net\/wp-content\/uploads\/2023\/08\/Black.svg"}},{"@type":"Person","@id":"https:\/\/www.veraclinic.net\/pt-pt\/#\/schema\/person\/cf2a89faa60b0f336c0e3ddd9a9ebf93","name":"Serkan Kaya","image":{"@type":"ImageObject","inLanguage":"pt-PT","@id":"https:\/\/secure.gravatar.com\/avatar\/7be7270f63c439d0c7a2eb338af8fdae8d8a9bcf26af0aa6d1e01bfdf92390b5?s=96&d=mm&r=g","url":"https:\/\/secure.gravatar.com\/avatar\/7be7270f63c439d0c7a2eb338af8fdae8d8a9bcf26af0aa6d1e01bfdf92390b5?s=96&d=mm&r=g","contentUrl":"https:\/\/secure.gravatar.com\/avatar\/7be7270f63c439d0c7a2eb338af8fdae8d8a9bcf26af0aa6d1e01bfdf92390b5?s=96&d=mm&r=g","caption":"Serkan Kaya"},"sameAs":["https:\/\/www.veraclinic.net"]}]}},"_links":{"self":[{"href":"https:\/\/www.veraclinic.net\/pt-pt\/wp-json\/wp\/v2\/pages\/148326","targetHints":{"allow":["GET"]}}],"collection":[{"href":"https:\/\/www.veraclinic.net\/pt-pt\/wp-json\/wp\/v2\/pages"}],"about":[{"href":"https:\/\/www.veraclinic.net\/pt-pt\/wp-json\/wp\/v2\/types\/page"}],"author":[{"embeddable":true,"href":"https:\/\/www.veraclinic.net\/pt-pt\/wp-json\/wp\/v2\/users\/1"}],"replies":[{"embeddable":true,"href":"https:\/\/www.veraclinic.net\/pt-pt\/wp-json\/wp\/v2\/comments?post=148326"}],"version-history":[{"count":2,"href":"https:\/\/www.veraclinic.net\/pt-pt\/wp-json\/wp\/v2\/pages\/148326\/revisions"}],"predecessor-version":[{"id":148364,"href":"https:\/\/www.veraclinic.net\/pt-pt\/wp-json\/wp\/v2\/pages\/148326\/revisions\/148364"}],"up":[{"embeddable":true,"href":"https:\/\/www.veraclinic.net\/pt-pt\/wp-json\/wp\/v2\/pages\/90826"}],"wp:attachment":[{"href":"https:\/\/www.veraclinic.net\/pt-pt\/wp-json\/wp\/v2\/media?parent=148326"}],"curies":[{"name":"wp","href":"https:\/\/api.w.org\/{rel}","templated":true}]}}