{"id":166433,"date":"2026-03-12T16:17:52","date_gmt":"2026-03-12T13:17:52","guid":{"rendered":"https:\/\/www.veraclinic.net\/?page_id=166433"},"modified":"2026-03-12T16:17:53","modified_gmt":"2026-03-12T13:17:53","slug":"standard-editoriali-veraclinic","status":"publish","type":"page","link":"https:\/\/www.veraclinic.net\/it\/standard-editoriali-veraclinic\/","title":{"rendered":"Standard Editoriali | VeraClinic"},"content":{"rendered":"\n<p>VeraClinic segue standard editoriali e medici rigorosi per tutti i contenuti pubblicati.<\/p>\n\n\n\n<div id=\"ez-toc-container\" class=\"ez-toc-v2_0_82_2 counter-hierarchy ez-toc-counter ez-toc-grey ez-toc-container-direction\">\n<div class=\"ez-toc-title-container\">\n<span class=\"ez-toc-title-toggle\"><\/span><\/div>\n<nav><ul class='ez-toc-list ez-toc-list-level-1 ' ><li class='ez-toc-page-1 ez-toc-heading-level-3'><a class=\"ez-toc-link ez-toc-heading-1\" href=\"https:\/\/www.veraclinic.net\/it\/standard-editoriali-veraclinic\/#Creazione_dei_contenuti\" >Creazione dei contenuti<\/a><\/li><li class='ez-toc-page-1 ez-toc-heading-level-3'><a class=\"ez-toc-link ez-toc-heading-2\" href=\"https:\/\/www.veraclinic.net\/it\/standard-editoriali-veraclinic\/#Revisione_medica\" >Revisione medica<\/a><\/li><li class='ez-toc-page-1 ez-toc-heading-level-3'><a class=\"ez-toc-link ez-toc-heading-3\" href=\"https:\/\/www.veraclinic.net\/it\/standard-editoriali-veraclinic\/#Localizzazione_linguistica\" >Localizzazione linguistica<\/a><\/li><li class='ez-toc-page-1 ez-toc-heading-level-3'><a class=\"ez-toc-link ez-toc-heading-4\" href=\"https:\/\/www.veraclinic.net\/it\/standard-editoriali-veraclinic\/#Aggiornamenti\" >Aggiornamenti<\/a><\/li><li class='ez-toc-page-1 ez-toc-heading-level-3'><a class=\"ez-toc-link ez-toc-heading-5\" href=\"https:\/\/www.veraclinic.net\/it\/standard-editoriali-veraclinic\/#Trasparenza\" >Trasparenza<\/a><\/li><\/ul><\/nav><\/div>\n<h3 class=\"wp-block-heading\" id=\"h-creazione-dei-contenuti\"><span class=\"ez-toc-section\" id=\"Creazione_dei_contenuti\"><\/span><strong>Creazione dei contenuti<\/strong><span class=\"ez-toc-section-end\"><\/span><\/h3>\n\n\n\n<p>I contenuti sono redatti da editor con competenze nel settore medico.<\/p>\n\n\n\n<h3 class=\"wp-block-heading\" id=\"h-revisione-medica\"><span class=\"ez-toc-section\" id=\"Revisione_medica\"><\/span><strong>Revisione medica<\/strong><span class=\"ez-toc-section-end\"><\/span><\/h3>\n\n\n\n<p>I contenuti sanitari sono revisionati da professionisti qualificati.<\/p>\n\n\n\n<h3 class=\"wp-block-heading\" id=\"h-localizzazione-linguistica\"><span class=\"ez-toc-section\" id=\"Localizzazione_linguistica\"><\/span><strong>Localizzazione linguistica<\/strong><span class=\"ez-toc-section-end\"><\/span><\/h3>\n\n\n\n<p>Ogni lingua \u00e8 adattata professionalmente e culturalmente.<\/p>\n\n\n\n<h3 class=\"wp-block-heading\" id=\"h-aggiornamenti\"><span class=\"ez-toc-section\" id=\"Aggiornamenti\"><\/span><strong>Aggiornamenti<\/strong><span class=\"ez-toc-section-end\"><\/span><\/h3>\n\n\n\n<p>I contenuti vengono aggiornati regolarmente.<\/p>\n\n\n\n<h3 class=\"wp-block-heading\" id=\"h-trasparenza\"><span class=\"ez-toc-section\" id=\"Trasparenza\"><\/span><strong>Trasparenza<\/strong><span class=\"ez-toc-section-end\"><\/span><\/h3>\n\n\n\n<p>I ruoli editoriali e le date di aggiornamento sono sempre visibili.<\/p>\n","protected":false},"excerpt":{"rendered":"<p>VeraClinic segue standard editoriali e medici rigorosi per tutti i contenuti pubblicati. Creazione dei contenuti I contenuti sono redatti da<\/p>\n","protected":false},"author":27,"featured_media":0,"parent":0,"menu_order":0,"comment_status":"closed","ping_status":"closed","template":"","meta":{"inline_featured_image":false,"footnotes":""},"class_list":{"0":"post-166433","1":"page","2":"type-page","3":"status-publish","5":"infinite-scroll-item"},"lang":"it","translations":{"en":166424,"de":166428,"fr":166431,"it":166433,"pt-pt":166435,"es":166437,"ar":166439,"ru":166441},"yoast_head":"<!-- This site is optimized with the Yoast SEO Premium plugin v27.4 (Yoast SEO v27.4) - https:\/\/yoast.com\/product\/yoast-seo-premium-wordpress\/ -->\n<title>Standard Editoriali | VeraClinic - Vera Clinic<\/title>\n<meta name=\"robots\" content=\"index, follow, max-snippet:-1, max-image-preview:large, max-video-preview:-1\" \/>\n<link rel=\"canonical\" href=\"https:\/\/www.veraclinic.net\/it\/standard-editoriali-veraclinic\/\" \/>\n<meta property=\"og:locale\" content=\"it_IT\" \/>\n<meta property=\"og:type\" content=\"article\" \/>\n<meta property=\"og:title\" content=\"Standard Editoriali | VeraClinic\" \/>\n<meta property=\"og:description\" content=\"VeraClinic segue standard editoriali e medici rigorosi per tutti i contenuti pubblicati. Creazione dei contenuti I contenuti sono redatti da\" \/>\n<meta property=\"og:url\" content=\"https:\/\/www.veraclinic.net\/it\/standard-editoriali-veraclinic\/\" \/>\n<meta property=\"og:site_name\" content=\"VeraClinic\" \/>\n<meta property=\"article:publisher\" content=\"https:\/\/www.facebook.com\/veraclinic.net\" \/>\n<meta property=\"article:modified_time\" content=\"2026-03-12T13:17:53+00:00\" \/>\n<meta property=\"og:image\" content=\"https:\/\/www.veraclinic.net\/wp-content\/uploads\/2023\/10\/387848654_705134914977420_7512145111300864927_n.jpg\" \/>\n\t<meta property=\"og:image:width\" content=\"1640\" \/>\n\t<meta property=\"og:image:height\" content=\"720\" \/>\n\t<meta property=\"og:image:type\" content=\"image\/jpeg\" \/>\n<meta name=\"twitter:card\" content=\"summary_large_image\" \/>\n<meta name=\"twitter:site\" content=\"@veraclinic\" \/>\n<meta name=\"twitter:label1\" content=\"Tempo di lettura stimato\" \/>\n\t<meta name=\"twitter:data1\" content=\"1 minuto\" \/>\n<script type=\"application\/ld+json\" class=\"yoast-schema-graph\">{\"@context\":\"https:\\\/\\\/schema.org\",\"@graph\":[{\"@type\":\"MedicalWebPage\",\"@id\":\"https:\\\/\\\/www.veraclinic.net\\\/it\\\/standard-editoriali-veraclinic\\\/#article\",\"isPartOf\":{\"@id\":\"https:\\\/\\\/www.veraclinic.net\\\/it\\\/standard-editoriali-veraclinic\\\/\"},\"author\":{\"name\":\"\u00d6mr\u00fcm \u015eim\u015fek\",\"@id\":\"https:\\\/\\\/www.veraclinic.net\\\/it\\\/#\\\/schema\\\/person\\\/6c1c575221373c5780d6278f84b93e38\"},\"headline\":\"Standard Editoriali | VeraClinic\",\"datePublished\":\"2026-03-12T13:17:52+00:00\",\"dateModified\":\"2026-03-12T13:17:53+00:00\",\"mainEntityOfPage\":{\"@id\":\"https:\\\/\\\/www.veraclinic.net\\\/it\\\/standard-editoriali-veraclinic\\\/\"},\"wordCount\":65,\"publisher\":{\"@id\":\"https:\\\/\\\/www.veraclinic.net\\\/it\\\/#organization\"},\"inLanguage\":\"it-IT\",\"reviewedBy\":{\"@type\":\"Physician\",\"@id\":\"https:\\\/\\\/www.veraclinic.net\\\/our-doctors\\\/emin-gul\\\/#physician\"},\"lastReviewed\":\"2026-03-12\",\"audience\":{\"@type\":\"MedicalAudience\",\"audienceType\":\"Patients\"}},{\"@type\":\"MedicalWebPage\",\"@id\":\"https:\\\/\\\/www.veraclinic.net\\\/it\\\/standard-editoriali-veraclinic\\\/\",\"url\":\"https:\\\/\\\/www.veraclinic.net\\\/it\\\/standard-editoriali-veraclinic\\\/\",\"name\":\"Standard Editoriali | VeraClinic - Vera Clinic\",\"isPartOf\":{\"@id\":\"https:\\\/\\\/www.veraclinic.net\\\/it\\\/#website\"},\"datePublished\":\"2026-03-12T13:17:52+00:00\",\"dateModified\":\"2026-03-12T13:17:53+00:00\",\"breadcrumb\":{\"@id\":\"https:\\\/\\\/www.veraclinic.net\\\/it\\\/standard-editoriali-veraclinic\\\/#breadcrumb\"},\"inLanguage\":\"it-IT\",\"potentialAction\":[{\"@type\":\"ReadAction\",\"target\":[\"https:\\\/\\\/www.veraclinic.net\\\/it\\\/standard-editoriali-veraclinic\\\/\"]}],\"reviewedBy\":{\"@type\":\"Physician\",\"@id\":\"https:\\\/\\\/www.veraclinic.net\\\/our-doctors\\\/emin-gul\\\/#physician\"},\"lastReviewed\":\"2026-03-12\",\"audience\":{\"@type\":\"MedicalAudience\",\"audienceType\":\"Patients\"}},{\"@type\":\"BreadcrumbList\",\"@id\":\"https:\\\/\\\/www.veraclinic.net\\\/it\\\/standard-editoriali-veraclinic\\\/#breadcrumb\",\"itemListElement\":[{\"@type\":\"ListItem\",\"position\":1,\"name\":\"Trapianto di capelli in Turchia\",\"item\":\"https:\\\/\\\/www.veraclinic.net\\\/it\\\/\"},{\"@type\":\"ListItem\",\"position\":2,\"name\":\"Standard Editoriali | VeraClinic\"}]},{\"@type\":\"WebSite\",\"@id\":\"https:\\\/\\\/www.veraclinic.net\\\/it\\\/#website\",\"url\":\"https:\\\/\\\/www.veraclinic.net\\\/it\\\/\",\"name\":\"Hair Transplant Turkey - Istanbul 2026\",\"description\":\"Hair Transplant Turkey - Istanbul 2026\",\"publisher\":{\"@id\":\"https:\\\/\\\/www.veraclinic.net\\\/it\\\/#organization\"},\"alternateName\":\"Vera Clinic\",\"potentialAction\":[{\"@type\":\"SearchAction\",\"target\":{\"@type\":\"EntryPoint\",\"urlTemplate\":\"https:\\\/\\\/www.veraclinic.net\\\/it\\\/?s={search_term_string}\"},\"query-input\":{\"@type\":\"PropertyValueSpecification\",\"valueRequired\":true,\"valueName\":\"search_term_string\"}}],\"inLanguage\":\"it-IT\"},{\"@type\":[\"Organization\",\"MedicalBusiness\",\"MedicalOrganization\"],\"@id\":\"https:\\\/\\\/www.veraclinic.net\\\/#medicalorg\",\"name\":\"Vera Clinic | Hair Transplant Turkey - Istanbul\",\"alternateName\":\"Vera Clinic\",\"url\":\"https:\\\/\\\/www.veraclinic.net\\\/it\\\/\",\"logo\":{\"@type\":\"ImageObject\",\"inLanguage\":\"it-IT\",\"@id\":\"https:\\\/\\\/www.veraclinic.net\\\/it\\\/#\\\/schema\\\/logo\\\/image\\\/\",\"url\":\"https:\\\/\\\/www.veraclinic.net\\\/wp-content\\\/uploads\\\/2023\\\/08\\\/Black.svg\",\"contentUrl\":\"https:\\\/\\\/www.veraclinic.net\\\/wp-content\\\/uploads\\\/2023\\\/08\\\/Black.svg\",\"caption\":\"Vera Clinic | Hair Transplant Turkey - Istanbul\"},\"image\":{\"@id\":\"https:\\\/\\\/www.veraclinic.net\\\/it\\\/#\\\/schema\\\/logo\\\/image\\\/\"},\"sameAs\":[\"https:\\\/\\\/www.facebook.com\\\/veraclinic.net\",\"https:\\\/\\\/x.com\\\/veraclinic\",\"https:\\\/\\\/www.instagram.com\\\/veraclinic\",\"https:\\\/\\\/www.linkedin.com\\\/company\\\/veraclinic\\\/\",\"https:\\\/\\\/www.pinterest.com\\\/veraclinic\\\/\",\"https:\\\/\\\/www.youtube.com\\\/c\\\/VeraClinic\"],\"legalName\":\"ESTEVERA SA\u011eLIK H\u0130Z. VE DAN. T\u0130C. LTD. ST\u0130.\",\"vatID\":\"936499-0\",\"taxID\":\"3800538109\",\"medicalSpecialty\":[\"Dermatology\",\"PlasticSurgery\",\"Hair Restoration\"],\"slogan\":\"Hair Transplant Turkey - Istanbul 2026\",\"department\":{\"@type\":\"MedicalClinic\",\"name\":\"Hair Restoration Clinic\",\"image\":\"https:\\\/\\\/www.veraclinic.net\\\/wp-content\\\/uploads\\\/2023\\\/08\\\/Black.svg\"}},{\"@type\":\"Person\",\"@id\":\"https:\\\/\\\/www.veraclinic.net\\\/it\\\/#\\\/schema\\\/person\\\/6c1c575221373c5780d6278f84b93e38\",\"name\":\"\u00d6mr\u00fcm \u015eim\u015fek\",\"image\":{\"@type\":\"ImageObject\",\"inLanguage\":\"it-IT\",\"@id\":\"https:\\\/\\\/secure.gravatar.com\\\/avatar\\\/dc623f236da884241fdf3d8029edb5e292cc08c2642f2c3260645d036335bc7c?s=96&d=mm&r=g\",\"url\":\"https:\\\/\\\/secure.gravatar.com\\\/avatar\\\/dc623f236da884241fdf3d8029edb5e292cc08c2642f2c3260645d036335bc7c?s=96&d=mm&r=g\",\"contentUrl\":\"https:\\\/\\\/secure.gravatar.com\\\/avatar\\\/dc623f236da884241fdf3d8029edb5e292cc08c2642f2c3260645d036335bc7c?s=96&d=mm&r=g\",\"caption\":\"\u00d6mr\u00fcm \u015eim\u015fek\"}}]}<\/script>\n<!-- \/ Yoast SEO Premium plugin. -->","yoast_head_json":{"title":"Standard Editoriali | VeraClinic - Vera Clinic","robots":{"index":"index","follow":"follow","max-snippet":"max-snippet:-1","max-image-preview":"max-image-preview:large","max-video-preview":"max-video-preview:-1"},"canonical":"https:\/\/www.veraclinic.net\/it\/standard-editoriali-veraclinic\/","og_locale":"it_IT","og_type":"article","og_title":"Standard Editoriali | VeraClinic","og_description":"VeraClinic segue standard editoriali e medici rigorosi per tutti i contenuti pubblicati. Creazione dei contenuti I contenuti sono redatti da","og_url":"https:\/\/www.veraclinic.net\/it\/standard-editoriali-veraclinic\/","og_site_name":"VeraClinic","article_publisher":"https:\/\/www.facebook.com\/veraclinic.net","article_modified_time":"2026-03-12T13:17:53+00:00","og_image":[{"width":1640,"height":720,"url":"https:\/\/www.veraclinic.net\/wp-content\/uploads\/2023\/10\/387848654_705134914977420_7512145111300864927_n.jpg","type":"image\/jpeg"}],"twitter_card":"summary_large_image","twitter_site":"@veraclinic","twitter_misc":{"Tempo di lettura stimato":"1 minuto"},"schema":{"@context":"https:\/\/schema.org","@graph":[{"@type":"MedicalWebPage","@id":"https:\/\/www.veraclinic.net\/it\/standard-editoriali-veraclinic\/#article","isPartOf":{"@id":"https:\/\/www.veraclinic.net\/it\/standard-editoriali-veraclinic\/"},"author":{"name":"\u00d6mr\u00fcm \u015eim\u015fek","@id":"https:\/\/www.veraclinic.net\/it\/#\/schema\/person\/6c1c575221373c5780d6278f84b93e38"},"headline":"Standard Editoriali | VeraClinic","datePublished":"2026-03-12T13:17:52+00:00","dateModified":"2026-03-12T13:17:53+00:00","mainEntityOfPage":{"@id":"https:\/\/www.veraclinic.net\/it\/standard-editoriali-veraclinic\/"},"wordCount":65,"publisher":{"@id":"https:\/\/www.veraclinic.net\/it\/#organization"},"inLanguage":"it-IT","reviewedBy":{"@type":"Physician","@id":"https:\/\/www.veraclinic.net\/our-doctors\/emin-gul\/#physician"},"lastReviewed":"2026-03-12","audience":{"@type":"MedicalAudience","audienceType":"Patients"}},{"@type":"MedicalWebPage","@id":"https:\/\/www.veraclinic.net\/it\/standard-editoriali-veraclinic\/","url":"https:\/\/www.veraclinic.net\/it\/standard-editoriali-veraclinic\/","name":"Standard Editoriali | VeraClinic - Vera Clinic","isPartOf":{"@id":"https:\/\/www.veraclinic.net\/it\/#website"},"datePublished":"2026-03-12T13:17:52+00:00","dateModified":"2026-03-12T13:17:53+00:00","breadcrumb":{"@id":"https:\/\/www.veraclinic.net\/it\/standard-editoriali-veraclinic\/#breadcrumb"},"inLanguage":"it-IT","potentialAction":[{"@type":"ReadAction","target":["https:\/\/www.veraclinic.net\/it\/standard-editoriali-veraclinic\/"]}],"reviewedBy":{"@type":"Physician","@id":"https:\/\/www.veraclinic.net\/our-doctors\/emin-gul\/#physician"},"lastReviewed":"2026-03-12","audience":{"@type":"MedicalAudience","audienceType":"Patients"}},{"@type":"BreadcrumbList","@id":"https:\/\/www.veraclinic.net\/it\/standard-editoriali-veraclinic\/#breadcrumb","itemListElement":[{"@type":"ListItem","position":1,"name":"Trapianto di capelli in Turchia","item":"https:\/\/www.veraclinic.net\/it\/"},{"@type":"ListItem","position":2,"name":"Standard Editoriali | VeraClinic"}]},{"@type":"WebSite","@id":"https:\/\/www.veraclinic.net\/it\/#website","url":"https:\/\/www.veraclinic.net\/it\/","name":"Hair Transplant Turkey - Istanbul 2026","description":"Hair Transplant Turkey - Istanbul 2026","publisher":{"@id":"https:\/\/www.veraclinic.net\/it\/#organization"},"alternateName":"Vera Clinic","potentialAction":[{"@type":"SearchAction","target":{"@type":"EntryPoint","urlTemplate":"https:\/\/www.veraclinic.net\/it\/?s={search_term_string}"},"query-input":{"@type":"PropertyValueSpecification","valueRequired":true,"valueName":"search_term_string"}}],"inLanguage":"it-IT"},{"@type":["Organization","MedicalBusiness","MedicalOrganization"],"@id":"https:\/\/www.veraclinic.net\/#medicalorg","name":"Vera Clinic | Hair Transplant Turkey - Istanbul","alternateName":"Vera Clinic","url":"https:\/\/www.veraclinic.net\/it\/","logo":{"@type":"ImageObject","inLanguage":"it-IT","@id":"https:\/\/www.veraclinic.net\/it\/#\/schema\/logo\/image\/","url":"https:\/\/www.veraclinic.net\/wp-content\/uploads\/2023\/08\/Black.svg","contentUrl":"https:\/\/www.veraclinic.net\/wp-content\/uploads\/2023\/08\/Black.svg","caption":"Vera Clinic | Hair Transplant Turkey - Istanbul"},"image":{"@id":"https:\/\/www.veraclinic.net\/it\/#\/schema\/logo\/image\/"},"sameAs":["https:\/\/www.facebook.com\/veraclinic.net","https:\/\/x.com\/veraclinic","https:\/\/www.instagram.com\/veraclinic","https:\/\/www.linkedin.com\/company\/veraclinic\/","https:\/\/www.pinterest.com\/veraclinic\/","https:\/\/www.youtube.com\/c\/VeraClinic"],"legalName":"ESTEVERA SA\u011eLIK H\u0130Z. VE DAN. T\u0130C. LTD. ST\u0130.","vatID":"936499-0","taxID":"3800538109","medicalSpecialty":["Dermatology","PlasticSurgery","Hair Restoration"],"slogan":"Hair Transplant Turkey - Istanbul 2026","department":{"@type":"MedicalClinic","name":"Hair Restoration Clinic","image":"https:\/\/www.veraclinic.net\/wp-content\/uploads\/2023\/08\/Black.svg"}},{"@type":"Person","@id":"https:\/\/www.veraclinic.net\/it\/#\/schema\/person\/6c1c575221373c5780d6278f84b93e38","name":"\u00d6mr\u00fcm \u015eim\u015fek","image":{"@type":"ImageObject","inLanguage":"it-IT","@id":"https:\/\/secure.gravatar.com\/avatar\/dc623f236da884241fdf3d8029edb5e292cc08c2642f2c3260645d036335bc7c?s=96&d=mm&r=g","url":"https:\/\/secure.gravatar.com\/avatar\/dc623f236da884241fdf3d8029edb5e292cc08c2642f2c3260645d036335bc7c?s=96&d=mm&r=g","contentUrl":"https:\/\/secure.gravatar.com\/avatar\/dc623f236da884241fdf3d8029edb5e292cc08c2642f2c3260645d036335bc7c?s=96&d=mm&r=g","caption":"\u00d6mr\u00fcm \u015eim\u015fek"}}]}},"_links":{"self":[{"href":"https:\/\/www.veraclinic.net\/it\/wp-json\/wp\/v2\/pages\/166433","targetHints":{"allow":["GET"]}}],"collection":[{"href":"https:\/\/www.veraclinic.net\/it\/wp-json\/wp\/v2\/pages"}],"about":[{"href":"https:\/\/www.veraclinic.net\/it\/wp-json\/wp\/v2\/types\/page"}],"author":[{"embeddable":true,"href":"https:\/\/www.veraclinic.net\/it\/wp-json\/wp\/v2\/users\/27"}],"replies":[{"embeddable":true,"href":"https:\/\/www.veraclinic.net\/it\/wp-json\/wp\/v2\/comments?post=166433"}],"version-history":[{"count":1,"href":"https:\/\/www.veraclinic.net\/it\/wp-json\/wp\/v2\/pages\/166433\/revisions"}],"predecessor-version":[{"id":166434,"href":"https:\/\/www.veraclinic.net\/it\/wp-json\/wp\/v2\/pages\/166433\/revisions\/166434"}],"wp:attachment":[{"href":"https:\/\/www.veraclinic.net\/it\/wp-json\/wp\/v2\/media?parent=166433"}],"curies":[{"name":"wp","href":"https:\/\/api.w.org\/{rel}","templated":true}]}}