{"id":134438,"date":"2025-01-02T11:27:57","date_gmt":"2025-01-02T11:27:57","guid":{"rendered":"https:\/\/www.veraclinic.net\/il-nostro-team\/hamit-goz\/"},"modified":"2025-01-02T11:41:46","modified_gmt":"2025-01-02T11:41:46","slug":"hamit-goz","status":"publish","type":"page","link":"https:\/\/www.veraclinic.net\/it\/il-nostro-team\/hamit-goz\/","title":{"rendered":"Hamit G\u00f6z"},"content":{"rendered":"<div class=\"gb-container gb-container-48ecba5a\">\n<div class=\"gb-container gb-container-e1f86c54\">\n<div class=\"gb-container gb-container-2fc5b5ef\">\n<div class=\"gb-container gb-container-b6706725\">\n<div class=\"gb-grid-wrapper gb-grid-wrapper-3ce32d4f\">\n<div class=\"gb-grid-column gb-grid-column-01509a69\"><div class=\"gb-container gb-container-01509a69\">\n\n<p class=\"gb-headline gb-headline-95ef6b19 gb-headline-text\"><a href=\"https:\/\/www.veraclinic.net\/it\/il-nostro-team\/dt-nilay-calikoglu\/nilay-calikoglu-2\/#main#main\"><\/a><strong>Hamit G\u00f6z<\/strong><\/p>\n\n\n\n<h3 class=\"gb-headline gb-headline-57eb9562 gb-headline-text\"><strong><strong>Chirurgo Estetico, Plastico e Ricostruttivo con Ampia Esperienza<\/strong><\/strong><\/h3>\n\n\n\n<p>Il Dr. Hamit G\u00f6z \u00e8 un rinomato specialista in chirurgia estetica, plastica e ricostruttiva con oltre 35 anni di esperienza. Laureato presso la Facolt\u00e0 di Medicina di Cerrahpa\u015fa, ha completato la sua specializzazione presso l&#8217;Ospedale Statale \u015ei\u015fli Etfal, presentando la sua tesi sulla &#8220;Trasferimento del muscolo Palmaris Longus all\u2019Opponens Pollicis&#8221;.<\/p>\n\n\n\n<p>Il Dr. G\u00f6z ha condotto studi sperimentali in microchirurgia presso l&#8217;Accademia Militare Medica di G\u00fclhane ad Ankara e ha collaborato con Ayan G\u00fclg\u00f6nen, pioniere nella chirurgia della mano e nella microreimpiantazione. Inoltre, si \u00e8 formato presso il prestigioso Ospedale Pasteur in Francia.<\/p>\n\n\n\n<p>Essendo uno dei primi chirurghi a eseguire trapianti di capelli in Turchia, il Dr. G\u00f6z si distingue per la sua esperienza unica. Fluente in inglese e spagnolo, garantisce cure eccezionali e risultati eccellenti per i suoi pazienti.<\/p>\n\n\n<div class=\"gb-container gb-container-07080c07\"><\/div>\n<\/div><\/div>\n\n<div class=\"gb-grid-column gb-grid-column-9471f60b\"><div class=\"gb-container gb-container-9471f60b\">\n\n<figure class=\"gb-block-image gb-block-image-6e351467\"><img loading=\"lazy\" decoding=\"async\" width=\"520\" height=\"571\" class=\"gb-image gb-image-6e351467\" src=\"https:\/\/www.veraclinic.net\/wp-content\/uploads\/2025\/01\/buyuk-olcu.webp\" alt=\"\" title=\"buyuk-olcu\" srcset=\"https:\/\/www.veraclinic.net\/wp-content\/uploads\/2025\/01\/buyuk-olcu.webp 520w, https:\/\/www.veraclinic.net\/wp-content\/uploads\/2025\/01\/buyuk-olcu-273x300.webp 273w\" sizes=\"auto, (max-width: 520px) 100vw, 520px\" \/><\/figure>\n\n\n<div class=\"gb-container gb-container-ec11ecc3\"><\/div>\n<\/div><\/div>\n<\/div>\n<\/div>\n<\/div>\n<\/div>\n<\/div>","protected":false},"excerpt":{"rendered":"","protected":false},"author":1,"featured_media":0,"parent":5612,"menu_order":0,"comment_status":"closed","ping_status":"closed","template":"","meta":{"inline_featured_image":false,"footnotes":""},"class_list":{"0":"post-134438","1":"page","2":"type-page","3":"status-publish","5":"infinite-scroll-item"},"lang":"it","translations":{"en":134413,"fr":134432,"de":134434,"es":134436,"it":134438,"ru":134442,"pt-pt":134444,"ar":134446},"yoast_head":"<!-- This site is optimized with the Yoast SEO Premium plugin v27.4 (Yoast SEO v27.4) - https:\/\/yoast.com\/product\/yoast-seo-premium-wordpress\/ -->\n<title>Hamit G\u00f6z - Vera Clinic<\/title>\n<meta name=\"description\" content=\"Il Dr. Hamit G\u00f6z \u00e8 un rinomato specialista in chirurgia estetica, plastica e ricostruttiva con oltre 35 anni di esperienza....\" \/>\n<meta name=\"robots\" content=\"index, follow, max-snippet:-1, max-image-preview:large, max-video-preview:-1\" \/>\n<link rel=\"canonical\" href=\"https:\/\/www.veraclinic.net\/it\/il-nostro-team\/hamit-goz\/\" \/>\n<meta property=\"og:locale\" content=\"it_IT\" \/>\n<meta property=\"og:type\" content=\"article\" \/>\n<meta property=\"og:title\" content=\"Hamit G\u00f6z\" \/>\n<meta property=\"og:description\" content=\"Il Dr. Hamit G\u00f6z \u00e8 un rinomato specialista in chirurgia estetica, plastica e ricostruttiva con oltre 35 anni di esperienza....\" \/>\n<meta property=\"og:url\" content=\"https:\/\/www.veraclinic.net\/it\/il-nostro-team\/hamit-goz\/\" \/>\n<meta property=\"og:site_name\" content=\"VeraClinic\" \/>\n<meta property=\"article:publisher\" content=\"https:\/\/www.facebook.com\/veraclinic.net\" \/>\n<meta property=\"article:modified_time\" content=\"2025-01-02T11:41:46+00:00\" \/>\n<meta property=\"og:image\" content=\"https:\/\/www.veraclinic.net\/wp-content\/uploads\/2025\/01\/buyuk-olcu.webp\" \/>\n<meta name=\"twitter:card\" content=\"summary_large_image\" \/>\n<meta name=\"twitter:site\" content=\"@veraclinic\" \/>\n<meta name=\"twitter:label1\" content=\"Tempo di lettura stimato\" \/>\n\t<meta name=\"twitter:data1\" content=\"1 minuto\" \/>\n<script type=\"application\/ld+json\" class=\"yoast-schema-graph\">{\"@context\":\"https:\\\/\\\/schema.org\",\"@graph\":[{\"@type\":\"MedicalWebPage\",\"@id\":\"https:\\\/\\\/www.veraclinic.net\\\/it\\\/il-nostro-team\\\/hamit-goz\\\/#article\",\"isPartOf\":{\"@id\":\"https:\\\/\\\/www.veraclinic.net\\\/it\\\/il-nostro-team\\\/hamit-goz\\\/\"},\"author\":{\"name\":\"Serkan Kaya\",\"@id\":\"https:\\\/\\\/www.veraclinic.net\\\/it\\\/#\\\/schema\\\/person\\\/cf2a89faa60b0f336c0e3ddd9a9ebf93\"},\"headline\":\"Hamit G\u00f6z\",\"datePublished\":\"2025-01-02T11:27:57+00:00\",\"dateModified\":\"2025-01-02T11:41:46+00:00\",\"mainEntityOfPage\":{\"@id\":\"https:\\\/\\\/www.veraclinic.net\\\/it\\\/il-nostro-team\\\/hamit-goz\\\/\"},\"wordCount\":149,\"publisher\":{\"@id\":\"https:\\\/\\\/www.veraclinic.net\\\/it\\\/#organization\"},\"image\":{\"@id\":\"https:\\\/\\\/www.veraclinic.net\\\/it\\\/il-nostro-team\\\/hamit-goz\\\/#primaryimage\"},\"thumbnailUrl\":\"https:\\\/\\\/www.veraclinic.net\\\/wp-content\\\/uploads\\\/2025\\\/01\\\/buyuk-olcu.webp\",\"inLanguage\":\"it-IT\",\"reviewedBy\":{\"@type\":\"Physician\",\"@id\":\"https:\\\/\\\/www.veraclinic.net\\\/our-doctors\\\/emin-gul\\\/#physician\"},\"lastReviewed\":\"2025-01-02\",\"audience\":{\"@type\":\"MedicalAudience\",\"audienceType\":\"Patients\"}},{\"@type\":\"MedicalWebPage\",\"@id\":\"https:\\\/\\\/www.veraclinic.net\\\/it\\\/il-nostro-team\\\/hamit-goz\\\/\",\"url\":\"https:\\\/\\\/www.veraclinic.net\\\/it\\\/il-nostro-team\\\/hamit-goz\\\/\",\"name\":\"Hamit G\u00f6z - Vera Clinic\",\"isPartOf\":{\"@id\":\"https:\\\/\\\/www.veraclinic.net\\\/it\\\/#website\"},\"primaryImageOfPage\":{\"@id\":\"https:\\\/\\\/www.veraclinic.net\\\/it\\\/il-nostro-team\\\/hamit-goz\\\/#primaryimage\"},\"image\":{\"@id\":\"https:\\\/\\\/www.veraclinic.net\\\/it\\\/il-nostro-team\\\/hamit-goz\\\/#primaryimage\"},\"thumbnailUrl\":\"https:\\\/\\\/www.veraclinic.net\\\/wp-content\\\/uploads\\\/2025\\\/01\\\/buyuk-olcu.webp\",\"datePublished\":\"2025-01-02T11:27:57+00:00\",\"dateModified\":\"2025-01-02T11:41:46+00:00\",\"description\":\"Il Dr. Hamit G\u00f6z \u00e8 un rinomato specialista in chirurgia estetica, plastica e ricostruttiva con oltre 35 anni di esperienza....\",\"breadcrumb\":{\"@id\":\"https:\\\/\\\/www.veraclinic.net\\\/it\\\/il-nostro-team\\\/hamit-goz\\\/#breadcrumb\"},\"inLanguage\":\"it-IT\",\"potentialAction\":[{\"@type\":\"ReadAction\",\"target\":[\"https:\\\/\\\/www.veraclinic.net\\\/it\\\/il-nostro-team\\\/hamit-goz\\\/\"]}],\"reviewedBy\":{\"@type\":\"Physician\",\"@id\":\"https:\\\/\\\/www.veraclinic.net\\\/our-doctors\\\/emin-gul\\\/#physician\"},\"lastReviewed\":\"2025-01-02\",\"audience\":{\"@type\":\"MedicalAudience\",\"audienceType\":\"Patients\"}},{\"@type\":\"ImageObject\",\"inLanguage\":\"it-IT\",\"@id\":\"https:\\\/\\\/www.veraclinic.net\\\/it\\\/il-nostro-team\\\/hamit-goz\\\/#primaryimage\",\"url\":\"https:\\\/\\\/www.veraclinic.net\\\/wp-content\\\/uploads\\\/2025\\\/01\\\/buyuk-olcu.webp\",\"contentUrl\":\"https:\\\/\\\/www.veraclinic.net\\\/wp-content\\\/uploads\\\/2025\\\/01\\\/buyuk-olcu.webp\"},{\"@type\":\"BreadcrumbList\",\"@id\":\"https:\\\/\\\/www.veraclinic.net\\\/it\\\/il-nostro-team\\\/hamit-goz\\\/#breadcrumb\",\"itemListElement\":[{\"@type\":\"ListItem\",\"position\":1,\"name\":\"Trapianto di capelli in Turchia\",\"item\":\"https:\\\/\\\/www.veraclinic.net\\\/it\\\/\"},{\"@type\":\"ListItem\",\"position\":2,\"name\":\"Il Nostro Team\",\"item\":\"https:\\\/\\\/www.veraclinic.net\\\/it\\\/il-nostro-team\\\/\"},{\"@type\":\"ListItem\",\"position\":3,\"name\":\"Hamit G\u00f6z\"}]},{\"@type\":\"WebSite\",\"@id\":\"https:\\\/\\\/www.veraclinic.net\\\/it\\\/#website\",\"url\":\"https:\\\/\\\/www.veraclinic.net\\\/it\\\/\",\"name\":\"Hair Transplant Turkey - Istanbul 2026\",\"description\":\"Hair Transplant Turkey - Istanbul 2026\",\"publisher\":{\"@id\":\"https:\\\/\\\/www.veraclinic.net\\\/it\\\/#organization\"},\"alternateName\":\"Vera Clinic\",\"potentialAction\":[{\"@type\":\"SearchAction\",\"target\":{\"@type\":\"EntryPoint\",\"urlTemplate\":\"https:\\\/\\\/www.veraclinic.net\\\/it\\\/?s={search_term_string}\"},\"query-input\":{\"@type\":\"PropertyValueSpecification\",\"valueRequired\":true,\"valueName\":\"search_term_string\"}}],\"inLanguage\":\"it-IT\"},{\"@type\":[\"Organization\",\"MedicalBusiness\",\"MedicalOrganization\"],\"@id\":\"https:\\\/\\\/www.veraclinic.net\\\/#medicalorg\",\"name\":\"Vera Clinic | Hair Transplant Turkey - Istanbul\",\"alternateName\":\"Vera Clinic\",\"url\":\"https:\\\/\\\/www.veraclinic.net\\\/it\\\/\",\"logo\":{\"@type\":\"ImageObject\",\"inLanguage\":\"it-IT\",\"@id\":\"https:\\\/\\\/www.veraclinic.net\\\/it\\\/#\\\/schema\\\/logo\\\/image\\\/\",\"url\":\"https:\\\/\\\/www.veraclinic.net\\\/wp-content\\\/uploads\\\/2023\\\/08\\\/Black.svg\",\"contentUrl\":\"https:\\\/\\\/www.veraclinic.net\\\/wp-content\\\/uploads\\\/2023\\\/08\\\/Black.svg\",\"caption\":\"Vera Clinic | Hair Transplant Turkey - Istanbul\"},\"image\":{\"@id\":\"https:\\\/\\\/www.veraclinic.net\\\/it\\\/#\\\/schema\\\/logo\\\/image\\\/\"},\"sameAs\":[\"https:\\\/\\\/www.facebook.com\\\/veraclinic.net\",\"https:\\\/\\\/x.com\\\/veraclinic\",\"https:\\\/\\\/www.instagram.com\\\/veraclinic\",\"https:\\\/\\\/www.linkedin.com\\\/company\\\/veraclinic\\\/\",\"https:\\\/\\\/www.pinterest.com\\\/veraclinic\\\/\",\"https:\\\/\\\/www.youtube.com\\\/c\\\/VeraClinic\"],\"legalName\":\"ESTEVERA SA\u011eLIK H\u0130Z. VE DAN. T\u0130C. LTD. ST\u0130.\",\"vatID\":\"936499-0\",\"taxID\":\"3800538109\",\"medicalSpecialty\":[\"Dermatology\",\"PlasticSurgery\",\"Hair Restoration\"],\"slogan\":\"Hair Transplant Turkey - Istanbul 2026\",\"department\":{\"@type\":\"MedicalClinic\",\"name\":\"Hair Restoration Clinic\",\"image\":\"https:\\\/\\\/www.veraclinic.net\\\/wp-content\\\/uploads\\\/2023\\\/08\\\/Black.svg\"}},{\"@type\":\"Person\",\"@id\":\"https:\\\/\\\/www.veraclinic.net\\\/it\\\/#\\\/schema\\\/person\\\/cf2a89faa60b0f336c0e3ddd9a9ebf93\",\"name\":\"Serkan Kaya\",\"image\":{\"@type\":\"ImageObject\",\"inLanguage\":\"it-IT\",\"@id\":\"https:\\\/\\\/secure.gravatar.com\\\/avatar\\\/7be7270f63c439d0c7a2eb338af8fdae8d8a9bcf26af0aa6d1e01bfdf92390b5?s=96&d=mm&r=g\",\"url\":\"https:\\\/\\\/secure.gravatar.com\\\/avatar\\\/7be7270f63c439d0c7a2eb338af8fdae8d8a9bcf26af0aa6d1e01bfdf92390b5?s=96&d=mm&r=g\",\"contentUrl\":\"https:\\\/\\\/secure.gravatar.com\\\/avatar\\\/7be7270f63c439d0c7a2eb338af8fdae8d8a9bcf26af0aa6d1e01bfdf92390b5?s=96&d=mm&r=g\",\"caption\":\"Serkan Kaya\"},\"sameAs\":[\"https:\\\/\\\/www.veraclinic.net\"]}]}<\/script>\n<!-- \/ Yoast SEO Premium plugin. -->","yoast_head_json":{"title":"Hamit G\u00f6z - Vera Clinic","description":"Il Dr. Hamit G\u00f6z \u00e8 un rinomato specialista in chirurgia estetica, plastica e ricostruttiva con oltre 35 anni di esperienza....","robots":{"index":"index","follow":"follow","max-snippet":"max-snippet:-1","max-image-preview":"max-image-preview:large","max-video-preview":"max-video-preview:-1"},"canonical":"https:\/\/www.veraclinic.net\/it\/il-nostro-team\/hamit-goz\/","og_locale":"it_IT","og_type":"article","og_title":"Hamit G\u00f6z","og_description":"Il Dr. Hamit G\u00f6z \u00e8 un rinomato specialista in chirurgia estetica, plastica e ricostruttiva con oltre 35 anni di esperienza....","og_url":"https:\/\/www.veraclinic.net\/it\/il-nostro-team\/hamit-goz\/","og_site_name":"VeraClinic","article_publisher":"https:\/\/www.facebook.com\/veraclinic.net","article_modified_time":"2025-01-02T11:41:46+00:00","og_image":[{"url":"https:\/\/www.veraclinic.net\/wp-content\/uploads\/2025\/01\/buyuk-olcu.webp","type":"","width":"","height":""}],"twitter_card":"summary_large_image","twitter_site":"@veraclinic","twitter_misc":{"Tempo di lettura stimato":"1 minuto"},"schema":{"@context":"https:\/\/schema.org","@graph":[{"@type":"MedicalWebPage","@id":"https:\/\/www.veraclinic.net\/it\/il-nostro-team\/hamit-goz\/#article","isPartOf":{"@id":"https:\/\/www.veraclinic.net\/it\/il-nostro-team\/hamit-goz\/"},"author":{"name":"Serkan Kaya","@id":"https:\/\/www.veraclinic.net\/it\/#\/schema\/person\/cf2a89faa60b0f336c0e3ddd9a9ebf93"},"headline":"Hamit G\u00f6z","datePublished":"2025-01-02T11:27:57+00:00","dateModified":"2025-01-02T11:41:46+00:00","mainEntityOfPage":{"@id":"https:\/\/www.veraclinic.net\/it\/il-nostro-team\/hamit-goz\/"},"wordCount":149,"publisher":{"@id":"https:\/\/www.veraclinic.net\/it\/#organization"},"image":{"@id":"https:\/\/www.veraclinic.net\/it\/il-nostro-team\/hamit-goz\/#primaryimage"},"thumbnailUrl":"https:\/\/www.veraclinic.net\/wp-content\/uploads\/2025\/01\/buyuk-olcu.webp","inLanguage":"it-IT","reviewedBy":{"@type":"Physician","@id":"https:\/\/www.veraclinic.net\/our-doctors\/emin-gul\/#physician"},"lastReviewed":"2025-01-02","audience":{"@type":"MedicalAudience","audienceType":"Patients"}},{"@type":"MedicalWebPage","@id":"https:\/\/www.veraclinic.net\/it\/il-nostro-team\/hamit-goz\/","url":"https:\/\/www.veraclinic.net\/it\/il-nostro-team\/hamit-goz\/","name":"Hamit G\u00f6z - Vera Clinic","isPartOf":{"@id":"https:\/\/www.veraclinic.net\/it\/#website"},"primaryImageOfPage":{"@id":"https:\/\/www.veraclinic.net\/it\/il-nostro-team\/hamit-goz\/#primaryimage"},"image":{"@id":"https:\/\/www.veraclinic.net\/it\/il-nostro-team\/hamit-goz\/#primaryimage"},"thumbnailUrl":"https:\/\/www.veraclinic.net\/wp-content\/uploads\/2025\/01\/buyuk-olcu.webp","datePublished":"2025-01-02T11:27:57+00:00","dateModified":"2025-01-02T11:41:46+00:00","description":"Il Dr. Hamit G\u00f6z \u00e8 un rinomato specialista in chirurgia estetica, plastica e ricostruttiva con oltre 35 anni di esperienza....","breadcrumb":{"@id":"https:\/\/www.veraclinic.net\/it\/il-nostro-team\/hamit-goz\/#breadcrumb"},"inLanguage":"it-IT","potentialAction":[{"@type":"ReadAction","target":["https:\/\/www.veraclinic.net\/it\/il-nostro-team\/hamit-goz\/"]}],"reviewedBy":{"@type":"Physician","@id":"https:\/\/www.veraclinic.net\/our-doctors\/emin-gul\/#physician"},"lastReviewed":"2025-01-02","audience":{"@type":"MedicalAudience","audienceType":"Patients"}},{"@type":"ImageObject","inLanguage":"it-IT","@id":"https:\/\/www.veraclinic.net\/it\/il-nostro-team\/hamit-goz\/#primaryimage","url":"https:\/\/www.veraclinic.net\/wp-content\/uploads\/2025\/01\/buyuk-olcu.webp","contentUrl":"https:\/\/www.veraclinic.net\/wp-content\/uploads\/2025\/01\/buyuk-olcu.webp"},{"@type":"BreadcrumbList","@id":"https:\/\/www.veraclinic.net\/it\/il-nostro-team\/hamit-goz\/#breadcrumb","itemListElement":[{"@type":"ListItem","position":1,"name":"Trapianto di capelli in Turchia","item":"https:\/\/www.veraclinic.net\/it\/"},{"@type":"ListItem","position":2,"name":"Il Nostro Team","item":"https:\/\/www.veraclinic.net\/it\/il-nostro-team\/"},{"@type":"ListItem","position":3,"name":"Hamit G\u00f6z"}]},{"@type":"WebSite","@id":"https:\/\/www.veraclinic.net\/it\/#website","url":"https:\/\/www.veraclinic.net\/it\/","name":"Hair Transplant Turkey - Istanbul 2026","description":"Hair Transplant Turkey - Istanbul 2026","publisher":{"@id":"https:\/\/www.veraclinic.net\/it\/#organization"},"alternateName":"Vera Clinic","potentialAction":[{"@type":"SearchAction","target":{"@type":"EntryPoint","urlTemplate":"https:\/\/www.veraclinic.net\/it\/?s={search_term_string}"},"query-input":{"@type":"PropertyValueSpecification","valueRequired":true,"valueName":"search_term_string"}}],"inLanguage":"it-IT"},{"@type":["Organization","MedicalBusiness","MedicalOrganization"],"@id":"https:\/\/www.veraclinic.net\/#medicalorg","name":"Vera Clinic | Hair Transplant Turkey - Istanbul","alternateName":"Vera Clinic","url":"https:\/\/www.veraclinic.net\/it\/","logo":{"@type":"ImageObject","inLanguage":"it-IT","@id":"https:\/\/www.veraclinic.net\/it\/#\/schema\/logo\/image\/","url":"https:\/\/www.veraclinic.net\/wp-content\/uploads\/2023\/08\/Black.svg","contentUrl":"https:\/\/www.veraclinic.net\/wp-content\/uploads\/2023\/08\/Black.svg","caption":"Vera Clinic | Hair Transplant Turkey - Istanbul"},"image":{"@id":"https:\/\/www.veraclinic.net\/it\/#\/schema\/logo\/image\/"},"sameAs":["https:\/\/www.facebook.com\/veraclinic.net","https:\/\/x.com\/veraclinic","https:\/\/www.instagram.com\/veraclinic","https:\/\/www.linkedin.com\/company\/veraclinic\/","https:\/\/www.pinterest.com\/veraclinic\/","https:\/\/www.youtube.com\/c\/VeraClinic"],"legalName":"ESTEVERA SA\u011eLIK H\u0130Z. VE DAN. T\u0130C. LTD. ST\u0130.","vatID":"936499-0","taxID":"3800538109","medicalSpecialty":["Dermatology","PlasticSurgery","Hair Restoration"],"slogan":"Hair Transplant Turkey - Istanbul 2026","department":{"@type":"MedicalClinic","name":"Hair Restoration Clinic","image":"https:\/\/www.veraclinic.net\/wp-content\/uploads\/2023\/08\/Black.svg"}},{"@type":"Person","@id":"https:\/\/www.veraclinic.net\/it\/#\/schema\/person\/cf2a89faa60b0f336c0e3ddd9a9ebf93","name":"Serkan Kaya","image":{"@type":"ImageObject","inLanguage":"it-IT","@id":"https:\/\/secure.gravatar.com\/avatar\/7be7270f63c439d0c7a2eb338af8fdae8d8a9bcf26af0aa6d1e01bfdf92390b5?s=96&d=mm&r=g","url":"https:\/\/secure.gravatar.com\/avatar\/7be7270f63c439d0c7a2eb338af8fdae8d8a9bcf26af0aa6d1e01bfdf92390b5?s=96&d=mm&r=g","contentUrl":"https:\/\/secure.gravatar.com\/avatar\/7be7270f63c439d0c7a2eb338af8fdae8d8a9bcf26af0aa6d1e01bfdf92390b5?s=96&d=mm&r=g","caption":"Serkan Kaya"},"sameAs":["https:\/\/www.veraclinic.net"]}]}},"_links":{"self":[{"href":"https:\/\/www.veraclinic.net\/it\/wp-json\/wp\/v2\/pages\/134438","targetHints":{"allow":["GET"]}}],"collection":[{"href":"https:\/\/www.veraclinic.net\/it\/wp-json\/wp\/v2\/pages"}],"about":[{"href":"https:\/\/www.veraclinic.net\/it\/wp-json\/wp\/v2\/types\/page"}],"author":[{"embeddable":true,"href":"https:\/\/www.veraclinic.net\/it\/wp-json\/wp\/v2\/users\/1"}],"replies":[{"embeddable":true,"href":"https:\/\/www.veraclinic.net\/it\/wp-json\/wp\/v2\/comments?post=134438"}],"version-history":[{"count":1,"href":"https:\/\/www.veraclinic.net\/it\/wp-json\/wp\/v2\/pages\/134438\/revisions"}],"predecessor-version":[{"id":134439,"href":"https:\/\/www.veraclinic.net\/it\/wp-json\/wp\/v2\/pages\/134438\/revisions\/134439"}],"up":[{"embeddable":true,"href":"https:\/\/www.veraclinic.net\/it\/wp-json\/wp\/v2\/pages\/5612"}],"wp:attachment":[{"href":"https:\/\/www.veraclinic.net\/it\/wp-json\/wp\/v2\/media?parent=134438"}],"curies":[{"name":"wp","href":"https:\/\/api.w.org\/{rel}","templated":true}]}}