{"id":166431,"date":"2026-03-12T16:17:52","date_gmt":"2026-03-12T13:17:52","guid":{"rendered":"https:\/\/www.veraclinic.net\/?page_id=166431"},"modified":"2026-03-12T16:17:53","modified_gmt":"2026-03-12T13:17:53","slug":"normes-editoriales-veraclinic","status":"publish","type":"page","link":"https:\/\/www.veraclinic.net\/fr\/normes-editoriales-veraclinic\/","title":{"rendered":"Normes \u00c9ditoriales | VeraClinic"},"content":{"rendered":"\n<p>Chez VeraClinic, tous les contenus sont produits selon des normes \u00e9ditoriales et m\u00e9dicales strictes.<\/p>\n\n\n\n<p>Nous nous engageons \u00e0 fournir des informations m\u00e9dicales fiables, claires et accessibles \u00e0 un public international.<\/p>\n\n\n\n<div id=\"ez-toc-container\" class=\"ez-toc-v2_0_82_2 counter-hierarchy ez-toc-counter ez-toc-grey ez-toc-container-direction\">\n<div class=\"ez-toc-title-container\">\n<span class=\"ez-toc-title-toggle\"><\/span><\/div>\n<nav><ul class='ez-toc-list ez-toc-list-level-1 ' ><li class='ez-toc-page-1 ez-toc-heading-level-3'><a class=\"ez-toc-link ez-toc-heading-1\" href=\"https:\/\/www.veraclinic.net\/fr\/normes-editoriales-veraclinic\/#Creation_de_contenu\" >Cr\u00e9ation de contenu<\/a><\/li><li class='ez-toc-page-1 ez-toc-heading-level-3'><a class=\"ez-toc-link ez-toc-heading-2\" href=\"https:\/\/www.veraclinic.net\/fr\/normes-editoriales-veraclinic\/#Validation_medicale\" >Validation m\u00e9dicale<\/a><\/li><li class='ez-toc-page-1 ez-toc-heading-level-3'><a class=\"ez-toc-link ez-toc-heading-3\" href=\"https:\/\/www.veraclinic.net\/fr\/normes-editoriales-veraclinic\/#Localisation_linguistique\" >Localisation linguistique<\/a><\/li><li class='ez-toc-page-1 ez-toc-heading-level-3'><a class=\"ez-toc-link ez-toc-heading-4\" href=\"https:\/\/www.veraclinic.net\/fr\/normes-editoriales-veraclinic\/#Mises_a_jour\" >Mises \u00e0 jour<\/a><\/li><li class='ez-toc-page-1 ez-toc-heading-level-3'><a class=\"ez-toc-link ez-toc-heading-5\" href=\"https:\/\/www.veraclinic.net\/fr\/normes-editoriales-veraclinic\/#Transparence\" >Transparence<\/a><\/li><\/ul><\/nav><\/div>\n<h3 class=\"wp-block-heading\" id=\"h-creation-de-contenu\"><span class=\"ez-toc-section\" id=\"Creation_de_contenu\"><\/span><strong>Cr\u00e9ation de contenu<\/strong><span class=\"ez-toc-section-end\"><\/span><\/h3>\n\n\n\n<p>Les contenus sont r\u00e9dig\u00e9s par des r\u00e9dacteurs sp\u00e9cialis\u00e9s dans le domaine m\u00e9dical et de la sant\u00e9.<\/p>\n\n\n\n<h3 class=\"wp-block-heading\" id=\"h-validation-medicale\"><span class=\"ez-toc-section\" id=\"Validation_medicale\"><\/span><strong>Validation m\u00e9dicale<\/strong><span class=\"ez-toc-section-end\"><\/span><\/h3>\n\n\n\n<p>Les contenus m\u00e9dicaux sont examin\u00e9s par des professionnels de sant\u00e9 qualifi\u00e9s.<\/p>\n\n\n\n<h3 class=\"wp-block-heading\" id=\"h-localisation-linguistique\"><span class=\"ez-toc-section\" id=\"Localisation_linguistique\"><\/span><strong>Localisation linguistique<\/strong><span class=\"ez-toc-section-end\"><\/span><\/h3>\n\n\n\n<p>Chaque version linguistique est adapt\u00e9e professionnellement et culturellement, sans traduction automatique directe.<\/p>\n\n\n\n<h3 class=\"wp-block-heading\" id=\"h-mises-a-jour\"><span class=\"ez-toc-section\" id=\"Mises_a_jour\"><\/span><strong>Mises \u00e0 jour<\/strong><span class=\"ez-toc-section-end\"><\/span><\/h3>\n\n\n\n<p>Les contenus sont r\u00e9vis\u00e9s r\u00e9guli\u00e8rement afin de rester conformes aux normes m\u00e9dicales actuelles.<\/p>\n\n\n\n<h3 class=\"wp-block-heading\" id=\"h-transparence\"><span class=\"ez-toc-section\" id=\"Transparence\"><\/span><strong>Transparence<\/strong><span class=\"ez-toc-section-end\"><\/span><\/h3>\n\n\n\n<p>Les r\u00f4les \u00e9ditoriaux et les dates de mise \u00e0 jour sont affich\u00e9s sur chaque page.<\/p>\n","protected":false},"excerpt":{"rendered":"<p>Chez VeraClinic, tous les contenus sont produits selon des normes \u00e9ditoriales et m\u00e9dicales strictes. Nous nous engageons \u00e0 fournir des<\/p>\n","protected":false},"author":27,"featured_media":0,"parent":0,"menu_order":0,"comment_status":"closed","ping_status":"closed","template":"","meta":{"inline_featured_image":false,"footnotes":""},"class_list":{"0":"post-166431","1":"page","2":"type-page","3":"status-publish","5":"infinite-scroll-item"},"lang":"fr","translations":{"en":166424,"de":166428,"fr":166431,"it":166433,"pt-pt":166435,"es":166437,"ar":166439,"ru":166441},"yoast_head":"<!-- This site is optimized with the Yoast SEO Premium plugin v27.4 (Yoast SEO v27.4) - https:\/\/yoast.com\/product\/yoast-seo-premium-wordpress\/ -->\n<title>Normes \u00c9ditoriales | VeraClinic - Vera Clinic<\/title>\n<meta name=\"robots\" content=\"index, follow, max-snippet:-1, max-image-preview:large, max-video-preview:-1\" \/>\n<link rel=\"canonical\" href=\"https:\/\/www.veraclinic.net\/fr\/normes-editoriales-veraclinic\/\" \/>\n<meta property=\"og:locale\" content=\"fr_FR\" \/>\n<meta property=\"og:type\" content=\"article\" \/>\n<meta property=\"og:title\" content=\"Normes \u00c9ditoriales | VeraClinic\" \/>\n<meta property=\"og:description\" content=\"Chez VeraClinic, tous les contenus sont produits selon des normes \u00e9ditoriales et m\u00e9dicales strictes. Nous nous engageons \u00e0 fournir des\" \/>\n<meta property=\"og:url\" content=\"https:\/\/www.veraclinic.net\/fr\/normes-editoriales-veraclinic\/\" \/>\n<meta property=\"og:site_name\" content=\"VeraClinic\" \/>\n<meta property=\"article:publisher\" content=\"https:\/\/www.facebook.com\/veraclinic.net\" \/>\n<meta property=\"article:modified_time\" content=\"2026-03-12T13:17:53+00:00\" \/>\n<meta property=\"og:image\" content=\"https:\/\/www.veraclinic.net\/wp-content\/uploads\/2023\/10\/387848654_705134914977420_7512145111300864927_n.jpg\" \/>\n\t<meta property=\"og:image:width\" content=\"1640\" \/>\n\t<meta property=\"og:image:height\" content=\"720\" \/>\n\t<meta property=\"og:image:type\" content=\"image\/jpeg\" \/>\n<meta name=\"twitter:card\" content=\"summary_large_image\" \/>\n<meta name=\"twitter:site\" content=\"@veraclinic\" \/>\n<meta name=\"twitter:label1\" content=\"Dur\u00e9e de lecture estim\u00e9e\" \/>\n\t<meta name=\"twitter:data1\" content=\"1 minute\" \/>\n<script type=\"application\/ld+json\" class=\"yoast-schema-graph\">{\"@context\":\"https:\\\/\\\/schema.org\",\"@graph\":[{\"@type\":\"MedicalWebPage\",\"@id\":\"https:\\\/\\\/www.veraclinic.net\\\/fr\\\/normes-editoriales-veraclinic\\\/#article\",\"isPartOf\":{\"@id\":\"https:\\\/\\\/www.veraclinic.net\\\/fr\\\/normes-editoriales-veraclinic\\\/\"},\"author\":{\"name\":\"\u00d6mr\u00fcm \u015eim\u015fek\",\"@id\":\"https:\\\/\\\/www.veraclinic.net\\\/fr\\\/#\\\/schema\\\/person\\\/6c1c575221373c5780d6278f84b93e38\"},\"headline\":\"Normes \u00c9ditoriales | VeraClinic\",\"datePublished\":\"2026-03-12T13:17:52+00:00\",\"dateModified\":\"2026-03-12T13:17:53+00:00\",\"mainEntityOfPage\":{\"@id\":\"https:\\\/\\\/www.veraclinic.net\\\/fr\\\/normes-editoriales-veraclinic\\\/\"},\"wordCount\":128,\"publisher\":{\"@id\":\"https:\\\/\\\/www.veraclinic.net\\\/fr\\\/#organization\"},\"inLanguage\":\"fr-FR\",\"reviewedBy\":{\"@type\":\"Physician\",\"@id\":\"https:\\\/\\\/www.veraclinic.net\\\/our-doctors\\\/emin-gul\\\/#physician\"},\"lastReviewed\":\"2026-03-12\",\"audience\":{\"@type\":\"MedicalAudience\",\"audienceType\":\"Patients\"}},{\"@type\":\"MedicalWebPage\",\"@id\":\"https:\\\/\\\/www.veraclinic.net\\\/fr\\\/normes-editoriales-veraclinic\\\/\",\"url\":\"https:\\\/\\\/www.veraclinic.net\\\/fr\\\/normes-editoriales-veraclinic\\\/\",\"name\":\"Normes \u00c9ditoriales | VeraClinic - Vera Clinic\",\"isPartOf\":{\"@id\":\"https:\\\/\\\/www.veraclinic.net\\\/fr\\\/#website\"},\"datePublished\":\"2026-03-12T13:17:52+00:00\",\"dateModified\":\"2026-03-12T13:17:53+00:00\",\"breadcrumb\":{\"@id\":\"https:\\\/\\\/www.veraclinic.net\\\/fr\\\/normes-editoriales-veraclinic\\\/#breadcrumb\"},\"inLanguage\":\"fr-FR\",\"potentialAction\":[{\"@type\":\"ReadAction\",\"target\":[\"https:\\\/\\\/www.veraclinic.net\\\/fr\\\/normes-editoriales-veraclinic\\\/\"]}],\"reviewedBy\":{\"@type\":\"Physician\",\"@id\":\"https:\\\/\\\/www.veraclinic.net\\\/our-doctors\\\/emin-gul\\\/#physician\"},\"lastReviewed\":\"2026-03-12\",\"audience\":{\"@type\":\"MedicalAudience\",\"audienceType\":\"Patients\"}},{\"@type\":\"BreadcrumbList\",\"@id\":\"https:\\\/\\\/www.veraclinic.net\\\/fr\\\/normes-editoriales-veraclinic\\\/#breadcrumb\",\"itemListElement\":[{\"@type\":\"ListItem\",\"position\":1,\"name\":\"Greffe de cheveux en Turquie\",\"item\":\"https:\\\/\\\/www.veraclinic.net\\\/fr\\\/\"},{\"@type\":\"ListItem\",\"position\":2,\"name\":\"Normes \u00c9ditoriales | VeraClinic\"}]},{\"@type\":\"WebSite\",\"@id\":\"https:\\\/\\\/www.veraclinic.net\\\/fr\\\/#website\",\"url\":\"https:\\\/\\\/www.veraclinic.net\\\/fr\\\/\",\"name\":\"Hair Transplant Turkey - Istanbul 2026\",\"description\":\"Hair Transplant Turkey - Istanbul 2026\",\"publisher\":{\"@id\":\"https:\\\/\\\/www.veraclinic.net\\\/fr\\\/#organization\"},\"alternateName\":\"Vera Clinic\",\"potentialAction\":[{\"@type\":\"SearchAction\",\"target\":{\"@type\":\"EntryPoint\",\"urlTemplate\":\"https:\\\/\\\/www.veraclinic.net\\\/fr\\\/?s={search_term_string}\"},\"query-input\":{\"@type\":\"PropertyValueSpecification\",\"valueRequired\":true,\"valueName\":\"search_term_string\"}}],\"inLanguage\":\"fr-FR\"},{\"@type\":[\"Organization\",\"MedicalBusiness\",\"MedicalOrganization\"],\"@id\":\"https:\\\/\\\/www.veraclinic.net\\\/#medicalorg\",\"name\":\"Vera Clinic | Hair Transplant Turkey - Istanbul\",\"alternateName\":\"Vera Clinic\",\"url\":\"https:\\\/\\\/www.veraclinic.net\\\/fr\\\/\",\"logo\":{\"@type\":\"ImageObject\",\"inLanguage\":\"fr-FR\",\"@id\":\"https:\\\/\\\/www.veraclinic.net\\\/fr\\\/#\\\/schema\\\/logo\\\/image\\\/\",\"url\":\"https:\\\/\\\/www.veraclinic.net\\\/wp-content\\\/uploads\\\/2023\\\/08\\\/Black.svg\",\"contentUrl\":\"https:\\\/\\\/www.veraclinic.net\\\/wp-content\\\/uploads\\\/2023\\\/08\\\/Black.svg\",\"caption\":\"Vera Clinic | Hair Transplant Turkey - Istanbul\"},\"image\":{\"@id\":\"https:\\\/\\\/www.veraclinic.net\\\/fr\\\/#\\\/schema\\\/logo\\\/image\\\/\"},\"sameAs\":[\"https:\\\/\\\/www.facebook.com\\\/veraclinic.net\",\"https:\\\/\\\/x.com\\\/veraclinic\",\"https:\\\/\\\/www.instagram.com\\\/veraclinic\",\"https:\\\/\\\/www.linkedin.com\\\/company\\\/veraclinic\\\/\",\"https:\\\/\\\/www.pinterest.com\\\/veraclinic\\\/\",\"https:\\\/\\\/www.youtube.com\\\/c\\\/VeraClinic\"],\"legalName\":\"ESTEVERA SA\u011eLIK H\u0130Z. VE DAN. T\u0130C. LTD. ST\u0130.\",\"vatID\":\"936499-0\",\"taxID\":\"3800538109\",\"medicalSpecialty\":[\"Dermatology\",\"PlasticSurgery\",\"Hair Restoration\"],\"slogan\":\"Hair Transplant Turkey - Istanbul 2026\",\"department\":{\"@type\":\"MedicalClinic\",\"name\":\"Hair Restoration Clinic\",\"image\":\"https:\\\/\\\/www.veraclinic.net\\\/wp-content\\\/uploads\\\/2023\\\/08\\\/Black.svg\"}},{\"@type\":\"Person\",\"@id\":\"https:\\\/\\\/www.veraclinic.net\\\/fr\\\/#\\\/schema\\\/person\\\/6c1c575221373c5780d6278f84b93e38\",\"name\":\"\u00d6mr\u00fcm \u015eim\u015fek\",\"image\":{\"@type\":\"ImageObject\",\"inLanguage\":\"fr-FR\",\"@id\":\"https:\\\/\\\/secure.gravatar.com\\\/avatar\\\/dc623f236da884241fdf3d8029edb5e292cc08c2642f2c3260645d036335bc7c?s=96&d=mm&r=g\",\"url\":\"https:\\\/\\\/secure.gravatar.com\\\/avatar\\\/dc623f236da884241fdf3d8029edb5e292cc08c2642f2c3260645d036335bc7c?s=96&d=mm&r=g\",\"contentUrl\":\"https:\\\/\\\/secure.gravatar.com\\\/avatar\\\/dc623f236da884241fdf3d8029edb5e292cc08c2642f2c3260645d036335bc7c?s=96&d=mm&r=g\",\"caption\":\"\u00d6mr\u00fcm \u015eim\u015fek\"}}]}<\/script>\n<!-- \/ Yoast SEO Premium plugin. -->","yoast_head_json":{"title":"Normes \u00c9ditoriales | VeraClinic - Vera Clinic","robots":{"index":"index","follow":"follow","max-snippet":"max-snippet:-1","max-image-preview":"max-image-preview:large","max-video-preview":"max-video-preview:-1"},"canonical":"https:\/\/www.veraclinic.net\/fr\/normes-editoriales-veraclinic\/","og_locale":"fr_FR","og_type":"article","og_title":"Normes \u00c9ditoriales | VeraClinic","og_description":"Chez VeraClinic, tous les contenus sont produits selon des normes \u00e9ditoriales et m\u00e9dicales strictes. Nous nous engageons \u00e0 fournir des","og_url":"https:\/\/www.veraclinic.net\/fr\/normes-editoriales-veraclinic\/","og_site_name":"VeraClinic","article_publisher":"https:\/\/www.facebook.com\/veraclinic.net","article_modified_time":"2026-03-12T13:17:53+00:00","og_image":[{"width":1640,"height":720,"url":"https:\/\/www.veraclinic.net\/wp-content\/uploads\/2023\/10\/387848654_705134914977420_7512145111300864927_n.jpg","type":"image\/jpeg"}],"twitter_card":"summary_large_image","twitter_site":"@veraclinic","twitter_misc":{"Dur\u00e9e de lecture estim\u00e9e":"1 minute"},"schema":{"@context":"https:\/\/schema.org","@graph":[{"@type":"MedicalWebPage","@id":"https:\/\/www.veraclinic.net\/fr\/normes-editoriales-veraclinic\/#article","isPartOf":{"@id":"https:\/\/www.veraclinic.net\/fr\/normes-editoriales-veraclinic\/"},"author":{"name":"\u00d6mr\u00fcm \u015eim\u015fek","@id":"https:\/\/www.veraclinic.net\/fr\/#\/schema\/person\/6c1c575221373c5780d6278f84b93e38"},"headline":"Normes \u00c9ditoriales | VeraClinic","datePublished":"2026-03-12T13:17:52+00:00","dateModified":"2026-03-12T13:17:53+00:00","mainEntityOfPage":{"@id":"https:\/\/www.veraclinic.net\/fr\/normes-editoriales-veraclinic\/"},"wordCount":128,"publisher":{"@id":"https:\/\/www.veraclinic.net\/fr\/#organization"},"inLanguage":"fr-FR","reviewedBy":{"@type":"Physician","@id":"https:\/\/www.veraclinic.net\/our-doctors\/emin-gul\/#physician"},"lastReviewed":"2026-03-12","audience":{"@type":"MedicalAudience","audienceType":"Patients"}},{"@type":"MedicalWebPage","@id":"https:\/\/www.veraclinic.net\/fr\/normes-editoriales-veraclinic\/","url":"https:\/\/www.veraclinic.net\/fr\/normes-editoriales-veraclinic\/","name":"Normes \u00c9ditoriales | VeraClinic - Vera Clinic","isPartOf":{"@id":"https:\/\/www.veraclinic.net\/fr\/#website"},"datePublished":"2026-03-12T13:17:52+00:00","dateModified":"2026-03-12T13:17:53+00:00","breadcrumb":{"@id":"https:\/\/www.veraclinic.net\/fr\/normes-editoriales-veraclinic\/#breadcrumb"},"inLanguage":"fr-FR","potentialAction":[{"@type":"ReadAction","target":["https:\/\/www.veraclinic.net\/fr\/normes-editoriales-veraclinic\/"]}],"reviewedBy":{"@type":"Physician","@id":"https:\/\/www.veraclinic.net\/our-doctors\/emin-gul\/#physician"},"lastReviewed":"2026-03-12","audience":{"@type":"MedicalAudience","audienceType":"Patients"}},{"@type":"BreadcrumbList","@id":"https:\/\/www.veraclinic.net\/fr\/normes-editoriales-veraclinic\/#breadcrumb","itemListElement":[{"@type":"ListItem","position":1,"name":"Greffe de cheveux en Turquie","item":"https:\/\/www.veraclinic.net\/fr\/"},{"@type":"ListItem","position":2,"name":"Normes \u00c9ditoriales | VeraClinic"}]},{"@type":"WebSite","@id":"https:\/\/www.veraclinic.net\/fr\/#website","url":"https:\/\/www.veraclinic.net\/fr\/","name":"Hair Transplant Turkey - Istanbul 2026","description":"Hair Transplant Turkey - Istanbul 2026","publisher":{"@id":"https:\/\/www.veraclinic.net\/fr\/#organization"},"alternateName":"Vera Clinic","potentialAction":[{"@type":"SearchAction","target":{"@type":"EntryPoint","urlTemplate":"https:\/\/www.veraclinic.net\/fr\/?s={search_term_string}"},"query-input":{"@type":"PropertyValueSpecification","valueRequired":true,"valueName":"search_term_string"}}],"inLanguage":"fr-FR"},{"@type":["Organization","MedicalBusiness","MedicalOrganization"],"@id":"https:\/\/www.veraclinic.net\/#medicalorg","name":"Vera Clinic | Hair Transplant Turkey - Istanbul","alternateName":"Vera Clinic","url":"https:\/\/www.veraclinic.net\/fr\/","logo":{"@type":"ImageObject","inLanguage":"fr-FR","@id":"https:\/\/www.veraclinic.net\/fr\/#\/schema\/logo\/image\/","url":"https:\/\/www.veraclinic.net\/wp-content\/uploads\/2023\/08\/Black.svg","contentUrl":"https:\/\/www.veraclinic.net\/wp-content\/uploads\/2023\/08\/Black.svg","caption":"Vera Clinic | Hair Transplant Turkey - Istanbul"},"image":{"@id":"https:\/\/www.veraclinic.net\/fr\/#\/schema\/logo\/image\/"},"sameAs":["https:\/\/www.facebook.com\/veraclinic.net","https:\/\/x.com\/veraclinic","https:\/\/www.instagram.com\/veraclinic","https:\/\/www.linkedin.com\/company\/veraclinic\/","https:\/\/www.pinterest.com\/veraclinic\/","https:\/\/www.youtube.com\/c\/VeraClinic"],"legalName":"ESTEVERA SA\u011eLIK H\u0130Z. VE DAN. T\u0130C. LTD. ST\u0130.","vatID":"936499-0","taxID":"3800538109","medicalSpecialty":["Dermatology","PlasticSurgery","Hair Restoration"],"slogan":"Hair Transplant Turkey - Istanbul 2026","department":{"@type":"MedicalClinic","name":"Hair Restoration Clinic","image":"https:\/\/www.veraclinic.net\/wp-content\/uploads\/2023\/08\/Black.svg"}},{"@type":"Person","@id":"https:\/\/www.veraclinic.net\/fr\/#\/schema\/person\/6c1c575221373c5780d6278f84b93e38","name":"\u00d6mr\u00fcm \u015eim\u015fek","image":{"@type":"ImageObject","inLanguage":"fr-FR","@id":"https:\/\/secure.gravatar.com\/avatar\/dc623f236da884241fdf3d8029edb5e292cc08c2642f2c3260645d036335bc7c?s=96&d=mm&r=g","url":"https:\/\/secure.gravatar.com\/avatar\/dc623f236da884241fdf3d8029edb5e292cc08c2642f2c3260645d036335bc7c?s=96&d=mm&r=g","contentUrl":"https:\/\/secure.gravatar.com\/avatar\/dc623f236da884241fdf3d8029edb5e292cc08c2642f2c3260645d036335bc7c?s=96&d=mm&r=g","caption":"\u00d6mr\u00fcm \u015eim\u015fek"}}]}},"_links":{"self":[{"href":"https:\/\/www.veraclinic.net\/fr\/wp-json\/wp\/v2\/pages\/166431","targetHints":{"allow":["GET"]}}],"collection":[{"href":"https:\/\/www.veraclinic.net\/fr\/wp-json\/wp\/v2\/pages"}],"about":[{"href":"https:\/\/www.veraclinic.net\/fr\/wp-json\/wp\/v2\/types\/page"}],"author":[{"embeddable":true,"href":"https:\/\/www.veraclinic.net\/fr\/wp-json\/wp\/v2\/users\/27"}],"replies":[{"embeddable":true,"href":"https:\/\/www.veraclinic.net\/fr\/wp-json\/wp\/v2\/comments?post=166431"}],"version-history":[{"count":1,"href":"https:\/\/www.veraclinic.net\/fr\/wp-json\/wp\/v2\/pages\/166431\/revisions"}],"predecessor-version":[{"id":166432,"href":"https:\/\/www.veraclinic.net\/fr\/wp-json\/wp\/v2\/pages\/166431\/revisions\/166432"}],"wp:attachment":[{"href":"https:\/\/www.veraclinic.net\/fr\/wp-json\/wp\/v2\/media?parent=166431"}],"curies":[{"name":"wp","href":"https:\/\/api.w.org\/{rel}","templated":true}]}}