{"id":90978,"date":"2025-09-01T13:19:57","date_gmt":"2025-09-01T13:19:57","guid":{"rendered":"https:\/\/www.veraclinic.net\/hair-transplant-aftercare\/"},"modified":"2025-08-08T06:47:02","modified_gmt":"2025-08-08T06:47:02","slug":"cuidados-posteriores-al-trasplante-de-pelo","status":"publish","type":"page","link":"https:\/\/www.veraclinic.net\/es\/cuidados-posteriores-al-trasplante-de-pelo\/","title":{"rendered":"Cuidados posteriores al trasplante de pelo"},"content":{"rendered":"<div class=\"gb-grid-wrapper gb-grid-wrapper-6232a014\">\n<div class=\"gb-grid-column gb-grid-column-141c614b\"><div class=\"gb-container gb-container-141c614b\">\n\n<figure class=\"wp-block-image size-full is-resized is-style-default\"><img loading=\"lazy\" decoding=\"async\" width=\"780\" height=\"470\" src=\"https:\/\/www.veraclinic.net\/wp-content\/uploads\/2023\/08\/Hair-Transplant-Aftercare.webp\" alt=\"\" class=\"wp-image-5348\" style=\"width:986px;height:undefinedpx\" srcset=\"https:\/\/www.veraclinic.net\/wp-content\/uploads\/2023\/08\/Hair-Transplant-Aftercare.webp 780w, https:\/\/www.veraclinic.net\/wp-content\/uploads\/2023\/08\/Hair-Transplant-Aftercare-300x181.webp 300w, https:\/\/www.veraclinic.net\/wp-content\/uploads\/2023\/08\/Hair-Transplant-Aftercare-768x463.webp 768w\" sizes=\"auto, (max-width: 780px) 100vw, 780px\" \/><\/figure>\n\n\n<div class=\"gb-container gb-container-7ca13925\">\n\n<\/div>\n\n\n<p>El cuidado posterior al trasplante de pelo es muy importante despu\u00e9s de hacerse&nbsp;<a href=\"https:\/\/www.veraclinic.net\/es\/trasplante-capilar-en-turquia-2\/\">su injerto de cabello en Turqu\u00eda<\/a>. Ya sea en el cuidado posterior de un&nbsp;<a href=\"https:\/\/www.veraclinic.net\/es\/trasplante-capilar-fue\/\">trasplante de cabello FUE<\/a>, un&nbsp;<a href=\"https:\/\/www.veraclinic.net\/es\/trasplante-de-cabello-afro-en-turquia\/\">trasplante de cabello afro<\/a>, un&nbsp;<a href=\"https:\/\/www.veraclinic.net\/es\/trasplante-capilar-facial\/\">trasplante de barba<\/a>&nbsp;o cualquiera de nuestros otros procedimientos de trasplantes que tenemos, es esencial asegurarse de tomar las medidas correctas para proteger su cabello y cuero cabelludo despu\u00e9s de la intervenci\u00f3n.<\/p>\n\n\n\n<div id=\"ez-toc-container\" class=\"ez-toc-v2_0_82_2 counter-hierarchy ez-toc-counter ez-toc-grey ez-toc-container-direction\">\n<div class=\"ez-toc-title-container\">\n<span class=\"ez-toc-title-toggle\"><\/span><\/div>\n<nav><ul class='ez-toc-list ez-toc-list-level-1 ' ><li class='ez-toc-page-1 ez-toc-heading-level-2'><a class=\"ez-toc-link ez-toc-heading-1\" href=\"https:\/\/www.veraclinic.net\/es\/cuidados-posteriores-al-trasplante-de-pelo\/#Cuidados_posteriores_para_un_trasplante_de_cabello_FUE\" >Cuidados posteriores para un trasplante de cabello FUE<\/a><\/li><li class='ez-toc-page-1 ez-toc-heading-level-2'><a class=\"ez-toc-link ez-toc-heading-2\" href=\"https:\/\/www.veraclinic.net\/es\/cuidados-posteriores-al-trasplante-de-pelo\/#Cuidado_posterior_de_un_trasplante_de_cabello_instrucciones_de_lavado\" >Cuidado posterior de un trasplante de cabello: instrucciones de lavado<\/a><\/li><li class='ez-toc-page-1 ez-toc-heading-level-2'><a class=\"ez-toc-link ez-toc-heading-3\" href=\"https:\/\/www.veraclinic.net\/es\/cuidados-posteriores-al-trasplante-de-pelo\/#Medicacion_para_el_cuidado_posterior_del_trasplante_de_cabello\" >Medicaci\u00f3n para el cuidado posterior del trasplante de cabello<\/a><ul class='ez-toc-list-level-4' ><li class='ez-toc-heading-level-4'><ul class='ez-toc-list-level-4' ><li class='ez-toc-heading-level-4'><a class=\"ez-toc-link ez-toc-heading-4\" href=\"https:\/\/www.veraclinic.net\/es\/cuidados-posteriores-al-trasplante-de-pelo\/#Obtenga_una_consulta_gratuita\" >Obtenga una consulta gratuita<\/a><\/li><\/ul><\/li><\/ul><\/li><\/ul><\/nav><\/div>\n<h2 class=\"wp-block-heading\" id=\"h-cuidados-posteriores-para-un-trasplante-de-cabello-fue\"><span class=\"ez-toc-section\" id=\"Cuidados_posteriores_para_un_trasplante_de_cabello_FUE\"><\/span>Cuidados posteriores para un trasplante de cabello FUE<span class=\"ez-toc-section-end\"><\/span><\/h2>\n\n\n\n<p>Despu\u00e9s de su procedimiento, son esenciales echarse varios productos para el cuidado posterior del trasplante de cabello con el fin de protegerse y mantener su nuevo cabello en las mejores condiciones posibles. Los productos para el cuidado posterior del trasplante de cabello incluyen productos para fortalecer el pelo como:<\/p>\n\n\n\n<ul class=\"wp-block-list\">\n<li><strong>TABLET<\/strong>&nbsp;<strong>HAAREX:<\/strong>&nbsp;Vitaminas y complementos nutricionales. Tomar estos productos para el cuidado posterior del trasplante de cabello dos veces al d\u00eda (por la ma\u00f1ana y por la noche) una semana despu\u00e9s de la cirug\u00eda ayudar\u00e1 con el crecimiento y la recuperaci\u00f3n del cabello.<\/li>\n\n\n\n<li><strong>SPRAY HAAREX<\/strong>: un aerosol para el cuidado posterior del trasplante de cabello que se usar\u00e1 a los 25 d\u00edas de la cirug\u00eda. Una vez que se haya lavado el cabello, rociar 3 veces por la ma\u00f1ana y 3 veces por la noche sobre el cuero cabelludo masajeando ligeramente. Deje este producto para el cuidado posterior del trasplante de cabello en el cuero cabelludo durante un m\u00ednimo de 4 horas antes de lavarlo.<\/li>\n\n\n\n<li><strong>CHAMP\u00da HAAREX O CHAMP\u00da GF<\/strong>: Un champ\u00fa m\u00e9dico para el cuidado posterior del trasplante de cabello. Comience a usarlo regularmente una vez cada 2 d\u00edas a los 15 d\u00edas despu\u00e9s de la cirug\u00eda.<\/li>\n\n\n\n<li><strong>SUERO GF:<\/strong>&nbsp;Empiece a aplicar este suero nutritivo 12 d\u00edas despu\u00e9s de la cirug\u00eda. Ponga 2 ml del s\u00e9rum en la zona receptora con un ligero masaje despu\u00e9s de la ducha. \u00daselo por la noche y una vez al d\u00eda.<\/li>\n\n\n\n<li><strong>MINOXIDIL al 5%:&nbsp;<\/strong>Apl\u00edquelo 30 d\u00edas despu\u00e9s de la cirug\u00eda, utiliz\u00e1ndolo en la zona donante dos veces al d\u00eda.<\/li>\n\n\n\n<li><strong>PROSCAR 5mg:<\/strong>&nbsp;Use 1\/4 de pastilla cada 24 horas despu\u00e9s de una comida a partir de los 20 d\u00edas de la cirug\u00eda para el cuidado posterior completo de un trasplante de cabello.<\/li>\n<\/ul>\n\n\n\n<p>Tenga en cuenta que cuando utilice cualquiera de estos productos para el cuidado posterior del trasplante de cabello, debe seguir cuidadosamente todas las instrucciones que vienen en la caja de cada uno. Si sigue todas las instrucciones de cuidados posteriores al trasplante de cabello, conseguir\u00e1 m\u00e1ximo provecho de su procedimiento en nuestra cl\u00ednica.<\/p>\n\n\n\n<h2 class=\"wp-block-heading\" id=\"h-cuidado-posterior-de-un-trasplante-de-cabello-instrucciones-de-lavado\"><span class=\"ez-toc-section\" id=\"Cuidado_posterior_de_un_trasplante_de_cabello_instrucciones_de_lavado\"><\/span>Cuidado posterior de un trasplante de cabello: instrucciones de lavado<span class=\"ez-toc-section-end\"><\/span><\/h2>\n\n\n\n<p>Cuando se lava con el champ\u00fa para el cuidado posterior del trasplante de cabello, hay varios pasos que debe cumplir para un cuidado posterior completo despu\u00e9s de un trasplante de cabello.<\/p>\n\n\n\n<ul class=\"wp-block-list\">\n<li>Aplique el gel en su palma, frot\u00e1ndolo en el \u00e1rea receptora. Deje esto durante 20-30 minutos antes de enjuagar el gel con agua tibia.<\/li>\n\n\n\n<li>Vierta champ\u00fa para el cuidado posterior del trasplante de cabello en la palma de la mano y luego col\u00f3quelo suavemente en el sitio donante, repita para el sitio receptor.<\/li>\n\n\n\n<li>Masajea suavemente todo el cuero cabelludo con movimientos circulares con las yemas de los dedos, abstente de usar las u\u00f1as. Enjuague todo el cuero cabelludo con agua tibia a baja presi\u00f3n.<\/li>\n\n\n\n<li>Repetir el protocolo indicado una vez al d\u00eda durante los primeros 10 d\u00edas posteriores a la cirug\u00eda. El d\u00eda 11 debe frotar ligeramente el cuero cabelludo para eliminar las costras y escamas del cuero cabelludo.<\/li>\n<\/ul>\n\n\n\n<p>Esto deber\u00eda ocurrir un d\u00eda despu\u00e9s de su procedimiento para obtener los mejores resultados de cuidados posteriores para un trasplante de cabello FUE.<\/p>\n\n\n\n<p>Cabe destacar que puede ocurrir algo de sangrado hasta unos d\u00edas despu\u00e9s del procedimiento. Evite alterar la regi\u00f3n sangrante, pero puede limpiar el \u00e1rea circundante. Si el sangrado contin\u00faa, comun\u00edquese con su m\u00e9dico. En los primeros 3 d\u00edas, algunos injertos se pueden quitar o peinar ocasionalmente. Esto es muy poco com\u00fan y es raro que se pierdan m\u00e1s de unas pocas ra\u00edces de cabello de esta manera.<\/p>\n\n\n\n<h2 class=\"wp-block-heading\" id=\"h-medicacion-para-el-cuidado-posterior-del-trasplante-de-cabello\"><span class=\"ez-toc-section\" id=\"Medicacion_para_el_cuidado_posterior_del_trasplante_de_cabello\"><\/span>Medicaci\u00f3n para el cuidado posterior del trasplante de cabello<span class=\"ez-toc-section-end\"><\/span><\/h2>\n\n\n\n<p>Es posible que experimente algo de dolor en los d\u00edas posteriores a su procedimiento en Vera Clinic, con los siguientes s\u00edntomas evidentes durante los per\u00edodos de tiempo especificados:<\/p>\n\n\n\n<ul class=\"wp-block-list\">\n<li><strong>D\u00eda 3:&nbsp;<\/strong>Swelling.<\/li>\n\n\n\n<li><strong>D\u00eda&nbsp;<\/strong><strong>10<\/strong>: Se desarrollar\u00e1n costras.<\/li>\n\n\n\n<li><strong>D\u00eda&nbsp;<\/strong><strong>15<\/strong>: El \u00e1rea da\u00f1ada se habr\u00e1 curado.<\/li>\n\n\n\n<li><strong>D\u00eda&nbsp;<\/strong><strong>30<\/strong>&nbsp;\u2013 45: ca\u00edda del cabello trasplantado.<\/li>\n\n\n\n<li><strong>3<\/strong>&nbsp;<strong>meses<\/strong>: crecimiento del cabello trasplantado.<\/li>\n\n\n\n<li><strong>6<\/strong>&nbsp;<strong>meses<\/strong>: 50% -60% de crecimiento del cabello trasplantado.<\/li>\n\n\n\n<li><strong>18<\/strong>&nbsp;<strong>meses<\/strong>: el resultado final ser\u00e1 evidente.<\/li>\n<\/ul>\n\n\n\n<p>Durante este tiempo, es posible que le receten los siguientes medicamentos:<\/p>\n\n\n\n<ul class=\"wp-block-list\">\n<li><strong>Arveles 25 mg (Analg\u00e9sico):<\/strong>&nbsp;Debe tomarse un comprimido dos veces al d\u00eda inmediatamente despu\u00e9s de una comida, uno por la ma\u00f1ana y otro por la noche cuando sea necesario.<\/li>\n\n\n\n<li><strong>Amoklavin-Bid 1000mg (antibi\u00f3tico):<\/strong>&nbsp;Se debe tomar una tableta dos veces al d\u00eda inmediatamente despu\u00e9s de una comida, una por la ma\u00f1ana y otra por la noche durante 5 d\u00edas.<\/li>\n\n\n\n<li><strong>Prednol 16mg (Reductor de la hinchaz\u00f3n):<\/strong>&nbsp;Deben tomarse dos comprimidos a la vez inmediatamente despu\u00e9s de una comida, el primer y segundo d\u00eda. Tome un comprimido inmediatamente despu\u00e9s de las comidas al tercer y cuarto d\u00eda.<\/li>\n<\/ul>\n\n\n\n<p>Para conseguir un asesoramiento y una cotizaci\u00f3n, dependiendo de sus necesidades espec\u00edficas con respecto al cuidado posterior del trasplante de cabello,&nbsp;<a href=\"https:\/\/www.veraclinic.net\/es\/contactenos\/\">cont\u00e1ctenos hoy<\/a>&nbsp;y uno de nuestros expertos se comunicar\u00e1 con usted lo antes posible.<\/p>\n\n<\/div><\/div>\n\n<div class=\"gb-grid-column gb-grid-column-df73ed07\"><div class=\"gb-container gb-container-df73ed07 contact-sticky\">\n\n<h4 class=\"gb-headline gb-headline-1c092c04 gb-headline-text\"><span class=\"ez-toc-section\" id=\"Obtenga_una_consulta_gratuita\"><\/span><strong>Obtenga una consulta gratuita<\/strong><span class=\"ez-toc-section-end\"><\/span><\/h4>\n\n\n\n\n<div class=\"wpcf7 no-js\" id=\"wpcf7-f148767-o1\" lang=\"es-ES\" dir=\"ltr\" data-wpcf7-id=\"148767\">\n<div class=\"screen-reader-response\"><p role=\"status\" aria-live=\"polite\" aria-atomic=\"true\"><\/p> <ul><\/ul><\/div>\n<form action=\"\/es\/wp-json\/wp\/v2\/pages\/90978#wpcf7-f148767-o1\" method=\"post\" class=\"wpcf7-form init\" aria-label=\"Formulario de contacto\" novalidate=\"novalidate\" data-status=\"init\">\n<fieldset class=\"hidden-fields-container\"><input type=\"hidden\" name=\"_wpcf7\" value=\"148767\" \/><input type=\"hidden\" name=\"_wpcf7_version\" value=\"6.1.5\" \/><input type=\"hidden\" name=\"_wpcf7_locale\" value=\"es_ES\" \/><input type=\"hidden\" name=\"_wpcf7_unit_tag\" value=\"wpcf7-f148767-o1\" \/><input type=\"hidden\" name=\"_wpcf7_container_post\" value=\"0\" \/><input type=\"hidden\" name=\"_wpcf7_posted_data_hash\" value=\"\" \/>\n<\/fieldset>\n<div class=\"cs-form-wrapper\">\n\t<p><label> Apellidos y nombre <span class=\"wpcf7-form-control-wrap\" data-name=\"your-name\"><input size=\"40\" maxlength=\"400\" class=\"wpcf7-form-control wpcf7-text wpcf7-validates-as-required cs-form-field\" autocomplete=\"name\" aria-required=\"true\" aria-invalid=\"false\" value=\"\" type=\"text\" name=\"your-name\" \/><\/span> <\/label>\n\t<\/p>\n\t<p><label> Correo <span class=\"wpcf7-form-control-wrap\" data-name=\"your-email\"><input size=\"40\" maxlength=\"400\" class=\"wpcf7-form-control wpcf7-email wpcf7-validates-as-required wpcf7-text wpcf7-validates-as-email cs-form-field\" autocomplete=\"email\" aria-required=\"true\" aria-invalid=\"false\" value=\"\" type=\"email\" name=\"your-email\" \/><\/span> <\/label>\n\t<\/p>\n\t<p><label> N\u00famero de tel\u00e9fono (Whatsapp) <span class=\"wpcf7-form-control-wrap\" data-name=\"phonetext-588\"><input size=\"40\" class=\"wpcf7-form-control wpcf7-phonetext wpcf7-validates-as-required wpcf7-text wpcf7-validates-as-phonetext cs-form-field\" data-numberonly=\"true\" aria-required=\"true\" aria-invalid=\"false\" value=\"\" type=\"text\" name=\"phonetext-588\" \/><input type=\"hidden\" name=\"phonetext-588-country-code\" class=\"wpcf7-phonetext-country-code\" \/><\/span> <\/label>\n\t<\/p>\n\t<p><label> Mensaje <span class=\"wpcf7-form-control-wrap\" data-name=\"textarea-954\"><textarea cols=\"40\" rows=\"10\" maxlength=\"2000\" class=\"wpcf7-form-control wpcf7-textarea cs-form-field\" aria-invalid=\"false\" name=\"textarea-954\"><\/textarea><\/span> <\/label><br \/>\n\t<input class=\"wpcf7-form-control wpcf7-hidden\" id=\"whatsapp_uniqueid\" value=\"\" type=\"hidden\" name=\"whatsapp_uniqueid\" \/><br \/>\n<input class=\"wpcf7-form-control wpcf7-submit has-spinner cs-form-submit\" type=\"submit\" value=\"Enviar\" \/>\n\t<\/p>\n<\/div><div class=\"wpcf7-response-output\" aria-hidden=\"true\"><\/div>\n<\/form>\n<\/div>\n\n\n<\/div><\/div>\n<\/div>","protected":false},"excerpt":{"rendered":"","protected":false},"author":1,"featured_media":0,"parent":0,"menu_order":0,"comment_status":"closed","ping_status":"closed","template":"","meta":{"inline_featured_image":false,"footnotes":""},"class_list":{"0":"post-90978","1":"page","2":"type-page","3":"status-publish","5":"infinite-scroll-item"},"lang":"es","translations":{"en":3330,"ar":90973,"fr":90974,"de":90975,"it":90976,"pt-pt":90977,"es":90978,"ru":92580},"yoast_head":"<!-- This site is optimized with the Yoast SEO Premium plugin v27.4 (Yoast SEO v27.4) - https:\/\/yoast.com\/product\/yoast-seo-premium-wordpress\/ -->\n<title>Cuidados posteriores al trasplante de pelo - VeraClinic<\/title>\n<meta name=\"description\" content=\"El cuidado posterior al trasplante de pelo es muy importante despu\u00e9s de hacerse\u00a0su injerto de cabello en Turqu\u00eda. Ya sea en el cuidado p...\" \/>\n<meta name=\"robots\" content=\"index, follow, max-snippet:-1, max-image-preview:large, max-video-preview:-1\" \/>\n<link rel=\"canonical\" href=\"https:\/\/www.veraclinic.net\/es\/cuidados-posteriores-al-trasplante-de-pelo\/\" \/>\n<meta property=\"og:locale\" content=\"es_ES\" \/>\n<meta property=\"og:type\" content=\"article\" \/>\n<meta property=\"og:title\" content=\"Cuidados posteriores al trasplante de pelo\" \/>\n<meta property=\"og:description\" content=\"El cuidado posterior al trasplante de pelo es muy importante despu\u00e9s de hacerse\u00a0su injerto de cabello en Turqu\u00eda. Ya sea en el cuidado p...\" \/>\n<meta property=\"og:url\" content=\"https:\/\/www.veraclinic.net\/es\/cuidados-posteriores-al-trasplante-de-pelo\/\" \/>\n<meta property=\"og:site_name\" content=\"VeraClinic\" \/>\n<meta property=\"article:publisher\" content=\"https:\/\/www.facebook.com\/veraclinic.net\" \/>\n<meta property=\"og:image\" content=\"https:\/\/www.veraclinic.net\/wp-content\/uploads\/2023\/08\/Hair-Transplant-Aftercare.webp\" \/>\n\t<meta property=\"og:image:width\" content=\"780\" \/>\n\t<meta property=\"og:image:height\" content=\"470\" \/>\n\t<meta property=\"og:image:type\" content=\"image\/webp\" \/>\n<meta name=\"twitter:card\" content=\"summary_large_image\" \/>\n<meta name=\"twitter:site\" content=\"@veraclinic\" \/>\n<meta name=\"twitter:label1\" content=\"Tiempo de lectura\" \/>\n\t<meta name=\"twitter:data1\" content=\"5 minutos\" \/>\n<script type=\"application\/ld+json\" class=\"yoast-schema-graph\">{\"@context\":\"https:\\\/\\\/schema.org\",\"@graph\":[{\"@type\":[\"WebPage\",\"MedicalWebPage\"],\"@id\":\"https:\\\/\\\/www.veraclinic.net\\\/es\\\/cuidados-posteriores-al-trasplante-de-pelo\\\/\",\"url\":\"https:\\\/\\\/www.veraclinic.net\\\/es\\\/cuidados-posteriores-al-trasplante-de-pelo\\\/\",\"name\":\"Cuidados posteriores al trasplante de pelo - VeraClinic\",\"isPartOf\":{\"@id\":\"https:\\\/\\\/www.veraclinic.net\\\/es\\\/#website\"},\"primaryImageOfPage\":{\"@id\":\"https:\\\/\\\/www.veraclinic.net\\\/es\\\/cuidados-posteriores-al-trasplante-de-pelo\\\/#primaryimage\"},\"image\":{\"@id\":\"https:\\\/\\\/www.veraclinic.net\\\/es\\\/cuidados-posteriores-al-trasplante-de-pelo\\\/#primaryimage\"},\"thumbnailUrl\":\"https:\\\/\\\/www.veraclinic.net\\\/wp-content\\\/uploads\\\/2023\\\/08\\\/Hair-Transplant-Aftercare.webp\",\"datePublished\":\"2025-09-01T13:19:57+00:00\",\"description\":\"El cuidado posterior al trasplante de pelo es muy importante despu\u00e9s de hacerse\u00a0su injerto de cabello en Turqu\u00eda. Ya sea en el cuidado p...\",\"breadcrumb\":{\"@id\":\"https:\\\/\\\/www.veraclinic.net\\\/es\\\/cuidados-posteriores-al-trasplante-de-pelo\\\/#breadcrumb\"},\"inLanguage\":\"es\",\"potentialAction\":[{\"@type\":\"ReadAction\",\"target\":[\"https:\\\/\\\/www.veraclinic.net\\\/es\\\/cuidados-posteriores-al-trasplante-de-pelo\\\/\"]}]},{\"@type\":\"ImageObject\",\"inLanguage\":\"es\",\"@id\":\"https:\\\/\\\/www.veraclinic.net\\\/es\\\/cuidados-posteriores-al-trasplante-de-pelo\\\/#primaryimage\",\"url\":\"https:\\\/\\\/www.veraclinic.net\\\/wp-content\\\/uploads\\\/2023\\\/08\\\/Hair-Transplant-Aftercare.webp\",\"contentUrl\":\"https:\\\/\\\/www.veraclinic.net\\\/wp-content\\\/uploads\\\/2023\\\/08\\\/Hair-Transplant-Aftercare.webp\"},{\"@type\":\"BreadcrumbList\",\"@id\":\"https:\\\/\\\/www.veraclinic.net\\\/es\\\/cuidados-posteriores-al-trasplante-de-pelo\\\/#breadcrumb\",\"itemListElement\":[{\"@type\":\"ListItem\",\"position\":1,\"name\":\"Trasplante capilar Turqu\u00eda\",\"item\":\"https:\\\/\\\/www.veraclinic.net\\\/es\\\/\"},{\"@type\":\"ListItem\",\"position\":2,\"name\":\"Cuidados posteriores al trasplante de pelo\"}]},{\"@type\":\"WebSite\",\"@id\":\"https:\\\/\\\/www.veraclinic.net\\\/es\\\/#website\",\"url\":\"https:\\\/\\\/www.veraclinic.net\\\/es\\\/\",\"name\":\"Hair Transplant Turkey - Istanbul 2026\",\"description\":\"Hair Transplant Turkey - Istanbul 2026\",\"publisher\":{\"@id\":\"https:\\\/\\\/www.veraclinic.net\\\/es\\\/#organization\"},\"alternateName\":\"Vera Clinic\",\"potentialAction\":[{\"@type\":\"SearchAction\",\"target\":{\"@type\":\"EntryPoint\",\"urlTemplate\":\"https:\\\/\\\/www.veraclinic.net\\\/es\\\/?s={search_term_string}\"},\"query-input\":{\"@type\":\"PropertyValueSpecification\",\"valueRequired\":true,\"valueName\":\"search_term_string\"}}],\"inLanguage\":\"es\"},{\"@type\":[\"Organization\",\"MedicalBusiness\",\"MedicalOrganization\"],\"@id\":\"https:\\\/\\\/www.veraclinic.net\\\/#medicalorg\",\"name\":\"Vera Clinic | Hair Transplant Turkey - Istanbul\",\"alternateName\":\"Vera Clinic\",\"url\":\"https:\\\/\\\/www.veraclinic.net\\\/es\\\/\",\"logo\":{\"@type\":\"ImageObject\",\"inLanguage\":\"es\",\"@id\":\"https:\\\/\\\/www.veraclinic.net\\\/es\\\/#\\\/schema\\\/logo\\\/image\\\/\",\"url\":\"https:\\\/\\\/www.veraclinic.net\\\/wp-content\\\/uploads\\\/2023\\\/08\\\/Black.svg\",\"contentUrl\":\"https:\\\/\\\/www.veraclinic.net\\\/wp-content\\\/uploads\\\/2023\\\/08\\\/Black.svg\",\"caption\":\"Vera Clinic | Hair Transplant Turkey - Istanbul\"},\"image\":{\"@id\":\"https:\\\/\\\/www.veraclinic.net\\\/es\\\/#\\\/schema\\\/logo\\\/image\\\/\"},\"sameAs\":[\"https:\\\/\\\/www.facebook.com\\\/veraclinic.net\",\"https:\\\/\\\/x.com\\\/veraclinic\",\"https:\\\/\\\/www.instagram.com\\\/veraclinic\",\"https:\\\/\\\/www.linkedin.com\\\/company\\\/veraclinic\\\/\",\"https:\\\/\\\/www.pinterest.com\\\/veraclinic\\\/\",\"https:\\\/\\\/www.youtube.com\\\/c\\\/VeraClinic\"],\"legalName\":\"ESTEVERA SA\u011eLIK H\u0130Z. VE DAN. T\u0130C. LTD. ST\u0130.\",\"vatID\":\"936499-0\",\"taxID\":\"3800538109\",\"medicalSpecialty\":[\"Dermatology\",\"PlasticSurgery\",\"Hair Restoration\"],\"slogan\":\"Hair Transplant Turkey - Istanbul 2026\",\"department\":{\"@type\":\"MedicalClinic\",\"name\":\"Hair Restoration Clinic\",\"image\":\"https:\\\/\\\/www.veraclinic.net\\\/wp-content\\\/uploads\\\/2023\\\/08\\\/Black.svg\"}}]}<\/script>\n<!-- \/ Yoast SEO Premium plugin. -->","yoast_head_json":{"title":"Cuidados posteriores al trasplante de pelo - VeraClinic","description":"El cuidado posterior al trasplante de pelo es muy importante despu\u00e9s de hacerse\u00a0su injerto de cabello en Turqu\u00eda. Ya sea en el cuidado p...","robots":{"index":"index","follow":"follow","max-snippet":"max-snippet:-1","max-image-preview":"max-image-preview:large","max-video-preview":"max-video-preview:-1"},"canonical":"https:\/\/www.veraclinic.net\/es\/cuidados-posteriores-al-trasplante-de-pelo\/","og_locale":"es_ES","og_type":"article","og_title":"Cuidados posteriores al trasplante de pelo","og_description":"El cuidado posterior al trasplante de pelo es muy importante despu\u00e9s de hacerse\u00a0su injerto de cabello en Turqu\u00eda. Ya sea en el cuidado p...","og_url":"https:\/\/www.veraclinic.net\/es\/cuidados-posteriores-al-trasplante-de-pelo\/","og_site_name":"VeraClinic","article_publisher":"https:\/\/www.facebook.com\/veraclinic.net","og_image":[{"width":780,"height":470,"url":"https:\/\/www.veraclinic.net\/wp-content\/uploads\/2023\/08\/Hair-Transplant-Aftercare.webp","type":"image\/webp"}],"twitter_card":"summary_large_image","twitter_site":"@veraclinic","twitter_misc":{"Tiempo de lectura":"5 minutos"},"schema":{"@context":"https:\/\/schema.org","@graph":[{"@type":["WebPage","MedicalWebPage"],"@id":"https:\/\/www.veraclinic.net\/es\/cuidados-posteriores-al-trasplante-de-pelo\/","url":"https:\/\/www.veraclinic.net\/es\/cuidados-posteriores-al-trasplante-de-pelo\/","name":"Cuidados posteriores al trasplante de pelo - VeraClinic","isPartOf":{"@id":"https:\/\/www.veraclinic.net\/es\/#website"},"primaryImageOfPage":{"@id":"https:\/\/www.veraclinic.net\/es\/cuidados-posteriores-al-trasplante-de-pelo\/#primaryimage"},"image":{"@id":"https:\/\/www.veraclinic.net\/es\/cuidados-posteriores-al-trasplante-de-pelo\/#primaryimage"},"thumbnailUrl":"https:\/\/www.veraclinic.net\/wp-content\/uploads\/2023\/08\/Hair-Transplant-Aftercare.webp","datePublished":"2025-09-01T13:19:57+00:00","description":"El cuidado posterior al trasplante de pelo es muy importante despu\u00e9s de hacerse\u00a0su injerto de cabello en Turqu\u00eda. Ya sea en el cuidado p...","breadcrumb":{"@id":"https:\/\/www.veraclinic.net\/es\/cuidados-posteriores-al-trasplante-de-pelo\/#breadcrumb"},"inLanguage":"es","potentialAction":[{"@type":"ReadAction","target":["https:\/\/www.veraclinic.net\/es\/cuidados-posteriores-al-trasplante-de-pelo\/"]}]},{"@type":"ImageObject","inLanguage":"es","@id":"https:\/\/www.veraclinic.net\/es\/cuidados-posteriores-al-trasplante-de-pelo\/#primaryimage","url":"https:\/\/www.veraclinic.net\/wp-content\/uploads\/2023\/08\/Hair-Transplant-Aftercare.webp","contentUrl":"https:\/\/www.veraclinic.net\/wp-content\/uploads\/2023\/08\/Hair-Transplant-Aftercare.webp"},{"@type":"BreadcrumbList","@id":"https:\/\/www.veraclinic.net\/es\/cuidados-posteriores-al-trasplante-de-pelo\/#breadcrumb","itemListElement":[{"@type":"ListItem","position":1,"name":"Trasplante capilar Turqu\u00eda","item":"https:\/\/www.veraclinic.net\/es\/"},{"@type":"ListItem","position":2,"name":"Cuidados posteriores al trasplante de pelo"}]},{"@type":"WebSite","@id":"https:\/\/www.veraclinic.net\/es\/#website","url":"https:\/\/www.veraclinic.net\/es\/","name":"Hair Transplant Turkey - Istanbul 2026","description":"Hair Transplant Turkey - Istanbul 2026","publisher":{"@id":"https:\/\/www.veraclinic.net\/es\/#organization"},"alternateName":"Vera Clinic","potentialAction":[{"@type":"SearchAction","target":{"@type":"EntryPoint","urlTemplate":"https:\/\/www.veraclinic.net\/es\/?s={search_term_string}"},"query-input":{"@type":"PropertyValueSpecification","valueRequired":true,"valueName":"search_term_string"}}],"inLanguage":"es"},{"@type":["Organization","MedicalBusiness","MedicalOrganization"],"@id":"https:\/\/www.veraclinic.net\/#medicalorg","name":"Vera Clinic | Hair Transplant Turkey - Istanbul","alternateName":"Vera Clinic","url":"https:\/\/www.veraclinic.net\/es\/","logo":{"@type":"ImageObject","inLanguage":"es","@id":"https:\/\/www.veraclinic.net\/es\/#\/schema\/logo\/image\/","url":"https:\/\/www.veraclinic.net\/wp-content\/uploads\/2023\/08\/Black.svg","contentUrl":"https:\/\/www.veraclinic.net\/wp-content\/uploads\/2023\/08\/Black.svg","caption":"Vera Clinic | Hair Transplant Turkey - Istanbul"},"image":{"@id":"https:\/\/www.veraclinic.net\/es\/#\/schema\/logo\/image\/"},"sameAs":["https:\/\/www.facebook.com\/veraclinic.net","https:\/\/x.com\/veraclinic","https:\/\/www.instagram.com\/veraclinic","https:\/\/www.linkedin.com\/company\/veraclinic\/","https:\/\/www.pinterest.com\/veraclinic\/","https:\/\/www.youtube.com\/c\/VeraClinic"],"legalName":"ESTEVERA SA\u011eLIK H\u0130Z. VE DAN. T\u0130C. LTD. ST\u0130.","vatID":"936499-0","taxID":"3800538109","medicalSpecialty":["Dermatology","PlasticSurgery","Hair Restoration"],"slogan":"Hair Transplant Turkey - Istanbul 2026","department":{"@type":"MedicalClinic","name":"Hair Restoration Clinic","image":"https:\/\/www.veraclinic.net\/wp-content\/uploads\/2023\/08\/Black.svg"}}]}},"_links":{"self":[{"href":"https:\/\/www.veraclinic.net\/es\/wp-json\/wp\/v2\/pages\/90978","targetHints":{"allow":["GET"]}}],"collection":[{"href":"https:\/\/www.veraclinic.net\/es\/wp-json\/wp\/v2\/pages"}],"about":[{"href":"https:\/\/www.veraclinic.net\/es\/wp-json\/wp\/v2\/types\/page"}],"author":[{"embeddable":true,"href":"https:\/\/www.veraclinic.net\/es\/wp-json\/wp\/v2\/users\/1"}],"replies":[{"embeddable":true,"href":"https:\/\/www.veraclinic.net\/es\/wp-json\/wp\/v2\/comments?post=90978"}],"version-history":[{"count":4,"href":"https:\/\/www.veraclinic.net\/es\/wp-json\/wp\/v2\/pages\/90978\/revisions"}],"predecessor-version":[{"id":149081,"href":"https:\/\/www.veraclinic.net\/es\/wp-json\/wp\/v2\/pages\/90978\/revisions\/149081"}],"wp:attachment":[{"href":"https:\/\/www.veraclinic.net\/es\/wp-json\/wp\/v2\/media?parent=90978"}],"curies":[{"name":"wp","href":"https:\/\/api.w.org\/{rel}","templated":true}]}}