{"id":5550,"date":"2023-07-04T13:04:02","date_gmt":"2023-07-04T10:04:02","guid":{"rendered":"https:\/\/www.veraclinic.net\/caregiver\/"},"modified":"2026-04-14T17:16:39","modified_gmt":"2026-04-14T14:16:39","slug":"nuestro-equipo","status":"publish","type":"page","link":"https:\/\/www.veraclinic.net\/es\/nuestro-equipo\/","title":{"rendered":"Nuestro Equipo"},"content":{"rendered":"<div class=\"gb-container gb-container-48ecba5a\">\n<div class=\"gb-container gb-container-e1f86c54\">\n\n<h5 class=\"gb-headline gb-headline-45618bdc gb-headline-text\">nuestro gran equipo<\/h5>\n\n\n\n<h2 class=\"gb-headline gb-headline-6b7269d6 gb-headline-text\">Nuestro Equipo<\/h2>\n\n\n\n<h2 class=\"gb-headline gb-headline-31340eb1\"><span class=\"gb-icon\"><svg viewBox=\"0 0 36.7 3\" xmlns=\"http:\/\/www.w3.org\/2000\/svg\"><path d=\"M0 0h36.7v3H0z\"><\/path><\/svg><\/span><\/h2>\n\n\n<div class=\"gb-grid-wrapper gb-grid-wrapper-17296987\">\n<div class=\"gb-grid-column gb-grid-column-53bb684b\"><div class=\"gb-container gb-container-53bb684b\">\n<div class=\"gb-container gb-container-7a3a3378\"><a class=\"gb-container-link\" href=\"https:\/\/www.veraclinic.net\/es\/nuestro-equipo\/gokhan-vayni\/\"><\/a>\n<div class=\"gb-container gb-container-8da38549\"><\/div>\n<\/div>\n\n\n<p class=\"gb-headline gb-headline-8ee76213 gb-headline-text\">G\u00f6khan Vayni<\/p>\n\n\n\n<p class=\"gb-headline gb-headline-40cf65a9 gb-headline-text\"><em><em>Transplante Capilar<\/em><\/em><\/p>\n\n<\/div><\/div>\n\n<div class=\"gb-grid-column gb-grid-column-dd19d0b5\"><div class=\"gb-container gb-container-dd19d0b5\">\n<div class=\"gb-container gb-container-8aab87bc\"><a class=\"gb-container-link\" href=\"https:\/\/www.veraclinic.net\/es\/nuestro-equipo\/salim-oz-aysu\/\"><\/a>\n<div class=\"gb-container gb-container-3e59592a\"><\/div>\n<\/div>\n\n\n<p class=\"gb-headline gb-headline-d25d8ae5 gb-headline-text\">Salim \u00d6z Aysu<\/p>\n\n\n\n<p class=\"gb-headline gb-headline-517127d8 gb-headline-text\"><em><em><em><em><em>Director M\u00e9dico<\/em><\/em><\/em><\/em><\/em><\/p>\n\n<\/div><\/div>\n\n<div class=\"gb-grid-column gb-grid-column-378bce61\"><div class=\"gb-container gb-container-378bce61\">\n<div class=\"gb-container gb-container-72f9e35b\"><a class=\"gb-container-link\" href=\"https:\/\/www.veraclinic.net\/es\/nuestro-equipo\/hamit-goz\/\"><\/a>\n<div class=\"gb-container gb-container-56057594\"><\/div>\n<\/div>\n\n\n<p class=\"gb-headline gb-headline-514b3501 gb-headline-text\"><strong>Hamit G\u00f6z<\/strong><\/p>\n\n\n\n<p class=\"gb-headline gb-headline-097b14be gb-headline-text\"><em><em><em><strong>Cirujano Est\u00e9tico, Pl\u00e1stico y Reconstructivo con Amplia Experiencia<\/strong><\/em><\/em><\/em><\/p>\n\n<\/div><\/div>\n\n<div class=\"gb-grid-column gb-grid-column-c4bbc4ab\"><div class=\"gb-container gb-container-c4bbc4ab\">\n<div class=\"gb-container gb-container-b54b42e7\"><a class=\"gb-container-link\" href=\"https:\/\/www.veraclinic.net\/es\/nuestro-equipo\/saim-nedim\/\"><\/a>\n<div class=\"gb-container gb-container-ffc4fb81\"><\/div>\n<\/div>\n\n\n<p class=\"gb-headline gb-headline-407eaf40 gb-headline-text\">Saim Nedim Ecevit<\/p>\n\n\n\n<p class=\"gb-headline gb-headline-5c46a14f gb-headline-text\"><em><em><em><em>Doctor medico<\/em><\/em><\/em><\/em><\/p>\n\n<\/div><\/div>\n\n<div class=\"gb-grid-column gb-grid-column-e7af9cee\"><div class=\"gb-container gb-container-e7af9cee\">\n<div class=\"gb-container gb-container-f21716b8\"><a class=\"gb-container-link\" href=\"https:\/\/www.veraclinic.net\/es\/nuestro-equipo\/emin-gul\/\"><\/a>\n<div class=\"gb-container gb-container-e11b47e3\"><\/div>\n<\/div>\n\n\n<p class=\"gb-headline gb-headline-778fc04c gb-headline-text\">Emin G\u00fcl<\/p>\n\n\n\n<p class=\"gb-headline gb-headline-2c6132e7 gb-headline-text\"><em><em>Doctor medico<\/em><\/em><\/p>\n\n<\/div><\/div>\n\n<div class=\"gb-grid-column gb-grid-column-c5d24f81\"><div class=\"gb-container gb-container-c5d24f81\">\n<div class=\"gb-container gb-container-3d23984d\"><a class=\"gb-container-link\" href=\"https:\/\/www.veraclinic.net\/es\/nuestro-equipo\/mumin-manassra\/\"><\/a>\n<div class=\"gb-container gb-container-1a65f917\"><\/div>\n<\/div>\n\n\n<p class=\"gb-headline gb-headline-35006a75 gb-headline-text\"><strong><strong><strong>M\u00fcmin Manassra<\/strong><\/strong><\/strong><\/p>\n\n\n\n<p class=\"gb-headline gb-headline-e7943d16 gb-headline-text\"><em><em><em><em><em>Dentista<\/em><\/em><\/em><\/em><\/em><\/p>\n\n<\/div><\/div>\n\n<div class=\"gb-grid-column gb-grid-column-b39502a2\"><div class=\"gb-container gb-container-b39502a2\">\n<div class=\"gb-container gb-container-27318e84\"><a class=\"gb-container-link\" href=\"https:\/\/www.veraclinic.net\/es\/nuestro-equipo\/hasan-ali-nogay\/\"><\/a>\n<div class=\"gb-container gb-container-7e942cfe\"><\/div>\n<\/div>\n\n\n<p class=\"gb-headline gb-headline-c7f1d0db gb-headline-text\">Hasan Ali Nogay<\/p>\n\n\n\n<p class=\"gb-headline gb-headline-26ed8346 gb-headline-text\"><em><em>Especialista en medicina hiperb\u00e1rica<\/em><\/em><\/p>\n\n<\/div><\/div>\n\n<div class=\"gb-grid-column gb-grid-column-3ea20cbd\"><div class=\"gb-container gb-container-3ea20cbd\">\n<div class=\"gb-container gb-container-4e2865d2\"><a class=\"gb-container-link\" href=\"https:\/\/www.veraclinic.net\/es\/nuestro-equipo\/dr-ekrem-keskin\/\"><\/a>\n<div class=\"gb-container gb-container-4d0b8683\"><\/div>\n<\/div>\n\n\n<p class=\"gb-headline gb-headline-55161d94 gb-headline-text\">Ekrem Ramazan Keskin<\/p>\n\n\n\n<p class=\"gb-headline gb-headline-066a0a37 gb-headline-text\"><em><em><em><em><em>Cirujano pl\u00e1stico<\/em><\/em><\/em><\/em><\/em><\/p>\n\n<\/div><\/div>\n\n<div class=\"gb-grid-column gb-grid-column-4d369ea2\"><div class=\"gb-container gb-container-4d369ea2\">\n<div class=\"gb-container gb-container-97bef94c\"><a class=\"gb-container-link\" href=\"https:\/\/www.veraclinic.net\/es\/nuestro-equipo\/engin-selamioglu\/\"><\/a>\n<div class=\"gb-container gb-container-e960e4fb\"><\/div>\n<\/div>\n\n\n<p class=\"gb-headline gb-headline-6a35221d gb-headline-text\">Engin Selamio\u011flu<\/p>\n\n\n\n<p class=\"gb-headline gb-headline-43ce8dbc gb-headline-text\"><em><em>Cirujano pl\u00e1stico<\/em><\/em><\/p>\n\n<\/div><\/div>\n\n<div class=\"gb-grid-column gb-grid-column-5eb941b4\"><div class=\"gb-container gb-container-5eb941b4\">\n<div class=\"gb-container gb-container-9b4acfe8\"><a class=\"gb-container-link\" href=\"\/es\/nuestro-equipo\/dr-aidin-chadordouz-jeddi\/\"><\/a>\n<div class=\"gb-container gb-container-31405713\"><\/div>\n<\/div>\n\n\n<p class=\"gb-headline gb-headline-4ab1468c gb-headline-text\"><strong><strong>Dr. Aidin Chadordouz Jeddi<\/strong><\/strong><\/p>\n\n\n\n<p class=\"gb-headline gb-headline-0627af93 gb-headline-text\"><em><em><em><em><strong>Doctor en Medicina<\/strong><\/em><\/em><\/em><\/em><\/p>\n\n<\/div><\/div>\n\n<div class=\"gb-grid-column gb-grid-column-f14aa7c6\"><div class=\"gb-container gb-container-f14aa7c6\">\n<div class=\"gb-container gb-container-3785a809\"><a class=\"gb-container-link\" href=\"\/es\/nuestro-equipo\/dr-nurlan-gasimov\/\"><\/a>\n<div class=\"gb-container gb-container-bd47353b\"><\/div>\n<\/div>\n\n\n<p class=\"gb-headline gb-headline-f665fa25 gb-headline-text\"><strong>Dr. Nurlan Gasimov<\/strong><\/p>\n\n\n\n<p class=\"gb-headline gb-headline-322a67b6 gb-headline-text\"><em><em><em><em>Dentista<\/em><\/em><\/em><\/em><\/p>\n\n<\/div><\/div>\n\n<div class=\"gb-grid-column gb-grid-column-614cbbd9\"><div class=\"gb-container gb-container-614cbbd9\">\n<div class=\"gb-container gb-container-5fbbf3fd\"><a class=\"gb-container-link\" href=\"https:\/\/www.veraclinic.net\/es\/nuestro-equipo\/dr-moyfat-karimov\/\"><\/a>\n<div class=\"gb-container gb-container-2e297652\"><\/div>\n<\/div>\n\n\n<p class=\"gb-headline gb-headline-a12f354f gb-headline-text\"><strong>Dr. Moyfat Karimov<\/strong><\/p>\n\n\n\n<p class=\"gb-headline gb-headline-b304bc75 gb-headline-text\"><em><em><em><em><em><em><em><em><em><em><em><em>Dentista<\/em><\/em><\/em><\/em><\/em><\/em><\/em><\/em><\/em><\/em><\/em><\/em><\/p>\n\n<\/div><\/div>\n\n<div class=\"gb-grid-column gb-grid-column-c41d223d\"><div class=\"gb-container gb-container-c41d223d\">\n<div class=\"gb-container gb-container-a35835f4\"><a class=\"gb-container-link\" href=\"\/es\/nuestro-equipo\/aslican-cakkalkurt\/\"><\/a>\n<div class=\"gb-container gb-container-8c3a1a88\"><\/div>\n<\/div>\n\n\n<p class=\"gb-headline gb-headline-147ef35f gb-headline-text\"><strong>Dr. Asl\u0131can \u00c7akkalkurt<\/strong><\/p>\n\n\n\n<p class=\"gb-headline gb-headline-c4a1bf9d gb-headline-text\"><em><em><em><em>Especialista en medicina hiperb\u00e1rica<\/em><\/em><\/em><\/em><\/p>\n\n<\/div><\/div>\n<\/div>\n<\/div>\n<\/div>","protected":false},"excerpt":{"rendered":"<p>nuestro gran equipo Nuestro Equipo<\/p>\n","protected":false},"author":1,"featured_media":0,"parent":0,"menu_order":0,"comment_status":"closed","ping_status":"closed","template":"","meta":{"inline_featured_image":false,"footnotes":""},"class_list":{"0":"post-5550","1":"page","2":"type-page","3":"status-publish","5":"infinite-scroll-item"},"lang":"es","translations":{"en":1484,"es":5550,"it":5612,"ar":90823,"fr":90824,"de":90825,"pt-pt":90826,"ru":91910},"yoast_head":"<!-- This site is optimized with the Yoast SEO Premium plugin v27.4 (Yoast SEO v27.4) - https:\/\/yoast.com\/product\/yoast-seo-premium-wordpress\/ -->\n<title>Nuestro Equipo - VeraClinic<\/title>\n<meta name=\"description\" content=\"Conozca a nuestro equipo aqu\u00ed en Vera Clinic en Estambul, Turqu\u00eda. Incluyendo cirujanos altamente calificados, dentistas y expertos en cirug\u00eda est\u00e9tica para ayudarlo.\" \/>\n<meta name=\"robots\" content=\"index, follow, max-snippet:-1, max-image-preview:large, max-video-preview:-1\" \/>\n<link rel=\"canonical\" href=\"https:\/\/www.veraclinic.net\/es\/nuestro-equipo\/\" \/>\n<meta property=\"og:locale\" content=\"es_ES\" \/>\n<meta property=\"og:type\" content=\"article\" \/>\n<meta property=\"og:title\" content=\"Nuestro Equipo\" \/>\n<meta property=\"og:description\" content=\"Conozca a nuestro equipo aqu\u00ed en Vera Clinic en Estambul, Turqu\u00eda. Incluyendo cirujanos altamente calificados, dentistas y expertos en cirug\u00eda est\u00e9tica para ayudarlo.\" \/>\n<meta property=\"og:url\" content=\"https:\/\/www.veraclinic.net\/es\/nuestro-equipo\/\" \/>\n<meta property=\"og:site_name\" content=\"VeraClinic\" \/>\n<meta property=\"article:publisher\" content=\"https:\/\/www.facebook.com\/veraclinic.net\" \/>\n<meta property=\"article:modified_time\" content=\"2026-04-14T14:16:39+00:00\" \/>\n<meta property=\"og:image\" content=\"https:\/\/www.veraclinic.net\/wp-content\/uploads\/2023\/10\/387848654_705134914977420_7512145111300864927_n.jpg\" \/>\n\t<meta property=\"og:image:width\" content=\"1640\" \/>\n\t<meta property=\"og:image:height\" content=\"720\" \/>\n\t<meta property=\"og:image:type\" content=\"image\/jpeg\" \/>\n<meta name=\"twitter:card\" content=\"summary_large_image\" \/>\n<meta name=\"twitter:site\" content=\"@veraclinic\" \/>\n<meta name=\"twitter:label1\" content=\"Tiempo de lectura\" \/>\n\t<meta name=\"twitter:data1\" content=\"1 minuto\" \/>\n<script type=\"application\/ld+json\" class=\"yoast-schema-graph\">{\"@context\":\"https:\\\/\\\/schema.org\",\"@graph\":[{\"@type\":\"MedicalWebPage\",\"@id\":\"https:\\\/\\\/www.veraclinic.net\\\/es\\\/nuestro-equipo\\\/#article\",\"isPartOf\":{\"@id\":\"https:\\\/\\\/www.veraclinic.net\\\/es\\\/nuestro-equipo\\\/\"},\"author\":{\"name\":\"Serkan Kaya\",\"@id\":\"https:\\\/\\\/www.veraclinic.net\\\/es\\\/#\\\/schema\\\/person\\\/cf2a89faa60b0f336c0e3ddd9a9ebf93\"},\"headline\":\"Nuestro Equipo\",\"datePublished\":\"2023-07-04T10:04:02+00:00\",\"dateModified\":\"2026-04-14T14:16:39+00:00\",\"mainEntityOfPage\":{\"@id\":\"https:\\\/\\\/www.veraclinic.net\\\/es\\\/nuestro-equipo\\\/\"},\"wordCount\":89,\"publisher\":{\"@id\":\"https:\\\/\\\/www.veraclinic.net\\\/es\\\/#organization\"},\"inLanguage\":\"es\",\"reviewedBy\":{\"@type\":\"Physician\",\"@id\":\"https:\\\/\\\/www.veraclinic.net\\\/our-doctors\\\/emin-gul\\\/#physician\"},\"lastReviewed\":\"2026-04-14\",\"audience\":{\"@type\":\"MedicalAudience\",\"audienceType\":\"Patients\"}},{\"@type\":\"MedicalWebPage\",\"@id\":\"https:\\\/\\\/www.veraclinic.net\\\/es\\\/nuestro-equipo\\\/\",\"url\":\"https:\\\/\\\/www.veraclinic.net\\\/es\\\/nuestro-equipo\\\/\",\"name\":\"Nuestro Equipo - VeraClinic\",\"isPartOf\":{\"@id\":\"https:\\\/\\\/www.veraclinic.net\\\/es\\\/#website\"},\"datePublished\":\"2023-07-04T10:04:02+00:00\",\"dateModified\":\"2026-04-14T14:16:39+00:00\",\"description\":\"Conozca a nuestro equipo aqu\u00ed en Vera Clinic en Estambul, Turqu\u00eda. Incluyendo cirujanos altamente calificados, dentistas y expertos en cirug\u00eda est\u00e9tica para ayudarlo.\",\"breadcrumb\":{\"@id\":\"https:\\\/\\\/www.veraclinic.net\\\/es\\\/nuestro-equipo\\\/#breadcrumb\"},\"inLanguage\":\"es\",\"potentialAction\":[{\"@type\":\"ReadAction\",\"target\":[\"https:\\\/\\\/www.veraclinic.net\\\/es\\\/nuestro-equipo\\\/\"]}],\"reviewedBy\":{\"@type\":\"Physician\",\"@id\":\"https:\\\/\\\/www.veraclinic.net\\\/our-doctors\\\/emin-gul\\\/#physician\"},\"lastReviewed\":\"2026-04-14\",\"audience\":{\"@type\":\"MedicalAudience\",\"audienceType\":\"Patients\"}},{\"@type\":\"BreadcrumbList\",\"@id\":\"https:\\\/\\\/www.veraclinic.net\\\/es\\\/nuestro-equipo\\\/#breadcrumb\",\"itemListElement\":[{\"@type\":\"ListItem\",\"position\":1,\"name\":\"Trasplante capilar Turqu\u00eda\",\"item\":\"https:\\\/\\\/www.veraclinic.net\\\/es\\\/\"},{\"@type\":\"ListItem\",\"position\":2,\"name\":\"Nuestro Equipo\"}]},{\"@type\":\"WebSite\",\"@id\":\"https:\\\/\\\/www.veraclinic.net\\\/es\\\/#website\",\"url\":\"https:\\\/\\\/www.veraclinic.net\\\/es\\\/\",\"name\":\"Hair Transplant Turkey - Istanbul 2026\",\"description\":\"Hair Transplant Turkey - Istanbul 2026\",\"publisher\":{\"@id\":\"https:\\\/\\\/www.veraclinic.net\\\/es\\\/#organization\"},\"alternateName\":\"Vera Clinic\",\"potentialAction\":[{\"@type\":\"SearchAction\",\"target\":{\"@type\":\"EntryPoint\",\"urlTemplate\":\"https:\\\/\\\/www.veraclinic.net\\\/es\\\/?s={search_term_string}\"},\"query-input\":{\"@type\":\"PropertyValueSpecification\",\"valueRequired\":true,\"valueName\":\"search_term_string\"}}],\"inLanguage\":\"es\"},{\"@type\":[\"Organization\",\"MedicalBusiness\",\"MedicalOrganization\"],\"@id\":\"https:\\\/\\\/www.veraclinic.net\\\/#medicalorg\",\"name\":\"Vera Clinic | Hair Transplant Turkey - Istanbul\",\"alternateName\":\"Vera Clinic\",\"url\":\"https:\\\/\\\/www.veraclinic.net\\\/es\\\/\",\"logo\":{\"@type\":\"ImageObject\",\"inLanguage\":\"es\",\"@id\":\"https:\\\/\\\/www.veraclinic.net\\\/es\\\/#\\\/schema\\\/logo\\\/image\\\/\",\"url\":\"https:\\\/\\\/www.veraclinic.net\\\/wp-content\\\/uploads\\\/2023\\\/08\\\/Black.svg\",\"contentUrl\":\"https:\\\/\\\/www.veraclinic.net\\\/wp-content\\\/uploads\\\/2023\\\/08\\\/Black.svg\",\"caption\":\"Vera Clinic | Hair Transplant Turkey - Istanbul\"},\"image\":{\"@id\":\"https:\\\/\\\/www.veraclinic.net\\\/es\\\/#\\\/schema\\\/logo\\\/image\\\/\"},\"sameAs\":[\"https:\\\/\\\/www.facebook.com\\\/veraclinic.net\",\"https:\\\/\\\/x.com\\\/veraclinic\",\"https:\\\/\\\/www.instagram.com\\\/veraclinic\",\"https:\\\/\\\/www.linkedin.com\\\/company\\\/veraclinic\\\/\",\"https:\\\/\\\/www.pinterest.com\\\/veraclinic\\\/\",\"https:\\\/\\\/www.youtube.com\\\/c\\\/VeraClinic\"],\"legalName\":\"ESTEVERA SA\u011eLIK H\u0130Z. VE DAN. T\u0130C. LTD. ST\u0130.\",\"vatID\":\"936499-0\",\"taxID\":\"3800538109\",\"medicalSpecialty\":[\"Dermatology\",\"PlasticSurgery\",\"Hair Restoration\"],\"slogan\":\"Hair Transplant Turkey - Istanbul 2026\",\"department\":{\"@type\":\"MedicalClinic\",\"name\":\"Hair Restoration Clinic\",\"image\":\"https:\\\/\\\/www.veraclinic.net\\\/wp-content\\\/uploads\\\/2023\\\/08\\\/Black.svg\"}},{\"@type\":\"Person\",\"@id\":\"https:\\\/\\\/www.veraclinic.net\\\/es\\\/#\\\/schema\\\/person\\\/cf2a89faa60b0f336c0e3ddd9a9ebf93\",\"name\":\"Serkan Kaya\",\"image\":{\"@type\":\"ImageObject\",\"inLanguage\":\"es\",\"@id\":\"https:\\\/\\\/secure.gravatar.com\\\/avatar\\\/7be7270f63c439d0c7a2eb338af8fdae8d8a9bcf26af0aa6d1e01bfdf92390b5?s=96&d=mm&r=g\",\"url\":\"https:\\\/\\\/secure.gravatar.com\\\/avatar\\\/7be7270f63c439d0c7a2eb338af8fdae8d8a9bcf26af0aa6d1e01bfdf92390b5?s=96&d=mm&r=g\",\"contentUrl\":\"https:\\\/\\\/secure.gravatar.com\\\/avatar\\\/7be7270f63c439d0c7a2eb338af8fdae8d8a9bcf26af0aa6d1e01bfdf92390b5?s=96&d=mm&r=g\",\"caption\":\"Serkan Kaya\"},\"sameAs\":[\"https:\\\/\\\/www.veraclinic.net\"]}]}<\/script>\n<!-- \/ Yoast SEO Premium plugin. -->","yoast_head_json":{"title":"Nuestro Equipo - VeraClinic","description":"Conozca a nuestro equipo aqu\u00ed en Vera Clinic en Estambul, Turqu\u00eda. Incluyendo cirujanos altamente calificados, dentistas y expertos en cirug\u00eda est\u00e9tica para ayudarlo.","robots":{"index":"index","follow":"follow","max-snippet":"max-snippet:-1","max-image-preview":"max-image-preview:large","max-video-preview":"max-video-preview:-1"},"canonical":"https:\/\/www.veraclinic.net\/es\/nuestro-equipo\/","og_locale":"es_ES","og_type":"article","og_title":"Nuestro Equipo","og_description":"Conozca a nuestro equipo aqu\u00ed en Vera Clinic en Estambul, Turqu\u00eda. Incluyendo cirujanos altamente calificados, dentistas y expertos en cirug\u00eda est\u00e9tica para ayudarlo.","og_url":"https:\/\/www.veraclinic.net\/es\/nuestro-equipo\/","og_site_name":"VeraClinic","article_publisher":"https:\/\/www.facebook.com\/veraclinic.net","article_modified_time":"2026-04-14T14:16:39+00:00","og_image":[{"width":1640,"height":720,"url":"https:\/\/www.veraclinic.net\/wp-content\/uploads\/2023\/10\/387848654_705134914977420_7512145111300864927_n.jpg","type":"image\/jpeg"}],"twitter_card":"summary_large_image","twitter_site":"@veraclinic","twitter_misc":{"Tiempo de lectura":"1 minuto"},"schema":{"@context":"https:\/\/schema.org","@graph":[{"@type":"MedicalWebPage","@id":"https:\/\/www.veraclinic.net\/es\/nuestro-equipo\/#article","isPartOf":{"@id":"https:\/\/www.veraclinic.net\/es\/nuestro-equipo\/"},"author":{"name":"Serkan Kaya","@id":"https:\/\/www.veraclinic.net\/es\/#\/schema\/person\/cf2a89faa60b0f336c0e3ddd9a9ebf93"},"headline":"Nuestro Equipo","datePublished":"2023-07-04T10:04:02+00:00","dateModified":"2026-04-14T14:16:39+00:00","mainEntityOfPage":{"@id":"https:\/\/www.veraclinic.net\/es\/nuestro-equipo\/"},"wordCount":89,"publisher":{"@id":"https:\/\/www.veraclinic.net\/es\/#organization"},"inLanguage":"es","reviewedBy":{"@type":"Physician","@id":"https:\/\/www.veraclinic.net\/our-doctors\/emin-gul\/#physician"},"lastReviewed":"2026-04-14","audience":{"@type":"MedicalAudience","audienceType":"Patients"}},{"@type":"MedicalWebPage","@id":"https:\/\/www.veraclinic.net\/es\/nuestro-equipo\/","url":"https:\/\/www.veraclinic.net\/es\/nuestro-equipo\/","name":"Nuestro Equipo - VeraClinic","isPartOf":{"@id":"https:\/\/www.veraclinic.net\/es\/#website"},"datePublished":"2023-07-04T10:04:02+00:00","dateModified":"2026-04-14T14:16:39+00:00","description":"Conozca a nuestro equipo aqu\u00ed en Vera Clinic en Estambul, Turqu\u00eda. Incluyendo cirujanos altamente calificados, dentistas y expertos en cirug\u00eda est\u00e9tica para ayudarlo.","breadcrumb":{"@id":"https:\/\/www.veraclinic.net\/es\/nuestro-equipo\/#breadcrumb"},"inLanguage":"es","potentialAction":[{"@type":"ReadAction","target":["https:\/\/www.veraclinic.net\/es\/nuestro-equipo\/"]}],"reviewedBy":{"@type":"Physician","@id":"https:\/\/www.veraclinic.net\/our-doctors\/emin-gul\/#physician"},"lastReviewed":"2026-04-14","audience":{"@type":"MedicalAudience","audienceType":"Patients"}},{"@type":"BreadcrumbList","@id":"https:\/\/www.veraclinic.net\/es\/nuestro-equipo\/#breadcrumb","itemListElement":[{"@type":"ListItem","position":1,"name":"Trasplante capilar Turqu\u00eda","item":"https:\/\/www.veraclinic.net\/es\/"},{"@type":"ListItem","position":2,"name":"Nuestro Equipo"}]},{"@type":"WebSite","@id":"https:\/\/www.veraclinic.net\/es\/#website","url":"https:\/\/www.veraclinic.net\/es\/","name":"Hair Transplant Turkey - Istanbul 2026","description":"Hair Transplant Turkey - Istanbul 2026","publisher":{"@id":"https:\/\/www.veraclinic.net\/es\/#organization"},"alternateName":"Vera Clinic","potentialAction":[{"@type":"SearchAction","target":{"@type":"EntryPoint","urlTemplate":"https:\/\/www.veraclinic.net\/es\/?s={search_term_string}"},"query-input":{"@type":"PropertyValueSpecification","valueRequired":true,"valueName":"search_term_string"}}],"inLanguage":"es"},{"@type":["Organization","MedicalBusiness","MedicalOrganization"],"@id":"https:\/\/www.veraclinic.net\/#medicalorg","name":"Vera Clinic | Hair Transplant Turkey - Istanbul","alternateName":"Vera Clinic","url":"https:\/\/www.veraclinic.net\/es\/","logo":{"@type":"ImageObject","inLanguage":"es","@id":"https:\/\/www.veraclinic.net\/es\/#\/schema\/logo\/image\/","url":"https:\/\/www.veraclinic.net\/wp-content\/uploads\/2023\/08\/Black.svg","contentUrl":"https:\/\/www.veraclinic.net\/wp-content\/uploads\/2023\/08\/Black.svg","caption":"Vera Clinic | Hair Transplant Turkey - Istanbul"},"image":{"@id":"https:\/\/www.veraclinic.net\/es\/#\/schema\/logo\/image\/"},"sameAs":["https:\/\/www.facebook.com\/veraclinic.net","https:\/\/x.com\/veraclinic","https:\/\/www.instagram.com\/veraclinic","https:\/\/www.linkedin.com\/company\/veraclinic\/","https:\/\/www.pinterest.com\/veraclinic\/","https:\/\/www.youtube.com\/c\/VeraClinic"],"legalName":"ESTEVERA SA\u011eLIK H\u0130Z. VE DAN. T\u0130C. LTD. ST\u0130.","vatID":"936499-0","taxID":"3800538109","medicalSpecialty":["Dermatology","PlasticSurgery","Hair Restoration"],"slogan":"Hair Transplant Turkey - Istanbul 2026","department":{"@type":"MedicalClinic","name":"Hair Restoration Clinic","image":"https:\/\/www.veraclinic.net\/wp-content\/uploads\/2023\/08\/Black.svg"}},{"@type":"Person","@id":"https:\/\/www.veraclinic.net\/es\/#\/schema\/person\/cf2a89faa60b0f336c0e3ddd9a9ebf93","name":"Serkan Kaya","image":{"@type":"ImageObject","inLanguage":"es","@id":"https:\/\/secure.gravatar.com\/avatar\/7be7270f63c439d0c7a2eb338af8fdae8d8a9bcf26af0aa6d1e01bfdf92390b5?s=96&d=mm&r=g","url":"https:\/\/secure.gravatar.com\/avatar\/7be7270f63c439d0c7a2eb338af8fdae8d8a9bcf26af0aa6d1e01bfdf92390b5?s=96&d=mm&r=g","contentUrl":"https:\/\/secure.gravatar.com\/avatar\/7be7270f63c439d0c7a2eb338af8fdae8d8a9bcf26af0aa6d1e01bfdf92390b5?s=96&d=mm&r=g","caption":"Serkan Kaya"},"sameAs":["https:\/\/www.veraclinic.net"]}]}},"_links":{"self":[{"href":"https:\/\/www.veraclinic.net\/es\/wp-json\/wp\/v2\/pages\/5550","targetHints":{"allow":["GET"]}}],"collection":[{"href":"https:\/\/www.veraclinic.net\/es\/wp-json\/wp\/v2\/pages"}],"about":[{"href":"https:\/\/www.veraclinic.net\/es\/wp-json\/wp\/v2\/types\/page"}],"author":[{"embeddable":true,"href":"https:\/\/www.veraclinic.net\/es\/wp-json\/wp\/v2\/users\/1"}],"replies":[{"embeddable":true,"href":"https:\/\/www.veraclinic.net\/es\/wp-json\/wp\/v2\/comments?post=5550"}],"version-history":[{"count":31,"href":"https:\/\/www.veraclinic.net\/es\/wp-json\/wp\/v2\/pages\/5550\/revisions"}],"predecessor-version":[{"id":167179,"href":"https:\/\/www.veraclinic.net\/es\/wp-json\/wp\/v2\/pages\/5550\/revisions\/167179"}],"wp:attachment":[{"href":"https:\/\/www.veraclinic.net\/es\/wp-json\/wp\/v2\/media?parent=5550"}],"curies":[{"name":"wp","href":"https:\/\/api.w.org\/{rel}","templated":true}]}}