{"id":151990,"date":"2025-08-22T09:25:00","date_gmt":"2025-08-22T09:25:00","guid":{"rendered":"https:\/\/www.veraclinic.net\/nuestro-equipo\/dr-nurlan-gasimov\/"},"modified":"2025-08-22T09:42:18","modified_gmt":"2025-08-22T09:42:18","slug":"dr-nurlan-gasimov","status":"publish","type":"page","link":"https:\/\/www.veraclinic.net\/es\/nuestro-equipo\/dr-nurlan-gasimov\/","title":{"rendered":"Dr. Nurlan Gasimov"},"content":{"rendered":"<div class=\"gb-container gb-container-48ecba5a\">\n<div class=\"gb-container gb-container-e1f86c54\">\n<div class=\"gb-container gb-container-2fc5b5ef\">\n<div class=\"gb-container gb-container-b6706725\">\n<div class=\"gb-grid-wrapper gb-grid-wrapper-3ce32d4f\">\n<div class=\"gb-grid-column gb-grid-column-01509a69\"><div class=\"gb-container gb-container-01509a69\">\n\n<p class=\"gb-headline gb-headline-95ef6b19 gb-headline-text\"><a href=\"https:\/\/www.veraclinic.net\/es\/nuestro-equipo\/dt-nilay-calikoglu\/nilay-calikoglu-2\/#main#main\"><\/a><strong><strong><strong>Dr. Nurlan Gasimov<\/strong><\/strong><\/strong><\/p>\n\n\n\n<h3 class=\"gb-headline gb-headline-57eb9562 gb-headline-text\"><em><strong><em>Dentista<\/em><\/strong><\/em><\/h3>\n\n\n\n<p>Se gradu\u00f3 en la Facultad de Odontolog\u00eda de la Universidad M\u00e9dica de Azerbaiy\u00e1n en 2011. Nuestro doctor, que cuenta con 12 a\u00f1os de experiencia en su profesi\u00f3n, trabaj\u00f3 como especialista en Bak\u00fa entre 2012 y 2017 y ejerce como dentista en Turqu\u00eda desde 2017.<\/p>\n\n\n\n<p>El Dr. Nurlan Gas\u0131mov, que ha adquirido experiencia realizando numerosos procedimientos en muchos tratamientos dentales hasta la fecha y es conocido por la comodidad que ofrece a los pacientes durante el proceso de tratamiento con soluciones eficaces y r\u00e1pidas, contin\u00faa desarrollando sus competencias con cursos, certificados y seminarios.<\/p>\n\n\n<div class=\"gb-container gb-container-07080c07\"><\/div>\n<\/div><\/div>\n\n<div class=\"gb-grid-column gb-grid-column-9471f60b\"><div class=\"gb-container gb-container-9471f60b\">\n\n<figure class=\"gb-block-image gb-block-image-6e351467\"><img loading=\"lazy\" decoding=\"async\" width=\"458\" height=\"498\" class=\"gb-image gb-image-6e351467\" src=\"https:\/\/www.veraclinic.net\/wp-content\/uploads\/2025\/08\/nurlan_gasimov.webp\" alt=\"\" title=\"nurlan_gasimov\" srcset=\"https:\/\/www.veraclinic.net\/wp-content\/uploads\/2025\/08\/nurlan_gasimov.webp 458w, https:\/\/www.veraclinic.net\/wp-content\/uploads\/2025\/08\/nurlan_gasimov-276x300.webp 276w\" sizes=\"auto, (max-width: 458px) 100vw, 458px\" \/><\/figure>\n\n\n<div class=\"gb-container gb-container-ec11ecc3\"><\/div>\n<\/div><\/div>\n<\/div>\n<\/div>\n<\/div>\n<\/div>\n<\/div>","protected":false},"excerpt":{"rendered":"","protected":false},"author":1,"featured_media":0,"parent":5550,"menu_order":0,"comment_status":"closed","ping_status":"closed","template":"","meta":{"inline_featured_image":false,"footnotes":""},"class_list":{"0":"post-151990","1":"page","2":"type-page","3":"status-publish","5":"infinite-scroll-item"},"lang":"es","translations":{"en":151981,"ar":151984,"fr":151985,"de":151986,"it":151987,"pt-pt":151988,"ru":151989,"es":151990},"yoast_head":"<!-- This site is optimized with the Yoast SEO Premium plugin v27.4 (Yoast SEO v27.4) - https:\/\/yoast.com\/product\/yoast-seo-premium-wordpress\/ -->\n<title>Dr. Nurlan Gasimov - Vera Clinic<\/title>\n<meta name=\"robots\" content=\"index, follow, max-snippet:-1, max-image-preview:large, max-video-preview:-1\" \/>\n<link rel=\"canonical\" href=\"https:\/\/www.veraclinic.net\/es\/nuestro-equipo\/dr-nurlan-gasimov\/\" \/>\n<meta property=\"og:locale\" content=\"es_ES\" \/>\n<meta property=\"og:type\" content=\"article\" \/>\n<meta property=\"og:title\" content=\"Dr. Nurlan Gasimov\" \/>\n<meta property=\"og:url\" content=\"https:\/\/www.veraclinic.net\/es\/nuestro-equipo\/dr-nurlan-gasimov\/\" \/>\n<meta property=\"og:site_name\" content=\"VeraClinic\" \/>\n<meta property=\"article:publisher\" content=\"https:\/\/www.facebook.com\/veraclinic.net\" \/>\n<meta property=\"article:modified_time\" content=\"2025-08-22T09:42:18+00:00\" \/>\n<meta property=\"og:image\" content=\"https:\/\/www.veraclinic.net\/wp-content\/uploads\/2025\/08\/nurlan_gasimov.webp\" \/>\n<meta name=\"twitter:card\" content=\"summary_large_image\" \/>\n<meta name=\"twitter:site\" content=\"@veraclinic\" \/>\n<meta name=\"twitter:label1\" content=\"Tiempo de lectura\" \/>\n\t<meta name=\"twitter:data1\" content=\"1 minuto\" \/>\n<script type=\"application\/ld+json\" class=\"yoast-schema-graph\">{\"@context\":\"https:\\\/\\\/schema.org\",\"@graph\":[{\"@type\":\"MedicalWebPage\",\"@id\":\"https:\\\/\\\/www.veraclinic.net\\\/es\\\/nuestro-equipo\\\/dr-nurlan-gasimov\\\/#article\",\"isPartOf\":{\"@id\":\"https:\\\/\\\/www.veraclinic.net\\\/es\\\/nuestro-equipo\\\/dr-nurlan-gasimov\\\/\"},\"author\":{\"name\":\"Serkan Kaya\",\"@id\":\"https:\\\/\\\/www.veraclinic.net\\\/es\\\/#\\\/schema\\\/person\\\/cf2a89faa60b0f336c0e3ddd9a9ebf93\"},\"headline\":\"Dr. Nurlan Gasimov\",\"datePublished\":\"2025-08-22T09:25:00+00:00\",\"dateModified\":\"2025-08-22T09:42:18+00:00\",\"mainEntityOfPage\":{\"@id\":\"https:\\\/\\\/www.veraclinic.net\\\/es\\\/nuestro-equipo\\\/dr-nurlan-gasimov\\\/\"},\"wordCount\":103,\"publisher\":{\"@id\":\"https:\\\/\\\/www.veraclinic.net\\\/es\\\/#organization\"},\"image\":{\"@id\":\"https:\\\/\\\/www.veraclinic.net\\\/es\\\/nuestro-equipo\\\/dr-nurlan-gasimov\\\/#primaryimage\"},\"thumbnailUrl\":\"https:\\\/\\\/www.veraclinic.net\\\/wp-content\\\/uploads\\\/2025\\\/08\\\/nurlan_gasimov.webp\",\"inLanguage\":\"es\",\"reviewedBy\":{\"@type\":\"Physician\",\"@id\":\"https:\\\/\\\/www.veraclinic.net\\\/our-doctors\\\/emin-gul\\\/#physician\"},\"lastReviewed\":\"2025-08-22\",\"audience\":{\"@type\":\"MedicalAudience\",\"audienceType\":\"Patients\"}},{\"@type\":\"MedicalWebPage\",\"@id\":\"https:\\\/\\\/www.veraclinic.net\\\/es\\\/nuestro-equipo\\\/dr-nurlan-gasimov\\\/\",\"url\":\"https:\\\/\\\/www.veraclinic.net\\\/es\\\/nuestro-equipo\\\/dr-nurlan-gasimov\\\/\",\"name\":\"Dr. Nurlan Gasimov - Vera Clinic\",\"isPartOf\":{\"@id\":\"https:\\\/\\\/www.veraclinic.net\\\/es\\\/#website\"},\"primaryImageOfPage\":{\"@id\":\"https:\\\/\\\/www.veraclinic.net\\\/es\\\/nuestro-equipo\\\/dr-nurlan-gasimov\\\/#primaryimage\"},\"image\":{\"@id\":\"https:\\\/\\\/www.veraclinic.net\\\/es\\\/nuestro-equipo\\\/dr-nurlan-gasimov\\\/#primaryimage\"},\"thumbnailUrl\":\"https:\\\/\\\/www.veraclinic.net\\\/wp-content\\\/uploads\\\/2025\\\/08\\\/nurlan_gasimov.webp\",\"datePublished\":\"2025-08-22T09:25:00+00:00\",\"dateModified\":\"2025-08-22T09:42:18+00:00\",\"breadcrumb\":{\"@id\":\"https:\\\/\\\/www.veraclinic.net\\\/es\\\/nuestro-equipo\\\/dr-nurlan-gasimov\\\/#breadcrumb\"},\"inLanguage\":\"es\",\"potentialAction\":[{\"@type\":\"ReadAction\",\"target\":[\"https:\\\/\\\/www.veraclinic.net\\\/es\\\/nuestro-equipo\\\/dr-nurlan-gasimov\\\/\"]}],\"reviewedBy\":{\"@type\":\"Physician\",\"@id\":\"https:\\\/\\\/www.veraclinic.net\\\/our-doctors\\\/emin-gul\\\/#physician\"},\"lastReviewed\":\"2025-08-22\",\"audience\":{\"@type\":\"MedicalAudience\",\"audienceType\":\"Patients\"}},{\"@type\":\"ImageObject\",\"inLanguage\":\"es\",\"@id\":\"https:\\\/\\\/www.veraclinic.net\\\/es\\\/nuestro-equipo\\\/dr-nurlan-gasimov\\\/#primaryimage\",\"url\":\"https:\\\/\\\/www.veraclinic.net\\\/wp-content\\\/uploads\\\/2025\\\/08\\\/nurlan_gasimov.webp\",\"contentUrl\":\"https:\\\/\\\/www.veraclinic.net\\\/wp-content\\\/uploads\\\/2025\\\/08\\\/nurlan_gasimov.webp\"},{\"@type\":\"BreadcrumbList\",\"@id\":\"https:\\\/\\\/www.veraclinic.net\\\/es\\\/nuestro-equipo\\\/dr-nurlan-gasimov\\\/#breadcrumb\",\"itemListElement\":[{\"@type\":\"ListItem\",\"position\":1,\"name\":\"Trasplante capilar Turqu\u00eda\",\"item\":\"https:\\\/\\\/www.veraclinic.net\\\/es\\\/\"},{\"@type\":\"ListItem\",\"position\":2,\"name\":\"Nuestro Equipo\",\"item\":\"https:\\\/\\\/www.veraclinic.net\\\/es\\\/nuestro-equipo\\\/\"},{\"@type\":\"ListItem\",\"position\":3,\"name\":\"Dr. Nurlan Gasimov\"}]},{\"@type\":\"WebSite\",\"@id\":\"https:\\\/\\\/www.veraclinic.net\\\/es\\\/#website\",\"url\":\"https:\\\/\\\/www.veraclinic.net\\\/es\\\/\",\"name\":\"Hair Transplant Turkey - Istanbul 2026\",\"description\":\"Hair Transplant Turkey - Istanbul 2026\",\"publisher\":{\"@id\":\"https:\\\/\\\/www.veraclinic.net\\\/es\\\/#organization\"},\"alternateName\":\"Vera Clinic\",\"potentialAction\":[{\"@type\":\"SearchAction\",\"target\":{\"@type\":\"EntryPoint\",\"urlTemplate\":\"https:\\\/\\\/www.veraclinic.net\\\/es\\\/?s={search_term_string}\"},\"query-input\":{\"@type\":\"PropertyValueSpecification\",\"valueRequired\":true,\"valueName\":\"search_term_string\"}}],\"inLanguage\":\"es\"},{\"@type\":[\"Organization\",\"MedicalBusiness\",\"MedicalOrganization\"],\"@id\":\"https:\\\/\\\/www.veraclinic.net\\\/#medicalorg\",\"name\":\"Vera Clinic | Hair Transplant Turkey - Istanbul\",\"alternateName\":\"Vera Clinic\",\"url\":\"https:\\\/\\\/www.veraclinic.net\\\/es\\\/\",\"logo\":{\"@type\":\"ImageObject\",\"inLanguage\":\"es\",\"@id\":\"https:\\\/\\\/www.veraclinic.net\\\/es\\\/#\\\/schema\\\/logo\\\/image\\\/\",\"url\":\"https:\\\/\\\/www.veraclinic.net\\\/wp-content\\\/uploads\\\/2023\\\/08\\\/Black.svg\",\"contentUrl\":\"https:\\\/\\\/www.veraclinic.net\\\/wp-content\\\/uploads\\\/2023\\\/08\\\/Black.svg\",\"caption\":\"Vera Clinic | Hair Transplant Turkey - Istanbul\"},\"image\":{\"@id\":\"https:\\\/\\\/www.veraclinic.net\\\/es\\\/#\\\/schema\\\/logo\\\/image\\\/\"},\"sameAs\":[\"https:\\\/\\\/www.facebook.com\\\/veraclinic.net\",\"https:\\\/\\\/x.com\\\/veraclinic\",\"https:\\\/\\\/www.instagram.com\\\/veraclinic\",\"https:\\\/\\\/www.linkedin.com\\\/company\\\/veraclinic\\\/\",\"https:\\\/\\\/www.pinterest.com\\\/veraclinic\\\/\",\"https:\\\/\\\/www.youtube.com\\\/c\\\/VeraClinic\"],\"legalName\":\"ESTEVERA SA\u011eLIK H\u0130Z. VE DAN. T\u0130C. LTD. ST\u0130.\",\"vatID\":\"936499-0\",\"taxID\":\"3800538109\",\"medicalSpecialty\":[\"Dermatology\",\"PlasticSurgery\",\"Hair Restoration\"],\"slogan\":\"Hair Transplant Turkey - Istanbul 2026\",\"department\":{\"@type\":\"MedicalClinic\",\"name\":\"Hair Restoration Clinic\",\"image\":\"https:\\\/\\\/www.veraclinic.net\\\/wp-content\\\/uploads\\\/2023\\\/08\\\/Black.svg\"}},{\"@type\":\"Person\",\"@id\":\"https:\\\/\\\/www.veraclinic.net\\\/es\\\/#\\\/schema\\\/person\\\/cf2a89faa60b0f336c0e3ddd9a9ebf93\",\"name\":\"Serkan Kaya\",\"image\":{\"@type\":\"ImageObject\",\"inLanguage\":\"es\",\"@id\":\"https:\\\/\\\/secure.gravatar.com\\\/avatar\\\/7be7270f63c439d0c7a2eb338af8fdae8d8a9bcf26af0aa6d1e01bfdf92390b5?s=96&d=mm&r=g\",\"url\":\"https:\\\/\\\/secure.gravatar.com\\\/avatar\\\/7be7270f63c439d0c7a2eb338af8fdae8d8a9bcf26af0aa6d1e01bfdf92390b5?s=96&d=mm&r=g\",\"contentUrl\":\"https:\\\/\\\/secure.gravatar.com\\\/avatar\\\/7be7270f63c439d0c7a2eb338af8fdae8d8a9bcf26af0aa6d1e01bfdf92390b5?s=96&d=mm&r=g\",\"caption\":\"Serkan Kaya\"},\"sameAs\":[\"https:\\\/\\\/www.veraclinic.net\"]}]}<\/script>\n<!-- \/ Yoast SEO Premium plugin. -->","yoast_head_json":{"title":"Dr. Nurlan Gasimov - Vera Clinic","robots":{"index":"index","follow":"follow","max-snippet":"max-snippet:-1","max-image-preview":"max-image-preview:large","max-video-preview":"max-video-preview:-1"},"canonical":"https:\/\/www.veraclinic.net\/es\/nuestro-equipo\/dr-nurlan-gasimov\/","og_locale":"es_ES","og_type":"article","og_title":"Dr. Nurlan Gasimov","og_url":"https:\/\/www.veraclinic.net\/es\/nuestro-equipo\/dr-nurlan-gasimov\/","og_site_name":"VeraClinic","article_publisher":"https:\/\/www.facebook.com\/veraclinic.net","article_modified_time":"2025-08-22T09:42:18+00:00","og_image":[{"url":"https:\/\/www.veraclinic.net\/wp-content\/uploads\/2025\/08\/nurlan_gasimov.webp","type":"","width":"","height":""}],"twitter_card":"summary_large_image","twitter_site":"@veraclinic","twitter_misc":{"Tiempo de lectura":"1 minuto"},"schema":{"@context":"https:\/\/schema.org","@graph":[{"@type":"MedicalWebPage","@id":"https:\/\/www.veraclinic.net\/es\/nuestro-equipo\/dr-nurlan-gasimov\/#article","isPartOf":{"@id":"https:\/\/www.veraclinic.net\/es\/nuestro-equipo\/dr-nurlan-gasimov\/"},"author":{"name":"Serkan Kaya","@id":"https:\/\/www.veraclinic.net\/es\/#\/schema\/person\/cf2a89faa60b0f336c0e3ddd9a9ebf93"},"headline":"Dr. Nurlan Gasimov","datePublished":"2025-08-22T09:25:00+00:00","dateModified":"2025-08-22T09:42:18+00:00","mainEntityOfPage":{"@id":"https:\/\/www.veraclinic.net\/es\/nuestro-equipo\/dr-nurlan-gasimov\/"},"wordCount":103,"publisher":{"@id":"https:\/\/www.veraclinic.net\/es\/#organization"},"image":{"@id":"https:\/\/www.veraclinic.net\/es\/nuestro-equipo\/dr-nurlan-gasimov\/#primaryimage"},"thumbnailUrl":"https:\/\/www.veraclinic.net\/wp-content\/uploads\/2025\/08\/nurlan_gasimov.webp","inLanguage":"es","reviewedBy":{"@type":"Physician","@id":"https:\/\/www.veraclinic.net\/our-doctors\/emin-gul\/#physician"},"lastReviewed":"2025-08-22","audience":{"@type":"MedicalAudience","audienceType":"Patients"}},{"@type":"MedicalWebPage","@id":"https:\/\/www.veraclinic.net\/es\/nuestro-equipo\/dr-nurlan-gasimov\/","url":"https:\/\/www.veraclinic.net\/es\/nuestro-equipo\/dr-nurlan-gasimov\/","name":"Dr. Nurlan Gasimov - Vera Clinic","isPartOf":{"@id":"https:\/\/www.veraclinic.net\/es\/#website"},"primaryImageOfPage":{"@id":"https:\/\/www.veraclinic.net\/es\/nuestro-equipo\/dr-nurlan-gasimov\/#primaryimage"},"image":{"@id":"https:\/\/www.veraclinic.net\/es\/nuestro-equipo\/dr-nurlan-gasimov\/#primaryimage"},"thumbnailUrl":"https:\/\/www.veraclinic.net\/wp-content\/uploads\/2025\/08\/nurlan_gasimov.webp","datePublished":"2025-08-22T09:25:00+00:00","dateModified":"2025-08-22T09:42:18+00:00","breadcrumb":{"@id":"https:\/\/www.veraclinic.net\/es\/nuestro-equipo\/dr-nurlan-gasimov\/#breadcrumb"},"inLanguage":"es","potentialAction":[{"@type":"ReadAction","target":["https:\/\/www.veraclinic.net\/es\/nuestro-equipo\/dr-nurlan-gasimov\/"]}],"reviewedBy":{"@type":"Physician","@id":"https:\/\/www.veraclinic.net\/our-doctors\/emin-gul\/#physician"},"lastReviewed":"2025-08-22","audience":{"@type":"MedicalAudience","audienceType":"Patients"}},{"@type":"ImageObject","inLanguage":"es","@id":"https:\/\/www.veraclinic.net\/es\/nuestro-equipo\/dr-nurlan-gasimov\/#primaryimage","url":"https:\/\/www.veraclinic.net\/wp-content\/uploads\/2025\/08\/nurlan_gasimov.webp","contentUrl":"https:\/\/www.veraclinic.net\/wp-content\/uploads\/2025\/08\/nurlan_gasimov.webp"},{"@type":"BreadcrumbList","@id":"https:\/\/www.veraclinic.net\/es\/nuestro-equipo\/dr-nurlan-gasimov\/#breadcrumb","itemListElement":[{"@type":"ListItem","position":1,"name":"Trasplante capilar Turqu\u00eda","item":"https:\/\/www.veraclinic.net\/es\/"},{"@type":"ListItem","position":2,"name":"Nuestro Equipo","item":"https:\/\/www.veraclinic.net\/es\/nuestro-equipo\/"},{"@type":"ListItem","position":3,"name":"Dr. Nurlan Gasimov"}]},{"@type":"WebSite","@id":"https:\/\/www.veraclinic.net\/es\/#website","url":"https:\/\/www.veraclinic.net\/es\/","name":"Hair Transplant Turkey - Istanbul 2026","description":"Hair Transplant Turkey - Istanbul 2026","publisher":{"@id":"https:\/\/www.veraclinic.net\/es\/#organization"},"alternateName":"Vera Clinic","potentialAction":[{"@type":"SearchAction","target":{"@type":"EntryPoint","urlTemplate":"https:\/\/www.veraclinic.net\/es\/?s={search_term_string}"},"query-input":{"@type":"PropertyValueSpecification","valueRequired":true,"valueName":"search_term_string"}}],"inLanguage":"es"},{"@type":["Organization","MedicalBusiness","MedicalOrganization"],"@id":"https:\/\/www.veraclinic.net\/#medicalorg","name":"Vera Clinic | Hair Transplant Turkey - Istanbul","alternateName":"Vera Clinic","url":"https:\/\/www.veraclinic.net\/es\/","logo":{"@type":"ImageObject","inLanguage":"es","@id":"https:\/\/www.veraclinic.net\/es\/#\/schema\/logo\/image\/","url":"https:\/\/www.veraclinic.net\/wp-content\/uploads\/2023\/08\/Black.svg","contentUrl":"https:\/\/www.veraclinic.net\/wp-content\/uploads\/2023\/08\/Black.svg","caption":"Vera Clinic | Hair Transplant Turkey - Istanbul"},"image":{"@id":"https:\/\/www.veraclinic.net\/es\/#\/schema\/logo\/image\/"},"sameAs":["https:\/\/www.facebook.com\/veraclinic.net","https:\/\/x.com\/veraclinic","https:\/\/www.instagram.com\/veraclinic","https:\/\/www.linkedin.com\/company\/veraclinic\/","https:\/\/www.pinterest.com\/veraclinic\/","https:\/\/www.youtube.com\/c\/VeraClinic"],"legalName":"ESTEVERA SA\u011eLIK H\u0130Z. VE DAN. T\u0130C. LTD. ST\u0130.","vatID":"936499-0","taxID":"3800538109","medicalSpecialty":["Dermatology","PlasticSurgery","Hair Restoration"],"slogan":"Hair Transplant Turkey - Istanbul 2026","department":{"@type":"MedicalClinic","name":"Hair Restoration Clinic","image":"https:\/\/www.veraclinic.net\/wp-content\/uploads\/2023\/08\/Black.svg"}},{"@type":"Person","@id":"https:\/\/www.veraclinic.net\/es\/#\/schema\/person\/cf2a89faa60b0f336c0e3ddd9a9ebf93","name":"Serkan Kaya","image":{"@type":"ImageObject","inLanguage":"es","@id":"https:\/\/secure.gravatar.com\/avatar\/7be7270f63c439d0c7a2eb338af8fdae8d8a9bcf26af0aa6d1e01bfdf92390b5?s=96&d=mm&r=g","url":"https:\/\/secure.gravatar.com\/avatar\/7be7270f63c439d0c7a2eb338af8fdae8d8a9bcf26af0aa6d1e01bfdf92390b5?s=96&d=mm&r=g","contentUrl":"https:\/\/secure.gravatar.com\/avatar\/7be7270f63c439d0c7a2eb338af8fdae8d8a9bcf26af0aa6d1e01bfdf92390b5?s=96&d=mm&r=g","caption":"Serkan Kaya"},"sameAs":["https:\/\/www.veraclinic.net"]}]}},"_links":{"self":[{"href":"https:\/\/www.veraclinic.net\/es\/wp-json\/wp\/v2\/pages\/151990","targetHints":{"allow":["GET"]}}],"collection":[{"href":"https:\/\/www.veraclinic.net\/es\/wp-json\/wp\/v2\/pages"}],"about":[{"href":"https:\/\/www.veraclinic.net\/es\/wp-json\/wp\/v2\/types\/page"}],"author":[{"embeddable":true,"href":"https:\/\/www.veraclinic.net\/es\/wp-json\/wp\/v2\/users\/1"}],"replies":[{"embeddable":true,"href":"https:\/\/www.veraclinic.net\/es\/wp-json\/wp\/v2\/comments?post=151990"}],"version-history":[{"count":1,"href":"https:\/\/www.veraclinic.net\/es\/wp-json\/wp\/v2\/pages\/151990\/revisions"}],"predecessor-version":[{"id":151998,"href":"https:\/\/www.veraclinic.net\/es\/wp-json\/wp\/v2\/pages\/151990\/revisions\/151998"}],"up":[{"embeddable":true,"href":"https:\/\/www.veraclinic.net\/es\/wp-json\/wp\/v2\/pages\/5550"}],"wp:attachment":[{"href":"https:\/\/www.veraclinic.net\/es\/wp-json\/wp\/v2\/media?parent=151990"}],"curies":[{"name":"wp","href":"https:\/\/api.w.org\/{rel}","templated":true}]}}