{"id":151599,"date":"2025-08-15T13:48:49","date_gmt":"2025-08-15T13:48:49","guid":{"rendered":"https:\/\/www.veraclinic.net\/nuestro-equipo\/dr-aidin-chadordouz-jeddi\/"},"modified":"2025-08-20T09:05:13","modified_gmt":"2025-08-20T09:05:13","slug":"dr-aidin-chadordouz-jeddi","status":"publish","type":"page","link":"https:\/\/www.veraclinic.net\/es\/nuestro-equipo\/dr-aidin-chadordouz-jeddi\/","title":{"rendered":"Dr. Aidin Chadordouz Jeddi"},"content":{"rendered":"<div class=\"gb-container gb-container-48ecba5a\">\n<div class=\"gb-container gb-container-e1f86c54\">\n<div class=\"gb-container gb-container-2fc5b5ef\">\n<div class=\"gb-container gb-container-b6706725\">\n<div class=\"gb-grid-wrapper gb-grid-wrapper-3ce32d4f\">\n<div class=\"gb-grid-column gb-grid-column-01509a69\"><div class=\"gb-container gb-container-01509a69\">\n\n<p class=\"gb-headline gb-headline-95ef6b19 gb-headline-text\"><a href=\"https:\/\/www.veraclinic.net\/es\/nuestro-equipo\/dt-nilay-calikoglu\/nilay-calikoglu-2\/#main#main\"><\/a><strong><strong><strong>Dr. Aidin Chadordouz Jeddi<\/strong><\/strong><\/strong><\/p>\n\n\n\n<h3 class=\"gb-headline gb-headline-57eb9562 gb-headline-text\"><em><strong>Doctor en Medicina<\/strong><\/em><\/h3>\n\n\n\n<p>El Dr. Aidin Chadordouz Jeddi es un m\u00e9dico experto de Vera Clinic especializado en medicina regenerativa, incluyendo terapia con c\u00e9lulas madre, PRP, mesoterapia y est\u00e9tica m\u00ednimamente invasiva. Habla ingl\u00e9s y persa con fluidez y ofrece una atenci\u00f3n excepcional a nuestros pacientes internacionales, combinando t\u00e9cnicas m\u00e9dicas avanzadas con un enfoque compasivo. Graduado en una de las mejores universidades de medicina de Turqu\u00eda, con formaci\u00f3n avanzada en antienvejecimiento y bienestar, el Dr. Jeddi es conocido por su precisi\u00f3n, su t\u00e9cnica delicada y su compromiso con los resultados naturales y duraderos.<\/p>\n\n\n<div class=\"gb-container gb-container-07080c07\"><\/div>\n<\/div><\/div>\n\n<div class=\"gb-grid-column gb-grid-column-9471f60b\"><div class=\"gb-container gb-container-9471f60b\">\n\n<figure class=\"gb-block-image gb-block-image-6e351467\"><img loading=\"lazy\" decoding=\"async\" width=\"1024\" height=\"683\" class=\"gb-image gb-image-6e351467\" src=\"https:\/\/www.veraclinic.net\/wp-content\/uploads\/2025\/08\/Dr.-Aidin-Chadordouz-Jeddi-1024x683.webp\" alt=\"\" title=\"Dr. Aidin Chadordouz Jeddi\" srcset=\"https:\/\/www.veraclinic.net\/wp-content\/uploads\/2025\/08\/Dr.-Aidin-Chadordouz-Jeddi-1024x683.webp 1024w, https:\/\/www.veraclinic.net\/wp-content\/uploads\/2025\/08\/Dr.-Aidin-Chadordouz-Jeddi-300x200.webp 300w, https:\/\/www.veraclinic.net\/wp-content\/uploads\/2025\/08\/Dr.-Aidin-Chadordouz-Jeddi-768x512.webp 768w, https:\/\/www.veraclinic.net\/wp-content\/uploads\/2025\/08\/Dr.-Aidin-Chadordouz-Jeddi-1536x1025.webp 1536w, https:\/\/www.veraclinic.net\/wp-content\/uploads\/2025\/08\/Dr.-Aidin-Chadordouz-Jeddi.webp 2000w\" sizes=\"auto, (max-width: 1024px) 100vw, 1024px\" \/><\/figure>\n\n\n<div class=\"gb-container gb-container-ec11ecc3\"><\/div>\n<\/div><\/div>\n<\/div>\n<\/div>\n<\/div>\n<\/div>\n<\/div>","protected":false},"excerpt":{"rendered":"","protected":false},"author":1,"featured_media":0,"parent":5550,"menu_order":0,"comment_status":"closed","ping_status":"closed","template":"","meta":{"inline_featured_image":false,"footnotes":""},"class_list":{"0":"post-151599","1":"page","2":"type-page","3":"status-publish","5":"infinite-scroll-item"},"lang":"es","translations":{"en":151340,"ar":151593,"fr":151594,"de":151595,"it":151596,"pt-pt":151597,"ru":151598,"es":151599},"yoast_head":"<!-- This site is optimized with the Yoast SEO Premium plugin v27.4 (Yoast SEO v27.4) - https:\/\/yoast.com\/product\/yoast-seo-premium-wordpress\/ -->\n<title>Dr. Aidin Chadordouz Jeddi - Vera Clinic<\/title>\n<meta name=\"robots\" content=\"index, follow, max-snippet:-1, max-image-preview:large, max-video-preview:-1\" \/>\n<link rel=\"canonical\" href=\"https:\/\/www.veraclinic.net\/es\/nuestro-equipo\/dr-aidin-chadordouz-jeddi\/\" \/>\n<meta property=\"og:locale\" content=\"es_ES\" \/>\n<meta property=\"og:type\" content=\"article\" \/>\n<meta property=\"og:title\" content=\"Dr. Aidin Chadordouz Jeddi\" \/>\n<meta property=\"og:url\" content=\"https:\/\/www.veraclinic.net\/es\/nuestro-equipo\/dr-aidin-chadordouz-jeddi\/\" \/>\n<meta property=\"og:site_name\" content=\"VeraClinic\" \/>\n<meta property=\"article:publisher\" content=\"https:\/\/www.facebook.com\/veraclinic.net\" \/>\n<meta property=\"article:modified_time\" content=\"2025-08-20T09:05:13+00:00\" \/>\n<meta property=\"og:image\" content=\"https:\/\/www.veraclinic.net\/wp-content\/uploads\/2025\/08\/Dr.-Aidin-Chadordouz-Jeddi-1024x683.webp\" \/>\n<meta name=\"twitter:card\" content=\"summary_large_image\" \/>\n<meta name=\"twitter:site\" content=\"@veraclinic\" \/>\n<meta name=\"twitter:label1\" content=\"Tiempo de lectura\" \/>\n\t<meta name=\"twitter:data1\" content=\"1 minuto\" \/>\n<script type=\"application\/ld+json\" class=\"yoast-schema-graph\">{\"@context\":\"https:\\\/\\\/schema.org\",\"@graph\":[{\"@type\":\"MedicalWebPage\",\"@id\":\"https:\\\/\\\/www.veraclinic.net\\\/es\\\/nuestro-equipo\\\/dr-aidin-chadordouz-jeddi\\\/#article\",\"isPartOf\":{\"@id\":\"https:\\\/\\\/www.veraclinic.net\\\/es\\\/nuestro-equipo\\\/dr-aidin-chadordouz-jeddi\\\/\"},\"author\":{\"name\":\"Serkan Kaya\",\"@id\":\"https:\\\/\\\/www.veraclinic.net\\\/es\\\/#\\\/schema\\\/person\\\/cf2a89faa60b0f336c0e3ddd9a9ebf93\"},\"headline\":\"Dr. Aidin Chadordouz Jeddi\",\"datePublished\":\"2025-08-15T13:48:49+00:00\",\"dateModified\":\"2025-08-20T09:05:13+00:00\",\"mainEntityOfPage\":{\"@id\":\"https:\\\/\\\/www.veraclinic.net\\\/es\\\/nuestro-equipo\\\/dr-aidin-chadordouz-jeddi\\\/\"},\"wordCount\":111,\"publisher\":{\"@id\":\"https:\\\/\\\/www.veraclinic.net\\\/es\\\/#organization\"},\"image\":{\"@id\":\"https:\\\/\\\/www.veraclinic.net\\\/es\\\/nuestro-equipo\\\/dr-aidin-chadordouz-jeddi\\\/#primaryimage\"},\"thumbnailUrl\":\"https:\\\/\\\/www.veraclinic.net\\\/wp-content\\\/uploads\\\/2025\\\/08\\\/Dr.-Aidin-Chadordouz-Jeddi-1024x683.webp\",\"inLanguage\":\"es\",\"reviewedBy\":{\"@type\":\"Physician\",\"@id\":\"https:\\\/\\\/www.veraclinic.net\\\/our-doctors\\\/emin-gul\\\/#physician\"},\"lastReviewed\":\"2025-08-20\",\"audience\":{\"@type\":\"MedicalAudience\",\"audienceType\":\"Patients\"}},{\"@type\":\"MedicalWebPage\",\"@id\":\"https:\\\/\\\/www.veraclinic.net\\\/es\\\/nuestro-equipo\\\/dr-aidin-chadordouz-jeddi\\\/\",\"url\":\"https:\\\/\\\/www.veraclinic.net\\\/es\\\/nuestro-equipo\\\/dr-aidin-chadordouz-jeddi\\\/\",\"name\":\"Dr. Aidin Chadordouz Jeddi - Vera Clinic\",\"isPartOf\":{\"@id\":\"https:\\\/\\\/www.veraclinic.net\\\/es\\\/#website\"},\"primaryImageOfPage\":{\"@id\":\"https:\\\/\\\/www.veraclinic.net\\\/es\\\/nuestro-equipo\\\/dr-aidin-chadordouz-jeddi\\\/#primaryimage\"},\"image\":{\"@id\":\"https:\\\/\\\/www.veraclinic.net\\\/es\\\/nuestro-equipo\\\/dr-aidin-chadordouz-jeddi\\\/#primaryimage\"},\"thumbnailUrl\":\"https:\\\/\\\/www.veraclinic.net\\\/wp-content\\\/uploads\\\/2025\\\/08\\\/Dr.-Aidin-Chadordouz-Jeddi-1024x683.webp\",\"datePublished\":\"2025-08-15T13:48:49+00:00\",\"dateModified\":\"2025-08-20T09:05:13+00:00\",\"breadcrumb\":{\"@id\":\"https:\\\/\\\/www.veraclinic.net\\\/es\\\/nuestro-equipo\\\/dr-aidin-chadordouz-jeddi\\\/#breadcrumb\"},\"inLanguage\":\"es\",\"potentialAction\":[{\"@type\":\"ReadAction\",\"target\":[\"https:\\\/\\\/www.veraclinic.net\\\/es\\\/nuestro-equipo\\\/dr-aidin-chadordouz-jeddi\\\/\"]}],\"reviewedBy\":{\"@type\":\"Physician\",\"@id\":\"https:\\\/\\\/www.veraclinic.net\\\/our-doctors\\\/emin-gul\\\/#physician\"},\"lastReviewed\":\"2025-08-20\",\"audience\":{\"@type\":\"MedicalAudience\",\"audienceType\":\"Patients\"}},{\"@type\":\"ImageObject\",\"inLanguage\":\"es\",\"@id\":\"https:\\\/\\\/www.veraclinic.net\\\/es\\\/nuestro-equipo\\\/dr-aidin-chadordouz-jeddi\\\/#primaryimage\",\"url\":\"https:\\\/\\\/www.veraclinic.net\\\/wp-content\\\/uploads\\\/2025\\\/08\\\/Dr.-Aidin-Chadordouz-Jeddi-1024x683.webp\",\"contentUrl\":\"https:\\\/\\\/www.veraclinic.net\\\/wp-content\\\/uploads\\\/2025\\\/08\\\/Dr.-Aidin-Chadordouz-Jeddi-1024x683.webp\"},{\"@type\":\"BreadcrumbList\",\"@id\":\"https:\\\/\\\/www.veraclinic.net\\\/es\\\/nuestro-equipo\\\/dr-aidin-chadordouz-jeddi\\\/#breadcrumb\",\"itemListElement\":[{\"@type\":\"ListItem\",\"position\":1,\"name\":\"Trasplante capilar Turqu\u00eda\",\"item\":\"https:\\\/\\\/www.veraclinic.net\\\/es\\\/\"},{\"@type\":\"ListItem\",\"position\":2,\"name\":\"Nuestro Equipo\",\"item\":\"https:\\\/\\\/www.veraclinic.net\\\/es\\\/nuestro-equipo\\\/\"},{\"@type\":\"ListItem\",\"position\":3,\"name\":\"Dr. Aidin Chadordouz Jeddi\"}]},{\"@type\":\"WebSite\",\"@id\":\"https:\\\/\\\/www.veraclinic.net\\\/es\\\/#website\",\"url\":\"https:\\\/\\\/www.veraclinic.net\\\/es\\\/\",\"name\":\"Hair Transplant Turkey - Istanbul 2026\",\"description\":\"Hair Transplant Turkey - Istanbul 2026\",\"publisher\":{\"@id\":\"https:\\\/\\\/www.veraclinic.net\\\/es\\\/#organization\"},\"alternateName\":\"Vera Clinic\",\"potentialAction\":[{\"@type\":\"SearchAction\",\"target\":{\"@type\":\"EntryPoint\",\"urlTemplate\":\"https:\\\/\\\/www.veraclinic.net\\\/es\\\/?s={search_term_string}\"},\"query-input\":{\"@type\":\"PropertyValueSpecification\",\"valueRequired\":true,\"valueName\":\"search_term_string\"}}],\"inLanguage\":\"es\"},{\"@type\":[\"Organization\",\"MedicalBusiness\",\"MedicalOrganization\"],\"@id\":\"https:\\\/\\\/www.veraclinic.net\\\/#medicalorg\",\"name\":\"Vera Clinic | Hair Transplant Turkey - Istanbul\",\"alternateName\":\"Vera Clinic\",\"url\":\"https:\\\/\\\/www.veraclinic.net\\\/es\\\/\",\"logo\":{\"@type\":\"ImageObject\",\"inLanguage\":\"es\",\"@id\":\"https:\\\/\\\/www.veraclinic.net\\\/es\\\/#\\\/schema\\\/logo\\\/image\\\/\",\"url\":\"https:\\\/\\\/www.veraclinic.net\\\/wp-content\\\/uploads\\\/2023\\\/08\\\/Black.svg\",\"contentUrl\":\"https:\\\/\\\/www.veraclinic.net\\\/wp-content\\\/uploads\\\/2023\\\/08\\\/Black.svg\",\"caption\":\"Vera Clinic | Hair Transplant Turkey - Istanbul\"},\"image\":{\"@id\":\"https:\\\/\\\/www.veraclinic.net\\\/es\\\/#\\\/schema\\\/logo\\\/image\\\/\"},\"sameAs\":[\"https:\\\/\\\/www.facebook.com\\\/veraclinic.net\",\"https:\\\/\\\/x.com\\\/veraclinic\",\"https:\\\/\\\/www.instagram.com\\\/veraclinic\",\"https:\\\/\\\/www.linkedin.com\\\/company\\\/veraclinic\\\/\",\"https:\\\/\\\/www.pinterest.com\\\/veraclinic\\\/\",\"https:\\\/\\\/www.youtube.com\\\/c\\\/VeraClinic\"],\"legalName\":\"ESTEVERA SA\u011eLIK H\u0130Z. VE DAN. T\u0130C. LTD. ST\u0130.\",\"vatID\":\"936499-0\",\"taxID\":\"3800538109\",\"medicalSpecialty\":[\"Dermatology\",\"PlasticSurgery\",\"Hair Restoration\"],\"slogan\":\"Hair Transplant Turkey - Istanbul 2026\",\"department\":{\"@type\":\"MedicalClinic\",\"name\":\"Hair Restoration Clinic\",\"image\":\"https:\\\/\\\/www.veraclinic.net\\\/wp-content\\\/uploads\\\/2023\\\/08\\\/Black.svg\"}},{\"@type\":\"Person\",\"@id\":\"https:\\\/\\\/www.veraclinic.net\\\/es\\\/#\\\/schema\\\/person\\\/cf2a89faa60b0f336c0e3ddd9a9ebf93\",\"name\":\"Serkan Kaya\",\"image\":{\"@type\":\"ImageObject\",\"inLanguage\":\"es\",\"@id\":\"https:\\\/\\\/secure.gravatar.com\\\/avatar\\\/7be7270f63c439d0c7a2eb338af8fdae8d8a9bcf26af0aa6d1e01bfdf92390b5?s=96&d=mm&r=g\",\"url\":\"https:\\\/\\\/secure.gravatar.com\\\/avatar\\\/7be7270f63c439d0c7a2eb338af8fdae8d8a9bcf26af0aa6d1e01bfdf92390b5?s=96&d=mm&r=g\",\"contentUrl\":\"https:\\\/\\\/secure.gravatar.com\\\/avatar\\\/7be7270f63c439d0c7a2eb338af8fdae8d8a9bcf26af0aa6d1e01bfdf92390b5?s=96&d=mm&r=g\",\"caption\":\"Serkan Kaya\"},\"sameAs\":[\"https:\\\/\\\/www.veraclinic.net\"]}]}<\/script>\n<!-- \/ Yoast SEO Premium plugin. -->","yoast_head_json":{"title":"Dr. Aidin Chadordouz Jeddi - Vera Clinic","robots":{"index":"index","follow":"follow","max-snippet":"max-snippet:-1","max-image-preview":"max-image-preview:large","max-video-preview":"max-video-preview:-1"},"canonical":"https:\/\/www.veraclinic.net\/es\/nuestro-equipo\/dr-aidin-chadordouz-jeddi\/","og_locale":"es_ES","og_type":"article","og_title":"Dr. Aidin Chadordouz Jeddi","og_url":"https:\/\/www.veraclinic.net\/es\/nuestro-equipo\/dr-aidin-chadordouz-jeddi\/","og_site_name":"VeraClinic","article_publisher":"https:\/\/www.facebook.com\/veraclinic.net","article_modified_time":"2025-08-20T09:05:13+00:00","og_image":[{"url":"https:\/\/www.veraclinic.net\/wp-content\/uploads\/2025\/08\/Dr.-Aidin-Chadordouz-Jeddi-1024x683.webp","type":"","width":"","height":""}],"twitter_card":"summary_large_image","twitter_site":"@veraclinic","twitter_misc":{"Tiempo de lectura":"1 minuto"},"schema":{"@context":"https:\/\/schema.org","@graph":[{"@type":"MedicalWebPage","@id":"https:\/\/www.veraclinic.net\/es\/nuestro-equipo\/dr-aidin-chadordouz-jeddi\/#article","isPartOf":{"@id":"https:\/\/www.veraclinic.net\/es\/nuestro-equipo\/dr-aidin-chadordouz-jeddi\/"},"author":{"name":"Serkan Kaya","@id":"https:\/\/www.veraclinic.net\/es\/#\/schema\/person\/cf2a89faa60b0f336c0e3ddd9a9ebf93"},"headline":"Dr. Aidin Chadordouz Jeddi","datePublished":"2025-08-15T13:48:49+00:00","dateModified":"2025-08-20T09:05:13+00:00","mainEntityOfPage":{"@id":"https:\/\/www.veraclinic.net\/es\/nuestro-equipo\/dr-aidin-chadordouz-jeddi\/"},"wordCount":111,"publisher":{"@id":"https:\/\/www.veraclinic.net\/es\/#organization"},"image":{"@id":"https:\/\/www.veraclinic.net\/es\/nuestro-equipo\/dr-aidin-chadordouz-jeddi\/#primaryimage"},"thumbnailUrl":"https:\/\/www.veraclinic.net\/wp-content\/uploads\/2025\/08\/Dr.-Aidin-Chadordouz-Jeddi-1024x683.webp","inLanguage":"es","reviewedBy":{"@type":"Physician","@id":"https:\/\/www.veraclinic.net\/our-doctors\/emin-gul\/#physician"},"lastReviewed":"2025-08-20","audience":{"@type":"MedicalAudience","audienceType":"Patients"}},{"@type":"MedicalWebPage","@id":"https:\/\/www.veraclinic.net\/es\/nuestro-equipo\/dr-aidin-chadordouz-jeddi\/","url":"https:\/\/www.veraclinic.net\/es\/nuestro-equipo\/dr-aidin-chadordouz-jeddi\/","name":"Dr. Aidin Chadordouz Jeddi - Vera Clinic","isPartOf":{"@id":"https:\/\/www.veraclinic.net\/es\/#website"},"primaryImageOfPage":{"@id":"https:\/\/www.veraclinic.net\/es\/nuestro-equipo\/dr-aidin-chadordouz-jeddi\/#primaryimage"},"image":{"@id":"https:\/\/www.veraclinic.net\/es\/nuestro-equipo\/dr-aidin-chadordouz-jeddi\/#primaryimage"},"thumbnailUrl":"https:\/\/www.veraclinic.net\/wp-content\/uploads\/2025\/08\/Dr.-Aidin-Chadordouz-Jeddi-1024x683.webp","datePublished":"2025-08-15T13:48:49+00:00","dateModified":"2025-08-20T09:05:13+00:00","breadcrumb":{"@id":"https:\/\/www.veraclinic.net\/es\/nuestro-equipo\/dr-aidin-chadordouz-jeddi\/#breadcrumb"},"inLanguage":"es","potentialAction":[{"@type":"ReadAction","target":["https:\/\/www.veraclinic.net\/es\/nuestro-equipo\/dr-aidin-chadordouz-jeddi\/"]}],"reviewedBy":{"@type":"Physician","@id":"https:\/\/www.veraclinic.net\/our-doctors\/emin-gul\/#physician"},"lastReviewed":"2025-08-20","audience":{"@type":"MedicalAudience","audienceType":"Patients"}},{"@type":"ImageObject","inLanguage":"es","@id":"https:\/\/www.veraclinic.net\/es\/nuestro-equipo\/dr-aidin-chadordouz-jeddi\/#primaryimage","url":"https:\/\/www.veraclinic.net\/wp-content\/uploads\/2025\/08\/Dr.-Aidin-Chadordouz-Jeddi-1024x683.webp","contentUrl":"https:\/\/www.veraclinic.net\/wp-content\/uploads\/2025\/08\/Dr.-Aidin-Chadordouz-Jeddi-1024x683.webp"},{"@type":"BreadcrumbList","@id":"https:\/\/www.veraclinic.net\/es\/nuestro-equipo\/dr-aidin-chadordouz-jeddi\/#breadcrumb","itemListElement":[{"@type":"ListItem","position":1,"name":"Trasplante capilar Turqu\u00eda","item":"https:\/\/www.veraclinic.net\/es\/"},{"@type":"ListItem","position":2,"name":"Nuestro Equipo","item":"https:\/\/www.veraclinic.net\/es\/nuestro-equipo\/"},{"@type":"ListItem","position":3,"name":"Dr. Aidin Chadordouz Jeddi"}]},{"@type":"WebSite","@id":"https:\/\/www.veraclinic.net\/es\/#website","url":"https:\/\/www.veraclinic.net\/es\/","name":"Hair Transplant Turkey - Istanbul 2026","description":"Hair Transplant Turkey - Istanbul 2026","publisher":{"@id":"https:\/\/www.veraclinic.net\/es\/#organization"},"alternateName":"Vera Clinic","potentialAction":[{"@type":"SearchAction","target":{"@type":"EntryPoint","urlTemplate":"https:\/\/www.veraclinic.net\/es\/?s={search_term_string}"},"query-input":{"@type":"PropertyValueSpecification","valueRequired":true,"valueName":"search_term_string"}}],"inLanguage":"es"},{"@type":["Organization","MedicalBusiness","MedicalOrganization"],"@id":"https:\/\/www.veraclinic.net\/#medicalorg","name":"Vera Clinic | Hair Transplant Turkey - Istanbul","alternateName":"Vera Clinic","url":"https:\/\/www.veraclinic.net\/es\/","logo":{"@type":"ImageObject","inLanguage":"es","@id":"https:\/\/www.veraclinic.net\/es\/#\/schema\/logo\/image\/","url":"https:\/\/www.veraclinic.net\/wp-content\/uploads\/2023\/08\/Black.svg","contentUrl":"https:\/\/www.veraclinic.net\/wp-content\/uploads\/2023\/08\/Black.svg","caption":"Vera Clinic | Hair Transplant Turkey - Istanbul"},"image":{"@id":"https:\/\/www.veraclinic.net\/es\/#\/schema\/logo\/image\/"},"sameAs":["https:\/\/www.facebook.com\/veraclinic.net","https:\/\/x.com\/veraclinic","https:\/\/www.instagram.com\/veraclinic","https:\/\/www.linkedin.com\/company\/veraclinic\/","https:\/\/www.pinterest.com\/veraclinic\/","https:\/\/www.youtube.com\/c\/VeraClinic"],"legalName":"ESTEVERA SA\u011eLIK H\u0130Z. VE DAN. T\u0130C. LTD. ST\u0130.","vatID":"936499-0","taxID":"3800538109","medicalSpecialty":["Dermatology","PlasticSurgery","Hair Restoration"],"slogan":"Hair Transplant Turkey - Istanbul 2026","department":{"@type":"MedicalClinic","name":"Hair Restoration Clinic","image":"https:\/\/www.veraclinic.net\/wp-content\/uploads\/2023\/08\/Black.svg"}},{"@type":"Person","@id":"https:\/\/www.veraclinic.net\/es\/#\/schema\/person\/cf2a89faa60b0f336c0e3ddd9a9ebf93","name":"Serkan Kaya","image":{"@type":"ImageObject","inLanguage":"es","@id":"https:\/\/secure.gravatar.com\/avatar\/7be7270f63c439d0c7a2eb338af8fdae8d8a9bcf26af0aa6d1e01bfdf92390b5?s=96&d=mm&r=g","url":"https:\/\/secure.gravatar.com\/avatar\/7be7270f63c439d0c7a2eb338af8fdae8d8a9bcf26af0aa6d1e01bfdf92390b5?s=96&d=mm&r=g","contentUrl":"https:\/\/secure.gravatar.com\/avatar\/7be7270f63c439d0c7a2eb338af8fdae8d8a9bcf26af0aa6d1e01bfdf92390b5?s=96&d=mm&r=g","caption":"Serkan Kaya"},"sameAs":["https:\/\/www.veraclinic.net"]}]}},"_links":{"self":[{"href":"https:\/\/www.veraclinic.net\/es\/wp-json\/wp\/v2\/pages\/151599","targetHints":{"allow":["GET"]}}],"collection":[{"href":"https:\/\/www.veraclinic.net\/es\/wp-json\/wp\/v2\/pages"}],"about":[{"href":"https:\/\/www.veraclinic.net\/es\/wp-json\/wp\/v2\/types\/page"}],"author":[{"embeddable":true,"href":"https:\/\/www.veraclinic.net\/es\/wp-json\/wp\/v2\/users\/1"}],"replies":[{"embeddable":true,"href":"https:\/\/www.veraclinic.net\/es\/wp-json\/wp\/v2\/comments?post=151599"}],"version-history":[{"count":1,"href":"https:\/\/www.veraclinic.net\/es\/wp-json\/wp\/v2\/pages\/151599\/revisions"}],"predecessor-version":[{"id":151641,"href":"https:\/\/www.veraclinic.net\/es\/wp-json\/wp\/v2\/pages\/151599\/revisions\/151641"}],"up":[{"embeddable":true,"href":"https:\/\/www.veraclinic.net\/es\/wp-json\/wp\/v2\/pages\/5550"}],"wp:attachment":[{"href":"https:\/\/www.veraclinic.net\/es\/wp-json\/wp\/v2\/media?parent=151599"}],"curies":[{"name":"wp","href":"https:\/\/api.w.org\/{rel}","templated":true}]}}