{"id":90474,"date":"2023-07-27T13:09:55","date_gmt":"2023-07-27T13:09:55","guid":{"rendered":"https:\/\/www.veraclinic.net\/contracted-institutions\/"},"modified":"2025-08-07T14:35:15","modified_gmt":"2025-08-07T14:35:15","slug":"vertragsinstitutionen","status":"publish","type":"page","link":"https:\/\/www.veraclinic.net\/de\/vertragsinstitutionen\/","title":{"rendered":"Vertragsinstitutionen"},"content":{"rendered":"<div class=\"gb-grid-wrapper gb-grid-wrapper-6232a014\">\n<div class=\"gb-grid-column gb-grid-column-141c614b\"><div class=\"gb-container gb-container-141c614b\">\n<div class=\"gb-container gb-container-7ca13925\">\n<div class=\"wp-block-post-date__modified-date wp-block-post-date\"><time datetime=\"2025-08-07T14:35:15+03:00\"><a href=\"https:\/\/www.veraclinic.net\/de\/vertragsinstitutionen\/\">7. August 2025<\/a><\/time><\/div>\n\n\n<p><\/p>\n\n\n\n<p>Als VeraClinic ist es unsere einzige Priorit\u00e4t, mit Gesundheitseinrichtungen und \u00c4rzten zusammenzuarbeiten, die unseren ausl\u00e4ndischen Patienten den besten und hochwertigsten Service bieten. Indem wir versuchen, die Bed\u00fcrfnisse des Patienten bestm\u00f6glich zu verstehen, indem wir die am besten geeignete Behandlungsmethode und die am besten geeignete Gesundheitseinrichtung ausw\u00e4hlen, ist es unser einziges Erfolgskriterium, unser Land zufrieden zu verlassen.<\/p>\n\n\n\n<p>Aus diesem Grund steigern wir weiterhin den Wert unseres Landes im Medizintourismus, indem wir mit den f\u00fchrenden Gesundheitseinrichtungen und \u00c4rzten der T\u00fcrkei zusammenarbeiten.<\/p>\n\n\n\n<h3 class=\"wp-block-heading\">Alle Gesundheitseinrichtungen, mit denen wir Vertr\u00e4ge abgeschlossen haben:<\/h3>\n\n\n\n<ul class=\"wp-block-list\">\n<li>\u00d6zel Veraclinic T\u0131p Merkezi<\/li>\n\n\n\n<li>\u00d6zel \u00c7akmak Erdem Hastanesi<\/li>\n\n\n\n<li>\u00d6zel \u00c7aml\u0131ca Erdem Hastanesi<\/li>\n\n\n\n<li>Dr. Engin Selamio\u011flu<\/li>\n\n\n\n<li>Dr. Ekrem Ramazan KESK\u0130N<\/li>\n<\/ul>\n\n\n\n<h3 class=\"wp-block-heading\" id=\"h-vertragsinstitutionen\">Vertragsinstitutionen<\/h3>\n\n\n<div class=\"gb-grid-wrapper gb-grid-wrapper-3dc6c697\">\n<div class=\"gb-grid-column gb-grid-column-eecda9c9\"><div class=\"gb-container gb-container-eecda9c9\">\n\n<figure class=\"wp-block-image size-full is-resized\"><img loading=\"lazy\" decoding=\"async\" width=\"925\" height=\"290\" src=\"https:\/\/www.veraclinic.net\/wp-content\/uploads\/2023\/07\/veraclinic-tip-merkezi-1.webp\" alt=\"\" class=\"wp-image-3629\" style=\"width:384px;height:120px\" srcset=\"https:\/\/www.veraclinic.net\/wp-content\/uploads\/2023\/07\/veraclinic-tip-merkezi-1.webp 925w, https:\/\/www.veraclinic.net\/wp-content\/uploads\/2023\/07\/veraclinic-tip-merkezi-1-300x94.webp 300w, https:\/\/www.veraclinic.net\/wp-content\/uploads\/2023\/07\/veraclinic-tip-merkezi-1-768x241.webp 768w\" sizes=\"auto, (max-width: 925px) 100vw, 925px\" \/><\/figure>\n\n<\/div><\/div>\n\n<div class=\"gb-grid-column gb-grid-column-cf76c687\"><div class=\"gb-container gb-container-cf76c687\">\n\n<figure class=\"wp-block-image size-full is-resized\"><img loading=\"lazy\" decoding=\"async\" width=\"267\" height=\"89\" src=\"https:\/\/www.veraclinic.net\/wp-content\/uploads\/2023\/07\/erdem.webp\" alt=\"\" class=\"wp-image-3637\" style=\"width:287px;height:96px\"\/><\/figure>\n\n<\/div><\/div>\n<\/div>\n<\/div>\n<\/div><\/div>\n\n<div class=\"gb-grid-column gb-grid-column-df73ed07\"><div class=\"gb-container gb-container-df73ed07 contact-sticky\">\n\n<h4 class=\"gb-headline gb-headline-1c092c04 gb-headline-text\"><strong>Holen Sie sich eine kostenlose Beratung<\/strong><\/h4>\n\n\n\n\n<div class=\"wpcf7 no-js\" id=\"wpcf7-f148763-o1\" lang=\"de-DE\" dir=\"ltr\" data-wpcf7-id=\"148763\">\n<div class=\"screen-reader-response\"><p role=\"status\" aria-live=\"polite\" aria-atomic=\"true\"><\/p> <ul><\/ul><\/div>\n<form action=\"\/de\/wp-json\/wp\/v2\/pages\/90474#wpcf7-f148763-o1\" method=\"post\" class=\"wpcf7-form init\" aria-label=\"Kontaktformular\" novalidate=\"novalidate\" data-status=\"init\">\n<fieldset class=\"hidden-fields-container\"><input type=\"hidden\" name=\"_wpcf7\" value=\"148763\" \/><input type=\"hidden\" name=\"_wpcf7_version\" value=\"6.1.5\" \/><input type=\"hidden\" name=\"_wpcf7_locale\" value=\"de_DE\" \/><input type=\"hidden\" name=\"_wpcf7_unit_tag\" value=\"wpcf7-f148763-o1\" \/><input type=\"hidden\" name=\"_wpcf7_container_post\" value=\"0\" \/><input type=\"hidden\" name=\"_wpcf7_posted_data_hash\" value=\"\" \/>\n<\/fieldset>\n<div class=\"cs-form-wrapper\">\n\t<p><label> Name und Vorname <span class=\"wpcf7-form-control-wrap\" data-name=\"your-name\"><input size=\"40\" maxlength=\"400\" class=\"wpcf7-form-control wpcf7-text wpcf7-validates-as-required cs-form-field\" autocomplete=\"name\" aria-required=\"true\" aria-invalid=\"false\" value=\"\" type=\"text\" name=\"your-name\" \/><\/span> <\/label>\n\t<\/p>\n\t<p><label> E-Mail <span class=\"wpcf7-form-control-wrap\" data-name=\"your-email\"><input size=\"40\" maxlength=\"400\" class=\"wpcf7-form-control wpcf7-email wpcf7-validates-as-required wpcf7-text wpcf7-validates-as-email cs-form-field\" autocomplete=\"email\" aria-required=\"true\" aria-invalid=\"false\" value=\"\" type=\"email\" name=\"your-email\" \/><\/span> <\/label>\n\t<\/p>\n\t<p><label> Telefonnummer (Whatsapp) <span class=\"wpcf7-form-control-wrap\" data-name=\"phonetext-588\"><input size=\"40\" class=\"wpcf7-form-control wpcf7-phonetext wpcf7-validates-as-required wpcf7-text wpcf7-validates-as-phonetext cs-form-field\" data-numberonly=\"true\" aria-required=\"true\" aria-invalid=\"false\" value=\"\" type=\"text\" name=\"phonetext-588\" \/><input type=\"hidden\" name=\"phonetext-588-country-code\" class=\"wpcf7-phonetext-country-code\" \/><\/span> <\/label>\n\t<\/p>\n\t<p><label> Nachricht <span class=\"wpcf7-form-control-wrap\" data-name=\"textarea-954\"><textarea cols=\"40\" rows=\"10\" maxlength=\"2000\" class=\"wpcf7-form-control wpcf7-textarea cs-form-field\" aria-invalid=\"false\" name=\"textarea-954\"><\/textarea><\/span> <\/label><br \/>\n\t<input class=\"wpcf7-form-control wpcf7-hidden\" id=\"whatsapp_uniqueid\" value=\"\" type=\"hidden\" name=\"whatsapp_uniqueid\" \/><br \/>\n<input class=\"wpcf7-form-control wpcf7-submit has-spinner cs-form-submit\" type=\"submit\" value=\"Senden\" \/>\n\t<\/p>\n<\/div><div class=\"wpcf7-response-output\" aria-hidden=\"true\"><\/div>\n<\/form>\n<\/div>\n\n\n<\/div><\/div>\n<\/div>","protected":false},"excerpt":{"rendered":"","protected":false},"author":1,"featured_media":0,"parent":0,"menu_order":0,"comment_status":"closed","ping_status":"closed","template":"","meta":{"inline_featured_image":false,"footnotes":""},"class_list":{"0":"post-90474","1":"page","2":"type-page","3":"status-publish","5":"infinite-scroll-item"},"lang":"de","translations":{"en":3606,"es":5631,"ar":90472,"fr":90473,"de":90474,"it":90475,"pt-pt":90476,"ru":91026},"yoast_head":"<!-- This site is optimized with the Yoast SEO Premium plugin v27.4 (Yoast SEO v27.4) - https:\/\/yoast.com\/product\/yoast-seo-premium-wordpress\/ -->\n<title>Vertragsinstitutionen - VeraClinic<\/title>\n<meta name=\"description\" content=\"Als VeraClinic ist es unsere einzige Priorit\u00e4t, mit Gesundheitseinrichtungen und \u00c4rzten zusammenzuarbeiten, die den besten und..\" \/>\n<meta name=\"robots\" content=\"index, follow, max-snippet:-1, max-image-preview:large, max-video-preview:-1\" \/>\n<link rel=\"canonical\" href=\"https:\/\/www.veraclinic.net\/de\/vertragsinstitutionen\/\" \/>\n<meta property=\"og:locale\" content=\"de_DE\" \/>\n<meta property=\"og:type\" content=\"article\" \/>\n<meta property=\"og:title\" content=\"Vertragsinstitutionen\" \/>\n<meta property=\"og:description\" content=\"Als VeraClinic ist es unsere einzige Priorit\u00e4t, mit Gesundheitseinrichtungen und \u00c4rzten zusammenzuarbeiten, die den besten und..\" \/>\n<meta property=\"og:url\" content=\"https:\/\/www.veraclinic.net\/de\/vertragsinstitutionen\/\" \/>\n<meta property=\"og:site_name\" content=\"VeraClinic\" \/>\n<meta property=\"article:publisher\" content=\"https:\/\/www.facebook.com\/veraclinic.net\" \/>\n<meta property=\"article:modified_time\" content=\"2025-08-07T14:35:15+00:00\" \/>\n<meta property=\"og:image\" content=\"https:\/\/www.veraclinic.net\/wp-content\/uploads\/2023\/07\/veraclinic-tip-merkezi-1.webp\" \/>\n\t<meta property=\"og:image:width\" content=\"925\" \/>\n\t<meta property=\"og:image:height\" content=\"290\" \/>\n\t<meta property=\"og:image:type\" content=\"image\/webp\" \/>\n<meta name=\"twitter:card\" content=\"summary_large_image\" \/>\n<meta name=\"twitter:site\" content=\"@veraclinic\" \/>\n<meta name=\"twitter:label1\" content=\"Gesch\u00e4tzte Lesezeit\" \/>\n\t<meta name=\"twitter:data1\" content=\"1\u00a0Minute\" \/>\n<script type=\"application\/ld+json\" class=\"yoast-schema-graph\">{\"@context\":\"https:\\\/\\\/schema.org\",\"@graph\":[{\"@type\":\"MedicalWebPage\",\"@id\":\"https:\\\/\\\/www.veraclinic.net\\\/de\\\/vertragsinstitutionen\\\/#article\",\"isPartOf\":{\"@id\":\"https:\\\/\\\/www.veraclinic.net\\\/de\\\/vertragsinstitutionen\\\/\"},\"author\":{\"name\":\"Serkan Kaya\",\"@id\":\"https:\\\/\\\/www.veraclinic.net\\\/de\\\/#\\\/schema\\\/person\\\/cf2a89faa60b0f336c0e3ddd9a9ebf93\"},\"headline\":\"Vertragsinstitutionen\",\"datePublished\":\"2023-07-27T13:09:55+00:00\",\"dateModified\":\"2025-08-07T14:35:15+00:00\",\"mainEntityOfPage\":{\"@id\":\"https:\\\/\\\/www.veraclinic.net\\\/de\\\/vertragsinstitutionen\\\/\"},\"wordCount\":135,\"publisher\":{\"@id\":\"https:\\\/\\\/www.veraclinic.net\\\/de\\\/#organization\"},\"image\":{\"@id\":\"https:\\\/\\\/www.veraclinic.net\\\/de\\\/vertragsinstitutionen\\\/#primaryimage\"},\"thumbnailUrl\":\"https:\\\/\\\/www.veraclinic.net\\\/wp-content\\\/uploads\\\/2023\\\/07\\\/veraclinic-tip-merkezi-1.webp\",\"inLanguage\":\"de\",\"reviewedBy\":{\"@type\":\"Physician\",\"@id\":\"https:\\\/\\\/www.veraclinic.net\\\/our-doctors\\\/emin-gul\\\/#physician\"},\"lastReviewed\":\"2025-08-07\",\"audience\":{\"@type\":\"MedicalAudience\",\"audienceType\":\"Patients\"}},{\"@type\":\"MedicalWebPage\",\"@id\":\"https:\\\/\\\/www.veraclinic.net\\\/de\\\/vertragsinstitutionen\\\/\",\"url\":\"https:\\\/\\\/www.veraclinic.net\\\/de\\\/vertragsinstitutionen\\\/\",\"name\":\"Vertragsinstitutionen - VeraClinic\",\"isPartOf\":{\"@id\":\"https:\\\/\\\/www.veraclinic.net\\\/de\\\/#website\"},\"primaryImageOfPage\":{\"@id\":\"https:\\\/\\\/www.veraclinic.net\\\/de\\\/vertragsinstitutionen\\\/#primaryimage\"},\"image\":{\"@id\":\"https:\\\/\\\/www.veraclinic.net\\\/de\\\/vertragsinstitutionen\\\/#primaryimage\"},\"thumbnailUrl\":\"https:\\\/\\\/www.veraclinic.net\\\/wp-content\\\/uploads\\\/2023\\\/07\\\/veraclinic-tip-merkezi-1.webp\",\"datePublished\":\"2023-07-27T13:09:55+00:00\",\"dateModified\":\"2025-08-07T14:35:15+00:00\",\"description\":\"Als VeraClinic ist es unsere einzige Priorit\u00e4t, mit Gesundheitseinrichtungen und \u00c4rzten zusammenzuarbeiten, die den besten und..\",\"breadcrumb\":{\"@id\":\"https:\\\/\\\/www.veraclinic.net\\\/de\\\/vertragsinstitutionen\\\/#breadcrumb\"},\"inLanguage\":\"de\",\"potentialAction\":[{\"@type\":\"ReadAction\",\"target\":[\"https:\\\/\\\/www.veraclinic.net\\\/de\\\/vertragsinstitutionen\\\/\"]}],\"reviewedBy\":{\"@type\":\"Physician\",\"@id\":\"https:\\\/\\\/www.veraclinic.net\\\/our-doctors\\\/emin-gul\\\/#physician\"},\"lastReviewed\":\"2025-08-07\",\"audience\":{\"@type\":\"MedicalAudience\",\"audienceType\":\"Patients\"}},{\"@type\":\"ImageObject\",\"inLanguage\":\"de\",\"@id\":\"https:\\\/\\\/www.veraclinic.net\\\/de\\\/vertragsinstitutionen\\\/#primaryimage\",\"url\":\"https:\\\/\\\/www.veraclinic.net\\\/wp-content\\\/uploads\\\/2023\\\/07\\\/veraclinic-tip-merkezi-1.webp\",\"contentUrl\":\"https:\\\/\\\/www.veraclinic.net\\\/wp-content\\\/uploads\\\/2023\\\/07\\\/veraclinic-tip-merkezi-1.webp\"},{\"@type\":\"BreadcrumbList\",\"@id\":\"https:\\\/\\\/www.veraclinic.net\\\/de\\\/vertragsinstitutionen\\\/#breadcrumb\",\"itemListElement\":[{\"@type\":\"ListItem\",\"position\":1,\"name\":\"Haartransplantation in der T\u00fcrkei\",\"item\":\"https:\\\/\\\/www.veraclinic.net\\\/de\\\/\"},{\"@type\":\"ListItem\",\"position\":2,\"name\":\"Vertragsinstitutionen\"}]},{\"@type\":\"WebSite\",\"@id\":\"https:\\\/\\\/www.veraclinic.net\\\/de\\\/#website\",\"url\":\"https:\\\/\\\/www.veraclinic.net\\\/de\\\/\",\"name\":\"Hair Transplant Turkey - Istanbul 2026\",\"description\":\"Hair Transplant Turkey - Istanbul 2026\",\"publisher\":{\"@id\":\"https:\\\/\\\/www.veraclinic.net\\\/de\\\/#organization\"},\"alternateName\":\"Vera Clinic\",\"potentialAction\":[{\"@type\":\"SearchAction\",\"target\":{\"@type\":\"EntryPoint\",\"urlTemplate\":\"https:\\\/\\\/www.veraclinic.net\\\/de\\\/?s={search_term_string}\"},\"query-input\":{\"@type\":\"PropertyValueSpecification\",\"valueRequired\":true,\"valueName\":\"search_term_string\"}}],\"inLanguage\":\"de\"},{\"@type\":[\"Organization\",\"MedicalBusiness\",\"MedicalOrganization\"],\"@id\":\"https:\\\/\\\/www.veraclinic.net\\\/#medicalorg\",\"name\":\"Vera Clinic | Hair Transplant Turkey - Istanbul\",\"alternateName\":\"Vera Clinic\",\"url\":\"https:\\\/\\\/www.veraclinic.net\\\/de\\\/\",\"logo\":{\"@type\":\"ImageObject\",\"inLanguage\":\"de\",\"@id\":\"https:\\\/\\\/www.veraclinic.net\\\/de\\\/#\\\/schema\\\/logo\\\/image\\\/\",\"url\":\"https:\\\/\\\/www.veraclinic.net\\\/wp-content\\\/uploads\\\/2023\\\/08\\\/Black.svg\",\"contentUrl\":\"https:\\\/\\\/www.veraclinic.net\\\/wp-content\\\/uploads\\\/2023\\\/08\\\/Black.svg\",\"caption\":\"Vera Clinic | Hair Transplant Turkey - Istanbul\"},\"image\":{\"@id\":\"https:\\\/\\\/www.veraclinic.net\\\/de\\\/#\\\/schema\\\/logo\\\/image\\\/\"},\"sameAs\":[\"https:\\\/\\\/www.facebook.com\\\/veraclinic.net\",\"https:\\\/\\\/x.com\\\/veraclinic\",\"https:\\\/\\\/www.instagram.com\\\/veraclinic\",\"https:\\\/\\\/www.linkedin.com\\\/company\\\/veraclinic\\\/\",\"https:\\\/\\\/www.pinterest.com\\\/veraclinic\\\/\",\"https:\\\/\\\/www.youtube.com\\\/c\\\/VeraClinic\"],\"legalName\":\"ESTEVERA SA\u011eLIK H\u0130Z. VE DAN. T\u0130C. LTD. ST\u0130.\",\"vatID\":\"936499-0\",\"taxID\":\"3800538109\",\"medicalSpecialty\":[\"Dermatology\",\"PlasticSurgery\",\"Hair Restoration\"],\"slogan\":\"Hair Transplant Turkey - Istanbul 2026\",\"department\":{\"@type\":\"MedicalClinic\",\"name\":\"Hair Restoration Clinic\",\"image\":\"https:\\\/\\\/www.veraclinic.net\\\/wp-content\\\/uploads\\\/2023\\\/08\\\/Black.svg\"}},{\"@type\":\"Person\",\"@id\":\"https:\\\/\\\/www.veraclinic.net\\\/de\\\/#\\\/schema\\\/person\\\/cf2a89faa60b0f336c0e3ddd9a9ebf93\",\"name\":\"Serkan Kaya\",\"image\":{\"@type\":\"ImageObject\",\"inLanguage\":\"de\",\"@id\":\"https:\\\/\\\/secure.gravatar.com\\\/avatar\\\/7be7270f63c439d0c7a2eb338af8fdae8d8a9bcf26af0aa6d1e01bfdf92390b5?s=96&d=mm&r=g\",\"url\":\"https:\\\/\\\/secure.gravatar.com\\\/avatar\\\/7be7270f63c439d0c7a2eb338af8fdae8d8a9bcf26af0aa6d1e01bfdf92390b5?s=96&d=mm&r=g\",\"contentUrl\":\"https:\\\/\\\/secure.gravatar.com\\\/avatar\\\/7be7270f63c439d0c7a2eb338af8fdae8d8a9bcf26af0aa6d1e01bfdf92390b5?s=96&d=mm&r=g\",\"caption\":\"Serkan Kaya\"},\"sameAs\":[\"https:\\\/\\\/www.veraclinic.net\"]}]}<\/script>\n<!-- \/ Yoast SEO Premium plugin. -->","yoast_head_json":{"title":"Vertragsinstitutionen - VeraClinic","description":"Als VeraClinic ist es unsere einzige Priorit\u00e4t, mit Gesundheitseinrichtungen und \u00c4rzten zusammenzuarbeiten, die den besten und..","robots":{"index":"index","follow":"follow","max-snippet":"max-snippet:-1","max-image-preview":"max-image-preview:large","max-video-preview":"max-video-preview:-1"},"canonical":"https:\/\/www.veraclinic.net\/de\/vertragsinstitutionen\/","og_locale":"de_DE","og_type":"article","og_title":"Vertragsinstitutionen","og_description":"Als VeraClinic ist es unsere einzige Priorit\u00e4t, mit Gesundheitseinrichtungen und \u00c4rzten zusammenzuarbeiten, die den besten und..","og_url":"https:\/\/www.veraclinic.net\/de\/vertragsinstitutionen\/","og_site_name":"VeraClinic","article_publisher":"https:\/\/www.facebook.com\/veraclinic.net","article_modified_time":"2025-08-07T14:35:15+00:00","og_image":[{"width":925,"height":290,"url":"https:\/\/www.veraclinic.net\/wp-content\/uploads\/2023\/07\/veraclinic-tip-merkezi-1.webp","type":"image\/webp"}],"twitter_card":"summary_large_image","twitter_site":"@veraclinic","twitter_misc":{"Gesch\u00e4tzte Lesezeit":"1\u00a0Minute"},"schema":{"@context":"https:\/\/schema.org","@graph":[{"@type":"MedicalWebPage","@id":"https:\/\/www.veraclinic.net\/de\/vertragsinstitutionen\/#article","isPartOf":{"@id":"https:\/\/www.veraclinic.net\/de\/vertragsinstitutionen\/"},"author":{"name":"Serkan Kaya","@id":"https:\/\/www.veraclinic.net\/de\/#\/schema\/person\/cf2a89faa60b0f336c0e3ddd9a9ebf93"},"headline":"Vertragsinstitutionen","datePublished":"2023-07-27T13:09:55+00:00","dateModified":"2025-08-07T14:35:15+00:00","mainEntityOfPage":{"@id":"https:\/\/www.veraclinic.net\/de\/vertragsinstitutionen\/"},"wordCount":135,"publisher":{"@id":"https:\/\/www.veraclinic.net\/de\/#organization"},"image":{"@id":"https:\/\/www.veraclinic.net\/de\/vertragsinstitutionen\/#primaryimage"},"thumbnailUrl":"https:\/\/www.veraclinic.net\/wp-content\/uploads\/2023\/07\/veraclinic-tip-merkezi-1.webp","inLanguage":"de","reviewedBy":{"@type":"Physician","@id":"https:\/\/www.veraclinic.net\/our-doctors\/emin-gul\/#physician"},"lastReviewed":"2025-08-07","audience":{"@type":"MedicalAudience","audienceType":"Patients"}},{"@type":"MedicalWebPage","@id":"https:\/\/www.veraclinic.net\/de\/vertragsinstitutionen\/","url":"https:\/\/www.veraclinic.net\/de\/vertragsinstitutionen\/","name":"Vertragsinstitutionen - VeraClinic","isPartOf":{"@id":"https:\/\/www.veraclinic.net\/de\/#website"},"primaryImageOfPage":{"@id":"https:\/\/www.veraclinic.net\/de\/vertragsinstitutionen\/#primaryimage"},"image":{"@id":"https:\/\/www.veraclinic.net\/de\/vertragsinstitutionen\/#primaryimage"},"thumbnailUrl":"https:\/\/www.veraclinic.net\/wp-content\/uploads\/2023\/07\/veraclinic-tip-merkezi-1.webp","datePublished":"2023-07-27T13:09:55+00:00","dateModified":"2025-08-07T14:35:15+00:00","description":"Als VeraClinic ist es unsere einzige Priorit\u00e4t, mit Gesundheitseinrichtungen und \u00c4rzten zusammenzuarbeiten, die den besten und..","breadcrumb":{"@id":"https:\/\/www.veraclinic.net\/de\/vertragsinstitutionen\/#breadcrumb"},"inLanguage":"de","potentialAction":[{"@type":"ReadAction","target":["https:\/\/www.veraclinic.net\/de\/vertragsinstitutionen\/"]}],"reviewedBy":{"@type":"Physician","@id":"https:\/\/www.veraclinic.net\/our-doctors\/emin-gul\/#physician"},"lastReviewed":"2025-08-07","audience":{"@type":"MedicalAudience","audienceType":"Patients"}},{"@type":"ImageObject","inLanguage":"de","@id":"https:\/\/www.veraclinic.net\/de\/vertragsinstitutionen\/#primaryimage","url":"https:\/\/www.veraclinic.net\/wp-content\/uploads\/2023\/07\/veraclinic-tip-merkezi-1.webp","contentUrl":"https:\/\/www.veraclinic.net\/wp-content\/uploads\/2023\/07\/veraclinic-tip-merkezi-1.webp"},{"@type":"BreadcrumbList","@id":"https:\/\/www.veraclinic.net\/de\/vertragsinstitutionen\/#breadcrumb","itemListElement":[{"@type":"ListItem","position":1,"name":"Haartransplantation in der T\u00fcrkei","item":"https:\/\/www.veraclinic.net\/de\/"},{"@type":"ListItem","position":2,"name":"Vertragsinstitutionen"}]},{"@type":"WebSite","@id":"https:\/\/www.veraclinic.net\/de\/#website","url":"https:\/\/www.veraclinic.net\/de\/","name":"Hair Transplant Turkey - Istanbul 2026","description":"Hair Transplant Turkey - Istanbul 2026","publisher":{"@id":"https:\/\/www.veraclinic.net\/de\/#organization"},"alternateName":"Vera Clinic","potentialAction":[{"@type":"SearchAction","target":{"@type":"EntryPoint","urlTemplate":"https:\/\/www.veraclinic.net\/de\/?s={search_term_string}"},"query-input":{"@type":"PropertyValueSpecification","valueRequired":true,"valueName":"search_term_string"}}],"inLanguage":"de"},{"@type":["Organization","MedicalBusiness","MedicalOrganization"],"@id":"https:\/\/www.veraclinic.net\/#medicalorg","name":"Vera Clinic | Hair Transplant Turkey - Istanbul","alternateName":"Vera Clinic","url":"https:\/\/www.veraclinic.net\/de\/","logo":{"@type":"ImageObject","inLanguage":"de","@id":"https:\/\/www.veraclinic.net\/de\/#\/schema\/logo\/image\/","url":"https:\/\/www.veraclinic.net\/wp-content\/uploads\/2023\/08\/Black.svg","contentUrl":"https:\/\/www.veraclinic.net\/wp-content\/uploads\/2023\/08\/Black.svg","caption":"Vera Clinic | Hair Transplant Turkey - Istanbul"},"image":{"@id":"https:\/\/www.veraclinic.net\/de\/#\/schema\/logo\/image\/"},"sameAs":["https:\/\/www.facebook.com\/veraclinic.net","https:\/\/x.com\/veraclinic","https:\/\/www.instagram.com\/veraclinic","https:\/\/www.linkedin.com\/company\/veraclinic\/","https:\/\/www.pinterest.com\/veraclinic\/","https:\/\/www.youtube.com\/c\/VeraClinic"],"legalName":"ESTEVERA SA\u011eLIK H\u0130Z. VE DAN. T\u0130C. LTD. ST\u0130.","vatID":"936499-0","taxID":"3800538109","medicalSpecialty":["Dermatology","PlasticSurgery","Hair Restoration"],"slogan":"Hair Transplant Turkey - Istanbul 2026","department":{"@type":"MedicalClinic","name":"Hair Restoration Clinic","image":"https:\/\/www.veraclinic.net\/wp-content\/uploads\/2023\/08\/Black.svg"}},{"@type":"Person","@id":"https:\/\/www.veraclinic.net\/de\/#\/schema\/person\/cf2a89faa60b0f336c0e3ddd9a9ebf93","name":"Serkan Kaya","image":{"@type":"ImageObject","inLanguage":"de","@id":"https:\/\/secure.gravatar.com\/avatar\/7be7270f63c439d0c7a2eb338af8fdae8d8a9bcf26af0aa6d1e01bfdf92390b5?s=96&d=mm&r=g","url":"https:\/\/secure.gravatar.com\/avatar\/7be7270f63c439d0c7a2eb338af8fdae8d8a9bcf26af0aa6d1e01bfdf92390b5?s=96&d=mm&r=g","contentUrl":"https:\/\/secure.gravatar.com\/avatar\/7be7270f63c439d0c7a2eb338af8fdae8d8a9bcf26af0aa6d1e01bfdf92390b5?s=96&d=mm&r=g","caption":"Serkan Kaya"},"sameAs":["https:\/\/www.veraclinic.net"]}]}},"_links":{"self":[{"href":"https:\/\/www.veraclinic.net\/de\/wp-json\/wp\/v2\/pages\/90474","targetHints":{"allow":["GET"]}}],"collection":[{"href":"https:\/\/www.veraclinic.net\/de\/wp-json\/wp\/v2\/pages"}],"about":[{"href":"https:\/\/www.veraclinic.net\/de\/wp-json\/wp\/v2\/types\/page"}],"author":[{"embeddable":true,"href":"https:\/\/www.veraclinic.net\/de\/wp-json\/wp\/v2\/users\/1"}],"replies":[{"embeddable":true,"href":"https:\/\/www.veraclinic.net\/de\/wp-json\/wp\/v2\/comments?post=90474"}],"version-history":[{"count":3,"href":"https:\/\/www.veraclinic.net\/de\/wp-json\/wp\/v2\/pages\/90474\/revisions"}],"predecessor-version":[{"id":148947,"href":"https:\/\/www.veraclinic.net\/de\/wp-json\/wp\/v2\/pages\/90474\/revisions\/148947"}],"wp:attachment":[{"href":"https:\/\/www.veraclinic.net\/de\/wp-json\/wp\/v2\/media?parent=90474"}],"curies":[{"name":"wp","href":"https:\/\/api.w.org\/{rel}","templated":true}]}}