{"id":166428,"date":"2026-03-12T16:17:52","date_gmt":"2026-03-12T13:17:52","guid":{"rendered":"https:\/\/www.veraclinic.net\/?page_id=166428"},"modified":"2026-03-12T16:17:52","modified_gmt":"2026-03-12T13:17:52","slug":"redaktionelle-standards-veraclinic","status":"publish","type":"page","link":"https:\/\/www.veraclinic.net\/de\/redaktionelle-standards-veraclinic\/","title":{"rendered":"Redaktionelle Standards | VeraClinic"},"content":{"rendered":"\n<p>Bei VeraClinic werden alle Inhalte nach klar definierten redaktionellen und medizinischen Standards erstellt und gepflegt.<\/p>\n\n\n\n<p>Unser Ziel ist es, verl\u00e4ssliche, verst\u00e4ndliche und aktuelle medizinische Informationen f\u00fcr ein internationales Publikum bereitzustellen.<\/p>\n\n\n\n<div id=\"ez-toc-container\" class=\"ez-toc-v2_0_82_2 counter-hierarchy ez-toc-counter ez-toc-grey ez-toc-container-direction\">\n<div class=\"ez-toc-title-container\">\n<span class=\"ez-toc-title-toggle\"><\/span><\/div>\n<nav><ul class='ez-toc-list ez-toc-list-level-1 ' ><li class='ez-toc-page-1 ez-toc-heading-level-3'><a class=\"ez-toc-link ez-toc-heading-1\" href=\"https:\/\/www.veraclinic.net\/de\/redaktionelle-standards-veraclinic\/#Inhaltserstellung\" >Inhaltserstellung<\/a><\/li><li class='ez-toc-page-1 ez-toc-heading-level-3'><a class=\"ez-toc-link ez-toc-heading-2\" href=\"https:\/\/www.veraclinic.net\/de\/redaktionelle-standards-veraclinic\/#Medizinische_Pruefung\" >Medizinische Pr\u00fcfung<\/a><\/li><li class='ez-toc-page-1 ez-toc-heading-level-3'><a class=\"ez-toc-link ez-toc-heading-3\" href=\"https:\/\/www.veraclinic.net\/de\/redaktionelle-standards-veraclinic\/#Lokalisierung_Sprache\" >Lokalisierung &amp; Sprache<\/a><\/li><li class='ez-toc-page-1 ez-toc-heading-level-3'><a class=\"ez-toc-link ez-toc-heading-4\" href=\"https:\/\/www.veraclinic.net\/de\/redaktionelle-standards-veraclinic\/#Aktualisierung\" >Aktualisierung<\/a><\/li><li class='ez-toc-page-1 ez-toc-heading-level-3'><a class=\"ez-toc-link ez-toc-heading-5\" href=\"https:\/\/www.veraclinic.net\/de\/redaktionelle-standards-veraclinic\/#Transparenz\" >Transparenz<\/a><\/li><\/ul><\/nav><\/div>\n<h3 class=\"wp-block-heading\" id=\"h-inhaltserstellung\"><span class=\"ez-toc-section\" id=\"Inhaltserstellung\"><\/span><strong>Inhaltserstellung<\/strong><span class=\"ez-toc-section-end\"><\/span><\/h3>\n\n\n\n<p>Die Inhalte werden von erfahrenen Redakteuren mit Fachkenntnissen im medizinischen und gesundheitlichen Bereich erstellt.<\/p>\n\n\n\n<h3 class=\"wp-block-heading\" id=\"h-medizinische-prufung\"><span class=\"ez-toc-section\" id=\"Medizinische_Pruefung\"><\/span><strong>Medizinische Pr\u00fcfung<\/strong><span class=\"ez-toc-section-end\"><\/span><\/h3>\n\n\n\n<p>Medizinische Inhalte werden von qualifizierten Fach\u00e4rzten \u00fcberpr\u00fcft, um Genauigkeit und Aktualit\u00e4t sicherzustellen.<\/p>\n\n\n\n<h3 class=\"wp-block-heading\" id=\"h-lokalisierung-amp-sprache\"><span class=\"ez-toc-section\" id=\"Lokalisierung_Sprache\"><\/span><strong>Lokalisierung &amp; Sprache<\/strong><span class=\"ez-toc-section-end\"><\/span><\/h3>\n\n\n\n<p>Jede Sprachversion wird professionell lokalisiert und kulturell angepasst, nicht automatisch \u00fcbersetzt.<\/p>\n\n\n\n<h3 class=\"wp-block-heading\" id=\"h-aktualisierung\"><span class=\"ez-toc-section\" id=\"Aktualisierung\"><\/span><strong>Aktualisierung<\/strong><span class=\"ez-toc-section-end\"><\/span><\/h3>\n\n\n\n<p>Inhalte werden regelm\u00e4\u00dfig \u00fcberpr\u00fcft und bei Bedarf aktualisiert.<\/p>\n\n\n\n<h3 class=\"wp-block-heading\" id=\"h-transparenz\"><span class=\"ez-toc-section\" id=\"Transparenz\"><\/span><strong>Transparenz<\/strong><span class=\"ez-toc-section-end\"><\/span><\/h3>\n\n\n\n<p>Redaktionelle Verantwortlichkeiten und Aktualisierungsdaten werden auf jeder Seite klar angegeben.<\/p>\n","protected":false},"excerpt":{"rendered":"<p>Bei VeraClinic werden alle Inhalte nach klar definierten redaktionellen und medizinischen Standards erstellt und gepflegt. Unser Ziel ist es, verl\u00e4ssliche,<\/p>\n","protected":false},"author":27,"featured_media":0,"parent":0,"menu_order":0,"comment_status":"closed","ping_status":"closed","template":"","meta":{"inline_featured_image":false,"footnotes":""},"class_list":{"0":"post-166428","1":"page","2":"type-page","3":"status-publish","5":"infinite-scroll-item"},"lang":"de","translations":{"en":166424,"de":166428,"fr":166431,"it":166433,"pt-pt":166435,"es":166437,"ar":166439,"ru":166441},"yoast_head":"<!-- This site is optimized with the Yoast SEO Premium plugin v27.4 (Yoast SEO v27.4) - https:\/\/yoast.com\/product\/yoast-seo-premium-wordpress\/ -->\n<title>Redaktionelle Standards | VeraClinic - Vera Clinic<\/title>\n<meta name=\"robots\" content=\"index, follow, max-snippet:-1, max-image-preview:large, max-video-preview:-1\" \/>\n<link rel=\"canonical\" href=\"https:\/\/www.veraclinic.net\/de\/redaktionelle-standards-veraclinic\/\" \/>\n<meta property=\"og:locale\" content=\"de_DE\" \/>\n<meta property=\"og:type\" content=\"article\" \/>\n<meta property=\"og:title\" content=\"Redaktionelle Standards | VeraClinic\" \/>\n<meta property=\"og:description\" content=\"Bei VeraClinic werden alle Inhalte nach klar definierten redaktionellen und medizinischen Standards erstellt und gepflegt. Unser Ziel ist es, verl\u00e4ssliche,\" \/>\n<meta property=\"og:url\" content=\"https:\/\/www.veraclinic.net\/de\/redaktionelle-standards-veraclinic\/\" \/>\n<meta property=\"og:site_name\" content=\"VeraClinic\" \/>\n<meta property=\"article:publisher\" content=\"https:\/\/www.facebook.com\/veraclinic.net\" \/>\n<meta property=\"og:image\" content=\"https:\/\/www.veraclinic.net\/wp-content\/uploads\/2023\/10\/387848654_705134914977420_7512145111300864927_n.jpg\" \/>\n\t<meta property=\"og:image:width\" content=\"1640\" \/>\n\t<meta property=\"og:image:height\" content=\"720\" \/>\n\t<meta property=\"og:image:type\" content=\"image\/jpeg\" \/>\n<meta name=\"twitter:card\" content=\"summary_large_image\" \/>\n<meta name=\"twitter:site\" content=\"@veraclinic\" \/>\n<meta name=\"twitter:label1\" content=\"Gesch\u00e4tzte Lesezeit\" \/>\n\t<meta name=\"twitter:data1\" content=\"1\u00a0Minute\" \/>\n<script type=\"application\/ld+json\" class=\"yoast-schema-graph\">{\"@context\":\"https:\\\/\\\/schema.org\",\"@graph\":[{\"@type\":\"MedicalWebPage\",\"@id\":\"https:\\\/\\\/www.veraclinic.net\\\/de\\\/redaktionelle-standards-veraclinic\\\/#article\",\"isPartOf\":{\"@id\":\"https:\\\/\\\/www.veraclinic.net\\\/de\\\/redaktionelle-standards-veraclinic\\\/\"},\"author\":{\"name\":\"\u00d6mr\u00fcm \u015eim\u015fek\",\"@id\":\"https:\\\/\\\/www.veraclinic.net\\\/de\\\/#\\\/schema\\\/person\\\/6c1c575221373c5780d6278f84b93e38\"},\"headline\":\"Redaktionelle Standards | VeraClinic\",\"datePublished\":\"2026-03-12T13:17:52+00:00\",\"mainEntityOfPage\":{\"@id\":\"https:\\\/\\\/www.veraclinic.net\\\/de\\\/redaktionelle-standards-veraclinic\\\/\"},\"wordCount\":105,\"publisher\":{\"@id\":\"https:\\\/\\\/www.veraclinic.net\\\/de\\\/#organization\"},\"inLanguage\":\"de\",\"reviewedBy\":{\"@type\":\"Physician\",\"@id\":\"https:\\\/\\\/www.veraclinic.net\\\/our-doctors\\\/emin-gul\\\/#physician\"},\"lastReviewed\":\"2026-03-12\",\"audience\":{\"@type\":\"MedicalAudience\",\"audienceType\":\"Patients\"}},{\"@type\":\"MedicalWebPage\",\"@id\":\"https:\\\/\\\/www.veraclinic.net\\\/de\\\/redaktionelle-standards-veraclinic\\\/\",\"url\":\"https:\\\/\\\/www.veraclinic.net\\\/de\\\/redaktionelle-standards-veraclinic\\\/\",\"name\":\"Redaktionelle Standards | VeraClinic - Vera Clinic\",\"isPartOf\":{\"@id\":\"https:\\\/\\\/www.veraclinic.net\\\/de\\\/#website\"},\"datePublished\":\"2026-03-12T13:17:52+00:00\",\"breadcrumb\":{\"@id\":\"https:\\\/\\\/www.veraclinic.net\\\/de\\\/redaktionelle-standards-veraclinic\\\/#breadcrumb\"},\"inLanguage\":\"de\",\"potentialAction\":[{\"@type\":\"ReadAction\",\"target\":[\"https:\\\/\\\/www.veraclinic.net\\\/de\\\/redaktionelle-standards-veraclinic\\\/\"]}],\"reviewedBy\":{\"@type\":\"Physician\",\"@id\":\"https:\\\/\\\/www.veraclinic.net\\\/our-doctors\\\/emin-gul\\\/#physician\"},\"lastReviewed\":\"2026-03-12\",\"audience\":{\"@type\":\"MedicalAudience\",\"audienceType\":\"Patients\"}},{\"@type\":\"BreadcrumbList\",\"@id\":\"https:\\\/\\\/www.veraclinic.net\\\/de\\\/redaktionelle-standards-veraclinic\\\/#breadcrumb\",\"itemListElement\":[{\"@type\":\"ListItem\",\"position\":1,\"name\":\"Haartransplantation in der T\u00fcrkei\",\"item\":\"https:\\\/\\\/www.veraclinic.net\\\/de\\\/\"},{\"@type\":\"ListItem\",\"position\":2,\"name\":\"Redaktionelle Standards | VeraClinic\"}]},{\"@type\":\"WebSite\",\"@id\":\"https:\\\/\\\/www.veraclinic.net\\\/de\\\/#website\",\"url\":\"https:\\\/\\\/www.veraclinic.net\\\/de\\\/\",\"name\":\"Hair Transplant Turkey - Istanbul 2026\",\"description\":\"Hair Transplant Turkey - Istanbul 2026\",\"publisher\":{\"@id\":\"https:\\\/\\\/www.veraclinic.net\\\/de\\\/#organization\"},\"alternateName\":\"Vera Clinic\",\"potentialAction\":[{\"@type\":\"SearchAction\",\"target\":{\"@type\":\"EntryPoint\",\"urlTemplate\":\"https:\\\/\\\/www.veraclinic.net\\\/de\\\/?s={search_term_string}\"},\"query-input\":{\"@type\":\"PropertyValueSpecification\",\"valueRequired\":true,\"valueName\":\"search_term_string\"}}],\"inLanguage\":\"de\"},{\"@type\":[\"Organization\",\"MedicalBusiness\",\"MedicalOrganization\"],\"@id\":\"https:\\\/\\\/www.veraclinic.net\\\/#medicalorg\",\"name\":\"Vera Clinic | Hair Transplant Turkey - Istanbul\",\"alternateName\":\"Vera Clinic\",\"url\":\"https:\\\/\\\/www.veraclinic.net\\\/de\\\/\",\"logo\":{\"@type\":\"ImageObject\",\"inLanguage\":\"de\",\"@id\":\"https:\\\/\\\/www.veraclinic.net\\\/de\\\/#\\\/schema\\\/logo\\\/image\\\/\",\"url\":\"https:\\\/\\\/www.veraclinic.net\\\/wp-content\\\/uploads\\\/2023\\\/08\\\/Black.svg\",\"contentUrl\":\"https:\\\/\\\/www.veraclinic.net\\\/wp-content\\\/uploads\\\/2023\\\/08\\\/Black.svg\",\"caption\":\"Vera Clinic | Hair Transplant Turkey - Istanbul\"},\"image\":{\"@id\":\"https:\\\/\\\/www.veraclinic.net\\\/de\\\/#\\\/schema\\\/logo\\\/image\\\/\"},\"sameAs\":[\"https:\\\/\\\/www.facebook.com\\\/veraclinic.net\",\"https:\\\/\\\/x.com\\\/veraclinic\",\"https:\\\/\\\/www.instagram.com\\\/veraclinic\",\"https:\\\/\\\/www.linkedin.com\\\/company\\\/veraclinic\\\/\",\"https:\\\/\\\/www.pinterest.com\\\/veraclinic\\\/\",\"https:\\\/\\\/www.youtube.com\\\/c\\\/VeraClinic\"],\"legalName\":\"ESTEVERA SA\u011eLIK H\u0130Z. VE DAN. T\u0130C. LTD. ST\u0130.\",\"vatID\":\"936499-0\",\"taxID\":\"3800538109\",\"medicalSpecialty\":[\"Dermatology\",\"PlasticSurgery\",\"Hair Restoration\"],\"slogan\":\"Hair Transplant Turkey - Istanbul 2026\",\"department\":{\"@type\":\"MedicalClinic\",\"name\":\"Hair Restoration Clinic\",\"image\":\"https:\\\/\\\/www.veraclinic.net\\\/wp-content\\\/uploads\\\/2023\\\/08\\\/Black.svg\"}},{\"@type\":\"Person\",\"@id\":\"https:\\\/\\\/www.veraclinic.net\\\/de\\\/#\\\/schema\\\/person\\\/6c1c575221373c5780d6278f84b93e38\",\"name\":\"\u00d6mr\u00fcm \u015eim\u015fek\",\"image\":{\"@type\":\"ImageObject\",\"inLanguage\":\"de\",\"@id\":\"https:\\\/\\\/secure.gravatar.com\\\/avatar\\\/dc623f236da884241fdf3d8029edb5e292cc08c2642f2c3260645d036335bc7c?s=96&d=mm&r=g\",\"url\":\"https:\\\/\\\/secure.gravatar.com\\\/avatar\\\/dc623f236da884241fdf3d8029edb5e292cc08c2642f2c3260645d036335bc7c?s=96&d=mm&r=g\",\"contentUrl\":\"https:\\\/\\\/secure.gravatar.com\\\/avatar\\\/dc623f236da884241fdf3d8029edb5e292cc08c2642f2c3260645d036335bc7c?s=96&d=mm&r=g\",\"caption\":\"\u00d6mr\u00fcm \u015eim\u015fek\"}}]}<\/script>\n<!-- \/ Yoast SEO Premium plugin. -->","yoast_head_json":{"title":"Redaktionelle Standards | VeraClinic - Vera Clinic","robots":{"index":"index","follow":"follow","max-snippet":"max-snippet:-1","max-image-preview":"max-image-preview:large","max-video-preview":"max-video-preview:-1"},"canonical":"https:\/\/www.veraclinic.net\/de\/redaktionelle-standards-veraclinic\/","og_locale":"de_DE","og_type":"article","og_title":"Redaktionelle Standards | VeraClinic","og_description":"Bei VeraClinic werden alle Inhalte nach klar definierten redaktionellen und medizinischen Standards erstellt und gepflegt. Unser Ziel ist es, verl\u00e4ssliche,","og_url":"https:\/\/www.veraclinic.net\/de\/redaktionelle-standards-veraclinic\/","og_site_name":"VeraClinic","article_publisher":"https:\/\/www.facebook.com\/veraclinic.net","og_image":[{"width":1640,"height":720,"url":"https:\/\/www.veraclinic.net\/wp-content\/uploads\/2023\/10\/387848654_705134914977420_7512145111300864927_n.jpg","type":"image\/jpeg"}],"twitter_card":"summary_large_image","twitter_site":"@veraclinic","twitter_misc":{"Gesch\u00e4tzte Lesezeit":"1\u00a0Minute"},"schema":{"@context":"https:\/\/schema.org","@graph":[{"@type":"MedicalWebPage","@id":"https:\/\/www.veraclinic.net\/de\/redaktionelle-standards-veraclinic\/#article","isPartOf":{"@id":"https:\/\/www.veraclinic.net\/de\/redaktionelle-standards-veraclinic\/"},"author":{"name":"\u00d6mr\u00fcm \u015eim\u015fek","@id":"https:\/\/www.veraclinic.net\/de\/#\/schema\/person\/6c1c575221373c5780d6278f84b93e38"},"headline":"Redaktionelle Standards | VeraClinic","datePublished":"2026-03-12T13:17:52+00:00","mainEntityOfPage":{"@id":"https:\/\/www.veraclinic.net\/de\/redaktionelle-standards-veraclinic\/"},"wordCount":105,"publisher":{"@id":"https:\/\/www.veraclinic.net\/de\/#organization"},"inLanguage":"de","reviewedBy":{"@type":"Physician","@id":"https:\/\/www.veraclinic.net\/our-doctors\/emin-gul\/#physician"},"lastReviewed":"2026-03-12","audience":{"@type":"MedicalAudience","audienceType":"Patients"}},{"@type":"MedicalWebPage","@id":"https:\/\/www.veraclinic.net\/de\/redaktionelle-standards-veraclinic\/","url":"https:\/\/www.veraclinic.net\/de\/redaktionelle-standards-veraclinic\/","name":"Redaktionelle Standards | VeraClinic - Vera Clinic","isPartOf":{"@id":"https:\/\/www.veraclinic.net\/de\/#website"},"datePublished":"2026-03-12T13:17:52+00:00","breadcrumb":{"@id":"https:\/\/www.veraclinic.net\/de\/redaktionelle-standards-veraclinic\/#breadcrumb"},"inLanguage":"de","potentialAction":[{"@type":"ReadAction","target":["https:\/\/www.veraclinic.net\/de\/redaktionelle-standards-veraclinic\/"]}],"reviewedBy":{"@type":"Physician","@id":"https:\/\/www.veraclinic.net\/our-doctors\/emin-gul\/#physician"},"lastReviewed":"2026-03-12","audience":{"@type":"MedicalAudience","audienceType":"Patients"}},{"@type":"BreadcrumbList","@id":"https:\/\/www.veraclinic.net\/de\/redaktionelle-standards-veraclinic\/#breadcrumb","itemListElement":[{"@type":"ListItem","position":1,"name":"Haartransplantation in der T\u00fcrkei","item":"https:\/\/www.veraclinic.net\/de\/"},{"@type":"ListItem","position":2,"name":"Redaktionelle Standards | VeraClinic"}]},{"@type":"WebSite","@id":"https:\/\/www.veraclinic.net\/de\/#website","url":"https:\/\/www.veraclinic.net\/de\/","name":"Hair Transplant Turkey - Istanbul 2026","description":"Hair Transplant Turkey - Istanbul 2026","publisher":{"@id":"https:\/\/www.veraclinic.net\/de\/#organization"},"alternateName":"Vera Clinic","potentialAction":[{"@type":"SearchAction","target":{"@type":"EntryPoint","urlTemplate":"https:\/\/www.veraclinic.net\/de\/?s={search_term_string}"},"query-input":{"@type":"PropertyValueSpecification","valueRequired":true,"valueName":"search_term_string"}}],"inLanguage":"de"},{"@type":["Organization","MedicalBusiness","MedicalOrganization"],"@id":"https:\/\/www.veraclinic.net\/#medicalorg","name":"Vera Clinic | Hair Transplant Turkey - Istanbul","alternateName":"Vera Clinic","url":"https:\/\/www.veraclinic.net\/de\/","logo":{"@type":"ImageObject","inLanguage":"de","@id":"https:\/\/www.veraclinic.net\/de\/#\/schema\/logo\/image\/","url":"https:\/\/www.veraclinic.net\/wp-content\/uploads\/2023\/08\/Black.svg","contentUrl":"https:\/\/www.veraclinic.net\/wp-content\/uploads\/2023\/08\/Black.svg","caption":"Vera Clinic | Hair Transplant Turkey - Istanbul"},"image":{"@id":"https:\/\/www.veraclinic.net\/de\/#\/schema\/logo\/image\/"},"sameAs":["https:\/\/www.facebook.com\/veraclinic.net","https:\/\/x.com\/veraclinic","https:\/\/www.instagram.com\/veraclinic","https:\/\/www.linkedin.com\/company\/veraclinic\/","https:\/\/www.pinterest.com\/veraclinic\/","https:\/\/www.youtube.com\/c\/VeraClinic"],"legalName":"ESTEVERA SA\u011eLIK H\u0130Z. VE DAN. T\u0130C. LTD. ST\u0130.","vatID":"936499-0","taxID":"3800538109","medicalSpecialty":["Dermatology","PlasticSurgery","Hair Restoration"],"slogan":"Hair Transplant Turkey - Istanbul 2026","department":{"@type":"MedicalClinic","name":"Hair Restoration Clinic","image":"https:\/\/www.veraclinic.net\/wp-content\/uploads\/2023\/08\/Black.svg"}},{"@type":"Person","@id":"https:\/\/www.veraclinic.net\/de\/#\/schema\/person\/6c1c575221373c5780d6278f84b93e38","name":"\u00d6mr\u00fcm \u015eim\u015fek","image":{"@type":"ImageObject","inLanguage":"de","@id":"https:\/\/secure.gravatar.com\/avatar\/dc623f236da884241fdf3d8029edb5e292cc08c2642f2c3260645d036335bc7c?s=96&d=mm&r=g","url":"https:\/\/secure.gravatar.com\/avatar\/dc623f236da884241fdf3d8029edb5e292cc08c2642f2c3260645d036335bc7c?s=96&d=mm&r=g","contentUrl":"https:\/\/secure.gravatar.com\/avatar\/dc623f236da884241fdf3d8029edb5e292cc08c2642f2c3260645d036335bc7c?s=96&d=mm&r=g","caption":"\u00d6mr\u00fcm \u015eim\u015fek"}}]}},"_links":{"self":[{"href":"https:\/\/www.veraclinic.net\/de\/wp-json\/wp\/v2\/pages\/166428","targetHints":{"allow":["GET"]}}],"collection":[{"href":"https:\/\/www.veraclinic.net\/de\/wp-json\/wp\/v2\/pages"}],"about":[{"href":"https:\/\/www.veraclinic.net\/de\/wp-json\/wp\/v2\/types\/page"}],"author":[{"embeddable":true,"href":"https:\/\/www.veraclinic.net\/de\/wp-json\/wp\/v2\/users\/27"}],"replies":[{"embeddable":true,"href":"https:\/\/www.veraclinic.net\/de\/wp-json\/wp\/v2\/comments?post=166428"}],"version-history":[{"count":1,"href":"https:\/\/www.veraclinic.net\/de\/wp-json\/wp\/v2\/pages\/166428\/revisions"}],"predecessor-version":[{"id":166430,"href":"https:\/\/www.veraclinic.net\/de\/wp-json\/wp\/v2\/pages\/166428\/revisions\/166430"}],"wp:attachment":[{"href":"https:\/\/www.veraclinic.net\/de\/wp-json\/wp\/v2\/media?parent=166428"}],"curies":[{"name":"wp","href":"https:\/\/api.w.org\/{rel}","templated":true}]}}