{"id":97449,"date":"2023-09-15T12:40:26","date_gmt":"2023-09-15T12:40:26","guid":{"rendered":"https:\/\/www.veraclinic.net\/medical-form\/"},"modified":"2023-09-18T07:28:55","modified_gmt":"2023-09-18T07:28:55","slug":"%d8%a7%d8%b3%d8%aa%d9%85%d8%a7%d8%b1%d8%a9-%d8%b7%d8%a8%d9%8a%d8%a9","status":"publish","type":"page","link":"https:\/\/www.veraclinic.net\/ar\/%d8%a7%d8%b3%d8%aa%d9%85%d8%a7%d8%b1%d8%a9-%d8%b7%d8%a8%d9%8a%d8%a9\/","title":{"rendered":"\u0627\u0633\u062a\u0645\u0627\u0631\u0629 \u0637\u0628\u064a\u0629"},"content":{"rendered":"<div class=\"gb-container gb-container-69c0a977\">\n<div class=\"gb-container gb-container-bcc02ea3\">\n\n<p><\/p>\n\n\n\n<script type=\"text\/javascript\" src=\"https:\/\/form.jotform.com\/jsform\/232573054926964\"><\/script>\n\n<\/div>\n<\/div>\n\n<div class=\"gb-container gb-container-8252e753\"><\/div>","protected":false},"excerpt":{"rendered":"","protected":false},"author":1,"featured_media":0,"parent":0,"menu_order":0,"comment_status":"closed","ping_status":"closed","template":"","meta":{"inline_featured_image":false,"footnotes":""},"class_list":{"0":"post-97449","1":"page","2":"type-page","3":"status-publish","5":"infinite-scroll-item"},"lang":"ar","translations":{"en":97383,"ar":97449,"fr":97450,"de":97451,"it":97452,"pt-pt":97453,"ru":97454,"es":97455},"yoast_head":"<!-- This site is optimized with the Yoast SEO Premium plugin v27.4 (Yoast SEO v27.4) - https:\/\/yoast.com\/product\/yoast-seo-premium-wordpress\/ -->\n<title>\u0627\u0633\u062a\u0645\u0627\u0631\u0629 \u0637\u0628\u064a\u0629 - VeraClinic<\/title>\n<meta name=\"description\" content=\"\u0623\u062f\u062e\u0644 \u0645\u0639\u0644\u0648\u0645\u0627\u062a\u0643 \u0641\u064a \u0627\u0644\u0646\u0645\u0648\u0630\u062c \u0627\u0644\u0637\u0628\u064a \u0627\u0644\u062e\u0627\u0635 \u0628\u0646\u0627\u060c \u0648\u0633\u0646\u062a\u0648\u0627\u0635\u0644 \u0645\u0639\u0643 \u0641\u064a \u0623\u0633\u0631\u0639 \u0648\u0642\u062a \u0645\u0645\u0643\u0646 \u0644\u062a\u0631\u062a\u064a\u0628 \u0627\u0644\u0645\u0632\u064a\u062f \u0645\u0646 \u0627\u0644\u0627\u0633\u062a\u0634\u0627\u0631\u0629 \u0641\u064a Vera Clinic.\" \/>\n<meta name=\"robots\" content=\"index, follow, max-snippet:-1, max-image-preview:large, max-video-preview:-1\" \/>\n<link rel=\"canonical\" href=\"https:\/\/www.veraclinic.net\/ar\/%d8%a7%d8%b3%d8%aa%d9%85%d8%a7%d8%b1%d8%a9-%d8%b7%d8%a8%d9%8a%d8%a9\/\" \/>\n<meta property=\"og:locale\" content=\"ar_AR\" \/>\n<meta property=\"og:type\" content=\"article\" \/>\n<meta property=\"og:title\" content=\"\u0627\u0633\u062a\u0645\u0627\u0631\u0629 \u0637\u0628\u064a\u0629\" \/>\n<meta property=\"og:description\" content=\"\u0623\u062f\u062e\u0644 \u0645\u0639\u0644\u0648\u0645\u0627\u062a\u0643 \u0641\u064a \u0627\u0644\u0646\u0645\u0648\u0630\u062c \u0627\u0644\u0637\u0628\u064a \u0627\u0644\u062e\u0627\u0635 \u0628\u0646\u0627\u060c \u0648\u0633\u0646\u062a\u0648\u0627\u0635\u0644 \u0645\u0639\u0643 \u0641\u064a \u0623\u0633\u0631\u0639 \u0648\u0642\u062a \u0645\u0645\u0643\u0646 \u0644\u062a\u0631\u062a\u064a\u0628 \u0627\u0644\u0645\u0632\u064a\u062f \u0645\u0646 \u0627\u0644\u0627\u0633\u062a\u0634\u0627\u0631\u0629 \u0641\u064a Vera Clinic.\" \/>\n<meta property=\"og:url\" content=\"https:\/\/www.veraclinic.net\/ar\/%d8%a7%d8%b3%d8%aa%d9%85%d8%a7%d8%b1%d8%a9-%d8%b7%d8%a8%d9%8a%d8%a9\/\" \/>\n<meta property=\"og:site_name\" content=\"VeraClinic\" \/>\n<meta property=\"article:publisher\" content=\"https:\/\/www.facebook.com\/veraclinic.net\" \/>\n<meta property=\"article:modified_time\" content=\"2023-09-18T07:28:55+00:00\" \/>\n<meta property=\"og:image\" content=\"https:\/\/www.veraclinic.net\/wp-content\/uploads\/2023\/10\/387848654_705134914977420_7512145111300864927_n.jpg\" \/>\n\t<meta property=\"og:image:width\" content=\"1640\" \/>\n\t<meta property=\"og:image:height\" content=\"720\" \/>\n\t<meta property=\"og:image:type\" content=\"image\/jpeg\" \/>\n<meta name=\"twitter:card\" content=\"summary_large_image\" \/>\n<meta name=\"twitter:site\" content=\"@veraclinic\" \/>\n<script type=\"application\/ld+json\" class=\"yoast-schema-graph\">{\"@context\":\"https:\\\/\\\/schema.org\",\"@graph\":[{\"@type\":\"MedicalWebPage\",\"@id\":\"https:\\\/\\\/www.veraclinic.net\\\/ar\\\/%d8%a7%d8%b3%d8%aa%d9%85%d8%a7%d8%b1%d8%a9-%d8%b7%d8%a8%d9%8a%d8%a9\\\/#article\",\"isPartOf\":{\"@id\":\"https:\\\/\\\/www.veraclinic.net\\\/ar\\\/%d8%a7%d8%b3%d8%aa%d9%85%d8%a7%d8%b1%d8%a9-%d8%b7%d8%a8%d9%8a%d8%a9\\\/\"},\"author\":{\"name\":\"Serkan Kaya\",\"@id\":\"https:\\\/\\\/www.veraclinic.net\\\/ar\\\/#\\\/schema\\\/person\\\/cf2a89faa60b0f336c0e3ddd9a9ebf93\"},\"headline\":\"\u0627\u0633\u062a\u0645\u0627\u0631\u0629 \u0637\u0628\u064a\u0629\",\"datePublished\":\"2023-09-15T12:40:26+00:00\",\"dateModified\":\"2023-09-18T07:28:55+00:00\",\"mainEntityOfPage\":{\"@id\":\"https:\\\/\\\/www.veraclinic.net\\\/ar\\\/%d8%a7%d8%b3%d8%aa%d9%85%d8%a7%d8%b1%d8%a9-%d8%b7%d8%a8%d9%8a%d8%a9\\\/\"},\"wordCount\":0,\"publisher\":{\"@id\":\"https:\\\/\\\/www.veraclinic.net\\\/ar\\\/#organization\"},\"inLanguage\":\"ar\",\"reviewedBy\":{\"@type\":\"Physician\",\"@id\":\"https:\\\/\\\/www.veraclinic.net\\\/our-doctors\\\/emin-gul\\\/#physician\"},\"lastReviewed\":\"2023-09-18\",\"audience\":{\"@type\":\"MedicalAudience\",\"audienceType\":\"Patients\"}},{\"@type\":\"MedicalWebPage\",\"@id\":\"https:\\\/\\\/www.veraclinic.net\\\/ar\\\/%d8%a7%d8%b3%d8%aa%d9%85%d8%a7%d8%b1%d8%a9-%d8%b7%d8%a8%d9%8a%d8%a9\\\/\",\"url\":\"https:\\\/\\\/www.veraclinic.net\\\/ar\\\/%d8%a7%d8%b3%d8%aa%d9%85%d8%a7%d8%b1%d8%a9-%d8%b7%d8%a8%d9%8a%d8%a9\\\/\",\"name\":\"\u0627\u0633\u062a\u0645\u0627\u0631\u0629 \u0637\u0628\u064a\u0629 - VeraClinic\",\"isPartOf\":{\"@id\":\"https:\\\/\\\/www.veraclinic.net\\\/ar\\\/#website\"},\"datePublished\":\"2023-09-15T12:40:26+00:00\",\"dateModified\":\"2023-09-18T07:28:55+00:00\",\"description\":\"\u0623\u062f\u062e\u0644 \u0645\u0639\u0644\u0648\u0645\u0627\u062a\u0643 \u0641\u064a \u0627\u0644\u0646\u0645\u0648\u0630\u062c \u0627\u0644\u0637\u0628\u064a \u0627\u0644\u062e\u0627\u0635 \u0628\u0646\u0627\u060c \u0648\u0633\u0646\u062a\u0648\u0627\u0635\u0644 \u0645\u0639\u0643 \u0641\u064a \u0623\u0633\u0631\u0639 \u0648\u0642\u062a \u0645\u0645\u0643\u0646 \u0644\u062a\u0631\u062a\u064a\u0628 \u0627\u0644\u0645\u0632\u064a\u062f \u0645\u0646 \u0627\u0644\u0627\u0633\u062a\u0634\u0627\u0631\u0629 \u0641\u064a Vera Clinic.\",\"breadcrumb\":{\"@id\":\"https:\\\/\\\/www.veraclinic.net\\\/ar\\\/%d8%a7%d8%b3%d8%aa%d9%85%d8%a7%d8%b1%d8%a9-%d8%b7%d8%a8%d9%8a%d8%a9\\\/#breadcrumb\"},\"inLanguage\":\"ar\",\"potentialAction\":[{\"@type\":\"ReadAction\",\"target\":[\"https:\\\/\\\/www.veraclinic.net\\\/ar\\\/%d8%a7%d8%b3%d8%aa%d9%85%d8%a7%d8%b1%d8%a9-%d8%b7%d8%a8%d9%8a%d8%a9\\\/\"]}],\"reviewedBy\":{\"@type\":\"Physician\",\"@id\":\"https:\\\/\\\/www.veraclinic.net\\\/our-doctors\\\/emin-gul\\\/#physician\"},\"lastReviewed\":\"2023-09-18\",\"audience\":{\"@type\":\"MedicalAudience\",\"audienceType\":\"Patients\"}},{\"@type\":\"BreadcrumbList\",\"@id\":\"https:\\\/\\\/www.veraclinic.net\\\/ar\\\/%d8%a7%d8%b3%d8%aa%d9%85%d8%a7%d8%b1%d8%a9-%d8%b7%d8%a8%d9%8a%d8%a9\\\/#breadcrumb\",\"itemListElement\":[{\"@type\":\"ListItem\",\"position\":1,\"name\":\"\u0632\u0631\u0627\u0639\u0629 \u0627\u0644\u0634\u0639\u0631 \u0641\u064a \u062a\u0631\u0643\u064a\u0627\",\"item\":\"https:\\\/\\\/www.veraclinic.net\\\/ar\\\/\"},{\"@type\":\"ListItem\",\"position\":2,\"name\":\"\u0627\u0633\u062a\u0645\u0627\u0631\u0629 \u0637\u0628\u064a\u0629\"}]},{\"@type\":\"WebSite\",\"@id\":\"https:\\\/\\\/www.veraclinic.net\\\/ar\\\/#website\",\"url\":\"https:\\\/\\\/www.veraclinic.net\\\/ar\\\/\",\"name\":\"Hair Transplant Turkey - Istanbul 2026\",\"description\":\"Hair Transplant Turkey - Istanbul 2026\",\"publisher\":{\"@id\":\"https:\\\/\\\/www.veraclinic.net\\\/ar\\\/#organization\"},\"alternateName\":\"Vera Clinic\",\"potentialAction\":[{\"@type\":\"SearchAction\",\"target\":{\"@type\":\"EntryPoint\",\"urlTemplate\":\"https:\\\/\\\/www.veraclinic.net\\\/ar\\\/?s={search_term_string}\"},\"query-input\":{\"@type\":\"PropertyValueSpecification\",\"valueRequired\":true,\"valueName\":\"search_term_string\"}}],\"inLanguage\":\"ar\"},{\"@type\":[\"Organization\",\"MedicalBusiness\",\"MedicalOrganization\"],\"@id\":\"https:\\\/\\\/www.veraclinic.net\\\/#medicalorg\",\"name\":\"Vera Clinic | Hair Transplant Turkey - Istanbul\",\"alternateName\":\"Vera Clinic\",\"url\":\"https:\\\/\\\/www.veraclinic.net\\\/ar\\\/\",\"logo\":{\"@type\":\"ImageObject\",\"inLanguage\":\"ar\",\"@id\":\"https:\\\/\\\/www.veraclinic.net\\\/ar\\\/#\\\/schema\\\/logo\\\/image\\\/\",\"url\":\"https:\\\/\\\/www.veraclinic.net\\\/wp-content\\\/uploads\\\/2023\\\/08\\\/Black.svg\",\"contentUrl\":\"https:\\\/\\\/www.veraclinic.net\\\/wp-content\\\/uploads\\\/2023\\\/08\\\/Black.svg\",\"caption\":\"Vera Clinic | Hair Transplant Turkey - Istanbul\"},\"image\":{\"@id\":\"https:\\\/\\\/www.veraclinic.net\\\/ar\\\/#\\\/schema\\\/logo\\\/image\\\/\"},\"sameAs\":[\"https:\\\/\\\/www.facebook.com\\\/veraclinic.net\",\"https:\\\/\\\/x.com\\\/veraclinic\",\"https:\\\/\\\/www.instagram.com\\\/veraclinic\",\"https:\\\/\\\/www.linkedin.com\\\/company\\\/veraclinic\\\/\",\"https:\\\/\\\/www.pinterest.com\\\/veraclinic\\\/\",\"https:\\\/\\\/www.youtube.com\\\/c\\\/VeraClinic\"],\"legalName\":\"ESTEVERA SA\u011eLIK H\u0130Z. VE DAN. T\u0130C. LTD. ST\u0130.\",\"vatID\":\"936499-0\",\"taxID\":\"3800538109\",\"medicalSpecialty\":[\"Dermatology\",\"PlasticSurgery\",\"Hair Restoration\"],\"slogan\":\"Hair Transplant Turkey - Istanbul 2026\",\"department\":{\"@type\":\"MedicalClinic\",\"name\":\"Hair Restoration Clinic\",\"image\":\"https:\\\/\\\/www.veraclinic.net\\\/wp-content\\\/uploads\\\/2023\\\/08\\\/Black.svg\"}},{\"@type\":\"Person\",\"@id\":\"https:\\\/\\\/www.veraclinic.net\\\/ar\\\/#\\\/schema\\\/person\\\/cf2a89faa60b0f336c0e3ddd9a9ebf93\",\"name\":\"Serkan Kaya\",\"image\":{\"@type\":\"ImageObject\",\"inLanguage\":\"ar\",\"@id\":\"https:\\\/\\\/secure.gravatar.com\\\/avatar\\\/7be7270f63c439d0c7a2eb338af8fdae8d8a9bcf26af0aa6d1e01bfdf92390b5?s=96&d=mm&r=g\",\"url\":\"https:\\\/\\\/secure.gravatar.com\\\/avatar\\\/7be7270f63c439d0c7a2eb338af8fdae8d8a9bcf26af0aa6d1e01bfdf92390b5?s=96&d=mm&r=g\",\"contentUrl\":\"https:\\\/\\\/secure.gravatar.com\\\/avatar\\\/7be7270f63c439d0c7a2eb338af8fdae8d8a9bcf26af0aa6d1e01bfdf92390b5?s=96&d=mm&r=g\",\"caption\":\"Serkan Kaya\"},\"sameAs\":[\"https:\\\/\\\/www.veraclinic.net\"]}]}<\/script>\n<!-- \/ Yoast SEO Premium plugin. -->","yoast_head_json":{"title":"\u0627\u0633\u062a\u0645\u0627\u0631\u0629 \u0637\u0628\u064a\u0629 - VeraClinic","description":"\u0623\u062f\u062e\u0644 \u0645\u0639\u0644\u0648\u0645\u0627\u062a\u0643 \u0641\u064a \u0627\u0644\u0646\u0645\u0648\u0630\u062c \u0627\u0644\u0637\u0628\u064a \u0627\u0644\u062e\u0627\u0635 \u0628\u0646\u0627\u060c \u0648\u0633\u0646\u062a\u0648\u0627\u0635\u0644 \u0645\u0639\u0643 \u0641\u064a \u0623\u0633\u0631\u0639 \u0648\u0642\u062a \u0645\u0645\u0643\u0646 \u0644\u062a\u0631\u062a\u064a\u0628 \u0627\u0644\u0645\u0632\u064a\u062f \u0645\u0646 \u0627\u0644\u0627\u0633\u062a\u0634\u0627\u0631\u0629 \u0641\u064a Vera Clinic.","robots":{"index":"index","follow":"follow","max-snippet":"max-snippet:-1","max-image-preview":"max-image-preview:large","max-video-preview":"max-video-preview:-1"},"canonical":"https:\/\/www.veraclinic.net\/ar\/%d8%a7%d8%b3%d8%aa%d9%85%d8%a7%d8%b1%d8%a9-%d8%b7%d8%a8%d9%8a%d8%a9\/","og_locale":"ar_AR","og_type":"article","og_title":"\u0627\u0633\u062a\u0645\u0627\u0631\u0629 \u0637\u0628\u064a\u0629","og_description":"\u0623\u062f\u062e\u0644 \u0645\u0639\u0644\u0648\u0645\u0627\u062a\u0643 \u0641\u064a \u0627\u0644\u0646\u0645\u0648\u0630\u062c \u0627\u0644\u0637\u0628\u064a \u0627\u0644\u062e\u0627\u0635 \u0628\u0646\u0627\u060c \u0648\u0633\u0646\u062a\u0648\u0627\u0635\u0644 \u0645\u0639\u0643 \u0641\u064a \u0623\u0633\u0631\u0639 \u0648\u0642\u062a \u0645\u0645\u0643\u0646 \u0644\u062a\u0631\u062a\u064a\u0628 \u0627\u0644\u0645\u0632\u064a\u062f \u0645\u0646 \u0627\u0644\u0627\u0633\u062a\u0634\u0627\u0631\u0629 \u0641\u064a Vera Clinic.","og_url":"https:\/\/www.veraclinic.net\/ar\/%d8%a7%d8%b3%d8%aa%d9%85%d8%a7%d8%b1%d8%a9-%d8%b7%d8%a8%d9%8a%d8%a9\/","og_site_name":"VeraClinic","article_publisher":"https:\/\/www.facebook.com\/veraclinic.net","article_modified_time":"2023-09-18T07:28:55+00:00","og_image":[{"width":1640,"height":720,"url":"https:\/\/www.veraclinic.net\/wp-content\/uploads\/2023\/10\/387848654_705134914977420_7512145111300864927_n.jpg","type":"image\/jpeg"}],"twitter_card":"summary_large_image","twitter_site":"@veraclinic","schema":{"@context":"https:\/\/schema.org","@graph":[{"@type":"MedicalWebPage","@id":"https:\/\/www.veraclinic.net\/ar\/%d8%a7%d8%b3%d8%aa%d9%85%d8%a7%d8%b1%d8%a9-%d8%b7%d8%a8%d9%8a%d8%a9\/#article","isPartOf":{"@id":"https:\/\/www.veraclinic.net\/ar\/%d8%a7%d8%b3%d8%aa%d9%85%d8%a7%d8%b1%d8%a9-%d8%b7%d8%a8%d9%8a%d8%a9\/"},"author":{"name":"Serkan Kaya","@id":"https:\/\/www.veraclinic.net\/ar\/#\/schema\/person\/cf2a89faa60b0f336c0e3ddd9a9ebf93"},"headline":"\u0627\u0633\u062a\u0645\u0627\u0631\u0629 \u0637\u0628\u064a\u0629","datePublished":"2023-09-15T12:40:26+00:00","dateModified":"2023-09-18T07:28:55+00:00","mainEntityOfPage":{"@id":"https:\/\/www.veraclinic.net\/ar\/%d8%a7%d8%b3%d8%aa%d9%85%d8%a7%d8%b1%d8%a9-%d8%b7%d8%a8%d9%8a%d8%a9\/"},"wordCount":0,"publisher":{"@id":"https:\/\/www.veraclinic.net\/ar\/#organization"},"inLanguage":"ar","reviewedBy":{"@type":"Physician","@id":"https:\/\/www.veraclinic.net\/our-doctors\/emin-gul\/#physician"},"lastReviewed":"2023-09-18","audience":{"@type":"MedicalAudience","audienceType":"Patients"}},{"@type":"MedicalWebPage","@id":"https:\/\/www.veraclinic.net\/ar\/%d8%a7%d8%b3%d8%aa%d9%85%d8%a7%d8%b1%d8%a9-%d8%b7%d8%a8%d9%8a%d8%a9\/","url":"https:\/\/www.veraclinic.net\/ar\/%d8%a7%d8%b3%d8%aa%d9%85%d8%a7%d8%b1%d8%a9-%d8%b7%d8%a8%d9%8a%d8%a9\/","name":"\u0627\u0633\u062a\u0645\u0627\u0631\u0629 \u0637\u0628\u064a\u0629 - VeraClinic","isPartOf":{"@id":"https:\/\/www.veraclinic.net\/ar\/#website"},"datePublished":"2023-09-15T12:40:26+00:00","dateModified":"2023-09-18T07:28:55+00:00","description":"\u0623\u062f\u062e\u0644 \u0645\u0639\u0644\u0648\u0645\u0627\u062a\u0643 \u0641\u064a \u0627\u0644\u0646\u0645\u0648\u0630\u062c \u0627\u0644\u0637\u0628\u064a \u0627\u0644\u062e\u0627\u0635 \u0628\u0646\u0627\u060c \u0648\u0633\u0646\u062a\u0648\u0627\u0635\u0644 \u0645\u0639\u0643 \u0641\u064a \u0623\u0633\u0631\u0639 \u0648\u0642\u062a \u0645\u0645\u0643\u0646 \u0644\u062a\u0631\u062a\u064a\u0628 \u0627\u0644\u0645\u0632\u064a\u062f \u0645\u0646 \u0627\u0644\u0627\u0633\u062a\u0634\u0627\u0631\u0629 \u0641\u064a Vera Clinic.","breadcrumb":{"@id":"https:\/\/www.veraclinic.net\/ar\/%d8%a7%d8%b3%d8%aa%d9%85%d8%a7%d8%b1%d8%a9-%d8%b7%d8%a8%d9%8a%d8%a9\/#breadcrumb"},"inLanguage":"ar","potentialAction":[{"@type":"ReadAction","target":["https:\/\/www.veraclinic.net\/ar\/%d8%a7%d8%b3%d8%aa%d9%85%d8%a7%d8%b1%d8%a9-%d8%b7%d8%a8%d9%8a%d8%a9\/"]}],"reviewedBy":{"@type":"Physician","@id":"https:\/\/www.veraclinic.net\/our-doctors\/emin-gul\/#physician"},"lastReviewed":"2023-09-18","audience":{"@type":"MedicalAudience","audienceType":"Patients"}},{"@type":"BreadcrumbList","@id":"https:\/\/www.veraclinic.net\/ar\/%d8%a7%d8%b3%d8%aa%d9%85%d8%a7%d8%b1%d8%a9-%d8%b7%d8%a8%d9%8a%d8%a9\/#breadcrumb","itemListElement":[{"@type":"ListItem","position":1,"name":"\u0632\u0631\u0627\u0639\u0629 \u0627\u0644\u0634\u0639\u0631 \u0641\u064a \u062a\u0631\u0643\u064a\u0627","item":"https:\/\/www.veraclinic.net\/ar\/"},{"@type":"ListItem","position":2,"name":"\u0627\u0633\u062a\u0645\u0627\u0631\u0629 \u0637\u0628\u064a\u0629"}]},{"@type":"WebSite","@id":"https:\/\/www.veraclinic.net\/ar\/#website","url":"https:\/\/www.veraclinic.net\/ar\/","name":"Hair Transplant Turkey - Istanbul 2026","description":"Hair Transplant Turkey - Istanbul 2026","publisher":{"@id":"https:\/\/www.veraclinic.net\/ar\/#organization"},"alternateName":"Vera Clinic","potentialAction":[{"@type":"SearchAction","target":{"@type":"EntryPoint","urlTemplate":"https:\/\/www.veraclinic.net\/ar\/?s={search_term_string}"},"query-input":{"@type":"PropertyValueSpecification","valueRequired":true,"valueName":"search_term_string"}}],"inLanguage":"ar"},{"@type":["Organization","MedicalBusiness","MedicalOrganization"],"@id":"https:\/\/www.veraclinic.net\/#medicalorg","name":"Vera Clinic | Hair Transplant Turkey - Istanbul","alternateName":"Vera Clinic","url":"https:\/\/www.veraclinic.net\/ar\/","logo":{"@type":"ImageObject","inLanguage":"ar","@id":"https:\/\/www.veraclinic.net\/ar\/#\/schema\/logo\/image\/","url":"https:\/\/www.veraclinic.net\/wp-content\/uploads\/2023\/08\/Black.svg","contentUrl":"https:\/\/www.veraclinic.net\/wp-content\/uploads\/2023\/08\/Black.svg","caption":"Vera Clinic | Hair Transplant Turkey - Istanbul"},"image":{"@id":"https:\/\/www.veraclinic.net\/ar\/#\/schema\/logo\/image\/"},"sameAs":["https:\/\/www.facebook.com\/veraclinic.net","https:\/\/x.com\/veraclinic","https:\/\/www.instagram.com\/veraclinic","https:\/\/www.linkedin.com\/company\/veraclinic\/","https:\/\/www.pinterest.com\/veraclinic\/","https:\/\/www.youtube.com\/c\/VeraClinic"],"legalName":"ESTEVERA SA\u011eLIK H\u0130Z. VE DAN. T\u0130C. LTD. ST\u0130.","vatID":"936499-0","taxID":"3800538109","medicalSpecialty":["Dermatology","PlasticSurgery","Hair Restoration"],"slogan":"Hair Transplant Turkey - Istanbul 2026","department":{"@type":"MedicalClinic","name":"Hair Restoration Clinic","image":"https:\/\/www.veraclinic.net\/wp-content\/uploads\/2023\/08\/Black.svg"}},{"@type":"Person","@id":"https:\/\/www.veraclinic.net\/ar\/#\/schema\/person\/cf2a89faa60b0f336c0e3ddd9a9ebf93","name":"Serkan Kaya","image":{"@type":"ImageObject","inLanguage":"ar","@id":"https:\/\/secure.gravatar.com\/avatar\/7be7270f63c439d0c7a2eb338af8fdae8d8a9bcf26af0aa6d1e01bfdf92390b5?s=96&d=mm&r=g","url":"https:\/\/secure.gravatar.com\/avatar\/7be7270f63c439d0c7a2eb338af8fdae8d8a9bcf26af0aa6d1e01bfdf92390b5?s=96&d=mm&r=g","contentUrl":"https:\/\/secure.gravatar.com\/avatar\/7be7270f63c439d0c7a2eb338af8fdae8d8a9bcf26af0aa6d1e01bfdf92390b5?s=96&d=mm&r=g","caption":"Serkan Kaya"},"sameAs":["https:\/\/www.veraclinic.net"]}]}},"_links":{"self":[{"href":"https:\/\/www.veraclinic.net\/ar\/wp-json\/wp\/v2\/pages\/97449","targetHints":{"allow":["GET"]}}],"collection":[{"href":"https:\/\/www.veraclinic.net\/ar\/wp-json\/wp\/v2\/pages"}],"about":[{"href":"https:\/\/www.veraclinic.net\/ar\/wp-json\/wp\/v2\/types\/page"}],"author":[{"embeddable":true,"href":"https:\/\/www.veraclinic.net\/ar\/wp-json\/wp\/v2\/users\/1"}],"replies":[{"embeddable":true,"href":"https:\/\/www.veraclinic.net\/ar\/wp-json\/wp\/v2\/comments?post=97449"}],"version-history":[{"count":1,"href":"https:\/\/www.veraclinic.net\/ar\/wp-json\/wp\/v2\/pages\/97449\/revisions"}],"predecessor-version":[{"id":97456,"href":"https:\/\/www.veraclinic.net\/ar\/wp-json\/wp\/v2\/pages\/97449\/revisions\/97456"}],"wp:attachment":[{"href":"https:\/\/www.veraclinic.net\/ar\/wp-json\/wp\/v2\/media?parent=97449"}],"curies":[{"name":"wp","href":"https:\/\/api.w.org\/{rel}","templated":true}]}}