{"id":151984,"date":"2025-08-22T09:25:00","date_gmt":"2025-08-22T09:25:00","guid":{"rendered":"https:\/\/www.veraclinic.net\/%d9%81%d8%b1%d9%8a%d9%82-%d8%a7%d9%84%d8%b9%d9%85%d9%84\/dr-nurlan-gasimov\/"},"modified":"2025-08-22T09:31:29","modified_gmt":"2025-08-22T09:31:29","slug":"dr-nurlan-gasimov","status":"publish","type":"page","link":"https:\/\/www.veraclinic.net\/ar\/%d9%81%d8%b1%d9%8a%d9%82-%d8%a7%d9%84%d8%b9%d9%85%d9%84\/dr-nurlan-gasimov\/","title":{"rendered":"Dr. Nurlan Gasimov"},"content":{"rendered":"<div class=\"gb-container gb-container-48ecba5a\">\n<div class=\"gb-container gb-container-e1f86c54\">\n<div class=\"gb-container gb-container-2fc5b5ef\">\n<div class=\"gb-container gb-container-b6706725\">\n<div class=\"gb-grid-wrapper gb-grid-wrapper-3ce32d4f\">\n<div class=\"gb-grid-column gb-grid-column-01509a69\"><div class=\"gb-container gb-container-01509a69\">\n\n<p class=\"gb-headline gb-headline-95ef6b19 gb-headline-text\"><a href=\"https:\/\/www.veraclinic.net\/ar\/%d9%81%d8%b1%d9%8a%d9%82-%d8%a7%d9%84%d8%b9%d9%85%d9%84\/dt-nilay-calikoglu\/nilay-calikoglu-2\/#main#main\"><\/a><strong><strong><strong>Dr. Nurlan Gasimov<\/strong><\/strong><\/strong><\/p>\n\n\n\n<h3 class=\"gb-headline gb-headline-57eb9562 gb-headline-text\"><em><strong><em><em><em><em><em><strong>\u0637\u0628\u064a\u0628 \u0623\u0633\u0646\u0627\u0646<\/strong><\/em><\/em><\/em><\/em><\/em><\/strong><\/em><\/h3>\n\n\n\n<p>\u062a\u062e\u0631\u062c \u0645\u0646 \u0643\u0644\u064a\u0629 \u0637\u0628 \u0627\u0644\u0623\u0633\u0646\u0627\u0646 \u0628\u062c\u0627\u0645\u0639\u0629 \u0623\u0630\u0631\u0628\u064a\u062c\u0627\u0646 \u0627\u0644\u0637\u0628\u064a\u0629 \u0641\u064a \u0639\u0627\u0645 2011. \u064a\u062a\u0645\u062a\u0639 \u0637\u0628\u064a\u0628\u0646\u0627 \u0628\u062e\u0628\u0631\u0629 12 \u0639\u0627\u0645\u064b\u0627 \u0641\u064a \u0645\u062c\u0627\u0644 \u0639\u0645\u0644\u0647\u060c \u0648\u0639\u0645\u0644 \u0643\u0623\u062e\u0635\u0627\u0626\u064a \u0641\u064a \u0628\u0627\u0643\u0648 \u0628\u064a\u0646 \u0639\u0627\u0645\u064a 2012 \u06482017\u060c \u0648\u064a\u0639\u0645\u0644 \u0643\u0637\u0628\u064a\u0628 \u0623\u0633\u0646\u0627\u0646 \u0641\u064a \u062a\u0631\u0643\u064a\u0627 \u0645\u0646\u0630 \u0639\u0627\u0645 2017.<\/p>\n\n\n\n<p>\u064a\u0648\u0627\u0635\u0644 \u0627\u0644\u062f\u0643\u062a\u0648\u0631 \u0646\u0648\u0631\u0644\u0627\u0646 \u063a\u0627\u0633\u064a\u0645\u0648\u0641\u060c \u0627\u0644\u0630\u064a \u0627\u0643\u062a\u0633\u0628 \u062e\u0628\u0631\u0629 \u0645\u0646 \u062e\u0644\u0627\u0644 \u0625\u062c\u0631\u0627\u0621 \u0627\u0644\u0639\u062f\u064a\u062f \u0645\u0646 \u0627\u0644\u0625\u062c\u0631\u0627\u0621\u0627\u062a \u0641\u064a \u0627\u0644\u0639\u062f\u064a\u062f \u0645\u0646 \u0639\u0644\u0627\u062c\u0627\u062a \u0627\u0644\u0623\u0633\u0646\u0627\u0646 \u062d\u062a\u0649 \u0627\u0644\u0622\u0646\u060c \u0648\u0627\u0644\u0645\u0639\u0631\u0648\u0641 \u0628\u0627\u0644\u0631\u0627\u062d\u0629 \u0627\u0644\u062a\u064a \u064a\u0648\u0641\u0631\u0647\u0627 \u0644\u0644\u0645\u0631\u0636\u0649 \u0623\u062b\u0646\u0627\u0621 \u0639\u0645\u0644\u064a\u0629 \u0627\u0644\u0639\u0644\u0627\u062c \u0645\u0646 \u062e\u0644\u0627\u0644 \u062d\u0644\u0648\u0644 \u0641\u0639\u0627\u0644\u0629 \u0648\u0633\u0631\u064a\u0639\u0629\u060c \u062a\u0637\u0648\u064a\u0631 \u0643\u0641\u0627\u0621\u0627\u062a\u0647 \u0645\u0646 \u062e\u0644\u0627\u0644 \u0627\u0644\u062f\u0648\u0631\u0627\u062a \u0627\u0644\u062a\u062f\u0631\u064a\u0628\u064a\u0629 \u0648\u0627\u0644\u0634\u0647\u0627\u062f\u0627\u062a \u0648\u0627\u0644\u0646\u062f\u0648\u0627\u062a.<\/p>\n\n\n<div class=\"gb-container gb-container-07080c07\"><\/div>\n<\/div><\/div>\n\n<div class=\"gb-grid-column gb-grid-column-9471f60b\"><div class=\"gb-container gb-container-9471f60b\">\n\n<figure class=\"gb-block-image gb-block-image-6e351467\"><img loading=\"lazy\" decoding=\"async\" width=\"458\" height=\"498\" class=\"gb-image gb-image-6e351467\" src=\"https:\/\/www.veraclinic.net\/wp-content\/uploads\/2025\/08\/nurlan_gasimov.webp\" alt=\"\" title=\"nurlan_gasimov\" srcset=\"https:\/\/www.veraclinic.net\/wp-content\/uploads\/2025\/08\/nurlan_gasimov.webp 458w, https:\/\/www.veraclinic.net\/wp-content\/uploads\/2025\/08\/nurlan_gasimov-276x300.webp 276w\" sizes=\"auto, (max-width: 458px) 100vw, 458px\" \/><\/figure>\n\n\n<div class=\"gb-container gb-container-ec11ecc3\"><\/div>\n<\/div><\/div>\n<\/div>\n<\/div>\n<\/div>\n<\/div>\n<\/div>","protected":false},"excerpt":{"rendered":"","protected":false},"author":1,"featured_media":0,"parent":90823,"menu_order":0,"comment_status":"closed","ping_status":"closed","template":"","meta":{"inline_featured_image":false,"footnotes":""},"class_list":{"0":"post-151984","1":"page","2":"type-page","3":"status-publish","5":"infinite-scroll-item"},"lang":"ar","translations":{"en":151981,"ar":151984,"fr":151985,"de":151986,"it":151987,"pt-pt":151988,"ru":151989,"es":151990},"yoast_head":"<!-- This site is optimized with the Yoast SEO Premium plugin v27.4 (Yoast SEO v27.4) - https:\/\/yoast.com\/product\/yoast-seo-premium-wordpress\/ -->\n<title>Dr. Nurlan Gasimov - Vera Clinic<\/title>\n<meta name=\"robots\" content=\"index, follow, max-snippet:-1, max-image-preview:large, max-video-preview:-1\" \/>\n<link rel=\"canonical\" href=\"https:\/\/www.veraclinic.net\/ar\/%d9%81%d8%b1%d9%8a%d9%82-%d8%a7%d9%84%d8%b9%d9%85%d9%84\/dr-nurlan-gasimov\/\" \/>\n<meta property=\"og:locale\" content=\"ar_AR\" \/>\n<meta property=\"og:type\" content=\"article\" \/>\n<meta property=\"og:title\" content=\"Dr. Nurlan Gasimov\" \/>\n<meta property=\"og:url\" content=\"https:\/\/www.veraclinic.net\/ar\/%d9%81%d8%b1%d9%8a%d9%82-%d8%a7%d9%84%d8%b9%d9%85%d9%84\/dr-nurlan-gasimov\/\" \/>\n<meta property=\"og:site_name\" content=\"VeraClinic\" \/>\n<meta property=\"article:publisher\" content=\"https:\/\/www.facebook.com\/veraclinic.net\" \/>\n<meta property=\"article:modified_time\" content=\"2025-08-22T09:31:29+00:00\" \/>\n<meta property=\"og:image\" content=\"https:\/\/www.veraclinic.net\/wp-content\/uploads\/2025\/08\/nurlan_gasimov.webp\" \/>\n<meta name=\"twitter:card\" content=\"summary_large_image\" \/>\n<meta name=\"twitter:site\" content=\"@veraclinic\" \/>\n<meta name=\"twitter:label1\" content=\"\u0648\u0642\u062a \u0627\u0644\u0642\u0631\u0627\u0621\u0629 \u0627\u0644\u0645\u064f\u0642\u062f\u0651\u0631\" \/>\n\t<meta name=\"twitter:data1\" content=\"1 \u062f\u0642\u064a\u0642\u0629\" \/>\n<script type=\"application\/ld+json\" class=\"yoast-schema-graph\">{\"@context\":\"https:\\\/\\\/schema.org\",\"@graph\":[{\"@type\":\"MedicalWebPage\",\"@id\":\"https:\\\/\\\/www.veraclinic.net\\\/ar\\\/%d9%81%d8%b1%d9%8a%d9%82-%d8%a7%d9%84%d8%b9%d9%85%d9%84\\\/dr-nurlan-gasimov\\\/#article\",\"isPartOf\":{\"@id\":\"https:\\\/\\\/www.veraclinic.net\\\/ar\\\/%d9%81%d8%b1%d9%8a%d9%82-%d8%a7%d9%84%d8%b9%d9%85%d9%84\\\/dr-nurlan-gasimov\\\/\"},\"author\":{\"name\":\"Serkan Kaya\",\"@id\":\"https:\\\/\\\/www.veraclinic.net\\\/ar\\\/#\\\/schema\\\/person\\\/cf2a89faa60b0f336c0e3ddd9a9ebf93\"},\"headline\":\"Dr. Nurlan Gasimov\",\"datePublished\":\"2025-08-22T09:25:00+00:00\",\"dateModified\":\"2025-08-22T09:31:29+00:00\",\"mainEntityOfPage\":{\"@id\":\"https:\\\/\\\/www.veraclinic.net\\\/ar\\\/%d9%81%d8%b1%d9%8a%d9%82-%d8%a7%d9%84%d8%b9%d9%85%d9%84\\\/dr-nurlan-gasimov\\\/\"},\"wordCount\":6,\"publisher\":{\"@id\":\"https:\\\/\\\/www.veraclinic.net\\\/ar\\\/#organization\"},\"image\":{\"@id\":\"https:\\\/\\\/www.veraclinic.net\\\/ar\\\/%d9%81%d8%b1%d9%8a%d9%82-%d8%a7%d9%84%d8%b9%d9%85%d9%84\\\/dr-nurlan-gasimov\\\/#primaryimage\"},\"thumbnailUrl\":\"https:\\\/\\\/www.veraclinic.net\\\/wp-content\\\/uploads\\\/2025\\\/08\\\/nurlan_gasimov.webp\",\"inLanguage\":\"ar\",\"reviewedBy\":{\"@type\":\"Physician\",\"@id\":\"https:\\\/\\\/www.veraclinic.net\\\/our-doctors\\\/emin-gul\\\/#physician\"},\"lastReviewed\":\"2025-08-22\",\"audience\":{\"@type\":\"MedicalAudience\",\"audienceType\":\"Patients\"}},{\"@type\":\"MedicalWebPage\",\"@id\":\"https:\\\/\\\/www.veraclinic.net\\\/ar\\\/%d9%81%d8%b1%d9%8a%d9%82-%d8%a7%d9%84%d8%b9%d9%85%d9%84\\\/dr-nurlan-gasimov\\\/\",\"url\":\"https:\\\/\\\/www.veraclinic.net\\\/ar\\\/%d9%81%d8%b1%d9%8a%d9%82-%d8%a7%d9%84%d8%b9%d9%85%d9%84\\\/dr-nurlan-gasimov\\\/\",\"name\":\"Dr. Nurlan Gasimov - Vera Clinic\",\"isPartOf\":{\"@id\":\"https:\\\/\\\/www.veraclinic.net\\\/ar\\\/#website\"},\"primaryImageOfPage\":{\"@id\":\"https:\\\/\\\/www.veraclinic.net\\\/ar\\\/%d9%81%d8%b1%d9%8a%d9%82-%d8%a7%d9%84%d8%b9%d9%85%d9%84\\\/dr-nurlan-gasimov\\\/#primaryimage\"},\"image\":{\"@id\":\"https:\\\/\\\/www.veraclinic.net\\\/ar\\\/%d9%81%d8%b1%d9%8a%d9%82-%d8%a7%d9%84%d8%b9%d9%85%d9%84\\\/dr-nurlan-gasimov\\\/#primaryimage\"},\"thumbnailUrl\":\"https:\\\/\\\/www.veraclinic.net\\\/wp-content\\\/uploads\\\/2025\\\/08\\\/nurlan_gasimov.webp\",\"datePublished\":\"2025-08-22T09:25:00+00:00\",\"dateModified\":\"2025-08-22T09:31:29+00:00\",\"breadcrumb\":{\"@id\":\"https:\\\/\\\/www.veraclinic.net\\\/ar\\\/%d9%81%d8%b1%d9%8a%d9%82-%d8%a7%d9%84%d8%b9%d9%85%d9%84\\\/dr-nurlan-gasimov\\\/#breadcrumb\"},\"inLanguage\":\"ar\",\"potentialAction\":[{\"@type\":\"ReadAction\",\"target\":[\"https:\\\/\\\/www.veraclinic.net\\\/ar\\\/%d9%81%d8%b1%d9%8a%d9%82-%d8%a7%d9%84%d8%b9%d9%85%d9%84\\\/dr-nurlan-gasimov\\\/\"]}],\"reviewedBy\":{\"@type\":\"Physician\",\"@id\":\"https:\\\/\\\/www.veraclinic.net\\\/our-doctors\\\/emin-gul\\\/#physician\"},\"lastReviewed\":\"2025-08-22\",\"audience\":{\"@type\":\"MedicalAudience\",\"audienceType\":\"Patients\"}},{\"@type\":\"ImageObject\",\"inLanguage\":\"ar\",\"@id\":\"https:\\\/\\\/www.veraclinic.net\\\/ar\\\/%d9%81%d8%b1%d9%8a%d9%82-%d8%a7%d9%84%d8%b9%d9%85%d9%84\\\/dr-nurlan-gasimov\\\/#primaryimage\",\"url\":\"https:\\\/\\\/www.veraclinic.net\\\/wp-content\\\/uploads\\\/2025\\\/08\\\/nurlan_gasimov.webp\",\"contentUrl\":\"https:\\\/\\\/www.veraclinic.net\\\/wp-content\\\/uploads\\\/2025\\\/08\\\/nurlan_gasimov.webp\"},{\"@type\":\"BreadcrumbList\",\"@id\":\"https:\\\/\\\/www.veraclinic.net\\\/ar\\\/%d9%81%d8%b1%d9%8a%d9%82-%d8%a7%d9%84%d8%b9%d9%85%d9%84\\\/dr-nurlan-gasimov\\\/#breadcrumb\",\"itemListElement\":[{\"@type\":\"ListItem\",\"position\":1,\"name\":\"\u0632\u0631\u0627\u0639\u0629 \u0627\u0644\u0634\u0639\u0631 \u0641\u064a \u062a\u0631\u0643\u064a\u0627\",\"item\":\"https:\\\/\\\/www.veraclinic.net\\\/ar\\\/\"},{\"@type\":\"ListItem\",\"position\":2,\"name\":\"\u0627\u0644\u0641\u0631\u064a\u0642 \u0627\u0644\u0637\u0628\u064a\",\"item\":\"https:\\\/\\\/www.veraclinic.net\\\/ar\\\/%d9%81%d8%b1%d9%8a%d9%82-%d8%a7%d9%84%d8%b9%d9%85%d9%84\\\/\"},{\"@type\":\"ListItem\",\"position\":3,\"name\":\"Dr. Nurlan Gasimov\"}]},{\"@type\":\"WebSite\",\"@id\":\"https:\\\/\\\/www.veraclinic.net\\\/ar\\\/#website\",\"url\":\"https:\\\/\\\/www.veraclinic.net\\\/ar\\\/\",\"name\":\"Hair Transplant Turkey - Istanbul 2026\",\"description\":\"Hair Transplant Turkey - Istanbul 2026\",\"publisher\":{\"@id\":\"https:\\\/\\\/www.veraclinic.net\\\/ar\\\/#organization\"},\"alternateName\":\"Vera Clinic\",\"potentialAction\":[{\"@type\":\"SearchAction\",\"target\":{\"@type\":\"EntryPoint\",\"urlTemplate\":\"https:\\\/\\\/www.veraclinic.net\\\/ar\\\/?s={search_term_string}\"},\"query-input\":{\"@type\":\"PropertyValueSpecification\",\"valueRequired\":true,\"valueName\":\"search_term_string\"}}],\"inLanguage\":\"ar\"},{\"@type\":[\"Organization\",\"MedicalBusiness\",\"MedicalOrganization\"],\"@id\":\"https:\\\/\\\/www.veraclinic.net\\\/#medicalorg\",\"name\":\"Vera Clinic | Hair Transplant Turkey - Istanbul\",\"alternateName\":\"Vera Clinic\",\"url\":\"https:\\\/\\\/www.veraclinic.net\\\/ar\\\/\",\"logo\":{\"@type\":\"ImageObject\",\"inLanguage\":\"ar\",\"@id\":\"https:\\\/\\\/www.veraclinic.net\\\/ar\\\/#\\\/schema\\\/logo\\\/image\\\/\",\"url\":\"https:\\\/\\\/www.veraclinic.net\\\/wp-content\\\/uploads\\\/2023\\\/08\\\/Black.svg\",\"contentUrl\":\"https:\\\/\\\/www.veraclinic.net\\\/wp-content\\\/uploads\\\/2023\\\/08\\\/Black.svg\",\"caption\":\"Vera Clinic | Hair Transplant Turkey - Istanbul\"},\"image\":{\"@id\":\"https:\\\/\\\/www.veraclinic.net\\\/ar\\\/#\\\/schema\\\/logo\\\/image\\\/\"},\"sameAs\":[\"https:\\\/\\\/www.facebook.com\\\/veraclinic.net\",\"https:\\\/\\\/x.com\\\/veraclinic\",\"https:\\\/\\\/www.instagram.com\\\/veraclinic\",\"https:\\\/\\\/www.linkedin.com\\\/company\\\/veraclinic\\\/\",\"https:\\\/\\\/www.pinterest.com\\\/veraclinic\\\/\",\"https:\\\/\\\/www.youtube.com\\\/c\\\/VeraClinic\"],\"legalName\":\"ESTEVERA SA\u011eLIK H\u0130Z. VE DAN. T\u0130C. LTD. ST\u0130.\",\"vatID\":\"936499-0\",\"taxID\":\"3800538109\",\"medicalSpecialty\":[\"Dermatology\",\"PlasticSurgery\",\"Hair Restoration\"],\"slogan\":\"Hair Transplant Turkey - Istanbul 2026\",\"department\":{\"@type\":\"MedicalClinic\",\"name\":\"Hair Restoration Clinic\",\"image\":\"https:\\\/\\\/www.veraclinic.net\\\/wp-content\\\/uploads\\\/2023\\\/08\\\/Black.svg\"}},{\"@type\":\"Person\",\"@id\":\"https:\\\/\\\/www.veraclinic.net\\\/ar\\\/#\\\/schema\\\/person\\\/cf2a89faa60b0f336c0e3ddd9a9ebf93\",\"name\":\"Serkan Kaya\",\"image\":{\"@type\":\"ImageObject\",\"inLanguage\":\"ar\",\"@id\":\"https:\\\/\\\/secure.gravatar.com\\\/avatar\\\/7be7270f63c439d0c7a2eb338af8fdae8d8a9bcf26af0aa6d1e01bfdf92390b5?s=96&d=mm&r=g\",\"url\":\"https:\\\/\\\/secure.gravatar.com\\\/avatar\\\/7be7270f63c439d0c7a2eb338af8fdae8d8a9bcf26af0aa6d1e01bfdf92390b5?s=96&d=mm&r=g\",\"contentUrl\":\"https:\\\/\\\/secure.gravatar.com\\\/avatar\\\/7be7270f63c439d0c7a2eb338af8fdae8d8a9bcf26af0aa6d1e01bfdf92390b5?s=96&d=mm&r=g\",\"caption\":\"Serkan Kaya\"},\"sameAs\":[\"https:\\\/\\\/www.veraclinic.net\"]}]}<\/script>\n<!-- \/ Yoast SEO Premium plugin. -->","yoast_head_json":{"title":"Dr. Nurlan Gasimov - Vera Clinic","robots":{"index":"index","follow":"follow","max-snippet":"max-snippet:-1","max-image-preview":"max-image-preview:large","max-video-preview":"max-video-preview:-1"},"canonical":"https:\/\/www.veraclinic.net\/ar\/%d9%81%d8%b1%d9%8a%d9%82-%d8%a7%d9%84%d8%b9%d9%85%d9%84\/dr-nurlan-gasimov\/","og_locale":"ar_AR","og_type":"article","og_title":"Dr. Nurlan Gasimov","og_url":"https:\/\/www.veraclinic.net\/ar\/%d9%81%d8%b1%d9%8a%d9%82-%d8%a7%d9%84%d8%b9%d9%85%d9%84\/dr-nurlan-gasimov\/","og_site_name":"VeraClinic","article_publisher":"https:\/\/www.facebook.com\/veraclinic.net","article_modified_time":"2025-08-22T09:31:29+00:00","og_image":[{"url":"https:\/\/www.veraclinic.net\/wp-content\/uploads\/2025\/08\/nurlan_gasimov.webp","type":"","width":"","height":""}],"twitter_card":"summary_large_image","twitter_site":"@veraclinic","twitter_misc":{"\u0648\u0642\u062a \u0627\u0644\u0642\u0631\u0627\u0621\u0629 \u0627\u0644\u0645\u064f\u0642\u062f\u0651\u0631":"1 \u062f\u0642\u064a\u0642\u0629"},"schema":{"@context":"https:\/\/schema.org","@graph":[{"@type":"MedicalWebPage","@id":"https:\/\/www.veraclinic.net\/ar\/%d9%81%d8%b1%d9%8a%d9%82-%d8%a7%d9%84%d8%b9%d9%85%d9%84\/dr-nurlan-gasimov\/#article","isPartOf":{"@id":"https:\/\/www.veraclinic.net\/ar\/%d9%81%d8%b1%d9%8a%d9%82-%d8%a7%d9%84%d8%b9%d9%85%d9%84\/dr-nurlan-gasimov\/"},"author":{"name":"Serkan Kaya","@id":"https:\/\/www.veraclinic.net\/ar\/#\/schema\/person\/cf2a89faa60b0f336c0e3ddd9a9ebf93"},"headline":"Dr. Nurlan Gasimov","datePublished":"2025-08-22T09:25:00+00:00","dateModified":"2025-08-22T09:31:29+00:00","mainEntityOfPage":{"@id":"https:\/\/www.veraclinic.net\/ar\/%d9%81%d8%b1%d9%8a%d9%82-%d8%a7%d9%84%d8%b9%d9%85%d9%84\/dr-nurlan-gasimov\/"},"wordCount":6,"publisher":{"@id":"https:\/\/www.veraclinic.net\/ar\/#organization"},"image":{"@id":"https:\/\/www.veraclinic.net\/ar\/%d9%81%d8%b1%d9%8a%d9%82-%d8%a7%d9%84%d8%b9%d9%85%d9%84\/dr-nurlan-gasimov\/#primaryimage"},"thumbnailUrl":"https:\/\/www.veraclinic.net\/wp-content\/uploads\/2025\/08\/nurlan_gasimov.webp","inLanguage":"ar","reviewedBy":{"@type":"Physician","@id":"https:\/\/www.veraclinic.net\/our-doctors\/emin-gul\/#physician"},"lastReviewed":"2025-08-22","audience":{"@type":"MedicalAudience","audienceType":"Patients"}},{"@type":"MedicalWebPage","@id":"https:\/\/www.veraclinic.net\/ar\/%d9%81%d8%b1%d9%8a%d9%82-%d8%a7%d9%84%d8%b9%d9%85%d9%84\/dr-nurlan-gasimov\/","url":"https:\/\/www.veraclinic.net\/ar\/%d9%81%d8%b1%d9%8a%d9%82-%d8%a7%d9%84%d8%b9%d9%85%d9%84\/dr-nurlan-gasimov\/","name":"Dr. Nurlan Gasimov - Vera Clinic","isPartOf":{"@id":"https:\/\/www.veraclinic.net\/ar\/#website"},"primaryImageOfPage":{"@id":"https:\/\/www.veraclinic.net\/ar\/%d9%81%d8%b1%d9%8a%d9%82-%d8%a7%d9%84%d8%b9%d9%85%d9%84\/dr-nurlan-gasimov\/#primaryimage"},"image":{"@id":"https:\/\/www.veraclinic.net\/ar\/%d9%81%d8%b1%d9%8a%d9%82-%d8%a7%d9%84%d8%b9%d9%85%d9%84\/dr-nurlan-gasimov\/#primaryimage"},"thumbnailUrl":"https:\/\/www.veraclinic.net\/wp-content\/uploads\/2025\/08\/nurlan_gasimov.webp","datePublished":"2025-08-22T09:25:00+00:00","dateModified":"2025-08-22T09:31:29+00:00","breadcrumb":{"@id":"https:\/\/www.veraclinic.net\/ar\/%d9%81%d8%b1%d9%8a%d9%82-%d8%a7%d9%84%d8%b9%d9%85%d9%84\/dr-nurlan-gasimov\/#breadcrumb"},"inLanguage":"ar","potentialAction":[{"@type":"ReadAction","target":["https:\/\/www.veraclinic.net\/ar\/%d9%81%d8%b1%d9%8a%d9%82-%d8%a7%d9%84%d8%b9%d9%85%d9%84\/dr-nurlan-gasimov\/"]}],"reviewedBy":{"@type":"Physician","@id":"https:\/\/www.veraclinic.net\/our-doctors\/emin-gul\/#physician"},"lastReviewed":"2025-08-22","audience":{"@type":"MedicalAudience","audienceType":"Patients"}},{"@type":"ImageObject","inLanguage":"ar","@id":"https:\/\/www.veraclinic.net\/ar\/%d9%81%d8%b1%d9%8a%d9%82-%d8%a7%d9%84%d8%b9%d9%85%d9%84\/dr-nurlan-gasimov\/#primaryimage","url":"https:\/\/www.veraclinic.net\/wp-content\/uploads\/2025\/08\/nurlan_gasimov.webp","contentUrl":"https:\/\/www.veraclinic.net\/wp-content\/uploads\/2025\/08\/nurlan_gasimov.webp"},{"@type":"BreadcrumbList","@id":"https:\/\/www.veraclinic.net\/ar\/%d9%81%d8%b1%d9%8a%d9%82-%d8%a7%d9%84%d8%b9%d9%85%d9%84\/dr-nurlan-gasimov\/#breadcrumb","itemListElement":[{"@type":"ListItem","position":1,"name":"\u0632\u0631\u0627\u0639\u0629 \u0627\u0644\u0634\u0639\u0631 \u0641\u064a \u062a\u0631\u0643\u064a\u0627","item":"https:\/\/www.veraclinic.net\/ar\/"},{"@type":"ListItem","position":2,"name":"\u0627\u0644\u0641\u0631\u064a\u0642 \u0627\u0644\u0637\u0628\u064a","item":"https:\/\/www.veraclinic.net\/ar\/%d9%81%d8%b1%d9%8a%d9%82-%d8%a7%d9%84%d8%b9%d9%85%d9%84\/"},{"@type":"ListItem","position":3,"name":"Dr. Nurlan Gasimov"}]},{"@type":"WebSite","@id":"https:\/\/www.veraclinic.net\/ar\/#website","url":"https:\/\/www.veraclinic.net\/ar\/","name":"Hair Transplant Turkey - Istanbul 2026","description":"Hair Transplant Turkey - Istanbul 2026","publisher":{"@id":"https:\/\/www.veraclinic.net\/ar\/#organization"},"alternateName":"Vera Clinic","potentialAction":[{"@type":"SearchAction","target":{"@type":"EntryPoint","urlTemplate":"https:\/\/www.veraclinic.net\/ar\/?s={search_term_string}"},"query-input":{"@type":"PropertyValueSpecification","valueRequired":true,"valueName":"search_term_string"}}],"inLanguage":"ar"},{"@type":["Organization","MedicalBusiness","MedicalOrganization"],"@id":"https:\/\/www.veraclinic.net\/#medicalorg","name":"Vera Clinic | Hair Transplant Turkey - Istanbul","alternateName":"Vera Clinic","url":"https:\/\/www.veraclinic.net\/ar\/","logo":{"@type":"ImageObject","inLanguage":"ar","@id":"https:\/\/www.veraclinic.net\/ar\/#\/schema\/logo\/image\/","url":"https:\/\/www.veraclinic.net\/wp-content\/uploads\/2023\/08\/Black.svg","contentUrl":"https:\/\/www.veraclinic.net\/wp-content\/uploads\/2023\/08\/Black.svg","caption":"Vera Clinic | Hair Transplant Turkey - Istanbul"},"image":{"@id":"https:\/\/www.veraclinic.net\/ar\/#\/schema\/logo\/image\/"},"sameAs":["https:\/\/www.facebook.com\/veraclinic.net","https:\/\/x.com\/veraclinic","https:\/\/www.instagram.com\/veraclinic","https:\/\/www.linkedin.com\/company\/veraclinic\/","https:\/\/www.pinterest.com\/veraclinic\/","https:\/\/www.youtube.com\/c\/VeraClinic"],"legalName":"ESTEVERA SA\u011eLIK H\u0130Z. VE DAN. T\u0130C. LTD. ST\u0130.","vatID":"936499-0","taxID":"3800538109","medicalSpecialty":["Dermatology","PlasticSurgery","Hair Restoration"],"slogan":"Hair Transplant Turkey - Istanbul 2026","department":{"@type":"MedicalClinic","name":"Hair Restoration Clinic","image":"https:\/\/www.veraclinic.net\/wp-content\/uploads\/2023\/08\/Black.svg"}},{"@type":"Person","@id":"https:\/\/www.veraclinic.net\/ar\/#\/schema\/person\/cf2a89faa60b0f336c0e3ddd9a9ebf93","name":"Serkan Kaya","image":{"@type":"ImageObject","inLanguage":"ar","@id":"https:\/\/secure.gravatar.com\/avatar\/7be7270f63c439d0c7a2eb338af8fdae8d8a9bcf26af0aa6d1e01bfdf92390b5?s=96&d=mm&r=g","url":"https:\/\/secure.gravatar.com\/avatar\/7be7270f63c439d0c7a2eb338af8fdae8d8a9bcf26af0aa6d1e01bfdf92390b5?s=96&d=mm&r=g","contentUrl":"https:\/\/secure.gravatar.com\/avatar\/7be7270f63c439d0c7a2eb338af8fdae8d8a9bcf26af0aa6d1e01bfdf92390b5?s=96&d=mm&r=g","caption":"Serkan Kaya"},"sameAs":["https:\/\/www.veraclinic.net"]}]}},"_links":{"self":[{"href":"https:\/\/www.veraclinic.net\/ar\/wp-json\/wp\/v2\/pages\/151984","targetHints":{"allow":["GET"]}}],"collection":[{"href":"https:\/\/www.veraclinic.net\/ar\/wp-json\/wp\/v2\/pages"}],"about":[{"href":"https:\/\/www.veraclinic.net\/ar\/wp-json\/wp\/v2\/types\/page"}],"author":[{"embeddable":true,"href":"https:\/\/www.veraclinic.net\/ar\/wp-json\/wp\/v2\/users\/1"}],"replies":[{"embeddable":true,"href":"https:\/\/www.veraclinic.net\/ar\/wp-json\/wp\/v2\/comments?post=151984"}],"version-history":[{"count":2,"href":"https:\/\/www.veraclinic.net\/ar\/wp-json\/wp\/v2\/pages\/151984\/revisions"}],"predecessor-version":[{"id":151993,"href":"https:\/\/www.veraclinic.net\/ar\/wp-json\/wp\/v2\/pages\/151984\/revisions\/151993"}],"up":[{"embeddable":true,"href":"https:\/\/www.veraclinic.net\/ar\/wp-json\/wp\/v2\/pages\/90823"}],"wp:attachment":[{"href":"https:\/\/www.veraclinic.net\/ar\/wp-json\/wp\/v2\/media?parent=151984"}],"curies":[{"name":"wp","href":"https:\/\/api.w.org\/{rel}","templated":true}]}}